{"id":54278,"date":"2025-03-02T20:43:04","date_gmt":"2025-03-02T20:43:04","guid":{"rendered":"https:\/\/hummy.ee\/product\/tumba-pouffe-original\/"},"modified":"2026-02-18T11:11:54","modified_gmt":"2026-02-18T11:11:54","slug":"tumba-pouffe-original","status":"publish","type":"product","link":"https:\/\/hummy.ee\/lt\/produktas\/tumba-pouffe-original\/","title":{"rendered":"Pufas- Pouffe Original"},"content":{"rendered":"<h6 data-start=\"0\" data-end=\"34\"><em><strong data-start=\"4\" data-end=\"32\">Daugiau nei tik s\u0117dyn\u0117<\/strong><\/em><\/h6>\n<h6 data-start=\"35\" data-end=\"197\">&#8222;Pouffe\" suteikia vaikams patogi\u0105 viet\u0105 pails\u0117ti ir pasikrauti energijos. Naudokite j\u0105 kaip s\u0117dyn\u0119, pakoj\u012f, jauki\u0105 knyg\u0173 lentyn\u0105 arba pastatykite \u017eaidim\u0173 namel\u012f!<\/h6>\n<p>&nbsp;<\/p>\n<h6 data-start=\"199\" data-end=\"221\"><em><strong data-start=\"203\" data-end=\"219\">Puikus duetas<\/strong><\/em><\/h6>\n<h6 data-start=\"222\" data-end=\"342\">Pufas puikiai tinka prie m\u016bs\u0173 k\u0117d\u0117s &#8222;Cloud Chair\". Tiesiog pasirinkite jums labiausiai patinkant\u012f spalv\u0173 derin\u012f!<\/h6>\n<p>&nbsp;<\/p>\n<h6 data-start=\"344\" data-end=\"379\"><em><strong data-start=\"348\" data-end=\"377\">Tikras jausmingas malonumas<\/strong><\/em><\/h6>\n<h6 data-start=\"380\" data-end=\"491\">I\u0161 auk\u0161tos kokyb\u0117s audinio pagamintas pufas yra mink\u0161tas ir patogus, \u0161iltas ir raminantis.<\/h6>\n<p>&nbsp;<\/p>\n<h6 data-start=\"579\" data-end=\"601\"><em><strong data-start=\"583\" data-end=\"599\">Ma\u017easis keliautojas<\/strong><\/em><\/h6>\n<h6 data-start=\"602\" data-end=\"724\">Lengva ir lengvai perne\u0161ama &#8222;Pouffe\" leid\u017eia vaikams patiems susikurti \u017eaidim\u0173 erdv\u0119 ir laisvai keisti s\u0117dim\u0173j\u0173 viet\u0173 i\u0161d\u0117stym\u0105.<\/h6>\n<p>&nbsp;<\/p>\n<h6 data-start=\"726\" data-end=\"758\"><em><strong data-start=\"730\" data-end=\"756\">Erdv\u0119 taupantis sprendimas<\/strong><\/em><\/h6>\n<h6 data-start=\"759\" data-end=\"834\">Pufas suteikia funkcin\u0119 s\u0117dim\u0105j\u0105 viet\u0105, neu\u017eimdamas daug vietos.<\/h6>\n<p>&nbsp;<\/p>\n<h6><b><i>Lengva prie\u017ei\u016bra<\/i><\/b><b><i><\/i><\/b><\/h6>\n<h6>D\u0117l u\u017erakto atidarymo dangt\u012f lengva nuimti ir i\u0161skalbti. Dangt\u012f skalbkite rankomis (30 \u00b0C) su pana\u0161iomis spalvomis ir pakabinkite i\u0161d\u017ei\u016bti.<\/h6>\n<p>&nbsp;<\/p>\n<h6><em><strong>Rank\u0173 darbo su meile ir r\u016bpes\u010diu<\/strong><\/em><\/h6>\n<h6 data-start=\"38\" data-end=\"329\">Tur\u0117dami daugiau nei de\u0161imtme\u010dio patirt\u012f, did\u017eiuojam\u0117s gal\u0117dami tiekti did\u017eiausiems ES ma\u017emenininkams gaminius, kurie kruop\u0161\u010diai ir su meile gaminami m\u016bs\u0173 gamykloje Latvijoje. Patys kontroliuojame kiekvien\u0105 gamybos etap\u0105, kreipiame d\u0117mes\u012f \u012f menkiausias detales ir nuolat tobuliname bei diegiame naujoves.<\/h6>\n","protected":false},"excerpt":{"rendered":"<h6>Pufas yra stilingas ir prakti\u0161kas baldas, kur\u012f galima naudoti kaip pakoj\u012f arba papildom\u0105 s\u0117dyn\u0119. Pagamintas i\u0161 auk\u0161tos kokyb\u0117s mink\u0161to aksominio audinio, suteikian\u010dio prabangos ir nepamir\u0161tamo prisilietimo poj\u016bt\u012f.<\/h6>\n","protected":false},"featured_media":45506,"comment_status":"open","ping_status":"closed","template":"","meta":{"_acf_changed":false,"om_disable_all_campaigns":false,"_monsterinsights_skip_tracking":false,"_monsterinsights_sitenote_active":false,"_monsterinsights_sitenote_note":"","_monsterinsights_sitenote_category":0,"_uf_show_specific_survey":0,"_uf_disable_surveys":false,"site-sidebar-layout":"default","site-content-layout":"","ast-site-content-layout":"default","site-content-style":"default","site-sidebar-style":"default","ast-global-header-display":"","ast-banner-title-visibility":"","ast-main-header-display":"","ast-hfb-above-header-display":"","ast-hfb-below-header-display":"","ast-hfb-mobile-header-display":"","site-post-title":"","ast-breadcrumbs-content":"","ast-featured-img":"","footer-sml-layout":"","theme-transparent-header-meta":"default","adv-header-id-meta":"","stick-header-meta":"","header-above-stick-meta":"","header-main-stick-meta":"","header-below-stick-meta":"","astra-migrate-meta-layouts":"set","ast-page-background-enabled":"default","ast-page-background-meta":{"desktop":{"background-color":"var(--ast-global-color-4)","background-image":"","background-repeat":"repeat","background-position":"center center","background-size":"auto","background-attachment":"scroll","background-type":"","background-media":"","overlay-type":"","overlay-color":"","overlay-opacity":"","overlay-gradient":""},"tablet":{"background-color":"","background-image":"","background-repeat":"repeat","background-position":"center center","background-size":"auto","background-attachment":"scroll","background-type":"","background-media":"","overlay-type":"","overlay-color":"","overlay-opacity":"","overlay-gradient":""},"mobile":{"background-color":"","background-image":"","background-repeat":"repeat","background-position":"center center","background-size":"auto","background-attachment":"scroll","background-type":"","background-media":"","overlay-type":"","overlay-color":"","overlay-opacity":"","overlay-gradient":""}},"ast-content-background-meta":{"desktop":{"background-color":"var(--ast-global-color-5)","background-image":"","background-repeat":"repeat","background-position":"center center","background-size":"auto","background-attachment":"scroll","background-type":"","background-media":"","overlay-type":"","overlay-color":"","overlay-opacity":"","overlay-gradient":""},"tablet":{"background-color":"var(--ast-global-color-5)","background-image":"","background-repeat":"repeat","background-position":"center center","background-size":"auto","background-attachment":"scroll","background-type":"","background-media":"","overlay-type":"","overlay-color":"","overlay-opacity":"","overlay-gradient":""},"mobile":{"background-color":"var(--ast-global-color-5)","background-image":"","background-repeat":"repeat","background-position":"center center","background-size":"auto","background-attachment":"scroll","background-type":"","background-media":"","overlay-type":"","overlay-color":"","overlay-opacity":"","overlay-gradient":""}}},"product_brand":[],"product_cat":[970],"product_tag":[],"class_list":{"0":"post-54278","1":"product","2":"type-product","3":"status-publish","4":"has-post-thumbnail","6":"product_cat-wigiwama-lt","7":"desktop-align-left","8":"tablet-align-left","9":"mobile-align-left","11":"first","12":"instock","13":"sale","14":"taxable","15":"shipping-taxable","16":"purchasable","17":"product-type-variable"},"acf":[],"aioseo_notices":[],"_links":{"self":[{"href":"https:\/\/hummy.ee\/lt\/wp-json\/wp\/v2\/product\/54278","targetHints":{"allow":["GET"]}}],"collection":[{"href":"https:\/\/hummy.ee\/lt\/wp-json\/wp\/v2\/product"}],"about":[{"href":"https:\/\/hummy.ee\/lt\/wp-json\/wp\/v2\/types\/product"}],"replies":[{"embeddable":true,"href":"https:\/\/hummy.ee\/lt\/wp-json\/wp\/v2\/comments?post=54278"}],"version-history":[{"count":4,"href":"https:\/\/hummy.ee\/lt\/wp-json\/wp\/v2\/product\/54278\/revisions"}],"predecessor-version":[{"id":82605,"href":"https:\/\/hummy.ee\/lt\/wp-json\/wp\/v2\/product\/54278\/revisions\/82605"}],"wp:featuredmedia":[{"embeddable":true,"href":"https:\/\/hummy.ee\/lt\/wp-json\/wp\/v2\/media\/45506"}],"wp:attachment":[{"href":"https:\/\/hummy.ee\/lt\/wp-json\/wp\/v2\/media?parent=54278"}],"wp:term":[{"taxonomy":"product_brand","embeddable":true,"href":"https:\/\/hummy.ee\/lt\/wp-json\/wp\/v2\/product_brand?post=54278"},{"taxonomy":"product_cat","embeddable":true,"href":"https:\/\/hummy.ee\/lt\/wp-json\/wp\/v2\/product_cat?post=54278"},{"taxonomy":"product_tag","embeddable":true,"href":"https:\/\/hummy.ee\/lt\/wp-json\/wp\/v2\/product_tag?post=54278"}],"curies":[{"name":"wp","href":"https:\/\/api.w.org\/{rel}","templated":true}]}}