{"id":54252,"date":"2025-03-02T20:42:58","date_gmt":"2025-03-02T20:42:58","guid":{"rendered":"https:\/\/hummy.ee\/product\/zaidimu-rinkinys-vaivorykste\/"},"modified":"2026-02-18T11:03:25","modified_gmt":"2026-02-18T11:03:25","slug":"zaidimu-rinkinys-vaivorykste","status":"publish","type":"product","link":"https:\/\/hummy.ee\/lt\/produktas\/zaidimu-rinkinys-vaivorykste\/","title":{"rendered":"\u017daidim\u0173 rinkinys - vaivoryk\u0161t\u0117"},"content":{"rendered":"<h6 data-start=\"0\" data-end=\"29\"><strong><em>Begalin\u0117s galimyb\u0117s<\/em><\/strong><\/h6>\n<h6 data-start=\"30\" data-end=\"201\">Vaivoryk\u0161t\u0117s \u017eaidim\u0173 rinkinys suteikia \u017eaidim\u0173 kambariui smagumo ir smalsumo. Naudokite j\u012f kaip k\u0117dut\u0119 ir stal\u0105, kop\u0117\u010dias, \u017eaidim\u0173 konstrukcij\u0105 ar ma\u017e\u0105 namel\u012f - dangus neribotas!<\/h6>\n<p>&nbsp;<\/p>\n<h6 data-start=\"203\" data-end=\"241\"><strong><em>K\u016brybi\u0161kum\u0105 skatinan\u010dios kibirk\u0161tys<\/em><\/strong><\/h6>\n<h6 data-start=\"242\" data-end=\"347\">Trys skirting\u0173 form\u0173 moduliai \u017eadina begalin\u012f vaik\u0173 smalsum\u0105 ir \u012fkvepia juos konstruoti bei eksperimentuoti.<\/h6>\n<p>&nbsp;<\/p>\n<h6 data-start=\"349\" data-end=\"390\"><strong><em>Socialini\u0173 \u012fg\u016bd\u017ei\u0173 ugdymas<\/em><\/strong><\/h6>\n<h6 data-start=\"391\" data-end=\"514\">Mink\u0161ti ir spalvingi moduliai skatina \u017eaisti su draugais, moko bendradarbiauti ir bendrauti \u017eaid\u017eiant kartu.<\/h6>\n<p>&nbsp;<\/p>\n<h6 data-start=\"516\" data-end=\"549\"><strong><em>lavina fizinius \u012fg\u016bd\u017eius<\/em><\/strong><\/h6>\n<h6 data-start=\"550\" data-end=\"681\">Laipiojimas, krovimas ir jud\u0117jimas i\u0161 vieno modulio \u012f kit\u0105 - puikus b\u016bdas lavinti motorinius \u012fg\u016bd\u017eius ir koordinacij\u0105 patogiai \u012fsitaisius namuose.<\/h6>\n<p>&nbsp;<\/p>\n<h6 data-start=\"683\" data-end=\"711\"><strong><em>Pagauti vaivoryk\u0161t\u0119!<\/em><\/strong><\/h6>\n<h6 data-start=\"712\" data-end=\"802\">Vaivoryk\u0161t\u0117 - \u017eaidim\u0173 rinkinys su nuostabi\u0173 spalv\u0173 mamyt\u0117mis ir mink\u0161tu audiniu - suteikia vaikams d\u017eiaugsmo ir \u017eaismingumo.<\/h6>\n<p>&nbsp;<\/p>\n<h6><strong><i>Lengva prie\u017ei\u016bra<\/i><\/strong><i><\/i><\/h6>\n<h6>D\u0117l u\u017erakto atidarymo dangt\u012f lengva nuimti ir i\u0161skalbti. Dangt\u012f skalbkite rankomis (30 \u00b0C) su pana\u0161iomis spalvomis ir pakabinkite i\u0161d\u017ei\u016bti.<\/h6>\n<p>&nbsp;<\/p>\n<h6><strong><em>Pagaminta su meile ir r\u016bpes\u010diu<\/em><em>amat\u0173<\/em><\/strong><\/h6>\n<h6 data-start=\"38\" data-end=\"329\">Tur\u0117dami daugiau nei de\u0161imtme\u010dio patirt\u012f, did\u017eiuojam\u0117s gal\u0117dami tiekti did\u017eiausiems ES ma\u017emenininkams gaminius, kurie kruop\u0161\u010diai ir su meile gaminami m\u016bs\u0173 gamykloje Latvijoje. Patys kontroliuojame kiekvien\u0105 gamybos etap\u0105, kreipiame d\u0117mes\u012f \u012f menkiausias detales ir nuolat tobuliname bei diegiame naujoves.<\/h6>\n","protected":false},"excerpt":{"rendered":"<h6>Vaivoryk\u0161t\u0117s \u017eaidim\u0173 rinkiniai ne tik skatina vaikus pasitelkti vaizduot\u0119, bet ir moko juos k\u016brybi\u0161kai m\u0105styti. Jo modulius galima be galo pertvarkyti - naudokite juos kaip s\u0117dyn\u0119, stal\u0105, pastatykite pil\u012f ar namel\u012f!<\/h6>\n","protected":false},"featured_media":45558,"comment_status":"open","ping_status":"closed","template":"","meta":{"_acf_changed":false,"om_disable_all_campaigns":false,"_monsterinsights_skip_tracking":false,"_monsterinsights_sitenote_active":false,"_monsterinsights_sitenote_note":"","_monsterinsights_sitenote_category":0,"_uf_show_specific_survey":0,"_uf_disable_surveys":false,"site-sidebar-layout":"default","site-content-layout":"","ast-site-content-layout":"default","site-content-style":"default","site-sidebar-style":"default","ast-global-header-display":"","ast-banner-title-visibility":"","ast-main-header-display":"","ast-hfb-above-header-display":"","ast-hfb-below-header-display":"","ast-hfb-mobile-header-display":"","site-post-title":"","ast-breadcrumbs-content":"","ast-featured-img":"","footer-sml-layout":"","theme-transparent-header-meta":"default","adv-header-id-meta":"","stick-header-meta":"","header-above-stick-meta":"","header-main-stick-meta":"","header-below-stick-meta":"","astra-migrate-meta-layouts":"set","ast-page-background-enabled":"default","ast-page-background-meta":{"desktop":{"background-color":"var(--ast-global-color-4)","background-image":"","background-repeat":"repeat","background-position":"center center","background-size":"auto","background-attachment":"scroll","background-type":"","background-media":"","overlay-type":"","overlay-color":"","overlay-opacity":"","overlay-gradient":""},"tablet":{"background-color":"","background-image":"","background-repeat":"repeat","background-position":"center center","background-size":"auto","background-attachment":"scroll","background-type":"","background-media":"","overlay-type":"","overlay-color":"","overlay-opacity":"","overlay-gradient":""},"mobile":{"background-color":"","background-image":"","background-repeat":"repeat","background-position":"center center","background-size":"auto","background-attachment":"scroll","background-type":"","background-media":"","overlay-type":"","overlay-color":"","overlay-opacity":"","overlay-gradient":""}},"ast-content-background-meta":{"desktop":{"background-color":"var(--ast-global-color-5)","background-image":"","background-repeat":"repeat","background-position":"center center","background-size":"auto","background-attachment":"scroll","background-type":"","background-media":"","overlay-type":"","overlay-color":"","overlay-opacity":"","overlay-gradient":""},"tablet":{"background-color":"var(--ast-global-color-5)","background-image":"","background-repeat":"repeat","background-position":"center center","background-size":"auto","background-attachment":"scroll","background-type":"","background-media":"","overlay-type":"","overlay-color":"","overlay-opacity":"","overlay-gradient":""},"mobile":{"background-color":"var(--ast-global-color-5)","background-image":"","background-repeat":"repeat","background-position":"center center","background-size":"auto","background-attachment":"scroll","background-type":"","background-media":"","overlay-type":"","overlay-color":"","overlay-opacity":"","overlay-gradient":""}}},"product_brand":[],"product_cat":[970],"product_tag":[],"class_list":{"0":"post-54252","1":"product","2":"type-product","3":"status-publish","4":"has-post-thumbnail","6":"product_cat-wigiwama-lt","7":"desktop-align-left","8":"tablet-align-left","9":"mobile-align-left","11":"first","12":"instock","13":"sale","14":"taxable","15":"shipping-taxable","16":"purchasable","17":"product-type-variable"},"acf":[],"aioseo_notices":[],"_links":{"self":[{"href":"https:\/\/hummy.ee\/lt\/wp-json\/wp\/v2\/product\/54252","targetHints":{"allow":["GET"]}}],"collection":[{"href":"https:\/\/hummy.ee\/lt\/wp-json\/wp\/v2\/product"}],"about":[{"href":"https:\/\/hummy.ee\/lt\/wp-json\/wp\/v2\/types\/product"}],"replies":[{"embeddable":true,"href":"https:\/\/hummy.ee\/lt\/wp-json\/wp\/v2\/comments?post=54252"}],"version-history":[{"count":2,"href":"https:\/\/hummy.ee\/lt\/wp-json\/wp\/v2\/product\/54252\/revisions"}],"predecessor-version":[{"id":82593,"href":"https:\/\/hummy.ee\/lt\/wp-json\/wp\/v2\/product\/54252\/revisions\/82593"}],"wp:featuredmedia":[{"embeddable":true,"href":"https:\/\/hummy.ee\/lt\/wp-json\/wp\/v2\/media\/45558"}],"wp:attachment":[{"href":"https:\/\/hummy.ee\/lt\/wp-json\/wp\/v2\/media?parent=54252"}],"wp:term":[{"taxonomy":"product_brand","embeddable":true,"href":"https:\/\/hummy.ee\/lt\/wp-json\/wp\/v2\/product_brand?post=54252"},{"taxonomy":"product_cat","embeddable":true,"href":"https:\/\/hummy.ee\/lt\/wp-json\/wp\/v2\/product_cat?post=54252"},{"taxonomy":"product_tag","embeddable":true,"href":"https:\/\/hummy.ee\/lt\/wp-json\/wp\/v2\/product_tag?post=54252"}],"curies":[{"name":"wp","href":"https:\/\/api.w.org\/{rel}","templated":true}]}}