{"id":54123,"date":"2025-03-02T20:42:55","date_gmt":"2025-03-02T20:42:55","guid":{"rendered":"https:\/\/hummy.ee\/product\/padi-zvaigzde\/"},"modified":"2026-02-18T11:16:28","modified_gmt":"2026-02-18T11:16:28","slug":"padi-zvaigzde","status":"publish","type":"product","link":"https:\/\/hummy.ee\/lt\/produktas\/padi-zvaigzde\/","title":{"rendered":"Pagalv\u0117l\u0117 - Star"},"content":{"rendered":"<h6 data-start=\"0\" data-end=\"39\"><em><strong data-start=\"4\" data-end=\"37\">Ir dekoracijos, ir \u017eaislai<\/strong><\/em><\/h6>\n<h6 data-start=\"41\" data-end=\"149\">\u0160i mink\u0161ta ir miela \u017evaig\u017ed\u0117s formos pagalv\u0117l\u0117 papildys bet kur\u012f vaik\u0173 kambar\u012f, suteikdama jam nuostab\u0173 ir stebukling\u0105 akcent\u0105.<\/h6>\n<p>&nbsp;<\/p>\n<h6 data-start=\"151\" data-end=\"182\"><em><strong data-start=\"155\" data-end=\"180\">\u012ene\u0161kite \u017evilgesio \u012f kiekvien\u0105 dien\u0105<\/strong><\/em><\/h6>\n<h6 data-start=\"184\" data-end=\"288\">\u017dvaig\u017ed\u017ei\u0173 pagalv\u0117l\u0117 suteiks vaikui \u0161ypsen\u0105, be to, tai puiki dovana \u0161eimai ir draugams.<\/h6>\n<p>&nbsp;<\/p>\n<h6 data-start=\"290\" data-end=\"319\"><em><strong data-start=\"294\" data-end=\"317\">Svajokite apie dideles svajones<\/strong><\/em><\/h6>\n<h6 data-start=\"321\" data-end=\"449\">Skatinkite vaik\u0105 svajoti apie dideles svajones ir nepamir\u0161kite svajoti kartu su juo! Tegul \u017evaig\u017ed\u017ei\u0173 pagalv\u0117 visada primena, kad viskas \u012fmanoma.<\/h6>\n<p>&nbsp;<\/p>\n<h6 data-start=\"451\" data-end=\"488\"><em><strong data-start=\"455\" data-end=\"486\">Derinkite ir kurkite savo stili\u0173<\/strong><\/em><\/h6>\n<h6 data-start=\"490\" data-end=\"576\">Puikiai atrodo atskirai arba kartu su kitais &#8222;Wigiwama\" gaminiais.<\/h6>\n<p>&nbsp;<\/p>\n<h6 data-start=\"578\" data-end=\"612\"><em><strong data-start=\"582\" data-end=\"610\">10\/10 ta\u0161k\u0173 u\u017e kokyb\u0119<\/strong><\/em><\/h6>\n<h6 data-start=\"614\" data-end=\"756\">Pagamintas i\u0161 mink\u0161\u010diausi\u0173 ir jaukiausi\u0173 audini\u0173 - pakankamai tvirtas, kad atlaikyt\u0173 bet kokius nuotykius, ir pakankamai mink\u0161tas, kad suteikt\u0173 sald\u017ei\u0173 sapn\u0173.<\/h6>\n<p>&nbsp;<\/p>\n<h6><b><i>Lengva prie\u017ei\u016bra<\/i><\/b><b><i><\/i><\/b><\/h6>\n<h6>D\u0117l u\u017erakto atidarymo dangt\u012f lengva nuimti ir i\u0161skalbti. Dangt\u012f skalbkite rankomis (30 \u00b0C) su pana\u0161iomis spalvomis ir pakabinkite i\u0161d\u017ei\u016bti.<\/h6>\n<p>&nbsp;<\/p>\n<h6><em><strong>Rank\u0173 darbo gaminiai, pagaminti su meile ir r\u016bpes\u010diu<\/strong><\/em><\/h6>\n<h6 data-start=\"38\" data-end=\"329\">Tur\u0117dami daugiau nei de\u0161imtme\u010dio patirt\u012f, did\u017eiuojam\u0117s gal\u0117dami tiekti did\u017eiausiems ES ma\u017emenininkams gaminius, kurie kruop\u0161\u010diai ir su meile gaminami m\u016bs\u0173 gamykloje Latvijoje. Patys kontroliuojame kiekvien\u0105 gamybos etap\u0105, kreipiame d\u0117mes\u012f \u012f menkiausias detales ir nuolat tobuliname bei diegiame naujoves.<\/h6>\n","protected":false},"excerpt":{"rendered":"<h6>&#8222;Wigiwama Star\" pagalv\u0117l\u0117 suteikia \u0161ventin\u012f akcent\u0105 vaik\u0173 kambariui ir yra puiki dovana \u0161eimai ir draugams. Pagaminta i\u0161 mink\u0161to ir p\u016bkuoto me\u0161kiuko audinio, kur\u012f itin malonu liesti.<\/h6>\n","protected":false},"featured_media":45770,"comment_status":"open","ping_status":"closed","template":"","meta":{"_acf_changed":false,"om_disable_all_campaigns":false,"_monsterinsights_skip_tracking":false,"_monsterinsights_sitenote_active":false,"_monsterinsights_sitenote_note":"","_monsterinsights_sitenote_category":0,"_uf_show_specific_survey":0,"_uf_disable_surveys":false,"site-sidebar-layout":"default","site-content-layout":"","ast-site-content-layout":"default","site-content-style":"default","site-sidebar-style":"default","ast-global-header-display":"","ast-banner-title-visibility":"","ast-main-header-display":"","ast-hfb-above-header-display":"","ast-hfb-below-header-display":"","ast-hfb-mobile-header-display":"","site-post-title":"","ast-breadcrumbs-content":"","ast-featured-img":"","footer-sml-layout":"","theme-transparent-header-meta":"default","adv-header-id-meta":"","stick-header-meta":"","header-above-stick-meta":"","header-main-stick-meta":"","header-below-stick-meta":"","astra-migrate-meta-layouts":"set","ast-page-background-enabled":"default","ast-page-background-meta":{"desktop":{"background-color":"var(--ast-global-color-4)","background-image":"","background-repeat":"repeat","background-position":"center center","background-size":"auto","background-attachment":"scroll","background-type":"","background-media":"","overlay-type":"","overlay-color":"","overlay-opacity":"","overlay-gradient":""},"tablet":{"background-color":"","background-image":"","background-repeat":"repeat","background-position":"center center","background-size":"auto","background-attachment":"scroll","background-type":"","background-media":"","overlay-type":"","overlay-color":"","overlay-opacity":"","overlay-gradient":""},"mobile":{"background-color":"","background-image":"","background-repeat":"repeat","background-position":"center center","background-size":"auto","background-attachment":"scroll","background-type":"","background-media":"","overlay-type":"","overlay-color":"","overlay-opacity":"","overlay-gradient":""}},"ast-content-background-meta":{"desktop":{"background-color":"var(--ast-global-color-5)","background-image":"","background-repeat":"repeat","background-position":"center center","background-size":"auto","background-attachment":"scroll","background-type":"","background-media":"","overlay-type":"","overlay-color":"","overlay-opacity":"","overlay-gradient":""},"tablet":{"background-color":"var(--ast-global-color-5)","background-image":"","background-repeat":"repeat","background-position":"center center","background-size":"auto","background-attachment":"scroll","background-type":"","background-media":"","overlay-type":"","overlay-color":"","overlay-opacity":"","overlay-gradient":""},"mobile":{"background-color":"var(--ast-global-color-5)","background-image":"","background-repeat":"repeat","background-position":"center center","background-size":"auto","background-attachment":"scroll","background-type":"","background-media":"","overlay-type":"","overlay-color":"","overlay-opacity":"","overlay-gradient":""}}},"product_brand":[],"product_cat":[970],"product_tag":[],"class_list":{"0":"post-54123","1":"product","2":"type-product","3":"status-publish","4":"has-post-thumbnail","6":"product_cat-wigiwama-lt","7":"desktop-align-left","8":"tablet-align-left","9":"mobile-align-left","11":"first","12":"instock","13":"sale","14":"taxable","15":"shipping-taxable","16":"purchasable","17":"product-type-variable"},"acf":[],"aioseo_notices":[],"_links":{"self":[{"href":"https:\/\/hummy.ee\/lt\/wp-json\/wp\/v2\/product\/54123","targetHints":{"allow":["GET"]}}],"collection":[{"href":"https:\/\/hummy.ee\/lt\/wp-json\/wp\/v2\/product"}],"about":[{"href":"https:\/\/hummy.ee\/lt\/wp-json\/wp\/v2\/types\/product"}],"replies":[{"embeddable":true,"href":"https:\/\/hummy.ee\/lt\/wp-json\/wp\/v2\/comments?post=54123"}],"version-history":[{"count":3,"href":"https:\/\/hummy.ee\/lt\/wp-json\/wp\/v2\/product\/54123\/revisions"}],"predecessor-version":[{"id":82614,"href":"https:\/\/hummy.ee\/lt\/wp-json\/wp\/v2\/product\/54123\/revisions\/82614"}],"wp:featuredmedia":[{"embeddable":true,"href":"https:\/\/hummy.ee\/lt\/wp-json\/wp\/v2\/media\/45770"}],"wp:attachment":[{"href":"https:\/\/hummy.ee\/lt\/wp-json\/wp\/v2\/media?parent=54123"}],"wp:term":[{"taxonomy":"product_brand","embeddable":true,"href":"https:\/\/hummy.ee\/lt\/wp-json\/wp\/v2\/product_brand?post=54123"},{"taxonomy":"product_cat","embeddable":true,"href":"https:\/\/hummy.ee\/lt\/wp-json\/wp\/v2\/product_cat?post=54123"},{"taxonomy":"product_tag","embeddable":true,"href":"https:\/\/hummy.ee\/lt\/wp-json\/wp\/v2\/product_tag?post=54123"}],"curies":[{"name":"wp","href":"https:\/\/api.w.org\/{rel}","templated":true}]}}