{"id":54108,"date":"2025-03-02T20:43:07","date_gmt":"2025-03-02T20:43:07","guid":{"rendered":"https:\/\/hummy.ee\/product\/padi-terrazzo\/"},"modified":"2026-02-18T11:13:08","modified_gmt":"2026-02-18T11:13:08","slug":"padi-terrazzo","status":"publish","type":"product","link":"https:\/\/hummy.ee\/lt\/produktas\/padi-terrazzo\/","title":{"rendered":"Pagalv\u0117l\u0117 - Terrazzo"},"content":{"rendered":"<h6 data-start=\"0\" data-end=\"45\"><em><strong data-start=\"4\" data-end=\"43\">Klasikin\u0117 forma ir paprastos linijos<\/strong><\/em><\/h6>\n<h6 data-start=\"47\" data-end=\"203\">\u0160i prakti\u0161ka pagalv\u0117l\u0117, pasi\u017eyminti minimalistine estetika, suteiks stiliaus bet kokiam interjerui. Raskite jai puiki\u0105 viet\u0105 ir leiskite jai \u012fne\u0161ti \u0161vie\u017eumo ir jaukumo \u012f savo erdv\u0119.<\/h6>\n<p>&nbsp;<\/p>\n<h6 data-start=\"205\" data-end=\"246\"><em><strong data-start=\"209\" data-end=\"244\">Kod\u0117l verta palikti komforto zon\u0105&#8230;<\/strong><\/em><\/h6>\n<h6 data-start=\"247\" data-end=\"384\">&#8230;kai gal\u0117site juo m\u0117gautis? Naudokite i\u0161 karto kelis vamzdinius \u010diu\u017einius ir sukurkite jaukiausi\u0105 kampel\u012f m\u0117gstamai knygai skaityti ar atsipalaiduoti.<\/h6>\n<p>&nbsp;<\/p>\n<h6 data-start=\"549\" data-end=\"576\"><em><strong data-start=\"553\" data-end=\"574\">Raminan\u010dios akimirkos<\/strong><\/em><\/h6>\n<h6 data-start=\"577\" data-end=\"709\">Mink\u0161tas ir \u0161velnus audinys sukuria i\u0161ties atpalaiduojan\u010di\u0105 atmosfer\u0105, kvie\u010dian\u010di\u0105 tiek ma\u017eus, tiek suaugusius atsipalaiduoti ir pails\u0117ti po ilgos dienos.<\/h6>\n<p>&nbsp;<\/p>\n<h6 data-start=\"711\" data-end=\"738\"><em><strong data-start=\"715\" data-end=\"736\">Kartu praleistas laikas<\/strong><\/em><\/h6>\n<h6 data-start=\"739\" data-end=\"870\">Apkabinkite savo ma\u017eyl\u012f, dalinkit\u0117s linksmomis istorijomis, juokit\u0117s ir tiesiog m\u0117gaukit\u0117s buvimu kartu - kiekviena akimirka taps brangiu prisiminimu.<\/h6>\n<p>&nbsp;<\/p>\n<h6 data-start=\"872\" data-end=\"903\"><em><strong data-start=\"876\" data-end=\"901\">Visada \u0161vie\u017eias ir \u0161varus<\/strong><\/em><\/h6>\n<h6 data-start=\"904\" data-end=\"999\">Kad t\u0117vai b\u016bt\u0173 ram\u016bs, vamzd\u017eio pagalv\u0117l\u0119 galima skalbti, tod\u0117l jos prie\u017ei\u016bra yra paprasta ir nereikalauja pastang\u0173.<\/h6>\n<p>&nbsp;<\/p>\n<h6><b><i>Lengva prie\u017ei\u016bra<\/i><\/b><b><i><\/i><\/b><\/h6>\n<h6>D\u0117l u\u017erakto atidarymo dangt\u012f lengva nuimti ir i\u0161skalbti. Dangt\u012f skalbkite rankomis (30 \u00b0C) su pana\u0161iomis spalvomis ir pakabinkite i\u0161d\u017ei\u016bti.<\/h6>\n<p>&nbsp;<\/p>\n<h6><em><strong>Pagaminta su meile ir r\u016bpes\u010diu<\/strong><\/em><em><strong>amat\u0173<\/strong><\/em><\/h6>\n<h6 data-start=\"38\" data-end=\"329\">Tur\u0117dami daugiau nei de\u0161imtme\u010dio patirt\u012f, did\u017eiuojam\u0117s gal\u0117dami tiekti did\u017eiausiems ES ma\u017emenininkams gaminius, kurie kruop\u0161\u010diai ir su meile gaminami m\u016bs\u0173 gamykloje Latvijoje. Patys kontroliuojame kiekvien\u0105 gamybos etap\u0105, kreipiame d\u0117mes\u012f \u012f menkiausias detales ir nuolat tobuliname bei diegiame naujoves.<\/h6>\n","protected":false},"excerpt":{"rendered":"<h6 data-start=\"386\" data-end=\"415\"><strong data-start=\"390\" data-end=\"413\">1, 2, 3 - laikas \u017eaisti! <\/strong>Paskatinkite vaik\u0105 pagalvoti, kam dar galima panaudoti \u010diu\u017ein\u012f. Galb\u016bt jis sukels \u017eaismingum\u0105 arba smag\u0173 \u010diu\u017eini\u0173 kar\u0105?<\/h6>\n","protected":false},"featured_media":45730,"comment_status":"open","ping_status":"closed","template":"","meta":{"_acf_changed":false,"om_disable_all_campaigns":false,"_monsterinsights_skip_tracking":false,"_monsterinsights_sitenote_active":false,"_monsterinsights_sitenote_note":"","_monsterinsights_sitenote_category":0,"_uf_show_specific_survey":0,"_uf_disable_surveys":false,"site-sidebar-layout":"default","site-content-layout":"","ast-site-content-layout":"default","site-content-style":"default","site-sidebar-style":"default","ast-global-header-display":"","ast-banner-title-visibility":"","ast-main-header-display":"","ast-hfb-above-header-display":"","ast-hfb-below-header-display":"","ast-hfb-mobile-header-display":"","site-post-title":"","ast-breadcrumbs-content":"","ast-featured-img":"","footer-sml-layout":"","theme-transparent-header-meta":"default","adv-header-id-meta":"","stick-header-meta":"","header-above-stick-meta":"","header-main-stick-meta":"","header-below-stick-meta":"","astra-migrate-meta-layouts":"set","ast-page-background-enabled":"default","ast-page-background-meta":{"desktop":{"background-color":"var(--ast-global-color-4)","background-image":"","background-repeat":"repeat","background-position":"center center","background-size":"auto","background-attachment":"scroll","background-type":"","background-media":"","overlay-type":"","overlay-color":"","overlay-opacity":"","overlay-gradient":""},"tablet":{"background-color":"","background-image":"","background-repeat":"repeat","background-position":"center center","background-size":"auto","background-attachment":"scroll","background-type":"","background-media":"","overlay-type":"","overlay-color":"","overlay-opacity":"","overlay-gradient":""},"mobile":{"background-color":"","background-image":"","background-repeat":"repeat","background-position":"center center","background-size":"auto","background-attachment":"scroll","background-type":"","background-media":"","overlay-type":"","overlay-color":"","overlay-opacity":"","overlay-gradient":""}},"ast-content-background-meta":{"desktop":{"background-color":"var(--ast-global-color-5)","background-image":"","background-repeat":"repeat","background-position":"center center","background-size":"auto","background-attachment":"scroll","background-type":"","background-media":"","overlay-type":"","overlay-color":"","overlay-opacity":"","overlay-gradient":""},"tablet":{"background-color":"var(--ast-global-color-5)","background-image":"","background-repeat":"repeat","background-position":"center center","background-size":"auto","background-attachment":"scroll","background-type":"","background-media":"","overlay-type":"","overlay-color":"","overlay-opacity":"","overlay-gradient":""},"mobile":{"background-color":"var(--ast-global-color-5)","background-image":"","background-repeat":"repeat","background-position":"center center","background-size":"auto","background-attachment":"scroll","background-type":"","background-media":"","overlay-type":"","overlay-color":"","overlay-opacity":"","overlay-gradient":""}}},"product_brand":[291],"product_cat":[970],"product_tag":[],"class_list":{"0":"post-54108","1":"product","2":"type-product","3":"status-publish","4":"has-post-thumbnail","6":"product_brand-wigiwama","7":"product_cat-wigiwama-lt","8":"desktop-align-left","9":"tablet-align-left","10":"mobile-align-left","12":"first","13":"instock","14":"taxable","15":"shipping-taxable","16":"purchasable","17":"product-type-variable"},"acf":[],"aioseo_notices":[],"_links":{"self":[{"href":"https:\/\/hummy.ee\/lt\/wp-json\/wp\/v2\/product\/54108","targetHints":{"allow":["GET"]}}],"collection":[{"href":"https:\/\/hummy.ee\/lt\/wp-json\/wp\/v2\/product"}],"about":[{"href":"https:\/\/hummy.ee\/lt\/wp-json\/wp\/v2\/types\/product"}],"replies":[{"embeddable":true,"href":"https:\/\/hummy.ee\/lt\/wp-json\/wp\/v2\/comments?post=54108"}],"version-history":[{"count":4,"href":"https:\/\/hummy.ee\/lt\/wp-json\/wp\/v2\/product\/54108\/revisions"}],"predecessor-version":[{"id":65812,"href":"https:\/\/hummy.ee\/lt\/wp-json\/wp\/v2\/product\/54108\/revisions\/65812"}],"wp:featuredmedia":[{"embeddable":true,"href":"https:\/\/hummy.ee\/lt\/wp-json\/wp\/v2\/media\/45730"}],"wp:attachment":[{"href":"https:\/\/hummy.ee\/lt\/wp-json\/wp\/v2\/media?parent=54108"}],"wp:term":[{"taxonomy":"product_brand","embeddable":true,"href":"https:\/\/hummy.ee\/lt\/wp-json\/wp\/v2\/product_brand?post=54108"},{"taxonomy":"product_cat","embeddable":true,"href":"https:\/\/hummy.ee\/lt\/wp-json\/wp\/v2\/product_cat?post=54108"},{"taxonomy":"product_tag","embeddable":true,"href":"https:\/\/hummy.ee\/lt\/wp-json\/wp\/v2\/product_tag?post=54108"}],"curies":[{"name":"wp","href":"https:\/\/api.w.org\/{rel}","templated":true}]}}