{"id":54069,"date":"2025-03-02T20:43:06","date_gmt":"2025-03-02T20:43:06","guid":{"rendered":"https:\/\/hummy.ee\/product\/padi-roll\/"},"modified":"2026-02-18T11:15:52","modified_gmt":"2026-02-18T11:15:52","slug":"padi-roll","status":"publish","type":"product","link":"https:\/\/hummy.ee\/lt\/produktas\/padi-roll\/","title":{"rendered":"Pagalv\u0117l\u0117 - Roll"},"content":{"rendered":"<h6 data-start=\"41\" data-end=\"59\"><strong><em>Gro\u017eis paprastume<\/em><\/strong><\/h6>\n<h6 data-start=\"60\" data-end=\"214\">Minimalistin\u0117s estetikos prakti\u0161ka &#8222;Roll\" pagalv\u0117l\u0117 suteikia stiliaus bet kokiam interjerui. Raskite jai puiki\u0105 viet\u0105 ir leiskite jai \u012fne\u0161ti \u0161vie\u017eumo ir d\u017eiaugsmo \u012f savo erdv\u0119.<\/h6>\n<p>&nbsp;<\/p>\n<h6 data-start=\"216\" data-end=\"250\"><em><strong>Kod\u0117l verta palikti komforto zon\u0105<\/strong><\/em><\/h6>\n<h6 data-start=\"251\" data-end=\"402\">&#8230; kai galite juo m\u0117gautis iki galo? Naudokite kelis ritininius \u010diu\u017einius vienu metu ir susikurkite jaukiausi\u0105 kampel\u012f m\u0117gstamai knygai skaityti ar atsipalaiduoti.<\/h6>\n<p>&nbsp;<\/p>\n<h6 data-start=\"404\" data-end=\"429\"><em><strong>1, 2, 3 - laikas \u017eaisti!<\/strong><\/em><\/h6>\n<h6 data-start=\"430\" data-end=\"567\">Paskatinkite vaik\u0105 pagalvoti, kam dar galima panaudoti ritinin\u012f \u010diu\u017ein\u012f. Galb\u016bt jis taps \u017eaidim\u0173 strukt\u016bros dalimi arba smagiu m\u016b\u0161iu su \u010diu\u017einiais?<\/h6>\n<p>&nbsp;<\/p>\n<h6 data-start=\"569\" data-end=\"593\"><em><strong>Atpalaiduojan\u010dios akimirkos<\/strong><\/em><\/h6>\n<h6 data-start=\"594\" data-end=\"752\">Mink\u0161ta ir \u0161velni liesti pagalv\u0117l\u0117 Roll idealiai tinka atsipalaiduoti tiek jaunam, tiek senam. M\u0117gaukit\u0117s raminan\u010dia atmosfera po ilgos ir \u012ftemptos dienos.<\/h6>\n<p>&nbsp;<\/p>\n<h6 data-start=\"754\" data-end=\"777\"><em><strong>Kartu praleistas laikas<\/strong><\/em><\/h6>\n<h6 data-start=\"778\" data-end=\"914\">Paglostykite savo ma\u017eyl\u012f, dalinkit\u0117s linksmomis istorijomis, juokit\u0117s ir m\u0117gaukit\u0117s vienas kito draugija. Kiekviena akimirka kartu taps brangiu prisiminimu.<\/h6>\n<p>&nbsp;<\/p>\n<h6 data-start=\"916\" data-end=\"937\"><em><strong>Gaivus ir \u0161varus<\/strong><\/em><\/h6>\n<h6 data-start=\"938\" data-end=\"1056\">Nuimamas ir skalbiamas u\u017evalkalas leid\u017eia lengvai i\u0161laikyti &#8222;Roll\" \u010diu\u017ein\u012f \u0161var\u0173 ir gaiv\u0173 - tai lengva prie\u017ei\u016bra, u\u017etikrinanti j\u016bs\u0173 komfort\u0105.<\/h6>\n","protected":false},"excerpt":{"rendered":"<p>Gro\u017eis paprastume Minimalistin\u0117s estetikos prakti\u0161ka &#8222;Roll\" pagalv\u0117l\u0117 suteikia stiliaus bet kokiam interjerui. Raskite jai puiki\u0105 viet\u0105 ir leiskite jai \u012fne\u0161ti [&hellip;]<\/p>\n","protected":false},"featured_media":46030,"comment_status":"open","ping_status":"closed","template":"","meta":{"_acf_changed":false,"om_disable_all_campaigns":false,"_monsterinsights_skip_tracking":false,"_monsterinsights_sitenote_active":false,"_monsterinsights_sitenote_note":"","_monsterinsights_sitenote_category":0,"_uf_show_specific_survey":0,"_uf_disable_surveys":false,"site-sidebar-layout":"default","site-content-layout":"","ast-site-content-layout":"default","site-content-style":"default","site-sidebar-style":"default","ast-global-header-display":"","ast-banner-title-visibility":"","ast-main-header-display":"","ast-hfb-above-header-display":"","ast-hfb-below-header-display":"","ast-hfb-mobile-header-display":"","site-post-title":"","ast-breadcrumbs-content":"","ast-featured-img":"","footer-sml-layout":"","theme-transparent-header-meta":"default","adv-header-id-meta":"","stick-header-meta":"","header-above-stick-meta":"","header-main-stick-meta":"","header-below-stick-meta":"","astra-migrate-meta-layouts":"set","ast-page-background-enabled":"default","ast-page-background-meta":{"desktop":{"background-color":"var(--ast-global-color-4)","background-image":"","background-repeat":"repeat","background-position":"center center","background-size":"auto","background-attachment":"scroll","background-type":"","background-media":"","overlay-type":"","overlay-color":"","overlay-opacity":"","overlay-gradient":""},"tablet":{"background-color":"","background-image":"","background-repeat":"repeat","background-position":"center center","background-size":"auto","background-attachment":"scroll","background-type":"","background-media":"","overlay-type":"","overlay-color":"","overlay-opacity":"","overlay-gradient":""},"mobile":{"background-color":"","background-image":"","background-repeat":"repeat","background-position":"center center","background-size":"auto","background-attachment":"scroll","background-type":"","background-media":"","overlay-type":"","overlay-color":"","overlay-opacity":"","overlay-gradient":""}},"ast-content-background-meta":{"desktop":{"background-color":"var(--ast-global-color-5)","background-image":"","background-repeat":"repeat","background-position":"center center","background-size":"auto","background-attachment":"scroll","background-type":"","background-media":"","overlay-type":"","overlay-color":"","overlay-opacity":"","overlay-gradient":""},"tablet":{"background-color":"var(--ast-global-color-5)","background-image":"","background-repeat":"repeat","background-position":"center center","background-size":"auto","background-attachment":"scroll","background-type":"","background-media":"","overlay-type":"","overlay-color":"","overlay-opacity":"","overlay-gradient":""},"mobile":{"background-color":"var(--ast-global-color-5)","background-image":"","background-repeat":"repeat","background-position":"center center","background-size":"auto","background-attachment":"scroll","background-type":"","background-media":"","overlay-type":"","overlay-color":"","overlay-opacity":"","overlay-gradient":""}}},"product_brand":[],"product_cat":[970],"product_tag":[],"class_list":{"0":"post-54069","1":"product","2":"type-product","3":"status-publish","4":"has-post-thumbnail","6":"product_cat-wigiwama-lt","7":"desktop-align-left","8":"tablet-align-left","9":"mobile-align-left","11":"first","12":"instock","13":"sale","14":"taxable","15":"shipping-taxable","16":"purchasable","17":"product-type-variable"},"acf":[],"aioseo_notices":[],"_links":{"self":[{"href":"https:\/\/hummy.ee\/lt\/wp-json\/wp\/v2\/product\/54069","targetHints":{"allow":["GET"]}}],"collection":[{"href":"https:\/\/hummy.ee\/lt\/wp-json\/wp\/v2\/product"}],"about":[{"href":"https:\/\/hummy.ee\/lt\/wp-json\/wp\/v2\/types\/product"}],"replies":[{"embeddable":true,"href":"https:\/\/hummy.ee\/lt\/wp-json\/wp\/v2\/comments?post=54069"}],"version-history":[{"count":3,"href":"https:\/\/hummy.ee\/lt\/wp-json\/wp\/v2\/product\/54069\/revisions"}],"predecessor-version":[{"id":82611,"href":"https:\/\/hummy.ee\/lt\/wp-json\/wp\/v2\/product\/54069\/revisions\/82611"}],"wp:featuredmedia":[{"embeddable":true,"href":"https:\/\/hummy.ee\/lt\/wp-json\/wp\/v2\/media\/46030"}],"wp:attachment":[{"href":"https:\/\/hummy.ee\/lt\/wp-json\/wp\/v2\/media?parent=54069"}],"wp:term":[{"taxonomy":"product_brand","embeddable":true,"href":"https:\/\/hummy.ee\/lt\/wp-json\/wp\/v2\/product_brand?post=54069"},{"taxonomy":"product_cat","embeddable":true,"href":"https:\/\/hummy.ee\/lt\/wp-json\/wp\/v2\/product_cat?post=54069"},{"taxonomy":"product_tag","embeddable":true,"href":"https:\/\/hummy.ee\/lt\/wp-json\/wp\/v2\/product_tag?post=54069"}],"curies":[{"name":"wp","href":"https:\/\/api.w.org\/{rel}","templated":true}]}}