{"id":54055,"date":"2025-03-02T20:43:06","date_gmt":"2025-03-02T20:43:06","guid":{"rendered":"https:\/\/hummy.ee\/product\/padi-blokas\/"},"modified":"2026-02-18T11:16:40","modified_gmt":"2026-02-18T11:16:40","slug":"padi-blokas","status":"publish","type":"product","link":"https:\/\/hummy.ee\/lt\/produktas\/padi-blokas\/","title":{"rendered":"Pagalv\u0117l\u0117 - blokas"},"content":{"rendered":"<h6 data-start=\"190\" data-end=\"227\"><strong><em>Kod\u0117l verta palikti komforto zon\u0105&#8230;<\/em><\/strong><\/h6>\n<h6 data-start=\"229\" data-end=\"374\">&#8230; kai gal\u0117site juo m\u0117gautis? Vienu metu naudokite daugiau nei vien\u0105 \u010diu\u017ein\u012f <span style=\"font-size: 1.1em;\">ir susikurkite jaukiausi\u0105 kampel\u012f m\u0117gstamai knygai skaityti ar atsipalaiduoti.<\/span><\/h6>\n<p>&nbsp;<\/p>\n<h6 data-start=\"376\" data-end=\"401\"><strong><em>1, 2, 3 - laikas \u017eaisti!<\/em><\/strong><\/h6>\n<h6 data-start=\"403\" data-end=\"531\">Skatinkite savo ma\u017eyl\u012f su\u017einoti, kaip dar galima naudoti \u010diu\u017ein\u012f. Ar jis taps \u017eaislu, ar smagia pagalvi\u0173 kova?<\/h6>\n<p>&nbsp;<\/p>\n<h6 data-start=\"533\" data-end=\"559\"><strong><em>Padr\u0105sinantis jausmas<\/em><\/strong><\/h6>\n<h6 data-start=\"561\" data-end=\"707\">Mink\u0161tas ir \u0161velnus prisilietimas sukuria i\u0161ties atpalaiduojan\u010di\u0105 atmosfer\u0105, kvie\u010dian\u010di\u0105 ir jaunus, ir vyresnius atsipalaiduoti ir pails\u0117ti po ilgos ir \u012ftemptos dienos.<\/h6>\n<p>&nbsp;<\/p>\n<h6 data-start=\"709\" data-end=\"728\"><strong><em>Laikas b\u016bti kartu<\/em><\/strong><\/h6>\n<h6 data-start=\"730\" data-end=\"880\">Apkabinkite savo ma\u017eyl\u012f, dalinkit\u0117s linksmomis istorijomis, juokit\u0117s ir tiesiog m\u0117gaukit\u0117s vienas kito draugija, kad kiekviena akimirka kartu tapt\u0173 brangiu prisiminimu.<\/h6>\n<p>&nbsp;<\/p>\n<h6 data-start=\"882\" data-end=\"909\"><strong><em>Visada \u0161vie\u017eias ir \u0161varus<\/em><\/strong><\/h6>\n<h6 data-start=\"911\" data-end=\"1070\">Kad t\u0117vai b\u016bt\u0173 ram\u016bs, pagalv\u0117l\u0119 &#8222;Block\" galima skalbti, tod\u0117l j\u0105 palaikyti \u0161vari\u0105 ir gaivi\u0105 yra paprasta. Skalbkite rankomis (30 \u00b0C) su pana\u0161iomis spalvomis, d\u017eiovinkite ore.<\/h6>\n","protected":false},"excerpt":{"rendered":"<h6 data-start=\"0\" data-end=\"41\">Klasikin\u0117 forma ir paprastos linijos. \u0160i prakti\u0161ka dekoratyvin\u0117 pagalv\u0117l\u0117, pasi\u017eyminti minimalistine estetika, suteikia stiliaus bet kokiam interjerui. Raskite jai puiki\u0105 viet\u0105 ir leiskite jai praskaidrinti j\u016bs\u0173 erdv\u0119.<\/h6>\n","protected":false},"featured_media":45806,"comment_status":"open","ping_status":"closed","template":"","meta":{"_acf_changed":false,"om_disable_all_campaigns":false,"_monsterinsights_skip_tracking":false,"_monsterinsights_sitenote_active":false,"_monsterinsights_sitenote_note":"","_monsterinsights_sitenote_category":0,"_uf_show_specific_survey":0,"_uf_disable_surveys":false,"site-sidebar-layout":"default","site-content-layout":"","ast-site-content-layout":"default","site-content-style":"default","site-sidebar-style":"default","ast-global-header-display":"","ast-banner-title-visibility":"","ast-main-header-display":"","ast-hfb-above-header-display":"","ast-hfb-below-header-display":"","ast-hfb-mobile-header-display":"","site-post-title":"","ast-breadcrumbs-content":"","ast-featured-img":"","footer-sml-layout":"","theme-transparent-header-meta":"default","adv-header-id-meta":"","stick-header-meta":"","header-above-stick-meta":"","header-main-stick-meta":"","header-below-stick-meta":"","astra-migrate-meta-layouts":"set","ast-page-background-enabled":"default","ast-page-background-meta":{"desktop":{"background-color":"var(--ast-global-color-4)","background-image":"","background-repeat":"repeat","background-position":"center center","background-size":"auto","background-attachment":"scroll","background-type":"","background-media":"","overlay-type":"","overlay-color":"","overlay-opacity":"","overlay-gradient":""},"tablet":{"background-color":"","background-image":"","background-repeat":"repeat","background-position":"center center","background-size":"auto","background-attachment":"scroll","background-type":"","background-media":"","overlay-type":"","overlay-color":"","overlay-opacity":"","overlay-gradient":""},"mobile":{"background-color":"","background-image":"","background-repeat":"repeat","background-position":"center center","background-size":"auto","background-attachment":"scroll","background-type":"","background-media":"","overlay-type":"","overlay-color":"","overlay-opacity":"","overlay-gradient":""}},"ast-content-background-meta":{"desktop":{"background-color":"var(--ast-global-color-5)","background-image":"","background-repeat":"repeat","background-position":"center center","background-size":"auto","background-attachment":"scroll","background-type":"","background-media":"","overlay-type":"","overlay-color":"","overlay-opacity":"","overlay-gradient":""},"tablet":{"background-color":"var(--ast-global-color-5)","background-image":"","background-repeat":"repeat","background-position":"center center","background-size":"auto","background-attachment":"scroll","background-type":"","background-media":"","overlay-type":"","overlay-color":"","overlay-opacity":"","overlay-gradient":""},"mobile":{"background-color":"var(--ast-global-color-5)","background-image":"","background-repeat":"repeat","background-position":"center center","background-size":"auto","background-attachment":"scroll","background-type":"","background-media":"","overlay-type":"","overlay-color":"","overlay-opacity":"","overlay-gradient":""}}},"product_brand":[],"product_cat":[970],"product_tag":[],"class_list":{"0":"post-54055","1":"product","2":"type-product","3":"status-publish","4":"has-post-thumbnail","6":"product_cat-wigiwama-lt","7":"desktop-align-left","8":"tablet-align-left","9":"mobile-align-left","11":"first","12":"instock","13":"sale","14":"taxable","15":"shipping-taxable","16":"purchasable","17":"product-type-variable"},"acf":[],"aioseo_notices":[],"_links":{"self":[{"href":"https:\/\/hummy.ee\/lt\/wp-json\/wp\/v2\/product\/54055","targetHints":{"allow":["GET"]}}],"collection":[{"href":"https:\/\/hummy.ee\/lt\/wp-json\/wp\/v2\/product"}],"about":[{"href":"https:\/\/hummy.ee\/lt\/wp-json\/wp\/v2\/types\/product"}],"replies":[{"embeddable":true,"href":"https:\/\/hummy.ee\/lt\/wp-json\/wp\/v2\/comments?post=54055"}],"version-history":[{"count":3,"href":"https:\/\/hummy.ee\/lt\/wp-json\/wp\/v2\/product\/54055\/revisions"}],"predecessor-version":[{"id":82615,"href":"https:\/\/hummy.ee\/lt\/wp-json\/wp\/v2\/product\/54055\/revisions\/82615"}],"wp:featuredmedia":[{"embeddable":true,"href":"https:\/\/hummy.ee\/lt\/wp-json\/wp\/v2\/media\/45806"}],"wp:attachment":[{"href":"https:\/\/hummy.ee\/lt\/wp-json\/wp\/v2\/media?parent=54055"}],"wp:term":[{"taxonomy":"product_brand","embeddable":true,"href":"https:\/\/hummy.ee\/lt\/wp-json\/wp\/v2\/product_brand?post=54055"},{"taxonomy":"product_cat","embeddable":true,"href":"https:\/\/hummy.ee\/lt\/wp-json\/wp\/v2\/product_cat?post=54055"},{"taxonomy":"product_tag","embeddable":true,"href":"https:\/\/hummy.ee\/lt\/wp-json\/wp\/v2\/product_tag?post=54055"}],"curies":[{"name":"wp","href":"https:\/\/api.w.org\/{rel}","templated":true}]}}