{"id":54036,"date":"2025-03-02T20:42:55","date_gmt":"2025-03-02T20:42:55","guid":{"rendered":"https:\/\/hummy.ee\/product\/padi-lokys\/"},"modified":"2026-02-18T11:16:09","modified_gmt":"2026-02-18T11:16:09","slug":"padi-lokys","status":"publish","type":"product","link":"https:\/\/hummy.ee\/lt\/produktas\/padi-lokys\/","title":{"rendered":"Pagalv\u0117l\u0117 - Lokys"},"content":{"rendered":"<h6 data-start=\"0\" data-end=\"32\"><em><strong data-start=\"4\" data-end=\"30\">Nepakeliamai mielas<\/strong><\/em><\/h6>\n<h6 data-start=\"34\" data-end=\"165\">Tik\u0117tina, kad \u0161i pliu\u0161in\u0117 pagalv\u0117l\u0117 su \u017eavingomis me\u0161kiuko ausimis greitai taps geriausiu j\u016bs\u0173 k\u016bdikio draugu ir miela \u0161eimos istorijos dalimi.<\/h6>\n<p>&nbsp;<\/p>\n<h6 data-start=\"167\" data-end=\"196\"><em><strong data-start=\"171\" data-end=\"194\">Sald\u016bs sapnai<\/strong><\/em><\/h6>\n<h6 data-start=\"198\" data-end=\"344\">Kai ateina laikas miegoti, n\u0117ra geresnio kompaniono u\u017e me\u0161kos pagalv\u0119! Steb\u0117kite, kaip j\u016bs\u0173 ma\u017eylis u\u017emiega sald\u017eiu miegu, apsuptas \u0161velnumo ir meil\u0117s.<\/h6>\n<p>&nbsp;<\/p>\n<h6 data-start=\"346\" data-end=\"374\"><em><strong data-start=\"350\" data-end=\"372\">Jaukus skaitymo kampelis<\/strong><\/em><\/h6>\n<h6 data-start=\"376\" data-end=\"524\">Kiekvien\u0105 kamp\u0105 paverskite stebuklinga skaitymo vieta su \u0161ia miela pagalv\u0117le, kuri sukuria puiki\u0105 atmosfer\u0105 m\u0117gautis pasak\u0173 knygomis ir ramiomis akimirkomis.<\/h6>\n<p>&nbsp;<\/p>\n<h6 data-start=\"526\" data-end=\"555\"><em><strong data-start=\"530\" data-end=\"553\">\u012edomus \u017eaidim\u0173 draugas<\/strong><\/em><\/h6>\n<h6 data-start=\"557\" data-end=\"681\">Lengva ir patikima me\u0161kiuko pagalv\u0117l\u0117 lyd\u0117s j\u016bs\u0173 vaik\u0105 visuose jo nuotykiuose namuose, visada pasiruo\u0161usi \u017eaisti ir glaustytis.<\/h6>\n<p>&nbsp;<\/p>\n<h6 data-start=\"683\" data-end=\"717\"><em><strong data-start=\"687\" data-end=\"715\">Sukraunamas patvarumas<\/strong><\/em><\/h6>\n<h6 data-start=\"719\" data-end=\"861\">Pagaminta i\u0161 auk\u0161tos kokyb\u0117s nat\u016bralaus audinio, me\u0161kiuko pagalv\u0117l\u0117 yra mink\u0161ta ir \u0161velni, ta\u010diau sukurta taip, kad atlaikyt\u0173 kasdienius apsikabinimus ir \u017eaidimus.<\/h6>\n<p>&nbsp;<\/p>\n<h6 data-start=\"863\" data-end=\"912\"><em><strong data-start=\"867\" data-end=\"910\">Puiki dovana didel\u0117ms \u0161ypsenoms<\/strong><\/em><\/h6>\n<h6 data-start=\"914\" data-end=\"1070\">Ie\u0161kote ypatingos dovanos? Me\u0161kiukas pagalv\u0117l\u0117 - nuo\u0161irdi ir brangi staigmena gimtadienio, \u0161ven\u010di\u0173, svarbi\u0173 \u012fvyki\u0173 proga ar tiesiog miel\u0105 d\u017eiaugsmo akimirk\u0105!<\/h6>\n<p>&nbsp;<\/p>\n<h6><b><i>Lengva prie\u017ei\u016bra<\/i><\/b><b><i><\/i><\/b><\/h6>\n<h6>D\u0117l u\u017erakto atidarymo dangt\u012f lengva nuimti ir i\u0161skalbti. Dangt\u012f skalbkite rankomis (30 \u00b0C) su pana\u0161iomis spalvomis ir pakabinkite i\u0161d\u017ei\u016bti.<\/h6>\n<p>&nbsp;<\/p>\n<h6><em><strong>Pagaminta su meile ir r\u016bpes\u010diu<\/strong><\/em><em><strong>amat\u0173<\/strong><\/em><\/h6>\n<h6 data-start=\"38\" data-end=\"329\">Tur\u0117dami daugiau nei de\u0161imtme\u010dio patirt\u012f, did\u017eiuojam\u0117s gal\u0117dami tiekti did\u017eiausiems ES ma\u017emenininkams gaminius, kurie kruop\u0161\u010diai ir su meile gaminami m\u016bs\u0173 gamykloje Latvijoje. Patys kontroliuojame kiekvien\u0105 gamybos etap\u0105, kreipiame d\u0117mes\u012f \u012f menkiausias detales ir nuolat tobuliname bei diegiame naujoves.<\/h6>\n","protected":false},"excerpt":{"rendered":"<h6 data-start=\"1072\" data-end=\"1134\">Patikrinkite me\u0161kiuko pagalv\u0117l\u0119 - puikus bet kurio vaiko kambario priedas! \u0160i \u017eavinga pagalv\u0117l\u0117 su me\u0161kiuko ausimis - puikus me\u0161kiuko draugas. Pagaminta i\u0161 mink\u0161to pliu\u0161inio audinio, ji d\u017eiugins \u017eaidimams ir miegui, o ma\u017eyliui sukels \u0161ypsen\u0105!<\/h6>\n","protected":false},"featured_media":45710,"comment_status":"open","ping_status":"closed","template":"","meta":{"_acf_changed":false,"om_disable_all_campaigns":false,"_monsterinsights_skip_tracking":false,"_monsterinsights_sitenote_active":false,"_monsterinsights_sitenote_note":"","_monsterinsights_sitenote_category":0,"_uf_show_specific_survey":0,"_uf_disable_surveys":false,"site-sidebar-layout":"default","site-content-layout":"","ast-site-content-layout":"default","site-content-style":"default","site-sidebar-style":"default","ast-global-header-display":"","ast-banner-title-visibility":"","ast-main-header-display":"","ast-hfb-above-header-display":"","ast-hfb-below-header-display":"","ast-hfb-mobile-header-display":"","site-post-title":"","ast-breadcrumbs-content":"","ast-featured-img":"","footer-sml-layout":"","theme-transparent-header-meta":"default","adv-header-id-meta":"","stick-header-meta":"","header-above-stick-meta":"","header-main-stick-meta":"","header-below-stick-meta":"","astra-migrate-meta-layouts":"set","ast-page-background-enabled":"default","ast-page-background-meta":{"desktop":{"background-color":"var(--ast-global-color-4)","background-image":"","background-repeat":"repeat","background-position":"center center","background-size":"auto","background-attachment":"scroll","background-type":"","background-media":"","overlay-type":"","overlay-color":"","overlay-opacity":"","overlay-gradient":""},"tablet":{"background-color":"","background-image":"","background-repeat":"repeat","background-position":"center center","background-size":"auto","background-attachment":"scroll","background-type":"","background-media":"","overlay-type":"","overlay-color":"","overlay-opacity":"","overlay-gradient":""},"mobile":{"background-color":"","background-image":"","background-repeat":"repeat","background-position":"center center","background-size":"auto","background-attachment":"scroll","background-type":"","background-media":"","overlay-type":"","overlay-color":"","overlay-opacity":"","overlay-gradient":""}},"ast-content-background-meta":{"desktop":{"background-color":"var(--ast-global-color-5)","background-image":"","background-repeat":"repeat","background-position":"center center","background-size":"auto","background-attachment":"scroll","background-type":"","background-media":"","overlay-type":"","overlay-color":"","overlay-opacity":"","overlay-gradient":""},"tablet":{"background-color":"var(--ast-global-color-5)","background-image":"","background-repeat":"repeat","background-position":"center center","background-size":"auto","background-attachment":"scroll","background-type":"","background-media":"","overlay-type":"","overlay-color":"","overlay-opacity":"","overlay-gradient":""},"mobile":{"background-color":"var(--ast-global-color-5)","background-image":"","background-repeat":"repeat","background-position":"center center","background-size":"auto","background-attachment":"scroll","background-type":"","background-media":"","overlay-type":"","overlay-color":"","overlay-opacity":"","overlay-gradient":""}}},"product_brand":[],"product_cat":[970],"product_tag":[],"class_list":{"0":"post-54036","1":"product","2":"type-product","3":"status-publish","4":"has-post-thumbnail","6":"product_cat-wigiwama-lt","7":"desktop-align-left","8":"tablet-align-left","9":"mobile-align-left","11":"first","12":"instock","13":"sale","14":"taxable","15":"shipping-taxable","16":"purchasable","17":"product-type-variable"},"acf":[],"aioseo_notices":[],"_links":{"self":[{"href":"https:\/\/hummy.ee\/lt\/wp-json\/wp\/v2\/product\/54036","targetHints":{"allow":["GET"]}}],"collection":[{"href":"https:\/\/hummy.ee\/lt\/wp-json\/wp\/v2\/product"}],"about":[{"href":"https:\/\/hummy.ee\/lt\/wp-json\/wp\/v2\/types\/product"}],"replies":[{"embeddable":true,"href":"https:\/\/hummy.ee\/lt\/wp-json\/wp\/v2\/comments?post=54036"}],"version-history":[{"count":2,"href":"https:\/\/hummy.ee\/lt\/wp-json\/wp\/v2\/product\/54036\/revisions"}],"predecessor-version":[{"id":82612,"href":"https:\/\/hummy.ee\/lt\/wp-json\/wp\/v2\/product\/54036\/revisions\/82612"}],"wp:featuredmedia":[{"embeddable":true,"href":"https:\/\/hummy.ee\/lt\/wp-json\/wp\/v2\/media\/45710"}],"wp:attachment":[{"href":"https:\/\/hummy.ee\/lt\/wp-json\/wp\/v2\/media?parent=54036"}],"wp:term":[{"taxonomy":"product_brand","embeddable":true,"href":"https:\/\/hummy.ee\/lt\/wp-json\/wp\/v2\/product_brand?post=54036"},{"taxonomy":"product_cat","embeddable":true,"href":"https:\/\/hummy.ee\/lt\/wp-json\/wp\/v2\/product_cat?post=54036"},{"taxonomy":"product_tag","embeddable":true,"href":"https:\/\/hummy.ee\/lt\/wp-json\/wp\/v2\/product_tag?post=54036"}],"curies":[{"name":"wp","href":"https:\/\/api.w.org\/{rel}","templated":true}]}}