{"id":53920,"date":"2024-10-01T11:35:21","date_gmt":"2024-10-01T11:35:21","guid":{"rendered":"https:\/\/hummy.ee\/product\/abc-design-avus-2-vezimeliai\/"},"modified":"2026-02-20T12:35:28","modified_gmt":"2026-02-20T12:35:28","slug":"abc-design-avus-2-vezimeliai","status":"publish","type":"product","link":"https:\/\/hummy.ee\/lt\/produktas\/abc-design-avus-2-vezimeliai\/","title":{"rendered":"ABC Design Avus 2 ve\u017eim\u0117liai"},"content":{"rendered":"<h6 data-pm-slice=\"1 1 []\"><strong><em>Ve\u017eim\u0117lyje yra:<\/em><\/strong><\/h6>\n<ul data-spread=\"false\">\n<li>\n<h6>S\u0117dyn\u0117s - patogios ir saugios j\u016bs\u0173 vaikui<\/h6>\n<\/li>\n<li>\n<h6>Saugos dir\u017eai - suteikia vaikui daugiau apsaugos ir saugumo<\/h6>\n<\/li>\n<li>\n<h6>Dangtis (UPF 50+) - apsaugo vaik\u0105 nuo saul\u0117s ir blog\u0173 oro s\u0105lyg\u0173<\/h6>\n<\/li>\n<\/ul>\n<h6><strong><em>Patogumas ir lankstumas visose situacijose<\/em><\/strong><\/h6>\n<h6>&#8222;Avus 2&#8243; ve\u017eim\u0117lis sukurtas taip, kad vaikui ir t\u0117vams b\u016bt\u0173 kuo patogiau. Reguliuojama nugar\u0117l\u0117 ir koj\u0173 atrama leid\u017eia vaikui tyrin\u0117ti pasaul\u012f s\u0117dint arba, jei reikia, pails\u0117ti visi\u0161kai horizontalioje pad\u0117tyje. Dideli priekiniai ir galiniai ratai su integruota pakabos sistema u\u017etikrina skland\u0173 va\u017eiavim\u0105 bet kokiu pavir\u0161iumi. Naujovi\u0161ka stabd\u017ei\u0173 sistema ir kompakti\u0161kas dizainas<\/h6>\n<p>&nbsp;<\/p>\n<h6>&#8222;Avus\" ypatingas tuo, kad stov\u0117jimo stabdys yra tiesiai ant galinio rato. D\u0117l to nereikia stabd\u017ei\u0173 a\u0161ies, ve\u017eim\u0117lis yra lengvesnis ir jame daugiau vietos kojoms - tai ypa\u010d naudinga auk\u0161tesniems t\u0117vams. D\u0117l prakti\u0161kos autonomin\u0117s funkcijos ir transportavimo u\u017erakto &#8222;Avus 2&#8243; ve\u017eim\u0117lis yra puikus kelioni\u0173 palydovas.<\/h6>\n<p>&nbsp;<\/p>\n<h6><strong><em>Pagrindin\u0117s savyb\u0117s:<\/em><\/strong><\/h6>\n<ul data-spread=\"false\">\n<li>\n<h6>Galimyb\u0117 tvirtinti prie lop\u0161io - suderinama su daugeliu \u017einom\u0173 prek\u0117s \u017eenkl\u0173 lop\u0161i\u0173<\/h6>\n<\/li>\n<li>\n<h6>Stov\u0117jimo stabdys - paprastas ir veiksmingas saugumo u\u017etikrinimas<\/h6>\n<\/li>\n<li>\n<h6>Keturi\u0173 rat\u0173 pakaba - sklandus va\u017eiavimas bet kokiu pavir\u0161iumi<\/h6>\n<\/li>\n<li>\n<h6>Pasukami priekiniai ratai - puikus manevringumas<\/h6>\n<\/li>\n<li>\n<h6>Transportavimo u\u017eraktas - lengva laikyti ir transportuoti<\/h6>\n<\/li>\n<li>\n<h6>Sulankstomas viena ranka - greitai ir patogiai naudojamas<\/h6>\n<\/li>\n<li>\n<h6>Reguliuojamas atlo\u0161as ir koj\u0173 atrama - optimalus komfortas vaikui<\/h6>\n<\/li>\n<li>\n<h6>&#8222;HappyBelt\" 5 ta\u0161k\u0173 saugos dir\u017eai - patikima ir saugi tvirtinimo sistema<\/h6>\n<\/li>\n<li>\n<h6>Universal\u016bs tvirtinimo ta\u0161kai - i\u0161pl\u0117stinis funkcionalumas<\/h6>\n<\/li>\n<li>\n<h6>EVA put\u0173 ratai - patvarumas ir stabilumas<\/h6>\n<\/li>\n<li>\n<h6>Nuimamas apsauginis strypas ir ratai - lengva valyti ir pri\u017ei\u016br\u0117ti<\/h6>\n<\/li>\n<li>\n<h6>I\u0161traukiamas petys - papildoma apsauga nuo saul\u0117s<\/h6>\n<\/li>\n<li>\n<h6>Vandeniui atspari med\u017eiaga - atspari atmosferos poveikiui ir patvari<\/h6>\n<\/li>\n<\/ul>\n<h6><strong><em>Techniniai duomenys:<\/em><\/strong><\/h6>\n<ul data-spread=\"false\">\n<li>\n<h6>Tinkamas am\u017eius: nuo gimimo<\/h6>\n<\/li>\n<li>\n<h6>Bendra keliamoji galia: 27 kg<\/h6>\n<\/li>\n<li>\n<h6>Did\u017eiausias vaiko svoris: iki 22 kg<\/h6>\n<\/li>\n<li>\n<h6>Didelis krep\u0161ys: iki 5 kg talpos<\/h6>\n<\/li>\n<li>\n<h6>I\u0161matavimai atidarius (p x l): 80 x 54 cm<\/h6>\n<\/li>\n<li>\n<h6>St\u016bmiklio auk\u0161tis: 72-106 cm<\/h6>\n<\/li>\n<li>\n<h6>Sulankstyt\u0173 gamini\u0173 matmenys (p x l x h): 75 x 54 x 31 cm<\/h6>\n<\/li>\n<li>\n<h6>S\u0117dyn\u0117s matmenys (p x l): 23 x 35 cm<\/h6>\n<\/li>\n<li>\n<h6>Atlo\u0161o matmenys (l x h): 35 x 49,5 cm<\/h6>\n<\/li>\n<li>\n<h6>Priekinio rato dydis: 18,5 cm<\/h6>\n<\/li>\n<li>\n<h6>Galinio rato dydis: 26,5 cm<\/h6>\n<\/li>\n<li>\n<h6>Gaminio svoris: 9,3 kg<\/h6>\n<\/li>\n<\/ul>\n<h6><strong><em>Suderinamumas su apsauginiais lop\u0161iais:<\/em><\/strong><\/h6>\n<ul>\n<li>\n<h6><b>ABC Design:<\/b> Tulp\u0117<\/h6>\n<\/li>\n<li>\n<h6><b>&#8222;Maxi-Cosi\":<\/b> &#8222;City\", &#8222;Convertible-Fix\", &#8222;Coral\", &#8222;Pebble\", &#8222;Pebble Plus\", &#8222;Pebble Pro\", &#8222;Pebble 360&#8243;, &#8222;Pebble 360 Pro\", &#8222;Pebble 360 Pro 2&#8243;.<\/h6>\n<\/li>\n<li>\n<h6><b>&#8222;Cybex\":<\/b> &#8222;Aton\", &#8222;Aton 5&#8243;, &#8222;Aton M\", &#8222;Aton M i-size\", &#8222;Aton Q\", &#8222;Aton Q Plus\", &#8222;Aton Q i-size\", &#8222;Cloud T\", &#8222;Cloud Q\", &#8222;Cloud Q Plus\", &#8222;Cloud Z i-size\", &#8222;Cloud Z2 i-size\".<\/h6>\n<\/li>\n<li>\n<h6><b>Joie:<\/b> i-Gemm<\/h6>\n<\/li>\n<li>\n<h6><b>&#8222;BeSafe\": <\/b>&#8222;iZi Go Modular X1 i-Size<\/h6>\n<\/li>\n<li>\n<h6><b>Avionaut:<\/b> Cosmo, Pixel, Pro<\/h6>\n<\/li>\n<\/ul>\n<h6>ABC Design &#8222;Avus 2&#8243; yra idealus pasirinkimas \u0161eimoms, ie\u0161kan\u010dioms patikimo, patogaus ir universalaus ve\u017eim\u0117lio kasdieniam naudojimui.<\/h6>\n<p>&nbsp;<\/p>\n<h6><em>\u017di\u016br\u0117kite \u012fvadin\u012f <a href=\"https:\/\/www.youtube.com\/watch?v=3R30P-l2-rI\">vaizdo \u012fra\u0161\u0105<\/a>.<\/em><\/h6>\n<h6><em>D\u0117l tinkam\u0173 rat\u0173 ve\u017eim\u0117liu naudotis daug patogiau! Daugiau informacijos apie tai, kaip i\u0161sirinkti tinkamiausi\u0105 sprendim\u0105, rasite Hummy <a href=\"https:\/\/hummy.ee\/lt\/koki-vezimeli-su-ratukais-tureciau-pasirinkti\/\" target=\"_blank\" rel=\"nofollow noopener\">tinklara\u0161tyje<\/a>. <\/em><\/h6>\n<p>&nbsp;<\/p>\n","protected":false},"excerpt":{"rendered":"<h6>&#8222;ABC Design Avus 2&#8243; - lengvas, patogus ir komforti\u0161kas ve\u017eim\u0117lis, skirtas naudoti mieste ir bekel\u0117je. Avus 2 ve\u017eim\u0117l\u012f lengva manevruoti d\u0117l pasukam\u0173 priekini\u0173 rat\u0173 ir kompakti\u0161kos konstrukcijos, tod\u0117l jis yra mobilus ir lankstus. Jis idealiai tinka naudoti mieste ir lengvoje bekel\u0117je.<\/h6>\n<h6><\/h6>\n","protected":false},"featured_media":83069,"comment_status":"closed","ping_status":"closed","template":"","meta":{"_acf_changed":false,"om_disable_all_campaigns":false,"_monsterinsights_skip_tracking":false,"_monsterinsights_sitenote_active":false,"_monsterinsights_sitenote_note":"","_monsterinsights_sitenote_category":0,"_uf_show_specific_survey":0,"_uf_disable_surveys":false,"site-sidebar-layout":"default","site-content-layout":"","ast-site-content-layout":"default","site-content-style":"default","site-sidebar-style":"default","ast-global-header-display":"","ast-banner-title-visibility":"","ast-main-header-display":"","ast-hfb-above-header-display":"","ast-hfb-below-header-display":"","ast-hfb-mobile-header-display":"","site-post-title":"","ast-breadcrumbs-content":"","ast-featured-img":"","footer-sml-layout":"","theme-transparent-header-meta":"default","adv-header-id-meta":"","stick-header-meta":"","header-above-stick-meta":"","header-main-stick-meta":"","header-below-stick-meta":"","astra-migrate-meta-layouts":"set","ast-page-background-enabled":"default","ast-page-background-meta":{"desktop":{"background-color":"var(--ast-global-color-4)","background-image":"","background-repeat":"repeat","background-position":"center center","background-size":"auto","background-attachment":"scroll","background-type":"","background-media":"","overlay-type":"","overlay-color":"","overlay-opacity":"","overlay-gradient":""},"tablet":{"background-color":"","background-image":"","background-repeat":"repeat","background-position":"center center","background-size":"auto","background-attachment":"scroll","background-type":"","background-media":"","overlay-type":"","overlay-color":"","overlay-opacity":"","overlay-gradient":""},"mobile":{"background-color":"","background-image":"","background-repeat":"repeat","background-position":"center center","background-size":"auto","background-attachment":"scroll","background-type":"","background-media":"","overlay-type":"","overlay-color":"","overlay-opacity":"","overlay-gradient":""}},"ast-content-background-meta":{"desktop":{"background-color":"var(--ast-global-color-5)","background-image":"","background-repeat":"repeat","background-position":"center center","background-size":"auto","background-attachment":"scroll","background-type":"","background-media":"","overlay-type":"","overlay-color":"","overlay-opacity":"","overlay-gradient":""},"tablet":{"background-color":"var(--ast-global-color-5)","background-image":"","background-repeat":"repeat","background-position":"center center","background-size":"auto","background-attachment":"scroll","background-type":"","background-media":"","overlay-type":"","overlay-color":"","overlay-opacity":"","overlay-gradient":""},"mobile":{"background-color":"var(--ast-global-color-5)","background-image":"","background-repeat":"repeat","background-position":"center center","background-size":"auto","background-attachment":"scroll","background-type":"","background-media":"","overlay-type":"","overlay-color":"","overlay-opacity":"","overlay-gradient":""}}},"product_brand":[],"product_cat":[525,556,390],"product_tag":[],"class_list":{"0":"post-53920","1":"product","2":"type-product","3":"status-publish","4":"has-post-thumbnail","6":"product_cat-abc-dizainas","7":"product_cat-vezimeliai-lt","8":"product_cat-cisternos","9":"desktop-align-left","10":"tablet-align-left","11":"mobile-align-left","13":"first","14":"instock","15":"sale","16":"taxable","17":"shipping-taxable","18":"purchasable","19":"product-type-variable"},"acf":[],"aioseo_notices":[],"_links":{"self":[{"href":"https:\/\/hummy.ee\/lt\/wp-json\/wp\/v2\/product\/53920","targetHints":{"allow":["GET"]}}],"collection":[{"href":"https:\/\/hummy.ee\/lt\/wp-json\/wp\/v2\/product"}],"about":[{"href":"https:\/\/hummy.ee\/lt\/wp-json\/wp\/v2\/types\/product"}],"replies":[{"embeddable":true,"href":"https:\/\/hummy.ee\/lt\/wp-json\/wp\/v2\/comments?post=53920"}],"version-history":[{"count":8,"href":"https:\/\/hummy.ee\/lt\/wp-json\/wp\/v2\/product\/53920\/revisions"}],"predecessor-version":[{"id":82999,"href":"https:\/\/hummy.ee\/lt\/wp-json\/wp\/v2\/product\/53920\/revisions\/82999"}],"wp:featuredmedia":[{"embeddable":true,"href":"https:\/\/hummy.ee\/lt\/wp-json\/wp\/v2\/media\/83069"}],"wp:attachment":[{"href":"https:\/\/hummy.ee\/lt\/wp-json\/wp\/v2\/media?parent=53920"}],"wp:term":[{"taxonomy":"product_brand","embeddable":true,"href":"https:\/\/hummy.ee\/lt\/wp-json\/wp\/v2\/product_brand?post=53920"},{"taxonomy":"product_cat","embeddable":true,"href":"https:\/\/hummy.ee\/lt\/wp-json\/wp\/v2\/product_cat?post=53920"},{"taxonomy":"product_tag","embeddable":true,"href":"https:\/\/hummy.ee\/lt\/wp-json\/wp\/v2\/product_tag?post=53920"}],"curies":[{"name":"wp","href":"https:\/\/api.w.org\/{rel}","templated":true}]}}