{"id":53864,"date":"2024-10-01T11:26:20","date_gmt":"2024-10-01T11:26:20","guid":{"rendered":"https:\/\/hummy.ee\/product\/abc-design-ping-3-travel-lengvasis-vezimelis\/"},"modified":"2026-02-20T19:22:38","modified_gmt":"2026-02-20T19:22:38","slug":"abc-design-ping-3-travel-lengvasis-vezimelis","status":"publish","type":"product","link":"https:\/\/hummy.ee\/lt\/produktas\/abc-design-ping-3-travel-lengvasis-vezimelis\/","title":{"rendered":"ABC Design &#8222;Ping 3 Travel\" lengvasis ve\u017eim\u0117lis"},"content":{"rendered":"<h6><strong><em>Rinkin\u012f sudaro:<\/em><\/strong><\/h6>\n<ul>\n<li data-start=\"613\" data-end=\"681\">\n<h6>S\u0117dimoji vieta<\/h6>\n<\/li>\n<li data-start=\"613\" data-end=\"681\">\n<h6>Turf<\/h6>\n<\/li>\n<li data-start=\"613\" data-end=\"681\">\n<h6>UPF 50+ apsauga nuo saul\u0117s<\/h6>\n<\/li>\n<li data-start=\"613\" data-end=\"681\">\n<h6>Transportavimo krep\u0161ys<\/h6>\n<\/li>\n<\/ul>\n<h6>Lengv\u0105 &#8222;Ping 3 Travel\" ve\u017eim\u0117l\u012f itin lengva valdyti - j\u012f galima valdyti, sulankstyti ir i\u0161skleisti tik viena ranka. Tai puikus palydovas tiek kasdien\u0117ms pasivaik\u0161\u010diojimams, tiek ilgesn\u0117ms kelion\u0117ms.<\/h6>\n<h6><\/h6>\n<h6>Vaiko patogumas yra svarbiausia - pamink\u0161tinta s\u0117dyn\u0117 reguliuojasi iki visi\u0161ko atsilenkimo, tod\u0117l net ir keliaujant galima patogiai miegoti. Didelis UPF 50+ apsauginis skydelis nuo saul\u0117s apsaugo j\u016bs\u0173 vaiko od\u0105 nuo kenksming\u0173 spinduli\u0173 ir u\u017etikrina saugi\u0105 bei jauki\u0105 aplink\u0105. D\u0117l madingo dizaino ir stiling\u0173 ratuk\u0173 \u0161i k\u0117dut\u0117 yra ne tik prakti\u0161ka, bet ir ak\u012f traukiantis aksesuaras.<\/h6>\n<p>&nbsp;<\/p>\n<h6><strong><em>Pagrindin\u0117s savyb\u0117s:<\/em><\/strong><\/h6>\n<ul>\n<li data-start=\"1295\" data-end=\"1861\">\n<h6>Galima atidaryti ir sulankstyti viena ranka<\/h6>\n<\/li>\n<li data-start=\"1295\" data-end=\"1861\">\n<h6>Kompakti\u0161kas ir rankinio krep\u0161io dyd\u017eio<\/h6>\n<\/li>\n<li data-start=\"1295\" data-end=\"1861\">\n<h6>Nuimami ratai ir apsauginis strypas<\/h6>\n<\/li>\n<li data-start=\"1295\" data-end=\"1861\">\n<h6>Ilgas UPF 50+ sk\u0117tis nuo saul\u0117s<\/h6>\n<\/li>\n<li data-start=\"1295\" data-end=\"1861\">\n<h6>Vandeniui atspari med\u017eiaga ir stov\u0117jimo stabdis<\/h6>\n<\/li>\n<li data-start=\"1295\" data-end=\"1861\">\n<h6>Vis\u0173 keturi\u0173 rat\u0173 pakaba<\/h6>\n<\/li>\n<li data-start=\"1295\" data-end=\"1861\">\n<h6>Pasukami priekiniai ratai geresniam manevringumui u\u017etikrinti<\/h6>\n<\/li>\n<li data-start=\"1295\" data-end=\"1861\">\n<h6>Transportavimo u\u017eraktas ir EVA put\u0173 ratai<\/h6>\n<\/li>\n<li data-start=\"1295\" data-end=\"1861\">\n<h6>Reguliuojamas nugaros atlo\u0161as ir koj\u0173 atrama - visi\u0161kai atsilenkiama pad\u0117tis<\/h6>\n<\/li>\n<li data-start=\"1295\" data-end=\"1861\">\n<h6>&#8222;HappyBelt\" 5 ta\u0161k\u0173 saugos dir\u017eai, u\u017etikrinantys vaiko saugum\u0105<\/h6>\n<\/li>\n<li data-start=\"1295\" data-end=\"1861\">\n<h6>Sulankstytas stovi vertikaliai - lengva laikyti<\/h6>\n<\/li>\n<li data-start=\"1295\" data-end=\"1861\">\n<h6>Suderinamas su \u012fvairiais apsauginiais lop\u0161iais<\/h6>\n<\/li>\n<\/ul>\n<h6><strong><em>Techniniai duomenys:<\/em><\/strong><\/h6>\n<ul>\n<li data-start=\"1892\" data-end=\"2369\">\n<h6>Am\u017eius: nuo gimimo<\/h6>\n<\/li>\n<li data-start=\"1892\" data-end=\"2369\">\n<h6>Did\u017eiausia keliamoji galia: iki 22 kg<\/h6>\n<\/li>\n<li data-start=\"1892\" data-end=\"2369\">\n<h6>I\u0161matavimai atidarius (ilgis x plotis): 81,5 x 48,5 cm<\/h6>\n<\/li>\n<li data-start=\"1892\" data-end=\"2369\">\n<h6>St\u016bmimo rankenos auk\u0161tis: 106 cm<\/h6>\n<\/li>\n<li data-start=\"1892\" data-end=\"2369\">\n<h6>Sulankstyt\u0173 gamini\u0173 matmenys (ilgis x plotis x auk\u0161tis): 57 x 48,5 x 26 cm<\/h6>\n<\/li>\n<li data-start=\"1892\" data-end=\"2369\">\n<h6>S\u0117dyn\u0117s matmenys (P x D): 21 x 34 cm<\/h6>\n<\/li>\n<li data-start=\"1892\" data-end=\"2369\">\n<h6>Atlo\u0161o matmenys (D x V): 34 x 44 cm<\/h6>\n<\/li>\n<li data-start=\"1892\" data-end=\"2369\">\n<h6>Priekinio rato dydis: 15,5 cm<\/h6>\n<\/li>\n<li data-start=\"1892\" data-end=\"2369\">\n<h6>Galinio rato dydis: 15,5 cm<\/h6>\n<\/li>\n<li data-start=\"1892\" data-end=\"2369\">\n<h6>Gaminio svoris: 7,1 kg<\/h6>\n<\/li>\n<li data-start=\"1892\" data-end=\"2369\">\n<h6>Rankinio baga\u017eo matmenys: 56 x 43,5 x 22 cm<\/h6>\n<\/li>\n<\/ul>\n<h6><strong><em>I\u0161manioji kelioni\u0173 sistema<\/em><\/strong><\/h6>\n<h6>Jei norite ve\u017eim\u0117l\u012f naudoti nuo gimimo, galite \u012fsigyti <a href=\"https:\/\/hummy.ee\/lt\/produktas\/abc-design-saugos-lopsio-adapteris\/\" target=\"_blank\" rel=\"noopener\">adapterius ir <\/a> <a href=\"https:\/\/hummy.ee\/lt\/produktas\/abc-design-ping-saugumo-lopsio-nuoroda\/\" target=\"_blank\" rel=\"noopener\">jungiam\u0105j\u0105 jungt\u012f lop\u0161iui pritvirtinti<\/a>. Be to, &#8222;ABC Design\" universalus tvirtinimas leid\u017eia patogiai pritvirtinti \u012fvairius priedus, pavyzd\u017eiui, sauskelni\u0173 krep\u0161\u012f, puodelio laikikl\u012f arba &#8222;ABC Design\" lemp\u0105.<\/h6>\n<p>&nbsp;<\/p>\n<h6><strong><em>Suderinamumas su apsauginiais lop\u0161iais:<\/em><\/strong><\/h6>\n<ul>\n<li>\n<h6><b>ABC Design:<\/b> Tulp\u0117<\/h6>\n<\/li>\n<li>\n<h6><b>&#8222;Maxi-Cosi\":<\/b> &#8222;City\", &#8222;Convertible-Fix\", &#8222;Coral\", &#8222;Pebble\", &#8222;Pebble Plus\", &#8222;Pebble Pro\", &#8222;Pebble 360&#8243;, &#8222;Pebble 360 Pro\", &#8222;Pebble 360 Pro 2&#8243;.<\/h6>\n<\/li>\n<li>\n<h6><b>&#8222;Cybex\":<\/b> &#8222;Aton\", &#8222;Aton 5&#8243;, &#8222;Aton M\", &#8222;Aton M i-size\", &#8222;Aton Q\", &#8222;Aton Q Plus\", &#8222;Aton Q i-size\", &#8222;Cloud T\", &#8222;Cloud Q\", &#8222;Cloud Q Plus\", &#8222;Cloud Z i-size\", &#8222;Cloud Z2 i-size\".<\/h6>\n<\/li>\n<li>\n<h6><b>Joie:<\/b> i-Gemm<\/h6>\n<\/li>\n<li>\n<h6><b>&#8222;BeSafe\": <\/b>&#8222;iZi Go Modular X1 i-Size<\/h6>\n<\/li>\n<li>\n<h6><b>Avionaut:<\/b> Cosmo, Pixel, Pro<\/h6>\n<\/li>\n<\/ul>\n<h6>&#8222;Ping 3 Travel\" yra idealus kelioninis ve\u017eim\u0117lis, kuriame dera kompakti\u0161kumas, patogumas ir stilius.<\/h6>\n<p>&nbsp;<\/p>\n<h6><em>Per\u017ei\u016br\u0117kite \u012fvadin\u012f <a href=\"https:\/\/www.youtube.com\/watch?v=LOMMj-qB0MY\">vaizdo \u012fra\u0161\u0105<\/a> ir su\u017einokite daugiau.<\/em><\/h6>\n<h6><em>Su\u017einokite, kaip i\u0161sirinkti tinkamiausi\u0105 ve\u017eim\u0117l\u012f, m\u016bs\u0173 <a href=\"https:\/\/hummy.ee\/lt\/kaip-pasirinkti-lengva-vezimeli\/\" target=\"_blank\" rel=\"noopener\">tinklara\u0161tyje<\/a>.<\/em><\/h6>\n","protected":false},"excerpt":{"rendered":"<h6 data-start=\"121\" data-end=\"185\">&#8222;ABC Design Ping 3&#8243; kelioninis ve\u017eim\u0117lis - puikus t\u0117v\u0173 kelioni\u0173 palydovas. Keliaujant su ma\u017eyliu reikia tinkamos \u012frangos. Labai svarbu lengvas, kompakti\u0161kas ve\u017eim\u0117lis, kuris b\u016bt\u0173 prakti\u0161kas ir lengvai valdomas. Ping 3 Travel sukurtas aktyviems t\u0117vams, vertinantiems patogum\u0105 ir lankstum\u0105. D\u0117l kompakti\u0161kos sulankstomos konstrukcijos ve\u017eim\u0117lis telpa \u012f rankin\u012f baga\u017e\u0105 ir puikiai tinka ve\u017etis su savimi automobilyje, l\u0117ktuve, autobuse ar traukinyje.<\/h6>\n<p>&nbsp;<\/p>\n","protected":false},"featured_media":40354,"comment_status":"closed","ping_status":"closed","template":"","meta":{"_acf_changed":false,"om_disable_all_campaigns":false,"_monsterinsights_skip_tracking":false,"_monsterinsights_sitenote_active":false,"_monsterinsights_sitenote_note":"","_monsterinsights_sitenote_category":0,"_uf_show_specific_survey":0,"_uf_disable_surveys":false,"site-sidebar-layout":"default","site-content-layout":"","ast-site-content-layout":"default","site-content-style":"default","site-sidebar-style":"default","ast-global-header-display":"","ast-banner-title-visibility":"","ast-main-header-display":"","ast-hfb-above-header-display":"","ast-hfb-below-header-display":"","ast-hfb-mobile-header-display":"","site-post-title":"","ast-breadcrumbs-content":"","ast-featured-img":"","footer-sml-layout":"","theme-transparent-header-meta":"default","adv-header-id-meta":"","stick-header-meta":"","header-above-stick-meta":"","header-main-stick-meta":"","header-below-stick-meta":"","astra-migrate-meta-layouts":"set","ast-page-background-enabled":"default","ast-page-background-meta":{"desktop":{"background-color":"var(--ast-global-color-4)","background-image":"","background-repeat":"repeat","background-position":"center center","background-size":"auto","background-attachment":"scroll","background-type":"","background-media":"","overlay-type":"","overlay-color":"","overlay-opacity":"","overlay-gradient":""},"tablet":{"background-color":"","background-image":"","background-repeat":"repeat","background-position":"center center","background-size":"auto","background-attachment":"scroll","background-type":"","background-media":"","overlay-type":"","overlay-color":"","overlay-opacity":"","overlay-gradient":""},"mobile":{"background-color":"","background-image":"","background-repeat":"repeat","background-position":"center center","background-size":"auto","background-attachment":"scroll","background-type":"","background-media":"","overlay-type":"","overlay-color":"","overlay-opacity":"","overlay-gradient":""}},"ast-content-background-meta":{"desktop":{"background-color":"var(--ast-global-color-5)","background-image":"","background-repeat":"repeat","background-position":"center center","background-size":"auto","background-attachment":"scroll","background-type":"","background-media":"","overlay-type":"","overlay-color":"","overlay-opacity":"","overlay-gradient":""},"tablet":{"background-color":"var(--ast-global-color-5)","background-image":"","background-repeat":"repeat","background-position":"center center","background-size":"auto","background-attachment":"scroll","background-type":"","background-media":"","overlay-type":"","overlay-color":"","overlay-opacity":"","overlay-gradient":""},"mobile":{"background-color":"var(--ast-global-color-5)","background-image":"","background-repeat":"repeat","background-position":"center center","background-size":"auto","background-attachment":"scroll","background-type":"","background-media":"","overlay-type":"","overlay-color":"","overlay-opacity":"","overlay-gradient":""}}},"product_brand":[],"product_cat":[525,389,390],"product_tag":[],"class_list":{"0":"post-53864","1":"product","2":"type-product","3":"status-publish","4":"has-post-thumbnail","6":"product_cat-abc-dizainas","7":"product_cat-vezimeliai","8":"product_cat-cisternos","9":"desktop-align-left","10":"tablet-align-left","11":"mobile-align-left","13":"first","14":"instock","15":"sale","16":"taxable","17":"shipping-taxable","18":"purchasable","19":"product-type-variable"},"acf":[],"aioseo_notices":[],"_links":{"self":[{"href":"https:\/\/hummy.ee\/lt\/wp-json\/wp\/v2\/product\/53864","targetHints":{"allow":["GET"]}}],"collection":[{"href":"https:\/\/hummy.ee\/lt\/wp-json\/wp\/v2\/product"}],"about":[{"href":"https:\/\/hummy.ee\/lt\/wp-json\/wp\/v2\/types\/product"}],"replies":[{"embeddable":true,"href":"https:\/\/hummy.ee\/lt\/wp-json\/wp\/v2\/comments?post=53864"}],"version-history":[{"count":9,"href":"https:\/\/hummy.ee\/lt\/wp-json\/wp\/v2\/product\/53864\/revisions"}],"predecessor-version":[{"id":83119,"href":"https:\/\/hummy.ee\/lt\/wp-json\/wp\/v2\/product\/53864\/revisions\/83119"}],"wp:featuredmedia":[{"embeddable":true,"href":"https:\/\/hummy.ee\/lt\/wp-json\/wp\/v2\/media\/40354"}],"wp:attachment":[{"href":"https:\/\/hummy.ee\/lt\/wp-json\/wp\/v2\/media?parent=53864"}],"wp:term":[{"taxonomy":"product_brand","embeddable":true,"href":"https:\/\/hummy.ee\/lt\/wp-json\/wp\/v2\/product_brand?post=53864"},{"taxonomy":"product_cat","embeddable":true,"href":"https:\/\/hummy.ee\/lt\/wp-json\/wp\/v2\/product_cat?post=53864"},{"taxonomy":"product_tag","embeddable":true,"href":"https:\/\/hummy.ee\/lt\/wp-json\/wp\/v2\/product_tag?post=53864"}],"curies":[{"name":"wp","href":"https:\/\/api.w.org\/{rel}","templated":true}]}}