{"id":53856,"date":"2024-09-25T20:21:02","date_gmt":"2024-09-25T20:21:02","guid":{"rendered":"https:\/\/hummy.ee\/product\/abc-design-salsa-5-air-umbra-rinkinys\/"},"modified":"2025-12-28T13:40:27","modified_gmt":"2025-12-28T13:40:27","slug":"abc-design-salsa-5-air-umbra-rinkinys","status":"publish","type":"product","link":"https:\/\/hummy.ee\/lt\/produktas\/abc-design-salsa-5-air-umbra-rinkinys\/","title":{"rendered":"&#8222;ABC Design Salsa 5 Air Umbra\" rinkinys"},"content":{"rendered":"<h6><strong><em>Rinkin\u012f sudaro:<\/em><\/strong><\/h6>\n<ul data-spread=\"false\">\n<li>\n<h6>Lop\u0161ys - erdvus ir patogus pirmaisiais k\u016bdikio gyvenimo m\u0117nesiais<\/h6>\n<\/li>\n<li>\n<h6>S\u0117dimoji dalis - taip pat yra 2 skirting\u0173 spalv\u0173 s\u0117dyni\u0173 pagalv\u0117li\u0173 komplektai<\/h6>\n<\/li>\n<li>\n<h6>Organizatoriaus krep\u0161ys - svarbiausi priedai visada po ranka<\/h6>\n<\/li>\n<li>\n<h6>&#8222;UUS CozyCloud\u00ae\" \u010diu\u017einys - ergonomi\u0161kas ir pralaidus orui<\/h6>\n<\/li>\n<li>\n<h6>\u017dieminis termo krep\u0161ys - kad b\u016bt\u0173 \u0161ilta \u0161altesniais m\u0117nesiais<\/h6>\n<\/li>\n<li>\n<h6>&#8222;Urban\" sauskelni\u0173 krep\u0161ys - madingas ir prakti\u0161kas kasdieniams poreikiams<\/h6>\n<\/li>\n<\/ul>\n<h6><\/h6>\n<h6><strong><em>Did\u017eiausias komfortas ir paprastas naudojimas<\/em><\/strong><\/h6>\n<ul data-spread=\"false\">\n<li>\n<h6>Reguliuojama st\u016bmimo rankena - patogu \u012fvairaus \u016bgio t\u0117vams<\/h6>\n<\/li>\n<li>\n<h6>Galimyb\u0117 pritvirtinti apsaugin\u012f lop\u0161\u012f - greitas ir paprastas pritvirtinimas naudojant adapterius<\/h6>\n<\/li>\n<li>\n<h6>Universal\u016bs tvirtinimo ta\u0161kai, skirti saugiai pritvirtinti priedus, pvz., <a href=\"https:\/\/hummy.ee\/lt\/produktas\/abc-design-topsihoidja\/\" target=\"_blank\" rel=\"noopener\">puodelio laikikl\u012f ar<\/a> <a href=\"https:\/\/hummy.ee\/lt\/produktas\/abc-design-lempa\/\" target=\"_blank\" rel=\"noopener\">lemp\u0105.<\/a><\/h6>\n<\/li>\n<\/ul>\n<h6><\/h6>\n<h6><strong><em>Ergonomi\u0161kas ir saugus dizainas<\/em><\/strong><\/h6>\n<ul data-spread=\"false\">\n<li>\n<h6>Dvi atskiros atidaromos ventiliacijos angos - optimaliai oro cirkuliacijai<\/h6>\n<\/li>\n<li>\n<h6>Ergonomi\u0161kas &#8222;CozyCloud\u00ae\" \u010diu\u017einys - plei\u0161to formos ties galvute, kad k\u016bdikio galva b\u016bt\u0173 pakelta.<\/h6>\n<\/li>\n<li>\n<h6>Put\u0173 \u010diu\u017einio ventiliacijos angos - u\u017etikrina geresn\u0119 ventiliacij\u0105<\/h6>\n<\/li>\n<li>\n<h6>Mink\u0161ti apsauginiai kra\u0161tai - neleid\u017eia vaiko galvai liestis prie ventiliacijos langelio.<\/h6>\n<\/li>\n<li>\n<h6>Sulankstomas lop\u0161ys - lengva laikyti ir transportuoti<\/h6>\n<\/li>\n<\/ul>\n<h6><\/h6>\n<h6><strong><em>Stilingas &#8222;Umbra\" dizainas - prabanga ir komfortas kartu<\/em><\/strong><\/h6>\n<ul data-spread=\"false\">\n<li>\n<h6>I\u0161skirtinis stilius su matiniu juodu r\u0117mu ir burgundi\u0161kai raudonu audiniu<\/h6>\n<\/li>\n<li>\n<h6>Mink\u0161ta, patvari ir prabangi vegani\u0161kos odos st\u016bmimo ir apsaugin\u0117 rankena<\/h6>\n<\/li>\n<li>\n<h6>&#8222;Vanoise\" s\u0117dyn\u0117 ir lop\u0161io vidus sukuria raminan\u010di\u0105 atmosfer\u0105.<\/h6>\n<\/li>\n<li>\n<h6>Kei\u010diami s\u0117dyni\u0173 u\u017evalkalai (2 vnt.) - kurkite pagal savo pageidavimus.<\/h6>\n<\/li>\n<\/ul>\n<h6><\/h6>\n<h6><strong><em>Ypatingas komfortas visais met\u0173 laikais<\/em><\/strong><\/h6>\n<ul data-spread=\"false\">\n<li>\n<h6><a href=\"https:\/\/hummy.ee\/lt\/produktas\/abc-design-ziemos-terminis-krepsys\/\" target=\"_blank\" rel=\"noopener\">\u017dieminiai miegmai\u0161iai -<\/a> dizainas su priekiniu atvartu, kad k\u016bdikiui b\u016bt\u0173 \u0161ilta ir saugu.<\/h6>\n<\/li>\n<li>\n<h6><a href=\"https:\/\/hummy.ee\/lt\/produktas\/abc-design-miesto-vystyklu-krepsys\/\">&#8222;Urban\" sauskelni\u0173 krep\u0161ys -<\/a> i\u0161man\u016bs sprendimai, kuriuos patogu ne\u0161ioti ant rankos ar peties<\/h6>\n<\/li>\n<li>\n<h6>Didelis pirkini\u0173 krep\u0161ys - telpa iki 5 kg b\u016btiniausi\u0173 daikt\u0173<\/h6>\n<\/li>\n<\/ul>\n<h6><\/h6>\n<h6><strong><em>Lengva naudoti ir kompakti\u0161kas dizainas<\/em><\/strong><\/h6>\n<h6>&#8222;Salsa 5 Air\" ve\u017eim\u0117lio komplektas puikiai tinka \u012fvairaus \u016bgio t\u0117vams - ve\u017eim\u0117lio auk\u0161t\u012f galima reguliuoti, kad rastum\u0117te tinkam\u0105 pad\u0117t\u012f. D\u0117l kompakti\u0161ko sulankstymo mechanizmo ve\u017eim\u0117l\u012f galima greitai ir lengvai sulankstyti, net kai s\u0117dyn\u0117 pritvirtinta prie r\u0117mo.<\/h6>\n<p>&nbsp;<\/p>\n<h6><\/h6>\n<h6><strong><em>Techniniai duomenys<\/em><\/strong><\/h6>\n<ul data-spread=\"false\">\n<li>\n<h6>Am\u017eius: nuo gimimo iki 22 kg<\/h6>\n<\/li>\n<li>\n<h6>Naudojimo sritys: asfaltas, grindinio trinkel\u0117s, \u017evyrkeliai, mi\u0161ko keliai<\/h6>\n<\/li>\n<li>\n<h6>Bendra keliamoji galia: 27 kg<\/h6>\n<\/li>\n<li>\n<h6>Auk\u0161tis atidarius: 95,5 x 63,0 x 118,0 cm<\/h6>\n<\/li>\n<li>\n<h6>Sulankstytas: 86,0 x 63,0 x 42,0 cm<\/h6>\n<\/li>\n<li>\n<h6>R\u0117mo svoris: 10,1 kg, s\u0117dyn\u0117s: 4,8 kg<\/h6>\n<\/li>\n<li>\n<h6>Priekinio rato dydis: 24,5 cm, galinio rato dydis: 27,5 cm<\/h6>\n<\/li>\n<li>\n<h6>Reguliuojamas rankenos auk\u0161tis: 98,0-107,5 cm<\/h6>\n<\/li>\n<\/ul>\n<h6><\/h6>\n<h6><strong><em>Suderinamumas su apsauginiais lop\u0161iais:<\/em><\/strong><\/h6>\n<h6>&#8222;Salsa 5 Air\" suderinama su \u0161iomis automobilin\u0117mis k\u0117dut\u0117mis, tod\u0117l j\u016bs\u0173 vaikui bus saugu ir patogu va\u017eiuoti:<\/h6>\n<ul>\n<li>\n<h6>ABC Design: Tulp\u0117<\/h6>\n<\/li>\n<li>\n<h6>&#8222;Maxi-Cosi\": &#8222;City\", &#8222;Convertible-Fix\", &#8222;Coral\", &#8222;Pebble\", &#8222;Pebble Plus\", &#8222;Pebble Pro\", &#8222;Pebble 360&#8243;, &#8222;Pebble 360 Pro\", &#8222;Pebble 360 Pro 2&#8243;.<\/h6>\n<\/li>\n<li>\n<h6>&#8222;Cybex\": &#8222;Aton\", &#8222;Aton 5&#8243;, &#8222;Aton M\", &#8222;Aton M i-size\", &#8222;Aton Q\", &#8222;Aton Q Plus\", &#8222;Aton Q i-size\", &#8222;Cloud T\", &#8222;Cloud Q\", &#8222;Cloud Q Plus\", &#8222;Cloud Z i-size\", &#8222;Cloud Z2 i-size\".<\/h6>\n<\/li>\n<li>\n<h6>Joie: i-Gemm<\/h6>\n<\/li>\n<li>\n<h6>&#8222;BeSafe\": &#8222;iZi Go Modular X1 i-Size<\/h6>\n<\/li>\n<li>\n<h6>Avionaut: &#8222;Cosmo\", &#8222;Pixel\", &#8222;Pro<\/h6>\n<\/li>\n<li>\n<h6>&#8222;Nuna\": Pipa Next i-Size, ARRA Next<\/h6>\n<\/li>\n<\/ul>\n<h6><\/h6>\n<h6><strong><em>Kod\u0117l verta rinktis &#8222;Salsa 5 Air\" ve\u017eim\u0117li\u0173 komplekt\u0105?<\/em><\/strong><\/h6>\n<h6>&#8222;Salsa 5 Air\" yra puikus kompanionas mieste ir bekel\u0117je. Auk\u0161tos kokyb\u0117s dizainas, pneumatiniai ratai ir reguliuojamas atlo\u0161as kiekvien\u0105 pasivaik\u0161\u010diojim\u0105 paver\u010dia skland\u017eiu ir maloniu. Pilnas ve\u017eim\u0117lio komplektas u\u017etikrina, kad tur\u0117site visk\u0105, ko reikia vaiko patogumui ir saugumui u\u017etikrinti.<\/h6>\n<p>&nbsp;<\/p>\n<h6><\/h6>\n<h6><strong><em>Komfortas ir saugumas nuo pat pirmos dienos<\/em><\/strong><\/h6>\n<h6>&#8222;Salsa 5 Air\" lop\u0161ys u\u017etikrina maksimal\u0173 komfort\u0105 ir saugum\u0105 j\u016bs\u0173 k\u016bdikiui. Ergonomi\u0161kas CozyCloud\u00ae \u010diu\u017einys su kv\u0117puojan\u010dia med\u017eiaga padeda i\u0161laikyti ideali\u0105 miego pad\u0117t\u012f. Du atskiri v\u0117dinimo langeliai u\u017etikrina optimali\u0105 oro cirkuliacij\u0105, o lop\u0161\u012f galima lengvai sulankstyti, kad sutaupytum\u0117te vietos.<\/h6>\n<p>&nbsp;<\/p>\n<h6>Vaikui augant lop\u0161\u012f galima pakeisti s\u0117dim\u0105ja dalimi, kuri visi\u0161kai prisitaiko prie vaiko poreiki\u0173. Reguliuojamas atlo\u0161as leid\u017eia pasirinkti keturis skirtingus pasvirimus, \u012fskaitant visi\u0161kai atsilo\u0161usi\u0105 pad\u0117t\u012f. Kv\u0117puojanti s\u0117dyn\u0117s pagalv\u0117l\u0117 ir ventiliacijos langelis atlo\u0161e u\u017etikrina malon\u0173 s\u0117d\u0117jimo klimat\u0105.<\/h6>\n<p>&nbsp;<\/p>\n<h6>&#8222;HappyBelt\u00ae\" 5 ta\u0161k\u0173 saugos dir\u017eai su magnetin\u0117mis sagtimis leid\u017eia lengvai ir saugiai pritvirtinti vaik\u0105. Pamink\u0161tinti petne\u0161\u0117li\u0173 dir\u017eeliai i\u0161lieka savo vietoje, kad k\u016bdikis visada b\u016bt\u0173 patogus ir saugus.<\/h6>\n<h6><\/h6>\n<p>&nbsp;<\/p>\n<h6><em>Per\u017ei\u016br\u0117kite \u012fvadin\u012f <a href=\"https:\/\/www.youtube.com\/watch?v=bgXpSkp35MI\">vaizdo \u012fra\u0161\u0105<\/a> ir su\u017einokite daugiau.<\/em><\/h6>\n<h6 class=\"wp-block-column\"><em>D\u0117l tinkam\u0173 rat\u0173 ve\u017eim\u0117liu naudotis daug patogiau! Daugiau informacijos apie tai, kaip i\u0161sirinkti tinkamiausi\u0105 sprendim\u0105, rasite Hummy <a href=\"https:\/\/hummy.ee\/lt\/koki-vezimeli-su-ratukais-tureciau-pasirinkti\/\" target=\"_blank\" rel=\"nofollow noopener\">tinklara\u0161tyje<\/a>. <\/em><\/h6>\n","protected":false},"excerpt":{"rendered":"<h6 data-pm-slice=\"1 1 []\">&#8222;ABC Design Salsa 5 Air Umbra\" ve\u017eim\u0117li\u0173 rinkinys - puikus ve\u017eim\u0117lis bet kokiam reljefui! Ie\u0161kote ve\u017eim\u0117lio, kuris tikt\u0173 ir miesto gatv\u0117ms, ir nuotykiams gamtoje? Salsa 5 Air yra puikus j\u016bs\u0173 pasirinkimas! Dideli pneumatiniai ratai, auk\u0161tos kokyb\u0117s rutuliniai guoliai ir integruota pakaba u\u017etikrina maksimal\u0173 komfort\u0105 ir skland\u0173 va\u017eiavim\u0105 bet kokiu pavir\u0161iumi - tiek lygiu asfaltuotu keliu, tiek mi\u0161ko keliukais.<\/h6>\n","protected":false},"featured_media":37690,"comment_status":"closed","ping_status":"closed","template":"","meta":{"_acf_changed":false,"om_disable_all_campaigns":false,"_monsterinsights_skip_tracking":false,"_monsterinsights_sitenote_active":false,"_monsterinsights_sitenote_note":"","_monsterinsights_sitenote_category":0,"_uf_show_specific_survey":0,"_uf_disable_surveys":false,"site-sidebar-layout":"default","site-content-layout":"","ast-site-content-layout":"default","site-content-style":"default","site-sidebar-style":"default","ast-global-header-display":"","ast-banner-title-visibility":"","ast-main-header-display":"","ast-hfb-above-header-display":"","ast-hfb-below-header-display":"","ast-hfb-mobile-header-display":"","site-post-title":"","ast-breadcrumbs-content":"","ast-featured-img":"","footer-sml-layout":"","theme-transparent-header-meta":"default","adv-header-id-meta":"","stick-header-meta":"","header-above-stick-meta":"","header-main-stick-meta":"","header-below-stick-meta":"","astra-migrate-meta-layouts":"set","ast-page-background-enabled":"default","ast-page-background-meta":{"desktop":{"background-color":"var(--ast-global-color-4)","background-image":"","background-repeat":"repeat","background-position":"center center","background-size":"auto","background-attachment":"scroll","background-type":"","background-media":"","overlay-type":"","overlay-color":"","overlay-opacity":"","overlay-gradient":""},"tablet":{"background-color":"","background-image":"","background-repeat":"repeat","background-position":"center center","background-size":"auto","background-attachment":"scroll","background-type":"","background-media":"","overlay-type":"","overlay-color":"","overlay-opacity":"","overlay-gradient":""},"mobile":{"background-color":"","background-image":"","background-repeat":"repeat","background-position":"center center","background-size":"auto","background-attachment":"scroll","background-type":"","background-media":"","overlay-type":"","overlay-color":"","overlay-opacity":"","overlay-gradient":""}},"ast-content-background-meta":{"desktop":{"background-color":"var(--ast-global-color-5)","background-image":"","background-repeat":"repeat","background-position":"center center","background-size":"auto","background-attachment":"scroll","background-type":"","background-media":"","overlay-type":"","overlay-color":"","overlay-opacity":"","overlay-gradient":""},"tablet":{"background-color":"var(--ast-global-color-5)","background-image":"","background-repeat":"repeat","background-position":"center center","background-size":"auto","background-attachment":"scroll","background-type":"","background-media":"","overlay-type":"","overlay-color":"","overlay-opacity":"","overlay-gradient":""},"mobile":{"background-color":"var(--ast-global-color-5)","background-image":"","background-repeat":"repeat","background-position":"center center","background-size":"auto","background-attachment":"scroll","background-type":"","background-media":"","overlay-type":"","overlay-color":"","overlay-opacity":"","overlay-gradient":""}}},"product_brand":[],"product_cat":[525,390,321],"product_tag":[],"class_list":{"0":"post-53856","1":"product","2":"type-product","3":"status-publish","4":"has-post-thumbnail","6":"product_cat-abc-dizainas","7":"product_cat-cisternos","8":"product_cat-uncategorized-lt","9":"desktop-align-left","10":"tablet-align-left","11":"mobile-align-left","13":"first","14":"instock","15":"taxable","16":"shipping-taxable","17":"purchasable","18":"product-type-simple"},"acf":[],"aioseo_notices":[],"_links":{"self":[{"href":"https:\/\/hummy.ee\/lt\/wp-json\/wp\/v2\/product\/53856","targetHints":{"allow":["GET"]}}],"collection":[{"href":"https:\/\/hummy.ee\/lt\/wp-json\/wp\/v2\/product"}],"about":[{"href":"https:\/\/hummy.ee\/lt\/wp-json\/wp\/v2\/types\/product"}],"replies":[{"embeddable":true,"href":"https:\/\/hummy.ee\/lt\/wp-json\/wp\/v2\/comments?post=53856"}],"version-history":[{"count":7,"href":"https:\/\/hummy.ee\/lt\/wp-json\/wp\/v2\/product\/53856\/revisions"}],"predecessor-version":[{"id":77467,"href":"https:\/\/hummy.ee\/lt\/wp-json\/wp\/v2\/product\/53856\/revisions\/77467"}],"wp:featuredmedia":[{"embeddable":true,"href":"https:\/\/hummy.ee\/lt\/wp-json\/wp\/v2\/media\/37690"}],"wp:attachment":[{"href":"https:\/\/hummy.ee\/lt\/wp-json\/wp\/v2\/media?parent=53856"}],"wp:term":[{"taxonomy":"product_brand","embeddable":true,"href":"https:\/\/hummy.ee\/lt\/wp-json\/wp\/v2\/product_brand?post=53856"},{"taxonomy":"product_cat","embeddable":true,"href":"https:\/\/hummy.ee\/lt\/wp-json\/wp\/v2\/product_cat?post=53856"},{"taxonomy":"product_tag","embeddable":true,"href":"https:\/\/hummy.ee\/lt\/wp-json\/wp\/v2\/product_tag?post=53856"}],"curies":[{"name":"wp","href":"https:\/\/api.w.org\/{rel}","templated":true}]}}