{"id":53838,"date":"2024-10-01T11:54:26","date_gmt":"2024-10-01T11:54:26","guid":{"rendered":"https:\/\/hummy.ee\/product\/abc-design-avus-2-air-vezimelis\/"},"modified":"2025-10-31T12:45:02","modified_gmt":"2025-10-31T12:45:02","slug":"abc-design-avus-2-air-vezimelis","status":"publish","type":"product","link":"https:\/\/hummy.ee\/lt\/produktas\/abc-design-avus-2-air-vezimelis\/","title":{"rendered":"ABC Design Avus 2 Air ve\u017eim\u0117lis"},"content":{"rendered":"<h6 data-start=\"508\" data-end=\"538\"><strong><em>Rinkin\u012f sudaro:<\/em><\/strong><\/h6>\n<ul data-start=\"539\" data-end=\"590\">\n<li data-start=\"539\" data-end=\"553\">\n<h6>S\u0117dimoji vieta<\/h6>\n<\/li>\n<li data-start=\"554\" data-end=\"567\">\n<h6>Turf<\/h6>\n<\/li>\n<li data-start=\"568\" data-end=\"590\">\n<h6>&#8222;Kaarvari\" (UPF 50+)<\/h6>\n<\/li>\n<\/ul>\n<h6 data-start=\"592\" data-end=\"643\"><strong><em>Did\u017eiausias komfortas ir lengvas valdymas<\/em><\/strong><\/h6>\n<h6 data-start=\"644\" data-end=\"937\">Pasukami priekiniai ratai palengvina manevravim\u0105 net ir siaurose gatv\u0117se. Be to, atlo\u0161as ir kojy\u010di\u0173 atrama yra visi\u0161kai reguliuojami, tod\u0117l j\u016bs\u0173 ma\u017eylis gal\u0117s m\u0117gautis va\u017eiavimu tiek s\u0117d\u0117damas, tiek gul\u0117damas. <\/h6>\n<h6 data-start=\"939\" data-end=\"1255\">T\u0117vams &#8222;Avus 2 Air\" ve\u017eim\u0117lis yra itin prakti\u0161kas - stov\u0117jimo stabdys yra tiesiai ant galinio rato, tod\u0117l lieka daugiau vietos kojoms ir pasivaik\u0161\u010diojimai tampa patogesni. Ve\u017eim\u0117l\u012f galima greitai ir lengvai surinkti - pasl\u0117pta rankena leid\u017eia j\u012f sulankstyti tik viena ranka. D\u0117l kompakti\u0161kos konstrukcijos j\u012f lengva sutalpinti automobilyje ar sand\u0117liuke.  <\/h6>\n<p>&nbsp;<\/p>\n<h6 data-start=\"1257\" data-end=\"1307\"><strong><em>Kelioni\u0173 sistema ir i\u0161manieji priedai<\/em><\/strong><\/h6>\n<h6 data-start=\"1308\" data-end=\"1588\">Naudojant lop\u0161io adapterius &#8222;Avus 2 Air\" ve\u017eim\u0117l\u012f galima paversti kelionine sistema, tinkama naudoti nuo gimimo. D\u0117l universali\u0173 &#8222;ABC Design\" pried\u0173 lengva prid\u0117ti pried\u0173, pavyzd\u017eiui, sauskelni\u0173 krep\u0161\u012f, puodelio laikikl\u012f ar lemp\u0105, tod\u0117l kasdienis gyvenimas tampa dar patogesnis. <\/h6>\n<p>&nbsp;<\/p>\n<h6 data-start=\"1590\" data-end=\"1628\"><strong><em>Pagrindin\u0117s savyb\u0117s ir privalumai:<\/em><\/strong><\/h6>\n<ul>\n<li data-start=\"1629\" data-end=\"2044\">\n<h6>Pakaba su didel\u0117mis pneumatin\u0117mis spyruokl\u0117mis<\/h6>\n<\/li>\n<li data-start=\"1629\" data-end=\"2044\">\n<h6>Sulankstymo viena ranka mechanizmas - greitas ir paprastas sand\u0117liavimas<\/h6>\n<\/li>\n<li data-start=\"1629\" data-end=\"2044\">\n<h6>I\u0161traukiamas rank\u0173 skydelis (UPF 50+) - apsaugo vaik\u0105 nuo saul\u0117s ir v\u0117jo.<\/h6>\n<\/li>\n<li data-start=\"1629\" data-end=\"2044\">\n<h6>Reguliuojamas atlo\u0161as ir atram\u0117l\u0117 kojoms - kad vaikui b\u016bt\u0173 patogu bet kokioje pad\u0117tyje<\/h6>\n<\/li>\n<li data-start=\"1629\" data-end=\"2044\">\n<h6>Suderinamumas su saugumo sritimi - konvertuojamas keliauti nuo gimimo<\/h6>\n<\/li>\n<li data-start=\"1629\" data-end=\"2044\">\n<h6>Vandeniui atsparus audinys - patvarus ir lengvai pri\u017ei\u016brimas<\/h6>\n<\/li>\n<\/ul>\n<h6><\/h6>\n<h6 data-start=\"2046\" data-end=\"2074\"><strong><em>Techniniai duomenys:<\/em><\/strong><\/h6>\n<ul data-start=\"2075\" data-end=\"2482\">\n<li data-start=\"2075\" data-end=\"2115\">\n<h6>Tinkamas am\u017eius: nuo gimimo<\/h6>\n<\/li>\n<li data-start=\"2116\" data-end=\"2146\">\n<h6>Bendra keliamoji galia: 27 kg<\/h6>\n<\/li>\n<li data-start=\"2147\" data-end=\"2189\">\n<h6>Did\u017eiausias vaiko svoris: iki 22 kg<\/h6>\n<\/li>\n<li data-start=\"2190\" data-end=\"2235\">\n<h6>Didelis krep\u0161ys: iki 5 kg talpa<\/h6>\n<\/li>\n<li data-start=\"2236\" data-end=\"2279\">\n<h6>I\u0161matavimai atidarius (P x D): 80 x 54 cm<\/h6>\n<\/li>\n<li data-start=\"2280\" data-end=\"2322\">\n<h6>St\u016bmiklio auk\u0161tis: 76,5 - 108,5 cm<\/h6>\n<\/li>\n<li data-start=\"2323\" data-end=\"2384\">\n<h6>Sulankstyto \u012frenginio matmenys (ilgis x plotis x auk\u0161tis): 69 x 55,5 x 28,5 cm<\/h6>\n<\/li>\n<li data-start=\"2385\" data-end=\"2419\">\n<h6>Priekinio rato dydis: 19,5 cm<\/h6>\n<\/li>\n<li data-start=\"2420\" data-end=\"2455\">\n<h6>Galinio rato dydis: 26,5 cm<\/h6>\n<\/li>\n<li data-start=\"2456\" data-end=\"2482\">\n<h6>Gaminio svoris: 9,3 kg<\/h6>\n<\/li>\n<\/ul>\n<h6 data-start=\"2484\" data-end=\"2519\"><strong><em>Suderinamumas su apsauginiais lop\u0161iais:<\/em><\/strong><\/h6>\n<h6 data-start=\"2520\" data-end=\"2567\">&#8222;Avus 2 Air\" suderinamas su \u0161iais lop\u0161iais:<\/h6>\n<ul>\n<li>\n<h6><b>ABC Design:<\/b> Tulp\u0117<\/h6>\n<\/li>\n<li>\n<h6><b>&#8222;Maxi-Cosi\":<\/b> &#8222;City\", &#8222;Convertible-Fix\", &#8222;Coral\", &#8222;Pebble\", &#8222;Pebble Plus\", &#8222;Pebble Pro\", &#8222;Pebble 360&#8243;, &#8222;Pebble 360 Pro\", &#8222;Pebble 360 Pro 2&#8243;.<\/h6>\n<\/li>\n<li>\n<h6><b>&#8222;Cybex\":<\/b> &#8222;Aton\", &#8222;Aton 5&#8243;, &#8222;Aton M\", &#8222;Aton M i-size\", &#8222;Aton Q\", &#8222;Aton Q Plus\", &#8222;Aton Q i-size\", &#8222;Cloud T\", &#8222;Cloud Q\", &#8222;Cloud Q Plus\", &#8222;Cloud Z i-size\", &#8222;Cloud Z2 i-size\".<\/h6>\n<\/li>\n<li>\n<h6><b>Joie:<\/b> i-Gemm<\/h6>\n<\/li>\n<li>\n<h6><b>&#8222;BeSafe\": <\/b>&#8222;iZi Go Modular X1 i-Size<\/h6>\n<\/li>\n<li>\n<h6><b>Avionaut:<\/b> Cosmo, Pixel, Pro<\/h6>\n<\/li>\n<\/ul>\n<h6 data-start=\"2845\" data-end=\"2972\">&#8222;Avus 2 Air\" ve\u017eim\u0117lyje dera stilius, patogumas ir prakti\u0161kumas, tod\u0117l jis idealiai tinka kasdieniam naudojimui mieste ir u\u017emiestyje.<\/h6>\n<p>&nbsp;<\/p>\n<h6><em>Per\u017ei\u016br\u0117kite \u012fvadin\u012f <a href=\"https:\/\/www.youtube.com\/watch?v=2eV_ZwPoM7U\">vaizdo \u012fra\u0161\u0105<\/a> ir su\u017einokite daugiau.<\/em><\/h6>\n<h6 class=\"wp-block-column\"><em>D\u0117l tinkam\u0173 rat\u0173 ve\u017eim\u0117liu naudotis daug patogiau! Daugiau informacijos apie tai, kaip i\u0161sirinkti tinkamiausi\u0105 sprendim\u0105, rasite Hummy <a href=\"https:\/\/hummy.ee\/lt\/koki-vezimeli-su-ratukais-tureciau-pasirinkti\/\" target=\"_blank\" rel=\"nofollow noopener\">tinklara\u0161tyje<\/a>. <\/em><\/h6>\n","protected":false},"excerpt":{"rendered":"<h6 class=\"wp-block-heading\">&#8222;Avus 2 Air\" yra puikus ve\u017eim\u0117lis, tinkamas naudoti mieste ir kaime! &#8222;Avus 2 Air\" yra patvarus ir universalus ve\u017eim\u0117lis su integruota pakaba ir patogiomis pneumatin\u0117mis padangomis. Didel\u0117s priekini\u0173 ir galini\u0173 rat\u0173 pneumatin\u0117s padangos u\u017etikrina skland\u0173 va\u017eiavim\u0105, kad ir koks b\u016bt\u0173 reljefas ar \u017eem\u0117s s\u0105lygos. D\u0117l pasukam\u0173 priekini\u0173 rat\u0173 &#8222;Avus 2 Air\" yra itin manevringas, tod\u0117l juo lengva ir patogu jud\u0117ti siauromis miesto gatv\u0117mis ar nelygiais parko keliais.   <\/h6>\n<h6><\/h6>\n","protected":false},"featured_media":83081,"comment_status":"closed","ping_status":"closed","template":"","meta":{"_acf_changed":false,"om_disable_all_campaigns":false,"_monsterinsights_skip_tracking":false,"_monsterinsights_sitenote_active":false,"_monsterinsights_sitenote_note":"","_monsterinsights_sitenote_category":0,"_uf_show_specific_survey":0,"_uf_disable_surveys":false,"site-sidebar-layout":"default","site-content-layout":"","ast-site-content-layout":"default","site-content-style":"default","site-sidebar-style":"default","ast-global-header-display":"","ast-banner-title-visibility":"","ast-main-header-display":"","ast-hfb-above-header-display":"","ast-hfb-below-header-display":"","ast-hfb-mobile-header-display":"","site-post-title":"","ast-breadcrumbs-content":"","ast-featured-img":"","footer-sml-layout":"","theme-transparent-header-meta":"default","adv-header-id-meta":"","stick-header-meta":"","header-above-stick-meta":"","header-main-stick-meta":"","header-below-stick-meta":"","astra-migrate-meta-layouts":"default","ast-page-background-enabled":"default","ast-page-background-meta":{"desktop":{"background-color":"var(--ast-global-color-4)","background-image":"","background-repeat":"repeat","background-position":"center center","background-size":"auto","background-attachment":"scroll","background-type":"","background-media":"","overlay-type":"","overlay-color":"","overlay-opacity":"","overlay-gradient":""},"tablet":{"background-color":"","background-image":"","background-repeat":"repeat","background-position":"center center","background-size":"auto","background-attachment":"scroll","background-type":"","background-media":"","overlay-type":"","overlay-color":"","overlay-opacity":"","overlay-gradient":""},"mobile":{"background-color":"","background-image":"","background-repeat":"repeat","background-position":"center center","background-size":"auto","background-attachment":"scroll","background-type":"","background-media":"","overlay-type":"","overlay-color":"","overlay-opacity":"","overlay-gradient":""}},"ast-content-background-meta":{"desktop":{"background-color":"var(--ast-global-color-5)","background-image":"","background-repeat":"repeat","background-position":"center center","background-size":"auto","background-attachment":"scroll","background-type":"","background-media":"","overlay-type":"","overlay-color":"","overlay-opacity":"","overlay-gradient":""},"tablet":{"background-color":"var(--ast-global-color-5)","background-image":"","background-repeat":"repeat","background-position":"center center","background-size":"auto","background-attachment":"scroll","background-type":"","background-media":"","overlay-type":"","overlay-color":"","overlay-opacity":"","overlay-gradient":""},"mobile":{"background-color":"var(--ast-global-color-5)","background-image":"","background-repeat":"repeat","background-position":"center center","background-size":"auto","background-attachment":"scroll","background-type":"","background-media":"","overlay-type":"","overlay-color":"","overlay-opacity":"","overlay-gradient":""}}},"product_brand":[],"product_cat":[525,556,390],"product_tag":[],"class_list":{"0":"post-53838","1":"product","2":"type-product","3":"status-publish","4":"has-post-thumbnail","6":"product_cat-abc-dizainas","7":"product_cat-vezimeliai-lt","8":"product_cat-cisternos","9":"desktop-align-left","10":"tablet-align-left","11":"mobile-align-left","13":"first","14":"instock","15":"taxable","16":"shipping-taxable","17":"purchasable","18":"product-type-variable"},"acf":[],"aioseo_notices":[],"_links":{"self":[{"href":"https:\/\/hummy.ee\/lt\/wp-json\/wp\/v2\/product\/53838","targetHints":{"allow":["GET"]}}],"collection":[{"href":"https:\/\/hummy.ee\/lt\/wp-json\/wp\/v2\/product"}],"about":[{"href":"https:\/\/hummy.ee\/lt\/wp-json\/wp\/v2\/types\/product"}],"replies":[{"embeddable":true,"href":"https:\/\/hummy.ee\/lt\/wp-json\/wp\/v2\/comments?post=53838"}],"version-history":[{"count":8,"href":"https:\/\/hummy.ee\/lt\/wp-json\/wp\/v2\/product\/53838\/revisions"}],"predecessor-version":[{"id":71023,"href":"https:\/\/hummy.ee\/lt\/wp-json\/wp\/v2\/product\/53838\/revisions\/71023"}],"wp:featuredmedia":[{"embeddable":true,"href":"https:\/\/hummy.ee\/lt\/wp-json\/wp\/v2\/media\/83081"}],"wp:attachment":[{"href":"https:\/\/hummy.ee\/lt\/wp-json\/wp\/v2\/media?parent=53838"}],"wp:term":[{"taxonomy":"product_brand","embeddable":true,"href":"https:\/\/hummy.ee\/lt\/wp-json\/wp\/v2\/product_brand?post=53838"},{"taxonomy":"product_cat","embeddable":true,"href":"https:\/\/hummy.ee\/lt\/wp-json\/wp\/v2\/product_cat?post=53838"},{"taxonomy":"product_tag","embeddable":true,"href":"https:\/\/hummy.ee\/lt\/wp-json\/wp\/v2\/product_tag?post=53838"}],"curies":[{"name":"wp","href":"https:\/\/api.w.org\/{rel}","templated":true}]}}