{"id":53820,"date":"2024-10-01T11:31:43","date_gmt":"2024-10-01T11:31:43","guid":{"rendered":"https:\/\/hummy.ee\/product\/abc-design-ping-3-trekingo-lengvas-vezimelis\/"},"modified":"2026-01-14T12:17:52","modified_gmt":"2026-01-14T12:17:52","slug":"abc-design-ping-3-trekingo-lengvas-vezimelis","status":"publish","type":"product","link":"https:\/\/hummy.ee\/lt\/produktas\/abc-design-ping-3-trekingo-lengvas-vezimelis\/","title":{"rendered":"ABC Design Ping 3 Trekingo lengvas ve\u017eim\u0117lis"},"content":{"rendered":"<h6><strong><em>Sklandus ir saugus va\u017eiavimas bet kokiu reljefu<\/em><\/strong><\/h6>\n<h6>Nesvarbu, ar keliaujate perpildytomis miesto gatv\u0117mis, ar neskub\u0117dami vaik\u0161tin\u0117jate parke, ar keliaujate \u012f \u017eyg\u012f gamtoje, d\u0117l dideli\u0173 rat\u0173 ir integruotos pakabos &#8222;Ping 3 Trekking\" j\u016bs\u0173 vaikas stabiliai ir skland\u017eiai va\u017eiuos nelygiu pavir\u0161iumi.<\/h6>\n<p>&nbsp;<\/p>\n<h6><strong><em>Rinkin\u012f sudaro:<\/em><\/strong><\/h6>\n<ul data-spread=\"false\">\n<li>\n<h6>S\u0117dimoji vieta<\/h6>\n<\/li>\n<li>\n<h6>Turf<\/h6>\n<\/li>\n<li>\n<h6>&#8222;Kaarvari\" (UPF 50+)<\/h6>\n<\/li>\n<li>\n<h6>Transportavimo krep\u0161ys<\/h6>\n<\/li>\n<\/ul>\n<h6><strong><em>Maksimalus komfortas ir apsauga<\/em><\/strong><\/h6>\n<h6>Reguliuojamos atlo\u0161o ir koj\u0173 atramos leid\u017eia pritaikyti ve\u017eim\u0117l\u012f prie vaiko poreiki\u0173. Nesvarbu, ar vaikas budi ir tyrin\u0117ja, ar jam reikia gaivaus miego, &#8222;Ping 3 Trekking\" suteikia galimyb\u0119 patogiai s\u0117d\u0117ti ir ramiai miegoti. Be to, itin didelis UPF 50+ saul\u0117s skydelis patikimai apsaugo nuo saul\u0117s, kad i\u0161vykos b\u016bt\u0173 be r\u016bpes\u010di\u0173 ir saugios.  <\/h6>\n<p>&nbsp;<\/p>\n<h6><strong><em>Prakti\u0161kumas ir saugumas kiekviename \u017eingsnyje<\/em><\/strong><\/h6>\n<h6>&#8222;Ping 3 Trekking\" ve\u017eim\u0117lyje yra &#8222;HappyBelt\" reguliuojami 5 ta\u0161k\u0173 saugos dir\u017eai, kurie prisitaiko prie vaiko augimo ir kuriais t\u0117vams lengva naudotis. Stov\u0117jimo stabdys yra ant de\u0161iniojo galinio rato, tod\u0117l ve\u017eim\u0117l\u012f lengviau ir patogiau stumti. <\/h6>\n<p>&nbsp;<\/p>\n<h6><strong><em>I\u0161manioji kelioni\u0173 sistema<\/em><\/strong><\/h6>\n<h6>Jei norite ve\u017eim\u0117l\u012f naudoti nuo gimimo, galite \u012fsigyti <a href=\"https:\/\/hummy.ee\/lt\/produktas\/abc-design-saugos-lopsio-adapteris\/\" target=\"_blank\" rel=\"noopener\">adapterius ir <\/a> <a href=\"https:\/\/hummy.ee\/lt\/produktas\/abc-design-ping-saugumo-lopsio-nuoroda\/\" target=\"_blank\" rel=\"noopener\">jungiam\u0105j\u0105 jungt\u012f lop\u0161iui pritvirtinti<\/a>. Be to, &#8222;ABC Design\" universalus tvirtinimas leid\u017eia patogiai pritvirtinti \u012fvairius priedus, pavyzd\u017eiui, sauskelni\u0173 krep\u0161\u012f, puodelio laikikl\u012f arba &#8222;ABC Design\" lemp\u0105.<\/h6>\n<h6><\/h6>\n<p>&nbsp;<\/p>\n<h6><strong><em>Suderinamumas su apsauginiais lop\u0161iais:<\/em><\/strong><\/h6>\n<ul>\n<li>\n<h6><b>ABC Design:<\/b> Tulp\u0117<\/h6>\n<\/li>\n<li>\n<h6><b>&#8222;Maxi-Cosi\":<\/b> &#8222;City\", &#8222;Convertible-Fix\", &#8222;Coral\", &#8222;Pebble\", &#8222;Pebble Plus\", &#8222;Pebble Pro\", &#8222;Pebble 360&#8243;, &#8222;Pebble 360 Pro\", &#8222;Pebble 360 Pro 2&#8243;.<\/h6>\n<\/li>\n<li>\n<h6><b>&#8222;Cybex\":<\/b> &#8222;Aton\", &#8222;Aton 5&#8243;, &#8222;Aton M\", &#8222;Aton M i-size\", &#8222;Aton Q\", &#8222;Aton Q Plus\", &#8222;Aton Q i-size\", &#8222;Cloud T\", &#8222;Cloud Q\", &#8222;Cloud Q Plus\", &#8222;Cloud Z i-size\", &#8222;Cloud Z2 i-size\".<\/h6>\n<\/li>\n<li>\n<h6><b>Joie:<\/b> i-Gemm<\/h6>\n<\/li>\n<li>\n<h6><b>&#8222;BeSafe\": <\/b>&#8222;iZi Go Modular X1 i-Size<\/h6>\n<\/li>\n<li>\n<h6><b>Avionaut:<\/b> Cosmo, Pixel, Pro<\/h6>\n<\/li>\n<\/ul>\n<h6><\/h6>\n<h6><strong><em>Papildomos funkcijos<\/em><\/strong><\/h6>\n<ul data-spread=\"false\">\n<li>\n<h6>Galimyb\u0117 pritvirtinti apsaugin\u012f lop\u0161\u012f<\/h6>\n<\/li>\n<li>\n<h6>Reguliuojamas atlo\u0161as ir koj\u0173 atrama<\/h6>\n<\/li>\n<li>\n<h6>&#8222;HappyBelt\" reguliuojami 5 ta\u0161k\u0173 saugos dir\u017eai<\/h6>\n<\/li>\n<li>\n<h6>Universal\u016bs tvirtinimo ta\u0161kai<\/h6>\n<\/li>\n<li>\n<h6>Surinkimas ir atidarymas viena ranka<\/h6>\n<\/li>\n<li>\n<h6>Nuimami ratai ir apsauginis strypas<\/h6>\n<\/li>\n<li>\n<h6>Ilgas UPF 50+ skraist\u0117<\/h6>\n<\/li>\n<li>\n<h6>Vandeniui atspari med\u017eiaga<\/h6>\n<\/li>\n<li>\n<h6>Stov\u0117jimo stabdys ir vis\u0173 rat\u0173 pakaba<\/h6>\n<\/li>\n<li>\n<h6>Pasukami priekiniai ratai ir transportavimo u\u017eraktas<\/h6>\n<\/li>\n<li>\n<h6>EVA put\u0173 ratai<\/h6>\n<\/li>\n<\/ul>\n<p>&nbsp;<\/p>\n<h6><strong><em>Techniniai duomenys:<\/em><\/strong><\/h6>\n<ul data-spread=\"false\">\n<li>\n<h6>Tinka \u012fvairaus am\u017eiaus \u017emon\u0117ms: Nuo gimimo<\/h6>\n<\/li>\n<li>\n<h6>Prieinamumas: Vaikams iki 22 kg<\/h6>\n<\/li>\n<li>\n<h6>I\u0161matavimai atidarius: 81 x 50,5 x 108 cm<\/h6>\n<\/li>\n<li>\n<h6>St\u016bmimo rankenos auk\u0161tis: 106,5 cm<\/h6>\n<\/li>\n<li>\n<h6>Sumontuoto \u012frenginio matmenys: 56,6 x 50,5 x 33,5<\/h6>\n<\/li>\n<li>\n<h6>S\u0117dyn\u0117s matmenys: 34 x 21<\/h6>\n<\/li>\n<li>\n<h6>P\u0117dos pado matmenys: 15 x 34<\/h6>\n<\/li>\n<li>\n<h6>Atlo\u0161o matmenys: 34 x 45<\/h6>\n<\/li>\n<li>\n<h6>Miego vietos matmenys: 81 x 34<\/h6>\n<\/li>\n<li>\n<h6>Priekinio rato dydis: 17,0 cm<\/h6>\n<\/li>\n<li>\n<h6>Galinio rato dydis: 19,5 cm<\/h6>\n<\/li>\n<li>\n<h6>Gaminio svoris: 8,5 kg<\/h6>\n<\/li>\n<li>\n<h6>Rankinio baga\u017eo matmenys (be ratuk\u0173): 56,5 x 44,0 x 25,5<\/h6>\n<\/li>\n<\/ul>\n<h6><\/h6>\n<h6><em>&#8222;Ping 3 Trekking Lightweight\" yra idealus pasirinkimas \u0161eimoms, kurios vertina mobilum\u0105, kompakti\u0161kum\u0105 ir patogum\u0105 - tiek mieste, tiek kaime, tiek keliaujant. Su\u017einokite daugiau pristatomajame <a href=\"https:\/\/www.youtube.com\/watch?v=V77n78KZ6-w\">vaizdo \u012fra\u0161e<\/a>. <\/em><\/h6>\n<h6><em><a href=\"https:\/\/hummy.ee\/lt\/kaip-pasirinkti-lengva-vezimeli\/\" target=\"_blank\" rel=\"noopener\">Tinklara\u0161tyje<\/a> Hummy su\u017einokite, kaip i\u0161sirinkti tinkamiausi\u0105 lengv\u0105 ve\u017eim\u0117l\u012f.<\/em><\/h6>\n","protected":false},"excerpt":{"rendered":"<h6 class=\"wp-block-heading\">ABC Design &#8222;Ping 3 Trekking Lightweight\" - puikus palydovas bet kokioje kelion\u0117je automobiliu, autobusu, traukiniu ar l\u0117ktuvu. Lengvas ir manevringas ve\u017eim\u0117lis, kur\u012f galima lengvai sulankstyti ir i\u0161skleisti viena ranka. Kompakti\u0161kas sulankstytas ve\u017eim\u0117lis atitinka j\u016bs\u0173 rankinio baga\u017eo dyd\u012f, tod\u0117l j\u012f galite pasiimti \u012f l\u0117ktuv\u0105.  <\/h6>\n<p><!-- \/wp:heading --><\/p>\n<p><!-- wp:paragraph --><\/p>\n","protected":false},"featured_media":73021,"comment_status":"closed","ping_status":"closed","template":"","meta":{"_acf_changed":false,"om_disable_all_campaigns":false,"_monsterinsights_skip_tracking":false,"_monsterinsights_sitenote_active":false,"_monsterinsights_sitenote_note":"","_monsterinsights_sitenote_category":0,"_uf_show_specific_survey":0,"_uf_disable_surveys":false,"site-sidebar-layout":"default","site-content-layout":"","ast-site-content-layout":"default","site-content-style":"default","site-sidebar-style":"default","ast-global-header-display":"","ast-banner-title-visibility":"","ast-main-header-display":"","ast-hfb-above-header-display":"","ast-hfb-below-header-display":"","ast-hfb-mobile-header-display":"","site-post-title":"","ast-breadcrumbs-content":"","ast-featured-img":"","footer-sml-layout":"","theme-transparent-header-meta":"default","adv-header-id-meta":"","stick-header-meta":"","header-above-stick-meta":"","header-main-stick-meta":"","header-below-stick-meta":"","astra-migrate-meta-layouts":"default","ast-page-background-enabled":"default","ast-page-background-meta":{"desktop":{"background-color":"var(--ast-global-color-4)","background-image":"","background-repeat":"repeat","background-position":"center center","background-size":"auto","background-attachment":"scroll","background-type":"","background-media":"","overlay-type":"","overlay-color":"","overlay-opacity":"","overlay-gradient":""},"tablet":{"background-color":"","background-image":"","background-repeat":"repeat","background-position":"center center","background-size":"auto","background-attachment":"scroll","background-type":"","background-media":"","overlay-type":"","overlay-color":"","overlay-opacity":"","overlay-gradient":""},"mobile":{"background-color":"","background-image":"","background-repeat":"repeat","background-position":"center center","background-size":"auto","background-attachment":"scroll","background-type":"","background-media":"","overlay-type":"","overlay-color":"","overlay-opacity":"","overlay-gradient":""}},"ast-content-background-meta":{"desktop":{"background-color":"var(--ast-global-color-5)","background-image":"","background-repeat":"repeat","background-position":"center center","background-size":"auto","background-attachment":"scroll","background-type":"","background-media":"","overlay-type":"","overlay-color":"","overlay-opacity":"","overlay-gradient":""},"tablet":{"background-color":"var(--ast-global-color-5)","background-image":"","background-repeat":"repeat","background-position":"center center","background-size":"auto","background-attachment":"scroll","background-type":"","background-media":"","overlay-type":"","overlay-color":"","overlay-opacity":"","overlay-gradient":""},"mobile":{"background-color":"var(--ast-global-color-5)","background-image":"","background-repeat":"repeat","background-position":"center center","background-size":"auto","background-attachment":"scroll","background-type":"","background-media":"","overlay-type":"","overlay-color":"","overlay-opacity":"","overlay-gradient":""}}},"product_brand":[],"product_cat":[525,389,390],"product_tag":[],"class_list":{"0":"post-53820","1":"product","2":"type-product","3":"status-publish","4":"has-post-thumbnail","6":"product_cat-abc-dizainas","7":"product_cat-vezimeliai","8":"product_cat-cisternos","9":"desktop-align-left","10":"tablet-align-left","11":"mobile-align-left","13":"first","14":"instock","15":"taxable","16":"shipping-taxable","17":"purchasable","18":"product-type-variable"},"acf":[],"aioseo_notices":[],"_links":{"self":[{"href":"https:\/\/hummy.ee\/lt\/wp-json\/wp\/v2\/product\/53820","targetHints":{"allow":["GET"]}}],"collection":[{"href":"https:\/\/hummy.ee\/lt\/wp-json\/wp\/v2\/product"}],"about":[{"href":"https:\/\/hummy.ee\/lt\/wp-json\/wp\/v2\/types\/product"}],"replies":[{"embeddable":true,"href":"https:\/\/hummy.ee\/lt\/wp-json\/wp\/v2\/comments?post=53820"}],"version-history":[{"count":12,"href":"https:\/\/hummy.ee\/lt\/wp-json\/wp\/v2\/product\/53820\/revisions"}],"predecessor-version":[{"id":79878,"href":"https:\/\/hummy.ee\/lt\/wp-json\/wp\/v2\/product\/53820\/revisions\/79878"}],"wp:featuredmedia":[{"embeddable":true,"href":"https:\/\/hummy.ee\/lt\/wp-json\/wp\/v2\/media\/73021"}],"wp:attachment":[{"href":"https:\/\/hummy.ee\/lt\/wp-json\/wp\/v2\/media?parent=53820"}],"wp:term":[{"taxonomy":"product_brand","embeddable":true,"href":"https:\/\/hummy.ee\/lt\/wp-json\/wp\/v2\/product_brand?post=53820"},{"taxonomy":"product_cat","embeddable":true,"href":"https:\/\/hummy.ee\/lt\/wp-json\/wp\/v2\/product_cat?post=53820"},{"taxonomy":"product_tag","embeddable":true,"href":"https:\/\/hummy.ee\/lt\/wp-json\/wp\/v2\/product_tag?post=53820"}],"curies":[{"name":"wp","href":"https:\/\/api.w.org\/{rel}","templated":true}]}}