{"id":53784,"date":"2025-03-02T20:43:30","date_gmt":"2025-03-02T20:43:30","guid":{"rendered":"https:\/\/hummy.ee\/product\/beanbag-maiselis-irankis-originalus\/"},"modified":"2025-03-02T20:43:30","modified_gmt":"2025-03-02T20:43:30","slug":"beanbag-maiselis-irankis-originalus","status":"publish","type":"product","link":"https:\/\/hummy.ee\/lt\/produktas\/beanbag-maiselis-irankis-originalus\/","title":{"rendered":"Beanbag mai\u0161elis \u012frankis - originalus"},"content":{"rendered":"<h6 data-start=\"0\" data-end=\"149\"><em><strong>Tinka bet kokiam kambariui<\/strong><\/em><\/h6>\n<h6 data-start=\"0\" data-end=\"149\">Nesenstantis dizainas ir \u012fvairios spalvos - pupeli\u0173 mai\u0161o arba krep\u0161io k\u0117d\u0117 puikiai tinka tiek moderniam, tiek klasikiniam interjerui.<\/h6>\n<p>&nbsp;<\/p>\n<h6><em><strong>Malonus skaitymo kampelis ma\u017eiesiems<\/strong><\/em><\/h6>\n<h6>Sukurkite jauki\u0105 viet\u0105, kurioje vaikai gal\u0117t\u0173 \u012fsitaisyti su m\u0117gstama knyga ir pamilti skaitym\u0105 visam gyvenimui.<\/h6>\n<p>&nbsp;<\/p>\n<h6 data-start=\"302\" data-end=\"472\"><em><strong>\u0160velni estetika, patvari konstrukcija<\/strong><\/em><\/h6>\n<h6 data-start=\"302\" data-end=\"472\">Kruop\u0161\u010diai atrinkome auk\u0161tos kokyb\u0117s ir patvarias med\u017eiagas, kad j\u016bs\u0173 krep\u0161ys-k\u0117d\u0117 tarnaut\u0173 ilgai ir suteikt\u0173 jums daugyb\u0119 met\u0173 malonumo.<\/h6>\n<p>&nbsp;<\/p>\n<h6><b><i>Lengva prie\u017ei\u016bra<\/i><\/b><b><i><\/i><\/b><\/h6>\n<h6>D\u0117l u\u017erakto atidarymo dangt\u012f lengva nuimti ir i\u0161skalbti. Dangt\u012f skalbkite rankomis (30 \u00b0C) su pana\u0161iomis spalvomis ir pakabinkite i\u0161d\u017ei\u016bti. <\/h6>\n<p>&nbsp;<\/p>\n<h6><strong><em>Rank\u0173 darbo su meile ir r\u016bpes\u010diu<\/em><\/strong><\/h6>\n<h6 data-start=\"38\" data-end=\"329\">Tur\u0117dami daugiau nei de\u0161imtme\u010dio patirt\u012f, did\u017eiuojam\u0117s gal\u0117dami tiekti did\u017eiausiems ES ma\u017emenininkams gaminius, kurie kruop\u0161\u010diai ir su meile gaminami m\u016bs\u0173 gamykloje Latvijoje. Patys kontroliuojame kiekvien\u0105 gamybos etap\u0105, kreipiame d\u0117mes\u012f \u012f menkiausias detales ir nuolat tobuliname bei diegiame naujoves. <\/h6>\n","protected":false},"excerpt":{"rendered":"<h6 data-start=\"0\" data-end=\"145\">Po ilgos dienos kiekvienam reikia ramios vietos atsipalaiduoti ir paskaityti m\u0117gstam\u0105 knyg\u0105 - m\u016bs\u0173 krep\u0161io k\u0117d\u0117 yra puikus pasirinkimas! Jos patraukli forma leid\u017eia \u012fsisupti \u012f mink\u0161tus EPS karoliukus ir i\u0161 ties\u0173 atsipalaiduoti. <\/h6>\n","protected":false},"featured_media":44490,"comment_status":"open","ping_status":"closed","template":"","meta":{"_acf_changed":false,"om_disable_all_campaigns":false,"_monsterinsights_skip_tracking":false,"_monsterinsights_sitenote_active":false,"_monsterinsights_sitenote_note":"","_monsterinsights_sitenote_category":0,"_uf_show_specific_survey":0,"_uf_disable_surveys":false,"site-sidebar-layout":"default","site-content-layout":"","ast-site-content-layout":"default","site-content-style":"default","site-sidebar-style":"default","ast-global-header-display":"","ast-banner-title-visibility":"","ast-main-header-display":"","ast-hfb-above-header-display":"","ast-hfb-below-header-display":"","ast-hfb-mobile-header-display":"","site-post-title":"","ast-breadcrumbs-content":"","ast-featured-img":"","footer-sml-layout":"","theme-transparent-header-meta":"default","adv-header-id-meta":"","stick-header-meta":"","header-above-stick-meta":"","header-main-stick-meta":"","header-below-stick-meta":"","astra-migrate-meta-layouts":"default","ast-page-background-enabled":"default","ast-page-background-meta":{"desktop":{"background-color":"var(--ast-global-color-4)","background-image":"","background-repeat":"repeat","background-position":"center center","background-size":"auto","background-attachment":"scroll","background-type":"","background-media":"","overlay-type":"","overlay-color":"","overlay-opacity":"","overlay-gradient":""},"tablet":{"background-color":"","background-image":"","background-repeat":"repeat","background-position":"center center","background-size":"auto","background-attachment":"scroll","background-type":"","background-media":"","overlay-type":"","overlay-color":"","overlay-opacity":"","overlay-gradient":""},"mobile":{"background-color":"","background-image":"","background-repeat":"repeat","background-position":"center center","background-size":"auto","background-attachment":"scroll","background-type":"","background-media":"","overlay-type":"","overlay-color":"","overlay-opacity":"","overlay-gradient":""}},"ast-content-background-meta":{"desktop":{"background-color":"var(--ast-global-color-5)","background-image":"","background-repeat":"repeat","background-position":"center center","background-size":"auto","background-attachment":"scroll","background-type":"","background-media":"","overlay-type":"","overlay-color":"","overlay-opacity":"","overlay-gradient":""},"tablet":{"background-color":"var(--ast-global-color-5)","background-image":"","background-repeat":"repeat","background-position":"center center","background-size":"auto","background-attachment":"scroll","background-type":"","background-media":"","overlay-type":"","overlay-color":"","overlay-opacity":"","overlay-gradient":""},"mobile":{"background-color":"var(--ast-global-color-5)","background-image":"","background-repeat":"repeat","background-position":"center center","background-size":"auto","background-attachment":"scroll","background-type":"","background-media":"","overlay-type":"","overlay-color":"","overlay-opacity":"","overlay-gradient":""}}},"product_brand":[],"product_cat":[970],"product_tag":[],"class_list":{"0":"post-53784","1":"product","2":"type-product","3":"status-publish","4":"has-post-thumbnail","6":"product_cat-wigiwama-lt","7":"desktop-align-left","8":"tablet-align-left","9":"mobile-align-left","11":"first","12":"instock","13":"taxable","14":"shipping-taxable","15":"purchasable","16":"product-type-variable"},"acf":[],"aioseo_notices":[],"_links":{"self":[{"href":"https:\/\/hummy.ee\/lt\/wp-json\/wp\/v2\/product\/53784","targetHints":{"allow":["GET"]}}],"collection":[{"href":"https:\/\/hummy.ee\/lt\/wp-json\/wp\/v2\/product"}],"about":[{"href":"https:\/\/hummy.ee\/lt\/wp-json\/wp\/v2\/types\/product"}],"replies":[{"embeddable":true,"href":"https:\/\/hummy.ee\/lt\/wp-json\/wp\/v2\/comments?post=53784"}],"version-history":[{"count":0,"href":"https:\/\/hummy.ee\/lt\/wp-json\/wp\/v2\/product\/53784\/revisions"}],"wp:featuredmedia":[{"embeddable":true,"href":"https:\/\/hummy.ee\/lt\/wp-json\/wp\/v2\/media\/44490"}],"wp:attachment":[{"href":"https:\/\/hummy.ee\/lt\/wp-json\/wp\/v2\/media?parent=53784"}],"wp:term":[{"taxonomy":"product_brand","embeddable":true,"href":"https:\/\/hummy.ee\/lt\/wp-json\/wp\/v2\/product_brand?post=53784"},{"taxonomy":"product_cat","embeddable":true,"href":"https:\/\/hummy.ee\/lt\/wp-json\/wp\/v2\/product_cat?post=53784"},{"taxonomy":"product_tag","embeddable":true,"href":"https:\/\/hummy.ee\/lt\/wp-json\/wp\/v2\/product_tag?post=53784"}],"curies":[{"name":"wp","href":"https:\/\/api.w.org\/{rel}","templated":true}]}}