{"id":53694,"date":"2024-04-07T18:23:36","date_gmt":"2024-04-07T18:23:36","guid":{"rendered":"https:\/\/hummy.ee\/product\/leclercbaby-itakingas-asmuo-lengvas\/"},"modified":"2026-02-16T09:58:55","modified_gmt":"2026-02-16T09:58:55","slug":"leclercbaby-itakingas-asmuo-lengvas","status":"publish","type":"product","link":"https:\/\/hummy.ee\/lt\/produktas\/leclercbaby-itakingas-asmuo-lengvas\/","title":{"rendered":"Leclercbaby \u012etakingas asmuo Lengvas"},"content":{"rendered":"<h6><strong><em>\u012e komplekt\u0105 \u012ftraukta viskas, ko reikia:<\/em><\/strong><\/h6>\n<ul>\n<li>\n<h6>Topsihoidja<\/h6>\n<\/li>\n<li>\n<h6>Turf<\/h6>\n<\/li>\n<li>\n<h6>Transportavimo krep\u0161ys<\/h6>\n<\/li>\n<\/ul>\n<h6><strong><em>Kod\u0117l verta rinktis ve\u017eim\u0117l\u012f i\u0161 Leclercbaby?<\/em><\/strong><\/h6>\n<h6>Kam vargti su sud\u0117tingu ir sunkiu \u012fprastu ve\u017eim\u0117liu, jei galite rinktis paprastesn\u012f ir prakti\u0161kesn\u012f? I\u0161 tikr\u0173j\u0173 Leclercbaby ve\u017eim\u0117liais itin paprasta naudotis - juos sulankstyti ir i\u0161skleisti galima viena ranka. Tai rei\u0161kia, kad viena ranka galite laikyti k\u016bdik\u012f, o kita - sud\u0117ti ve\u017eim\u0117l\u012f.<\/h6>\n<p>&nbsp;<\/p>\n<h6>Be to, surinkimas atliekamas tik vienu judesiu ir naudojant sunkio j\u0117g\u0105. Skirtingai nuo daugelio kit\u0173 ve\u017eim\u0117li\u0173, nenaudojome trapi\u0173 spyruokli\u0173 ar oro pagalvi\u0173, tod\u0117l visa sistema yra dar patvaresn\u0117. \u017dinoma, tam taip pat suteikiama m\u016bs\u0173 garantija!<\/h6>\n<p>&nbsp;<\/p>\n<h6><strong><em>Komfortas jums ir j\u016bs\u0173 vaikui:<\/em><\/strong><\/h6>\n<ul>\n<li>\n<h6>Pirma, magnetin\u0117 rankena ir (arba) gaubtas su magnetiniu tvirtinimu, kuris u\u017etikrina puiki\u0105 apsaug\u0105.<\/h6>\n<\/li>\n<li>\n<h6>Antra - trij\u0173 pad\u0117\u010di\u0173 reguliuojamas atlo\u0161as, \u012fskaitant miego pad\u0117t\u012f.<\/h6>\n<\/li>\n<li>\n<h6>Tre\u010dia, reguliuojama koj\u0173 atrama, kad b\u016bt\u0173 maksimaliai patogu.<\/h6>\n<\/li>\n<\/ul>\n<h6><strong><em>Lengva naudoti:<\/em><\/strong><\/h6>\n<ul>\n<li>\n<h6>Nuimama apsaugin\u0117 rankena suteikia daugiau lankstumo.<\/h6>\n<\/li>\n<li>\n<h6>Magnetiniai penki\u0173 ta\u0161k\u0173 saugos dir\u017eai u\u017etikrina patog\u0173 ir saug\u0173 vaiko pri\u0117jim\u0105.<\/h6>\n<\/li>\n<li>\n<h6>Keturi\u0173 rat\u0173 pakaba u\u017etikrina skland\u0173 valdym\u0105 ant bet kokio pavir\u0161iaus.<\/h6>\n<\/li>\n<li>\n<h6>Didel\u0117 atrama kojoms u\u017etikrina saugum\u0105.<\/h6>\n<\/li>\n<li>\n<h6>D\u0117l sauskelni\u0173 krep\u0161io tvirtinimo ta\u0161k\u0173 visi b\u016btiniausi daiktai bus po ranka.<\/h6>\n<\/li>\n<\/ul>\n<h6><em><strong>Apsauga nuo oro s\u0105lyg\u0173:<\/strong><\/em><\/h6>\n<ul>\n<li>\n<h6>Ilgas SPF 50+ apsaugantis k\u016bdik\u012f nuo kenksming\u0173 UV spinduli\u0173.<\/h6>\n<\/li>\n<li>\n<h6>600D neper\u0161lampamas audinys, kad vaikas i\u0161likt\u0173 sausas net ir lietingu oru.<\/h6>\n<\/li>\n<li>\n<h6>Kokybi\u0161kos med\u017eiagos:<\/h6>\n<\/li>\n<li>\n<h6>Oda aptraukta st\u016bmimo rankena ir apsaugin\u0117 ranken\u0117l\u0117 suteikia elegancijos.<\/h6>\n<\/li>\n<li>\n<h6>Patvarus transportavimo krep\u0161ys, kad ve\u017eim\u0117lis visada b\u016bt\u0173 apsaugotas.<\/h6>\n<\/li>\n<li>\n<h6>100% PU ratai u\u017etikrina skland\u0173 ir stabil\u0173 va\u017eiavim\u0105.<\/h6>\n<\/li>\n<\/ul>\n<h6><em><strong>Daugiau informacijos:<\/strong><\/em><\/h6>\n<ul>\n<li>\n<h6>Ve\u017eim\u0117l\u012f galima sulankstyti ir i\u0161skleisti vienu judesiu.<\/h6>\n<\/li>\n<li>\n<h6>Rankinio baga\u017eo dydis - telpa \u012f vir\u0161utin\u012f salono skyri\u0173.<\/h6>\n<\/li>\n<li>\n<h6>Tinka nuo 6 m\u0117nesi\u0173 am\u017eiaus iki 22 kg \/ apie 5. nuo.<\/h6>\n<\/li>\n<li>\n<h6>Galimi \u012fvair\u016bs modeliai ir lop\u0161iai.<\/h6>\n<\/li>\n<li>\n<h6>Sulankstytos d\u0117\u017e\u0117s matmenys: 56 x 47 x 24 cm.<\/h6>\n<\/li>\n<li>\n<h6>Svoris: 6,6 kg<\/h6>\n<\/li>\n<\/ul>\n<h6><em>Daugiau apie tai, kaip pasirinkti lengv\u0105 ve\u017eim\u0117l\u012f, skaitykite Hummy <a href=\"https:\/\/hummy.ee\/lt\/kaip-pasirinkti-lengva-vezimeli\/\" target=\"_blank\" rel=\"noopener\">tinklara\u0161tyje.<\/a><\/em><\/h6>\n<h6><em>Infuencer ve\u017eim\u0117l\u012f rasite <a href=\"https:\/\/www.youtube.com\/watch?v=g6HBcJQz3l8\" target=\"_blank\" rel=\"noopener\">\u010dia.<\/a><\/em><\/h6>\n","protected":false},"excerpt":{"rendered":"<h6>\u0160okoladin\u0117s rudos ir ro\u017ein\u0117s spalvos akcentais pasi\u017eymintis Leclercbaby Influencer neabejotinai yra ve\u017eim\u0117li\u0173 rinkos tendencij\u0173 k\u016br\u0117jas. Jame dera gra\u017eios spalvos, patogios med\u017eiagos ir m\u016bs\u0173 ypa\u010d patogus automatinis sulankstymo vienu prisilietimu mechanizmas. M\u016bs\u0173 nauj\u0105j\u012f tendencijas diktuojan\u010di\u0173 ve\u017eim\u0117li\u0173 asortiment\u0105 sudaro keturi modern\u016bs ir ak\u012f traukiantys modeliai su juodais arba metalo atspalvio r\u0117mais.<\/h6>\n","protected":false},"featured_media":78654,"comment_status":"closed","ping_status":"closed","template":"","meta":{"_acf_changed":false,"om_disable_all_campaigns":false,"_monsterinsights_skip_tracking":false,"_monsterinsights_sitenote_active":false,"_monsterinsights_sitenote_note":"","_monsterinsights_sitenote_category":0,"_uf_show_specific_survey":0,"_uf_disable_surveys":false,"site-sidebar-layout":"default","site-content-layout":"","ast-site-content-layout":"default","site-content-style":"default","site-sidebar-style":"default","ast-global-header-display":"","ast-banner-title-visibility":"","ast-main-header-display":"","ast-hfb-above-header-display":"","ast-hfb-below-header-display":"","ast-hfb-mobile-header-display":"","site-post-title":"","ast-breadcrumbs-content":"","ast-featured-img":"","footer-sml-layout":"","theme-transparent-header-meta":"default","adv-header-id-meta":"","stick-header-meta":"","header-above-stick-meta":"","header-main-stick-meta":"","header-below-stick-meta":"","astra-migrate-meta-layouts":"set","ast-page-background-enabled":"default","ast-page-background-meta":{"desktop":{"background-color":"var(--ast-global-color-4)","background-image":"","background-repeat":"repeat","background-position":"center center","background-size":"auto","background-attachment":"scroll","background-type":"","background-media":"","overlay-type":"","overlay-color":"","overlay-opacity":"","overlay-gradient":""},"tablet":{"background-color":"","background-image":"","background-repeat":"repeat","background-position":"center center","background-size":"auto","background-attachment":"scroll","background-type":"","background-media":"","overlay-type":"","overlay-color":"","overlay-opacity":"","overlay-gradient":""},"mobile":{"background-color":"","background-image":"","background-repeat":"repeat","background-position":"center center","background-size":"auto","background-attachment":"scroll","background-type":"","background-media":"","overlay-type":"","overlay-color":"","overlay-opacity":"","overlay-gradient":""}},"ast-content-background-meta":{"desktop":{"background-color":"var(--ast-global-color-5)","background-image":"","background-repeat":"repeat","background-position":"center center","background-size":"auto","background-attachment":"scroll","background-type":"","background-media":"","overlay-type":"","overlay-color":"","overlay-opacity":"","overlay-gradient":""},"tablet":{"background-color":"var(--ast-global-color-5)","background-image":"","background-repeat":"repeat","background-position":"center center","background-size":"auto","background-attachment":"scroll","background-type":"","background-media":"","overlay-type":"","overlay-color":"","overlay-opacity":"","overlay-gradient":""},"mobile":{"background-color":"var(--ast-global-color-5)","background-image":"","background-repeat":"repeat","background-position":"center center","background-size":"auto","background-attachment":"scroll","background-type":"","background-media":"","overlay-type":"","overlay-color":"","overlay-opacity":"","overlay-gradient":""}}},"product_brand":[],"product_cat":[389,332,390],"product_tag":[],"class_list":{"0":"post-53694","1":"product","2":"type-product","3":"status-publish","4":"has-post-thumbnail","6":"product_cat-vezimeliai","7":"product_cat-leclercbaby-lt","8":"product_cat-cisternos","9":"desktop-align-left","10":"tablet-align-left","11":"mobile-align-left","13":"first","14":"instock","15":"sale","16":"taxable","17":"shipping-taxable","18":"purchasable","19":"product-type-variable"},"acf":[],"aioseo_notices":[],"_links":{"self":[{"href":"https:\/\/hummy.ee\/lt\/wp-json\/wp\/v2\/product\/53694","targetHints":{"allow":["GET"]}}],"collection":[{"href":"https:\/\/hummy.ee\/lt\/wp-json\/wp\/v2\/product"}],"about":[{"href":"https:\/\/hummy.ee\/lt\/wp-json\/wp\/v2\/types\/product"}],"replies":[{"embeddable":true,"href":"https:\/\/hummy.ee\/lt\/wp-json\/wp\/v2\/comments?post=53694"}],"version-history":[{"count":19,"href":"https:\/\/hummy.ee\/lt\/wp-json\/wp\/v2\/product\/53694\/revisions"}],"predecessor-version":[{"id":81615,"href":"https:\/\/hummy.ee\/lt\/wp-json\/wp\/v2\/product\/53694\/revisions\/81615"}],"wp:featuredmedia":[{"embeddable":true,"href":"https:\/\/hummy.ee\/lt\/wp-json\/wp\/v2\/media\/78654"}],"wp:attachment":[{"href":"https:\/\/hummy.ee\/lt\/wp-json\/wp\/v2\/media?parent=53694"}],"wp:term":[{"taxonomy":"product_brand","embeddable":true,"href":"https:\/\/hummy.ee\/lt\/wp-json\/wp\/v2\/product_brand?post=53694"},{"taxonomy":"product_cat","embeddable":true,"href":"https:\/\/hummy.ee\/lt\/wp-json\/wp\/v2\/product_cat?post=53694"},{"taxonomy":"product_tag","embeddable":true,"href":"https:\/\/hummy.ee\/lt\/wp-json\/wp\/v2\/product_tag?post=53694"}],"curies":[{"name":"wp","href":"https:\/\/api.w.org\/{rel}","templated":true}]}}