{"id":53559,"date":"2025-03-02T20:43:29","date_gmt":"2025-03-02T20:43:29","guid":{"rendered":"https:\/\/hummy.ee\/product\/apvali-sedynes-pagalvele-osmanai\/"},"modified":"2026-02-18T11:11:25","modified_gmt":"2026-02-18T11:11:25","slug":"apvali-sedynes-pagalvele-osmanai","status":"publish","type":"product","link":"https:\/\/hummy.ee\/lt\/produktas\/apvali-sedynes-pagalvele-osmanai\/","title":{"rendered":"Apvali s\u0117dyn\u0117s pagalv\u0117l\u0117 - Osmanai"},"content":{"rendered":"<h6 data-start=\"285\" data-end=\"309\"><em><strong data-start=\"285\" data-end=\"307\">Jaukus skaitymo kampelis<\/strong><\/em><\/h6>\n<h6 data-start=\"311\" data-end=\"412\">Sukurkite \u0161ilt\u0105 ir jauk\u0173 skaitymo kampel\u012f su s\u0117dyn\u0117s pagalv\u0117le ir steb\u0117kite, kaip j\u016bs\u0173 vaikas pasineria \u012f \u012fdomias istorijas!<\/h6>\n<p>&nbsp;<\/p>\n<h6 data-start=\"0\" data-end=\"30\"><em><strong data-start=\"0\" data-end=\"28\">Ma\u017e\u0173j\u0173 poilsio kampelis<\/strong><\/em><\/h6>\n<h6 data-start=\"32\" data-end=\"173\">I\u0161 mink\u0161to ir prabangaus audinio pagaminta s\u0117dyn\u0117s pagalv\u0117l\u0117 greitai taps nauja m\u0117gstamiausia vaik\u0173 vieta s\u0117d\u0117ti, atsipalaiduoti ar pailsinti kojas.<\/h6>\n<p>&nbsp;<\/p>\n<h6 data-start=\"175\" data-end=\"202\"><em><strong data-start=\"175\" data-end=\"200\">Komfortas atitinka \u017eaves\u012f<\/strong><\/em><\/h6>\n<h6 data-start=\"204\" data-end=\"283\">Paprasta, prakti\u0161ka ir stilinga s\u0117dyn\u0117s pagalv\u0117l\u0117 taps puikiu bet kokio interjero akcentu.<\/h6>\n<p>&nbsp;<\/p>\n<h6><b><i>Lengva prie\u017ei\u016bra<\/i><\/b><b><i><\/i><\/b><\/h6>\n<h6>D\u0117l u\u017erakto atidarymo dangt\u012f lengva nuimti ir i\u0161skalbti. Dangt\u012f skalbkite rankomis (30 \u00b0C) su pana\u0161iomis spalvomis ir pakabinkite i\u0161d\u017ei\u016bti.<\/h6>\n<p>&nbsp;<\/p>\n<h6><strong><em>Rank\u0173 darbo su meile ir r\u016bpes\u010diu<\/em><\/strong><\/h6>\n<h6>Tur\u0117dami daugiau nei de\u0161imtme\u010dio patirt\u012f, did\u017eiuojam\u0117s gal\u0117dami tiekti did\u017eiausiems ES ma\u017emenininkams gaminius, kurie kruop\u0161\u010diai ir su meile gaminami m\u016bs\u0173 gamykloje Latvijoje. Patys kontroliuojame kiekvien\u0105 gamybos etap\u0105, kreipiame d\u0117mes\u012f \u012f menkiausias detales ir nuolat tobuliname bei diegiame naujoves.<\/h6>\n<h6><\/h6>\n<p>&nbsp;<\/p>\n","protected":false},"excerpt":{"rendered":"<h6 data-start=\"0\" data-end=\"67\">&#8222;Wigiwama\" s\u0117dyn\u0117s pagalv\u0117l\u0117 - stilinga ir prakti\u0161ka tuba ma\u017eyliams. Apvalios formos pagalv\u0117l\u0117 suteikia daug vietos atsis\u0117sti ir atsipalaiduoti, o d\u0117l mink\u0161to pliu\u0161inio audinio ji yra \u0161ilta ir jauki.<\/h6>\n","protected":false},"featured_media":44782,"comment_status":"open","ping_status":"closed","template":"","meta":{"_acf_changed":false,"om_disable_all_campaigns":false,"_monsterinsights_skip_tracking":false,"_monsterinsights_sitenote_active":false,"_monsterinsights_sitenote_note":"","_monsterinsights_sitenote_category":0,"_uf_show_specific_survey":0,"_uf_disable_surveys":false,"site-sidebar-layout":"default","site-content-layout":"","ast-site-content-layout":"default","site-content-style":"default","site-sidebar-style":"default","ast-global-header-display":"","ast-banner-title-visibility":"","ast-main-header-display":"","ast-hfb-above-header-display":"","ast-hfb-below-header-display":"","ast-hfb-mobile-header-display":"","site-post-title":"","ast-breadcrumbs-content":"","ast-featured-img":"","footer-sml-layout":"","theme-transparent-header-meta":"default","adv-header-id-meta":"","stick-header-meta":"","header-above-stick-meta":"","header-main-stick-meta":"","header-below-stick-meta":"","astra-migrate-meta-layouts":"set","ast-page-background-enabled":"default","ast-page-background-meta":{"desktop":{"background-color":"var(--ast-global-color-4)","background-image":"","background-repeat":"repeat","background-position":"center center","background-size":"auto","background-attachment":"scroll","background-type":"","background-media":"","overlay-type":"","overlay-color":"","overlay-opacity":"","overlay-gradient":""},"tablet":{"background-color":"","background-image":"","background-repeat":"repeat","background-position":"center center","background-size":"auto","background-attachment":"scroll","background-type":"","background-media":"","overlay-type":"","overlay-color":"","overlay-opacity":"","overlay-gradient":""},"mobile":{"background-color":"","background-image":"","background-repeat":"repeat","background-position":"center center","background-size":"auto","background-attachment":"scroll","background-type":"","background-media":"","overlay-type":"","overlay-color":"","overlay-opacity":"","overlay-gradient":""}},"ast-content-background-meta":{"desktop":{"background-color":"var(--ast-global-color-5)","background-image":"","background-repeat":"repeat","background-position":"center center","background-size":"auto","background-attachment":"scroll","background-type":"","background-media":"","overlay-type":"","overlay-color":"","overlay-opacity":"","overlay-gradient":""},"tablet":{"background-color":"var(--ast-global-color-5)","background-image":"","background-repeat":"repeat","background-position":"center center","background-size":"auto","background-attachment":"scroll","background-type":"","background-media":"","overlay-type":"","overlay-color":"","overlay-opacity":"","overlay-gradient":""},"mobile":{"background-color":"var(--ast-global-color-5)","background-image":"","background-repeat":"repeat","background-position":"center center","background-size":"auto","background-attachment":"scroll","background-type":"","background-media":"","overlay-type":"","overlay-color":"","overlay-opacity":"","overlay-gradient":""}}},"product_brand":[],"product_cat":[970],"product_tag":[],"class_list":{"0":"post-53559","1":"product","2":"type-product","3":"status-publish","4":"has-post-thumbnail","6":"product_cat-wigiwama-lt","7":"desktop-align-left","8":"tablet-align-left","9":"mobile-align-left","11":"first","12":"instock","13":"taxable","14":"shipping-taxable","15":"purchasable","16":"product-type-variable"},"acf":[],"aioseo_notices":[],"_links":{"self":[{"href":"https:\/\/hummy.ee\/lt\/wp-json\/wp\/v2\/product\/53559","targetHints":{"allow":["GET"]}}],"collection":[{"href":"https:\/\/hummy.ee\/lt\/wp-json\/wp\/v2\/product"}],"about":[{"href":"https:\/\/hummy.ee\/lt\/wp-json\/wp\/v2\/types\/product"}],"replies":[{"embeddable":true,"href":"https:\/\/hummy.ee\/lt\/wp-json\/wp\/v2\/comments?post=53559"}],"version-history":[{"count":2,"href":"https:\/\/hummy.ee\/lt\/wp-json\/wp\/v2\/product\/53559\/revisions"}],"predecessor-version":[{"id":82603,"href":"https:\/\/hummy.ee\/lt\/wp-json\/wp\/v2\/product\/53559\/revisions\/82603"}],"wp:featuredmedia":[{"embeddable":true,"href":"https:\/\/hummy.ee\/lt\/wp-json\/wp\/v2\/media\/44782"}],"wp:attachment":[{"href":"https:\/\/hummy.ee\/lt\/wp-json\/wp\/v2\/media?parent=53559"}],"wp:term":[{"taxonomy":"product_brand","embeddable":true,"href":"https:\/\/hummy.ee\/lt\/wp-json\/wp\/v2\/product_brand?post=53559"},{"taxonomy":"product_cat","embeddable":true,"href":"https:\/\/hummy.ee\/lt\/wp-json\/wp\/v2\/product_cat?post=53559"},{"taxonomy":"product_tag","embeddable":true,"href":"https:\/\/hummy.ee\/lt\/wp-json\/wp\/v2\/product_tag?post=53559"}],"curies":[{"name":"wp","href":"https:\/\/api.w.org\/{rel}","templated":true}]}}