{"id":53527,"date":"2025-03-02T20:43:02","date_gmt":"2025-03-02T20:43:02","guid":{"rendered":"https:\/\/hummy.ee\/product\/beanbag-maiselis-irankis-bear\/"},"modified":"2026-02-18T11:08:01","modified_gmt":"2026-02-18T11:08:01","slug":"beanbag-maiselis-irankis-bear","status":"publish","type":"product","link":"https:\/\/hummy.ee\/lt\/produktas\/beanbag-maiselis-irankis-bear\/","title":{"rendered":"Beanbag mai\u0161elis-\u012frankis - Bear"},"content":{"rendered":"<h6 data-start=\"0\" data-end=\"25\"><em><strong data-start=\"0\" data-end=\"23\">Mink\u0161tas ir ne\u0161iojamas<\/strong><\/em><\/h6>\n<h6 data-start=\"27\" data-end=\"159\">Mink\u0161tas ir mink\u0161tas me\u0161kiuko mai\u0161o kr\u0117slas - puiki vieta susisukti, pasinerti \u012f ger\u0105 knyg\u0105 ar tiesiog atsipalaiduoti ir pails\u0117ti.<\/h6>\n<p>&nbsp;<\/p>\n<h6 data-start=\"161\" data-end=\"183\"><em><strong data-start=\"161\" data-end=\"181\">Tapkime draugais!<\/strong><\/em><\/h6>\n<h6 data-start=\"185\" data-end=\"391\">\u0160is krep\u0161ys ir k\u0117dut\u0117 tikrai suteiks \u0161ypsen\u0105 vaik\u0173 veiduose ir praskaidrins j\u0173 kasdienyb\u0119. O pa\u017evelkite \u012f tas mielas ausytes - argi jos puikiai tinka klausytis slap\u010diausi\u0173 ma\u017eojo \u0161eimininko svajoni\u0173?<\/h6>\n<p>&nbsp;<\/p>\n<h6 data-start=\"393\" data-end=\"417\"><em><strong data-start=\"393\" data-end=\"415\">Sald\u016bs prisiminimai<\/strong><\/em><\/h6>\n<h6 data-start=\"419\" data-end=\"516\">Vaikyst\u0117 prab\u0117ga greitai - m\u0117gaukit\u0117s \u0161ia akimirka ir branginkite kiekvien\u0105 juok\u0105 bei akimirk\u0105, praleist\u0105 su \u0161eima.<\/h6>\n<p>&nbsp;<\/p>\n<h6 data-start=\"419\" data-end=\"516\"><b><i>Lengva prie\u017ei\u016bra<\/i><\/b><b><i><\/i><\/b><\/h6>\n<h6>D\u0117l u\u017erakto atidarymo dangt\u012f lengva nuimti ir i\u0161skalbti. Dangt\u012f skalbkite rankomis (30 \u00b0C) su pana\u0161iomis spalvomis ir pakabinkite i\u0161d\u017ei\u016bti.<\/h6>\n<p>&nbsp;<\/p>\n<h6><em><strong>Rank\u0173 darbo gaminiai, pagaminti su meile ir r\u016bpes\u010diu<\/strong><\/em><\/h6>\n<h6 data-start=\"38\" data-end=\"329\">Tur\u0117dami daugiau nei de\u0161imtme\u010dio patirt\u012f, did\u017eiuojam\u0117s gal\u0117dami tiekti did\u017eiausiems ES ma\u017emenininkams gaminius, kurie kruop\u0161\u010diai ir su meile gaminami m\u016bs\u0173 gamykloje Latvijoje. Patys kontroliuojame kiekvien\u0105 gamybos etap\u0105, kreipiame d\u0117mes\u012f \u012f menkiausias detales ir nuolat tobuliname bei diegiame naujoves.<\/h6>\n","protected":false},"excerpt":{"rendered":"<h6 data-start=\"0\" data-end=\"80\">Mieliausia me\u0161kiuko k\u0117d\u0117 - prabangus ir prakti\u0161kas bet kurio vaik\u0173 kambario priedas. Kiekvienam reikia ramios vietos, kur gal\u0117t\u0173 atsipalaiduoti ir po ilgos dienos paskaityti m\u0117gstam\u0105 knyg\u0105. M\u016bs\u0173 mink\u0161ta ir patogi k\u0117d\u0117 &#8222;Bear beanbag\" yra puikus pasirinkimas. Ir pa\u017evelkite \u012f tas ma\u017eytes ausytes - tiesiog tobula!<\/h6>\n","protected":false},"featured_media":44866,"comment_status":"open","ping_status":"closed","template":"","meta":{"_acf_changed":false,"om_disable_all_campaigns":false,"_monsterinsights_skip_tracking":false,"_monsterinsights_sitenote_active":false,"_monsterinsights_sitenote_note":"","_monsterinsights_sitenote_category":0,"_uf_show_specific_survey":0,"_uf_disable_surveys":false,"site-sidebar-layout":"default","site-content-layout":"","ast-site-content-layout":"default","site-content-style":"default","site-sidebar-style":"default","ast-global-header-display":"","ast-banner-title-visibility":"","ast-main-header-display":"","ast-hfb-above-header-display":"","ast-hfb-below-header-display":"","ast-hfb-mobile-header-display":"","site-post-title":"","ast-breadcrumbs-content":"","ast-featured-img":"","footer-sml-layout":"","theme-transparent-header-meta":"default","adv-header-id-meta":"","stick-header-meta":"","header-above-stick-meta":"","header-main-stick-meta":"","header-below-stick-meta":"","astra-migrate-meta-layouts":"set","ast-page-background-enabled":"default","ast-page-background-meta":{"desktop":{"background-color":"var(--ast-global-color-4)","background-image":"","background-repeat":"repeat","background-position":"center center","background-size":"auto","background-attachment":"scroll","background-type":"","background-media":"","overlay-type":"","overlay-color":"","overlay-opacity":"","overlay-gradient":""},"tablet":{"background-color":"","background-image":"","background-repeat":"repeat","background-position":"center center","background-size":"auto","background-attachment":"scroll","background-type":"","background-media":"","overlay-type":"","overlay-color":"","overlay-opacity":"","overlay-gradient":""},"mobile":{"background-color":"","background-image":"","background-repeat":"repeat","background-position":"center center","background-size":"auto","background-attachment":"scroll","background-type":"","background-media":"","overlay-type":"","overlay-color":"","overlay-opacity":"","overlay-gradient":""}},"ast-content-background-meta":{"desktop":{"background-color":"var(--ast-global-color-5)","background-image":"","background-repeat":"repeat","background-position":"center center","background-size":"auto","background-attachment":"scroll","background-type":"","background-media":"","overlay-type":"","overlay-color":"","overlay-opacity":"","overlay-gradient":""},"tablet":{"background-color":"var(--ast-global-color-5)","background-image":"","background-repeat":"repeat","background-position":"center center","background-size":"auto","background-attachment":"scroll","background-type":"","background-media":"","overlay-type":"","overlay-color":"","overlay-opacity":"","overlay-gradient":""},"mobile":{"background-color":"var(--ast-global-color-5)","background-image":"","background-repeat":"repeat","background-position":"center center","background-size":"auto","background-attachment":"scroll","background-type":"","background-media":"","overlay-type":"","overlay-color":"","overlay-opacity":"","overlay-gradient":""}}},"product_brand":[],"product_cat":[970],"product_tag":[],"class_list":{"0":"post-53527","1":"product","2":"type-product","3":"status-publish","4":"has-post-thumbnail","6":"product_cat-wigiwama-lt","7":"desktop-align-left","8":"tablet-align-left","9":"mobile-align-left","11":"first","12":"instock","13":"taxable","14":"shipping-taxable","15":"purchasable","16":"product-type-variable"},"acf":[],"aioseo_notices":[],"_links":{"self":[{"href":"https:\/\/hummy.ee\/lt\/wp-json\/wp\/v2\/product\/53527","targetHints":{"allow":["GET"]}}],"collection":[{"href":"https:\/\/hummy.ee\/lt\/wp-json\/wp\/v2\/product"}],"about":[{"href":"https:\/\/hummy.ee\/lt\/wp-json\/wp\/v2\/types\/product"}],"replies":[{"embeddable":true,"href":"https:\/\/hummy.ee\/lt\/wp-json\/wp\/v2\/comments?post=53527"}],"version-history":[{"count":2,"href":"https:\/\/hummy.ee\/lt\/wp-json\/wp\/v2\/product\/53527\/revisions"}],"predecessor-version":[{"id":82599,"href":"https:\/\/hummy.ee\/lt\/wp-json\/wp\/v2\/product\/53527\/revisions\/82599"}],"wp:featuredmedia":[{"embeddable":true,"href":"https:\/\/hummy.ee\/lt\/wp-json\/wp\/v2\/media\/44866"}],"wp:attachment":[{"href":"https:\/\/hummy.ee\/lt\/wp-json\/wp\/v2\/media?parent=53527"}],"wp:term":[{"taxonomy":"product_brand","embeddable":true,"href":"https:\/\/hummy.ee\/lt\/wp-json\/wp\/v2\/product_brand?post=53527"},{"taxonomy":"product_cat","embeddable":true,"href":"https:\/\/hummy.ee\/lt\/wp-json\/wp\/v2\/product_cat?post=53527"},{"taxonomy":"product_tag","embeddable":true,"href":"https:\/\/hummy.ee\/lt\/wp-json\/wp\/v2\/product_tag?post=53527"}],"curies":[{"name":"wp","href":"https:\/\/api.w.org\/{rel}","templated":true}]}}