{"id":53459,"date":"2024-10-02T20:29:52","date_gmt":"2024-10-02T20:29:52","guid":{"rendered":"https:\/\/hummy.ee\/product\/abc-design-ping-3-sedynes-pagalvele\/"},"modified":"2026-03-10T13:34:42","modified_gmt":"2026-03-10T13:34:42","slug":"abc-design-ping-3-sedynes-pagalvele","status":"publish","type":"product","link":"https:\/\/hummy.ee\/lt\/produktas\/abc-design-ping-3-sedynes-pagalvele\/","title":{"rendered":"ABC Design Ping 3 s\u0117dyn\u0117s pagalv\u0117l\u0117"},"content":{"rendered":"<h6><strong><em>Kod\u0117l verta rinktis \u0161\u012f s\u0117dyni\u0173 pagalv\u0117li\u0173 rinkin\u012f?<\/em><\/strong><\/h6>\n<ul>\n<li>\n<h6>Puikus pralaidumas orui - apmu\u0161alai i\u0161laiko vaiko s\u0117dyn\u0119 v\u0117si\u0105, saus\u0105 ir patogi\u0105 net ir \u0161iltomis dienomis.<\/h6>\n<\/li>\n<li>\n<h6>Did\u017eiausias s\u0117d\u0117jimo komfortas - mink\u0161ta ir atramin\u0117 &#8222;CozyCloud\u00ae\" pagalv\u0117l\u0117 u\u017etikrina optimali\u0105 k\u016bno pad\u0117t\u012f kiekvienos kelion\u0117s metu.<\/h6>\n<\/li>\n<li>\n<h6>Saugus ir hipoalerginis - med\u017eiagos patikrintos d\u0117l kenksming\u0173 med\u017eiag\u0173 ir tinka jautriai odai.<\/h6>\n<\/li>\n<li>\n<h6>Ergonomi\u0161kas dizainas - prisitaiko prie vaiko poreiki\u0173 ir suteikia papildom\u0105 atram\u0105 bei komfort\u0105 ilgesniuose pasivaik\u0161\u010diojimuose.<\/h6>\n<\/li>\n<li>\n<h6>Lengva prie\u017ei\u016bra - 100 % poliesteris, galima skalbti rankomis 30 \u00b0C temperat\u016broje.<\/h6>\n<\/li>\n<\/ul>\n<h6> <\/h6>\n<h6><strong><em>Tinkamumas ir prakti\u0161kumas<\/em><\/strong><\/h6>\n<ul>\n<li>\n<h6>Suderinamas su ABC Design lengvaisiais sunkve\u017eimiais: <a href=\"https:\/\/hummy.ee\/lt\/produktas\/abc-design-ping-3-travel-lengvasis-vezimelis\/\" target=\"_blank\" rel=\"noopener\">Ping 3 Travel<\/a> ir <a href=\"https:\/\/hummy.ee\/lt\/produktas\/abc-design-ping-3-trekingo-lengvas-vezimelis\/\" target=\"_blank\" rel=\"noopener\">Ping 3 Trekking<\/a>.<\/h6>\n<\/li>\n<li>\n<h6>Auga kartu su vaiku - u\u017etikrina ilgalaik\u012f komfort\u0105 ir param\u0105.<\/h6>\n<\/li>\n<li>\n<h6>Apsaugo ve\u017eim\u0117lio s\u0117dyn\u0119 - pailgina ve\u017eim\u0117lio tarnavimo laik\u0105 ir ilgiau i\u0161laiko j\u012f geros b\u016bkl\u0117s.<\/h6>\n<\/li>\n<\/ul>\n<h6> <\/h6>\n<h6><strong><em>Daugiau komforto kiekvienam nuotykiui<\/em><\/strong><\/h6>\n<h6>Nesvarbu, ar tai b\u016bt\u0173 kasdienis pasivaik\u0161\u010diojimas, ar ilgesn\u0117 kelion\u0117, ABC Design s\u0117dyn\u0117s pamink\u0161tinimas u\u017etikrins, kad j\u016bs\u0173 vaikas va\u017eiuot\u0173 ramiai ir maloniai. Kv\u0117puojan\u010dios med\u017eiagos neleid\u017eia prakaituoti, o mink\u0161tas pamink\u0161tinimas suteikia papildomo komforto. <\/h6>\n<h6> <\/h6>\n<h6><!-- \/wp:post-content --><\/h6>\n<h6><!-- wp:paragraph --><\/h6>\n<h6>Per\u017ei\u016br\u0117kite \u012fvadin\u012f <a href=\"https:\/\/www.youtube.com\/watch?v=nSqVumGopDQ\">vaizdo \u012fra\u0161\u0105<\/a> ir su\u017einokite daugiau.<\/h6>\n","protected":false},"excerpt":{"rendered":"<p><!-- wp:heading {\"level\":4} --><\/p>\n<h6 data-pm-slice=\"1 1 []\">ABC Design &#8222;Ping 3 Travel\", &#8222;Ping 3 Trekking\" s\u0117dyni\u0173 pagalv\u0117li\u0173 rinkinys - visi\u0161kas komfortas ma\u017eiesiems nuotyki\u0173 ie\u0161kotojams! Kelion\u0117s ir kasdieniai pasivaik\u0161\u010diojimai bus dar patogesni d\u0117l itin mink\u0161tos ir orui pralaid\u017eios &#8222;CozyCloud\u00ae\" s\u0117dyn\u0117s pagalv\u0117l\u0117s. \u0160i ergonomi\u0161ka pagalv\u0117l\u0117 suteikia papildom\u0105 atram\u0105 j\u016bs\u0173 vaikui ir u\u017etikrina maloni\u0105 s\u0117d\u0117jimo patirt\u012f tiek miesto gatv\u0117se, tiek gamtos takuose.  <\/h6>\n<p><!-- \/wp:paragraph --><\/p>\n<p><!-- wp:paragraph --><!-- \/wp:paragraph --><\/p>\n","protected":false},"featured_media":39010,"comment_status":"closed","ping_status":"closed","template":"","meta":{"_acf_changed":false,"om_disable_all_campaigns":false,"_monsterinsights_skip_tracking":false,"_monsterinsights_sitenote_active":false,"_monsterinsights_sitenote_note":"","_monsterinsights_sitenote_category":0,"_uf_show_specific_survey":0,"_uf_disable_surveys":false,"site-sidebar-layout":"default","site-content-layout":"","ast-site-content-layout":"default","site-content-style":"default","site-sidebar-style":"default","ast-global-header-display":"","ast-banner-title-visibility":"","ast-main-header-display":"","ast-hfb-above-header-display":"","ast-hfb-below-header-display":"","ast-hfb-mobile-header-display":"","site-post-title":"","ast-breadcrumbs-content":"","ast-featured-img":"","footer-sml-layout":"","theme-transparent-header-meta":"default","adv-header-id-meta":"","stick-header-meta":"","header-above-stick-meta":"","header-main-stick-meta":"","header-below-stick-meta":"","astra-migrate-meta-layouts":"set","ast-page-background-enabled":"default","ast-page-background-meta":{"desktop":{"background-color":"var(--ast-global-color-4)","background-image":"","background-repeat":"repeat","background-position":"center center","background-size":"auto","background-attachment":"scroll","background-type":"","background-media":"","overlay-type":"","overlay-color":"","overlay-opacity":"","overlay-gradient":""},"tablet":{"background-color":"","background-image":"","background-repeat":"repeat","background-position":"center center","background-size":"auto","background-attachment":"scroll","background-type":"","background-media":"","overlay-type":"","overlay-color":"","overlay-opacity":"","overlay-gradient":""},"mobile":{"background-color":"","background-image":"","background-repeat":"repeat","background-position":"center center","background-size":"auto","background-attachment":"scroll","background-type":"","background-media":"","overlay-type":"","overlay-color":"","overlay-opacity":"","overlay-gradient":""}},"ast-content-background-meta":{"desktop":{"background-color":"var(--ast-global-color-5)","background-image":"","background-repeat":"repeat","background-position":"center center","background-size":"auto","background-attachment":"scroll","background-type":"","background-media":"","overlay-type":"","overlay-color":"","overlay-opacity":"","overlay-gradient":""},"tablet":{"background-color":"var(--ast-global-color-5)","background-image":"","background-repeat":"repeat","background-position":"center center","background-size":"auto","background-attachment":"scroll","background-type":"","background-media":"","overlay-type":"","overlay-color":"","overlay-opacity":"","overlay-gradient":""},"mobile":{"background-color":"var(--ast-global-color-5)","background-image":"","background-repeat":"repeat","background-position":"center center","background-size":"auto","background-attachment":"scroll","background-type":"","background-media":"","overlay-type":"","overlay-color":"","overlay-opacity":"","overlay-gradient":""}}},"product_brand":[],"product_cat":[525,331,385],"product_tag":[],"class_list":{"0":"post-53459","1":"product","2":"type-product","3":"status-publish","4":"has-post-thumbnail","6":"product_cat-abc-dizainas","7":"product_cat-apipjaustymo-priedai","8":"product_cat-sedyniu-pagalveles","9":"desktop-align-left","10":"tablet-align-left","11":"mobile-align-left","13":"first","14":"instock","15":"taxable","16":"shipping-taxable","17":"purchasable","18":"product-type-variable"},"acf":[],"aioseo_notices":[],"_links":{"self":[{"href":"https:\/\/hummy.ee\/lt\/wp-json\/wp\/v2\/product\/53459","targetHints":{"allow":["GET"]}}],"collection":[{"href":"https:\/\/hummy.ee\/lt\/wp-json\/wp\/v2\/product"}],"about":[{"href":"https:\/\/hummy.ee\/lt\/wp-json\/wp\/v2\/types\/product"}],"replies":[{"embeddable":true,"href":"https:\/\/hummy.ee\/lt\/wp-json\/wp\/v2\/comments?post=53459"}],"version-history":[{"count":6,"href":"https:\/\/hummy.ee\/lt\/wp-json\/wp\/v2\/product\/53459\/revisions"}],"predecessor-version":[{"id":85982,"href":"https:\/\/hummy.ee\/lt\/wp-json\/wp\/v2\/product\/53459\/revisions\/85982"}],"wp:featuredmedia":[{"embeddable":true,"href":"https:\/\/hummy.ee\/lt\/wp-json\/wp\/v2\/media\/39010"}],"wp:attachment":[{"href":"https:\/\/hummy.ee\/lt\/wp-json\/wp\/v2\/media?parent=53459"}],"wp:term":[{"taxonomy":"product_brand","embeddable":true,"href":"https:\/\/hummy.ee\/lt\/wp-json\/wp\/v2\/product_brand?post=53459"},{"taxonomy":"product_cat","embeddable":true,"href":"https:\/\/hummy.ee\/lt\/wp-json\/wp\/v2\/product_cat?post=53459"},{"taxonomy":"product_tag","embeddable":true,"href":"https:\/\/hummy.ee\/lt\/wp-json\/wp\/v2\/product_tag?post=53459"}],"curies":[{"name":"wp","href":"https:\/\/api.w.org\/{rel}","templated":true}]}}