{"id":53391,"date":"2024-10-03T08:22:34","date_gmt":"2024-10-03T08:22:34","guid":{"rendered":"https:\/\/hummy.ee\/product\/abc-design-samba-salsa-zoom-sedynes-paminkstinimas\/"},"modified":"2026-03-10T13:31:52","modified_gmt":"2026-03-10T13:31:52","slug":"abc-design-samba-salsa-zoom-sedynes-paminkstinimas","status":"publish","type":"product","link":"https:\/\/hummy.ee\/lt\/produktas\/abc-design-samba-salsa-zoom-sedynes-paminkstinimas\/","title":{"rendered":"ABC Design &#8222;Samba\", &#8222;Salsa\", &#8222;Zoom\" s\u0117dyn\u0117s pamink\u0161tinimas"},"content":{"rendered":"<h6><strong><em>Kod\u0117l verta rinktis \u0161\u012f s\u0117dyni\u0173 pagalv\u0117li\u0173 rinkin\u012f?<\/em><\/strong><\/h6>\n<ul>\n<li>\n<h6>Puikus pralaidumas orui - d\u0117l apmu\u0161al\u0173 s\u0117dyn\u0117 i\u0161lieka maloniai v\u0117si ir sausa net kar\u0161tomis dienomis. Alergi\u0161kumas ir saugumas - Med\u017eiagos patikrintos d\u0117l kenksming\u0173 med\u017eiag\u0173 ir tinka jautriai odai. <\/h6>\n<\/li>\n<li>\n<h6>Did\u017eiausias komfortas - itin mink\u0161ti &#8222;CozyCloud\u00ae\" apmu\u0161alai suteikia papildom\u0105 atram\u0105 ir kiekvien\u0105 kelion\u0119 paver\u010dia malonumu.<\/h6>\n<\/li>\n<li>\n<h6>Lengva prie\u017ei\u016bra - med\u017eiaga pagaminta i\u0161 100 % poliesterio ir gali b\u016bti skalbiama rankomis 30 \u00b0C temperat\u016broje. Ergonomi\u0161kas dizainas - prisitaiko prie vaiko poreiki\u0173 ir suteikia maksimali\u0105 atram\u0105. <\/h6>\n<\/li>\n<li>\n<h6>Universalus naudojimas - tinka \u012fvairiems ve\u017eim\u0117liams, tod\u0117l kiekviena kelion\u0117 vaikui bus malonesn\u0117.<\/h6>\n<\/li>\n<\/ul>\n<h6> <\/h6>\n<h6><strong><em>Suderinamas su \u0161iais modeliais:<\/em><\/strong><\/h6>\n<ul>\n<li style=\"list-style-type: none;\">\n<ul data-spread=\"false\">\n<li>\n<h6><a href=\"https:\/\/hummy.ee\/lt\/produktas\/abc-design-salsa-5-air-vezimeliu-rinkinys\/\" target=\"_blank\" rel=\"noopener\">Salsa 5 Air<\/a><\/h6>\n<\/li>\n<li>\n<h6><a href=\"https:\/\/hummy.ee\/lt\/produktas\/abc-design-samba-2-vezimelis\/\" target=\"_blank\" rel=\"noopener\">Samba 2<\/a><\/h6>\n<\/li>\n<li>\n<h6><a href=\"https:\/\/hummy.ee\/lt\/produktas\/abc-design-zoom-2-vezimelis\/\" target=\"_blank\" rel=\"noopener\">Padidinti 2<\/a><\/h6>\n<\/li>\n<\/ul>\n<\/li>\n<\/ul>\n<h6> <\/h6>\n<h6><strong><em>Galimi naudojimo b\u016bdai:<\/em><\/strong><\/h6>\n<ul data-spread=\"false\">\n<li>\n<h6>Puikus s\u0117d\u0117jimo klimatas - u\u017etikrina patogi\u0105 ir saugi\u0105 kelion\u0119.<\/h6>\n<\/li>\n<li>\n<h6>Idealiai tinka ilgiems pasivaik\u0161\u010diojimams - amortizacija padeda i\u0161vengti nuovargio ir palaiko nat\u016brali\u0105 vaiko laikysen\u0105.<\/h6>\n<\/li>\n<li>\n<h6>Apsaugo ve\u017eim\u0117lio s\u0117dyn\u0119 - pailgina ve\u017eim\u0117lio tarnavimo laik\u0105 ir ilgiau i\u0161laiko j\u012f geros b\u016bkl\u0117s.<\/h6>\n<\/li>\n<\/ul>\n<h6> <\/h6>\n<h6><strong><em>Dar daugiau komforto ir prakti\u0161kumo<\/em><\/strong><\/h6>\n<h6>ABC Design s\u0117dyn\u0117s pamink\u0161tinimas sukurtas taip, kad vaikui b\u016bt\u0173 dar patogiau vaik\u0161\u010dioti. D\u0117l i\u0161manios konstrukcijos ir kv\u0117puojan\u010di\u0173 med\u017eiag\u0173 j\u016bs\u0173 vaikas gali m\u0117gautis optimalia temperat\u016bra bet kokiomis s\u0105lygomis. Pamink\u0161tinimo sluoksnis apsaugo nuo per didelio prakaitavimo ir u\u017etikrina, kad j\u016bs\u0173 vaikui b\u016bt\u0173 patogu net ir ilg\u0173 pasivaik\u0161\u010diojim\u0173 metu. Pamink\u0161tinimas ne tik patogus, bet ir stilingas bei prakti\u0161kas. S\u0117dyn\u0117s pamink\u0161tinim\u0105 lengva nuimti ir pri\u017ei\u016br\u0117ti, tod\u0117l j\u016bs\u0173 vaikui visada u\u017etikrinama gaivi ir \u0161vari aplinka.      <\/h6>\n<h6> <\/h6>\n<h6><!-- \/wp:post-content --><\/h6>\n<h6><!-- wp:paragraph --><\/h6>\n<h6><!-- \/wp:paragraph --><\/h6>\n<h6><!-- wp:paragraph --><\/h6>\n<h6><!-- \/wp:paragraph --><\/h6>\n<h6><!-- wp:paragraph --><\/h6>\n<h6><!-- \/wp:paragraph --><\/h6>\n<h6><!-- wp:paragraph --><\/h6>\n<h6> <\/h6>\n<h6 class=\"flex-shrink-0 flex flex-col relative items-end\"><em>Per\u017ei\u016br\u0117kite \u012fvadin\u012f <a href=\"https:\/\/www.youtube.com\/watch?v=8KNJFO-5_x0\">vaizdo \u012fra\u0161\u0105<\/a> ir su\u017einokite daugiau.<\/em><\/h6>\n","protected":false},"excerpt":{"rendered":"<p><!-- wp:heading {\"level\":4} --><\/p>\n<h6 data-pm-slice=\"1 1 []\">ABC Design &#8222;Samba\", &#8222;Salsa\", &#8222;Zoom\" s\u0117dyn\u0117s pamink\u0161tinimas - visi\u0161kas komfortas ma\u017eiesiems nuotyki\u0173 ie\u0161kotojams. Si\u016blome did\u017eiausi\u0105 komfort\u0105 j\u016bs\u0173 vaikui su CozyCloud\u00ae s\u0117dyn\u0117s pagalv\u0117le - mink\u0161ta, kv\u0117puojanti ir palaikanti. \u0160i ergonomi\u0161ka s\u0117dyn\u0117s pagalv\u0117l\u0117 u\u017etikrina puik\u0173 s\u0117d\u0117jimo klimat\u0105 tiek miesto nuotyki\u0173, tiek i\u0161vyk\u0173 \u012f gamt\u0105 metu. Salsa 5 Air, Samba 2 ir Zoom 2 s\u0117dyni\u0173 pagalv\u0117li\u0173 komplektas suteikia j\u016bs\u0173 vaikui visi\u0161k\u0105 s\u0117d\u0117jimo komfort\u0105 ir malon\u0173 poj\u016bt\u012f prie odos kiekvienos kelion\u0117s metu.   <\/h6>\n","protected":false},"featured_media":39110,"comment_status":"closed","ping_status":"closed","template":"","meta":{"_acf_changed":false,"om_disable_all_campaigns":false,"_monsterinsights_skip_tracking":false,"_monsterinsights_sitenote_active":false,"_monsterinsights_sitenote_note":"","_monsterinsights_sitenote_category":0,"_uf_show_specific_survey":0,"_uf_disable_surveys":false,"site-sidebar-layout":"default","site-content-layout":"","ast-site-content-layout":"default","site-content-style":"default","site-sidebar-style":"default","ast-global-header-display":"","ast-banner-title-visibility":"","ast-main-header-display":"","ast-hfb-above-header-display":"","ast-hfb-below-header-display":"","ast-hfb-mobile-header-display":"","site-post-title":"","ast-breadcrumbs-content":"","ast-featured-img":"","footer-sml-layout":"","theme-transparent-header-meta":"default","adv-header-id-meta":"","stick-header-meta":"","header-above-stick-meta":"","header-main-stick-meta":"","header-below-stick-meta":"","astra-migrate-meta-layouts":"set","ast-page-background-enabled":"default","ast-page-background-meta":{"desktop":{"background-color":"var(--ast-global-color-4)","background-image":"","background-repeat":"repeat","background-position":"center center","background-size":"auto","background-attachment":"scroll","background-type":"","background-media":"","overlay-type":"","overlay-color":"","overlay-opacity":"","overlay-gradient":""},"tablet":{"background-color":"","background-image":"","background-repeat":"repeat","background-position":"center center","background-size":"auto","background-attachment":"scroll","background-type":"","background-media":"","overlay-type":"","overlay-color":"","overlay-opacity":"","overlay-gradient":""},"mobile":{"background-color":"","background-image":"","background-repeat":"repeat","background-position":"center center","background-size":"auto","background-attachment":"scroll","background-type":"","background-media":"","overlay-type":"","overlay-color":"","overlay-opacity":"","overlay-gradient":""}},"ast-content-background-meta":{"desktop":{"background-color":"var(--ast-global-color-5)","background-image":"","background-repeat":"repeat","background-position":"center center","background-size":"auto","background-attachment":"scroll","background-type":"","background-media":"","overlay-type":"","overlay-color":"","overlay-opacity":"","overlay-gradient":""},"tablet":{"background-color":"var(--ast-global-color-5)","background-image":"","background-repeat":"repeat","background-position":"center center","background-size":"auto","background-attachment":"scroll","background-type":"","background-media":"","overlay-type":"","overlay-color":"","overlay-opacity":"","overlay-gradient":""},"mobile":{"background-color":"var(--ast-global-color-5)","background-image":"","background-repeat":"repeat","background-position":"center center","background-size":"auto","background-attachment":"scroll","background-type":"","background-media":"","overlay-type":"","overlay-color":"","overlay-opacity":"","overlay-gradient":""}}},"product_brand":[],"product_cat":[525,331,385],"product_tag":[],"class_list":{"0":"post-53391","1":"product","2":"type-product","3":"status-publish","4":"has-post-thumbnail","6":"product_cat-abc-dizainas","7":"product_cat-apipjaustymo-priedai","8":"product_cat-sedyniu-pagalveles","9":"desktop-align-left","10":"tablet-align-left","11":"mobile-align-left","13":"first","14":"instock","15":"taxable","16":"shipping-taxable","17":"purchasable","18":"product-type-variable"},"acf":[],"aioseo_notices":[],"_links":{"self":[{"href":"https:\/\/hummy.ee\/lt\/wp-json\/wp\/v2\/product\/53391","targetHints":{"allow":["GET"]}}],"collection":[{"href":"https:\/\/hummy.ee\/lt\/wp-json\/wp\/v2\/product"}],"about":[{"href":"https:\/\/hummy.ee\/lt\/wp-json\/wp\/v2\/types\/product"}],"replies":[{"embeddable":true,"href":"https:\/\/hummy.ee\/lt\/wp-json\/wp\/v2\/comments?post=53391"}],"version-history":[{"count":6,"href":"https:\/\/hummy.ee\/lt\/wp-json\/wp\/v2\/product\/53391\/revisions"}],"predecessor-version":[{"id":85978,"href":"https:\/\/hummy.ee\/lt\/wp-json\/wp\/v2\/product\/53391\/revisions\/85978"}],"wp:featuredmedia":[{"embeddable":true,"href":"https:\/\/hummy.ee\/lt\/wp-json\/wp\/v2\/media\/39110"}],"wp:attachment":[{"href":"https:\/\/hummy.ee\/lt\/wp-json\/wp\/v2\/media?parent=53391"}],"wp:term":[{"taxonomy":"product_brand","embeddable":true,"href":"https:\/\/hummy.ee\/lt\/wp-json\/wp\/v2\/product_brand?post=53391"},{"taxonomy":"product_cat","embeddable":true,"href":"https:\/\/hummy.ee\/lt\/wp-json\/wp\/v2\/product_cat?post=53391"},{"taxonomy":"product_tag","embeddable":true,"href":"https:\/\/hummy.ee\/lt\/wp-json\/wp\/v2\/product_tag?post=53391"}],"curies":[{"name":"wp","href":"https:\/\/api.w.org\/{rel}","templated":true}]}}