{"id":53374,"date":"2024-11-07T12:28:27","date_gmt":"2024-11-07T12:28:27","guid":{"rendered":"https:\/\/hummy.ee\/product\/nimbel-krepsys\/"},"modified":"2025-11-24T16:04:59","modified_gmt":"2025-11-24T16:04:59","slug":"nimbel-krepsys","status":"publish","type":"product","link":"https:\/\/hummy.ee\/lt\/produktas\/nimbel-krepsys\/","title":{"rendered":"&#8222;Nimbel\" krep\u0161ys"},"content":{"rendered":"<h6><em><strong>&#8222;NIMBEL Baby Carrycot\" - ergonomi\u0161kas ir patogus ne\u0161iojamasis lop\u0161ys kasdieniam naudojimui<\/strong><\/em><\/h6>\n<h6>&#8222;NIMBEL Baby Carrycot\" sukurtas taip, kad u\u017etikrint\u0173 maksimal\u0173 komfort\u0105 ir saugum\u0105 tiek k\u016bdikiui, tiek ve\u017eim\u0117liui.<\/h6>\n<h6><\/h6>\n<ul>\n<li>\n<h6>Ergonomi\u0161ka atrama - nat\u016brali k\u016bdikio &#8222;M\" pad\u0117tis u\u017etikrina tinkam\u0105 klub\u0173 ir stuburo vystym\u0105si ir suma\u017eina nugaros ir klub\u0173 skausm\u0173 rizik\u0105 tiek k\u016bdikiui, tiek ne\u0161iotojui. Tolygus svorio pasiskirstymas apsaugo nuo perkrovos. <\/h6>\n<\/li>\n<li>\n<h6>Did\u017eiausias komfortas - Reguliuojamos petne\u0161os ir klub\u0173 dir\u017eas leid\u017eia d\u0117v\u0117ti ilg\u0105 laik\u0105 nepavargstant.<\/h6>\n<\/li>\n<li>\n<h6>Universalios ne\u0161iojimo galimyb\u0117s - galima ne\u0161ioti priekyje, ant nugaros arba ant klubo, reguliuojant pad\u0117t\u012f pagal vaiko am\u017ei\u0173 ir poreikius.<\/h6>\n<\/li>\n<li>\n<h6>Lengva naudoti ir reguliuoti - greitas ir patogus pritaikymas bei individualus pritaikymas tiek vaikui, tiek d\u0117v\u0117tojui.<\/h6>\n<\/li>\n<li>\n<h6>Ilgaam\u017ei\u0161kumas - tinka k\u016bdikiams nuo naujagimio iki 20 kg, nes u\u017etikrina ilgalaik\u0119 vert\u0119.<\/h6>\n<\/li>\n<li>\n<h6>Kv\u0117puojanti ir lengvai pri\u017ei\u016brima med\u017eiaga - kv\u0117puojantys audiniai u\u017etikrina k\u016bdikiui patogum\u0105, o kad b\u016bt\u0173 lengva pri\u017ei\u016br\u0117ti, juos galima skalbti skalbykl\u0117je.<\/h6>\n<\/li>\n<li>\n<h6>Saugumas ir stabilumas - kokybi\u0161ki dir\u017eai ir tvirtinimo \u012ftaisai saugiai laiko vaik\u0105 ir atitinka tarptautinius saugos standartus.<\/h6>\n<\/li>\n<li>\n<h6>Palaiko k\u016bdikio vystym\u0105si - gerina t\u0117v\u0173 ir k\u016bdikio ry\u0161\u012f, suteikia k\u016bdikiui saugumo jausm\u0105, o t\u0117vai gali laisvai dirbti.<\/h6>\n<\/li>\n<\/ul>\n<h6><strong><em>Funkcijos:<\/em><\/strong><\/h6>\n<ul>\n<li>\n<h6>Apatin\u0117s nugaros dalies atrama - strukt\u016brizuota galvos juosta ir platus klub\u0173 dir\u017eas u\u017etikrina lengviausi\u0105 ir patogiausi\u0105 d\u0117v\u0117jim\u0105.<\/h6>\n<\/li>\n<li>\n<h6>Pamink\u0161tintos petne\u0161os ir klub\u0173 dir\u017eas - mink\u0161ti, bet tvirti dir\u017eai suteikia maksimal\u0173 komfort\u0105 d\u0117vin\u010diajam.<\/h6>\n<\/li>\n<li>\n<h6>OEKO-TEX sertifikuotas kv\u0117puojantis audinys - saugi, mink\u0161ta ir kv\u0117puojanti med\u017eiaga, tinkanti jautriai k\u016bdikio odai.<\/h6>\n<\/li>\n<li>\n<h6>Magnetin\u0117 sagtis - kad b\u016bt\u0173 lengva pritvirtinti ir atlaisvinti nugaros dir\u017eel\u012f.<\/h6>\n<\/li>\n<li>\n<h6>Reguliuojama kaklo atrama - suteikia galvos atram\u0105 tinkamame auk\u0161tyje ir tada, kai reikia.<\/h6>\n<\/li>\n<li>\n<h6>Reguliuojamas s\u0117dyn\u0117s plotis - kad optimaliai tikt\u0173 nuo naujagimio iki ma\u017eo vaiko.<\/h6>\n<\/li>\n<li>\n<h6>Pridedamas stogelis nuo saul\u0117s - apsaugokite vaik\u0105 nuo saul\u0117s ir v\u0117jo su prid\u0117tu UPF 50 stogeliu nuo saul\u0117s.<\/h6>\n<\/li>\n<li>\n<h6>Klubo krep\u0161ys - skirtas ilgiems dir\u017eams laikyti.<\/h6>\n<\/li>\n<\/ul>\n<h6><em>Daugiau informacijos Hummy <a href=\"https:\/\/hummy.ee\/lt\/nimbel-bukite-profesionalus-maiseliu-naudotojas\/\" target=\"_blank\" rel=\"noopener\">tinklara\u0161tyje <\/a>ir \u017ei\u016br\u0117kite \u012fvadin\u012f <a href=\"https:\/\/www.youtube.com\/watch?v=-_GyixYVovk\" target=\"_blank\" rel=\"noopener\">vaizdo \u012fra\u0161\u0105<\/a>.<\/em><\/h6>\n","protected":false},"excerpt":{"rendered":"<h6>&#8222;NIMBEL Baby Carrycot\" sukurtas taip, kad u\u017etikrint\u0173 maksimal\u0173 komfort\u0105 ir saugum\u0105 tiek k\u016bdikiui, tiek ve\u017eim\u0117liui. Ergonomi\u0161ka konstrukcija tolygiai paskirsto svor\u012f, tod\u0117l ma\u017eiau apkraunama nugara ir pe\u010diai. Tinka naujagimiams ir ma\u017eiems vaikams, tod\u0117l galima ne\u0161ioti \u012fvairiose pad\u0117tyse ir u\u017etikrinti optimali\u0105 atram\u0105 bei patogum\u0105 bet kokio am\u017eiaus vaikams.  <\/h6>\n","protected":false},"featured_media":47354,"comment_status":"open","ping_status":"closed","template":"","meta":{"_acf_changed":false,"om_disable_all_campaigns":false,"_monsterinsights_skip_tracking":false,"_monsterinsights_sitenote_active":false,"_monsterinsights_sitenote_note":"","_monsterinsights_sitenote_category":0,"_uf_show_specific_survey":0,"_uf_disable_surveys":false,"site-sidebar-layout":"default","site-content-layout":"","ast-site-content-layout":"default","site-content-style":"default","site-sidebar-style":"default","ast-global-header-display":"","ast-banner-title-visibility":"","ast-main-header-display":"","ast-hfb-above-header-display":"","ast-hfb-below-header-display":"","ast-hfb-mobile-header-display":"","site-post-title":"","ast-breadcrumbs-content":"","ast-featured-img":"","footer-sml-layout":"","theme-transparent-header-meta":"default","adv-header-id-meta":"","stick-header-meta":"","header-above-stick-meta":"","header-main-stick-meta":"","header-below-stick-meta":"","astra-migrate-meta-layouts":"set","ast-page-background-enabled":"default","ast-page-background-meta":{"desktop":{"background-color":"var(--ast-global-color-4)","background-image":"","background-repeat":"repeat","background-position":"center center","background-size":"auto","background-attachment":"scroll","background-type":"","background-media":"","overlay-type":"","overlay-color":"","overlay-opacity":"","overlay-gradient":""},"tablet":{"background-color":"","background-image":"","background-repeat":"repeat","background-position":"center center","background-size":"auto","background-attachment":"scroll","background-type":"","background-media":"","overlay-type":"","overlay-color":"","overlay-opacity":"","overlay-gradient":""},"mobile":{"background-color":"","background-image":"","background-repeat":"repeat","background-position":"center center","background-size":"auto","background-attachment":"scroll","background-type":"","background-media":"","overlay-type":"","overlay-color":"","overlay-opacity":"","overlay-gradient":""}},"ast-content-background-meta":{"desktop":{"background-color":"var(--ast-global-color-5)","background-image":"","background-repeat":"repeat","background-position":"center center","background-size":"auto","background-attachment":"scroll","background-type":"","background-media":"","overlay-type":"","overlay-color":"","overlay-opacity":"","overlay-gradient":""},"tablet":{"background-color":"var(--ast-global-color-5)","background-image":"","background-repeat":"repeat","background-position":"center center","background-size":"auto","background-attachment":"scroll","background-type":"","background-media":"","overlay-type":"","overlay-color":"","overlay-opacity":"","overlay-gradient":""},"mobile":{"background-color":"var(--ast-global-color-5)","background-image":"","background-repeat":"repeat","background-position":"center center","background-size":"auto","background-attachment":"scroll","background-type":"","background-media":"","overlay-type":"","overlay-color":"","overlay-opacity":"","overlay-gradient":""}}},"product_brand":[],"product_cat":[506,896,895],"product_tag":[],"class_list":{"0":"post-53374","1":"product","2":"type-product","3":"status-publish","4":"has-post-thumbnail","6":"product_cat-kampanija","7":"product_cat-bagazo-krepsiai","8":"product_cat-nimble-lt","9":"desktop-align-left","10":"tablet-align-left","11":"mobile-align-left","13":"first","14":"instock","15":"sale","16":"taxable","17":"shipping-taxable","18":"purchasable","19":"product-type-variable"},"acf":[],"aioseo_notices":[],"_links":{"self":[{"href":"https:\/\/hummy.ee\/lt\/wp-json\/wp\/v2\/product\/53374","targetHints":{"allow":["GET"]}}],"collection":[{"href":"https:\/\/hummy.ee\/lt\/wp-json\/wp\/v2\/product"}],"about":[{"href":"https:\/\/hummy.ee\/lt\/wp-json\/wp\/v2\/types\/product"}],"replies":[{"embeddable":true,"href":"https:\/\/hummy.ee\/lt\/wp-json\/wp\/v2\/comments?post=53374"}],"version-history":[{"count":3,"href":"https:\/\/hummy.ee\/lt\/wp-json\/wp\/v2\/product\/53374\/revisions"}],"predecessor-version":[{"id":74901,"href":"https:\/\/hummy.ee\/lt\/wp-json\/wp\/v2\/product\/53374\/revisions\/74901"}],"wp:featuredmedia":[{"embeddable":true,"href":"https:\/\/hummy.ee\/lt\/wp-json\/wp\/v2\/media\/47354"}],"wp:attachment":[{"href":"https:\/\/hummy.ee\/lt\/wp-json\/wp\/v2\/media?parent=53374"}],"wp:term":[{"taxonomy":"product_brand","embeddable":true,"href":"https:\/\/hummy.ee\/lt\/wp-json\/wp\/v2\/product_brand?post=53374"},{"taxonomy":"product_cat","embeddable":true,"href":"https:\/\/hummy.ee\/lt\/wp-json\/wp\/v2\/product_cat?post=53374"},{"taxonomy":"product_tag","embeddable":true,"href":"https:\/\/hummy.ee\/lt\/wp-json\/wp\/v2\/product_tag?post=53374"}],"curies":[{"name":"wp","href":"https:\/\/api.w.org\/{rel}","templated":true}]}}