{"id":53367,"date":"2024-11-01T20:51:31","date_gmt":"2024-11-01T20:51:31","guid":{"rendered":"https:\/\/hummy.ee\/product\/vaiku-begimo-takelis-linksmas-ir-saugus\/"},"modified":"2025-08-13T08:50:31","modified_gmt":"2025-08-13T08:50:31","slug":"vaiku-begimo-takelis-linksmas-ir-saugus","status":"publish","type":"product","link":"https:\/\/hummy.ee\/lt\/produktas\/vaiku-begimo-takelis-linksmas-ir-saugus\/","title":{"rendered":"Vaik\u0173 b\u0117gimo takelis - linksmas ir saugus"},"content":{"rendered":"<h6><strong><em>Kod\u0117l verta rinktis b\u0117gimo takel\u012f?<\/em><\/strong><\/h6>\n<p>&nbsp;<\/p>\n<ul>\n<li>\n<h6>Dviratis be pedal\u0173 leid\u017eia vaikui lavinti pusiausvyr\u0105 ir koj\u0173 koordinacij\u0105, o tai yra b\u016btinas pasirengimas va\u017eiuoti tikru dvira\u010diu.<\/h6>\n<\/li>\n<li>\n<h6>Skatina savaranki\u0161kum\u0105 ir pasitik\u0117jim\u0105 savimi - vaikas i\u0161moksta pats kontroliuoti savo judesius ir greit\u012f, tod\u0117l \u012fgyja daugiau laisv\u0117s ir pasitik\u0117jimo savimi.<\/h6>\n<\/li>\n<li>\n<h6>Saugus ir patogus - d\u0117l \u017eemo r\u0117mo konstrukcijos vaikas gali lengvai u\u017elipti ant dvira\u010dio ir nulipti nuo jo, neslystan\u010dios rankenos u\u017etikrina saug\u0173 sukibim\u0105, o auk\u0161tos kokyb\u0117s ratai - skland\u0173 ir stabil\u0173 va\u017eiavim\u0105.<\/h6>\n<\/li>\n<li>\n<h6>Lengvas ir patvarus - d\u0117l lengvos b\u0117gimo takelio konstrukcijos vaikas gali pats juo manevruoti, o t\u0117vai prireikus gali lengvai j\u012f ne\u0161iotis su savimi.<\/h6>\n<\/li>\n<\/ul>\n<h6><strong><em>Funkcijos ir specifikacijos<\/em><\/strong><\/h6>\n<p>&nbsp;<\/p>\n<ul>\n<li>\n<h6>Tinka 2-5 met\u0173 am\u017eiaus vaikams<\/h6>\n<\/li>\n<li>\n<h6>Rat\u0173 dydis: 10-12 coli\u0173 (priklausomai nuo modelio).<\/h6>\n<\/li>\n<li>\n<h6>Reguliuojamas balnelis ir vairas - reguliuojamas pagal vaiko \u016bg\u012f<\/h6>\n<\/li>\n<li>\n<h6>Ergonomi\u0161kas dizainas - patogus ir saugus naudojimas<\/h6>\n<\/li>\n<li>\n<h6>Tvirtas, bet lengvas r\u0117mas - lengva tvarkyti ir transportuoti<\/h6>\n<\/li>\n<li>\n<h6>Smagus b\u016bdas mokytis ir atrasti<\/h6>\n<\/li>\n<\/ul>\n<h6><\/h6>\n<h6>Vaiki\u0161kas b\u0117gimo takelis n\u0117ra tik jud\u0117jimo prietaisas - prie\u0161ingai, tai pirmasis vaiko \u017eingsnis \u012f savaranki\u0161ko vairavimo patirties ir jud\u0117jimo \u012fg\u016bd\u017ei\u0173 ugdym\u0105. Jis taip pat leid\u017eia vaikams pa\u017einti aplink\u0105, lavinti \u012fg\u016bd\u017eius ir m\u0117gautis aktyviais \u017eaidimais. Jei ie\u0161kote saugaus ir kokybi\u0161ko pirmojo dviratuko savo vaikui, b\u0117gimo dviratukas neabejotinai yra geriausias pasirinkimas!  <\/h6>\n<h6><\/h6>\n<p>&nbsp;<\/p>\n<h6><em>Vadovas<a href=\"https:\/\/hummy.ee\/wp-content\/uploads\/2024\/11\/balansinis_dviratis_instrukcija_210x148.pdf\"> PDF<\/a><\/em><\/h6>\n","protected":false},"excerpt":{"rendered":"<h6>Naujasis &#8222;Tutis\" b\u0117gimo takelis i\u0161pildo ma\u017e\u0173 vaik\u0173 svajon\u0119 ir si\u016blo jiems patog\u0173, saug\u0173 ir smag\u0173 b\u016bd\u0105 m\u0117gautis jud\u0117jimu. Specialiai sukurtas 90-115 cm \u016bgio vaikams, \u0161is riedis padeda lavinti pusiausvyr\u0105, koordinacij\u0105 ir pasitik\u0117jim\u0105 savimi, kiekvien\u0105 pasiva\u017ein\u0117jim\u0105 paversdamas smagiu nuotykiu. <\/h6>\n","protected":false},"featured_media":46626,"comment_status":"open","ping_status":"closed","template":"","meta":{"_acf_changed":false,"om_disable_all_campaigns":false,"_monsterinsights_skip_tracking":false,"_monsterinsights_sitenote_active":false,"_monsterinsights_sitenote_note":"","_monsterinsights_sitenote_category":0,"_uf_show_specific_survey":0,"_uf_disable_surveys":false,"site-sidebar-layout":"default","site-content-layout":"","ast-site-content-layout":"default","site-content-style":"default","site-sidebar-style":"default","ast-global-header-display":"","ast-banner-title-visibility":"","ast-main-header-display":"","ast-hfb-above-header-display":"","ast-hfb-below-header-display":"","ast-hfb-mobile-header-display":"","site-post-title":"","ast-breadcrumbs-content":"","ast-featured-img":"","footer-sml-layout":"","theme-transparent-header-meta":"default","adv-header-id-meta":"","stick-header-meta":"","header-above-stick-meta":"","header-main-stick-meta":"","header-below-stick-meta":"","astra-migrate-meta-layouts":"default","ast-page-background-enabled":"default","ast-page-background-meta":{"desktop":{"background-color":"var(--ast-global-color-4)","background-image":"","background-repeat":"repeat","background-position":"center center","background-size":"auto","background-attachment":"scroll","background-type":"","background-media":"","overlay-type":"","overlay-color":"","overlay-opacity":"","overlay-gradient":""},"tablet":{"background-color":"","background-image":"","background-repeat":"repeat","background-position":"center center","background-size":"auto","background-attachment":"scroll","background-type":"","background-media":"","overlay-type":"","overlay-color":"","overlay-opacity":"","overlay-gradient":""},"mobile":{"background-color":"","background-image":"","background-repeat":"repeat","background-position":"center center","background-size":"auto","background-attachment":"scroll","background-type":"","background-media":"","overlay-type":"","overlay-color":"","overlay-opacity":"","overlay-gradient":""}},"ast-content-background-meta":{"desktop":{"background-color":"var(--ast-global-color-5)","background-image":"","background-repeat":"repeat","background-position":"center center","background-size":"auto","background-attachment":"scroll","background-type":"","background-media":"","overlay-type":"","overlay-color":"","overlay-opacity":"","overlay-gradient":""},"tablet":{"background-color":"var(--ast-global-color-5)","background-image":"","background-repeat":"repeat","background-position":"center center","background-size":"auto","background-attachment":"scroll","background-type":"","background-media":"","overlay-type":"","overlay-color":"","overlay-opacity":"","overlay-gradient":""},"mobile":{"background-color":"var(--ast-global-color-5)","background-image":"","background-repeat":"repeat","background-position":"center center","background-size":"auto","background-attachment":"scroll","background-type":"","background-media":"","overlay-type":"","overlay-color":"","overlay-opacity":"","overlay-gradient":""}}},"product_brand":[],"product_cat":[914,500,915],"product_tag":[337,335],"class_list":{"0":"post-53367","1":"product","2":"type-product","3":"status-publish","4":"has-post-thumbnail","6":"product_cat-begimo-takeliai","7":"product_cat-dovanu-idejos","8":"product_cat-tutis-lt","9":"product_tag-atskiri-produktai","10":"product_tag-pritaikyta-svetaine","11":"desktop-align-left","12":"tablet-align-left","13":"mobile-align-left","15":"first","16":"instock","17":"taxable","18":"shipping-taxable","19":"purchasable","20":"product-type-variable"},"acf":[],"aioseo_notices":[],"_links":{"self":[{"href":"https:\/\/hummy.ee\/lt\/wp-json\/wp\/v2\/product\/53367","targetHints":{"allow":["GET"]}}],"collection":[{"href":"https:\/\/hummy.ee\/lt\/wp-json\/wp\/v2\/product"}],"about":[{"href":"https:\/\/hummy.ee\/lt\/wp-json\/wp\/v2\/types\/product"}],"replies":[{"embeddable":true,"href":"https:\/\/hummy.ee\/lt\/wp-json\/wp\/v2\/comments?post=53367"}],"version-history":[{"count":1,"href":"https:\/\/hummy.ee\/lt\/wp-json\/wp\/v2\/product\/53367\/revisions"}],"predecessor-version":[{"id":66508,"href":"https:\/\/hummy.ee\/lt\/wp-json\/wp\/v2\/product\/53367\/revisions\/66508"}],"wp:featuredmedia":[{"embeddable":true,"href":"https:\/\/hummy.ee\/lt\/wp-json\/wp\/v2\/media\/46626"}],"wp:attachment":[{"href":"https:\/\/hummy.ee\/lt\/wp-json\/wp\/v2\/media?parent=53367"}],"wp:term":[{"taxonomy":"product_brand","embeddable":true,"href":"https:\/\/hummy.ee\/lt\/wp-json\/wp\/v2\/product_brand?post=53367"},{"taxonomy":"product_cat","embeddable":true,"href":"https:\/\/hummy.ee\/lt\/wp-json\/wp\/v2\/product_cat?post=53367"},{"taxonomy":"product_tag","embeddable":true,"href":"https:\/\/hummy.ee\/lt\/wp-json\/wp\/v2\/product_tag?post=53367"}],"curies":[{"name":"wp","href":"https:\/\/api.w.org\/{rel}","templated":true}]}}