{"id":53316,"date":"2024-11-09T09:46:15","date_gmt":"2024-11-09T09:46:15","guid":{"rendered":"https:\/\/hummy.ee\/product\/abc-design-samba-2-vezimeliu-rinkinys\/"},"modified":"2026-04-03T09:11:27","modified_gmt":"2026-04-03T09:11:27","slug":"abc-design-samba-2-vezimeliu-rinkinys","status":"publish","type":"product","link":"https:\/\/hummy.ee\/lt\/produktas\/abc-design-samba-2-vezimeliu-rinkinys\/","title":{"rendered":"ABC Design Samba\u00b2 2in1 ve\u017eim\u0117li\u0173 rinkinys"},"content":{"rendered":"<h6>\n&#13;\n<h6 class=\"wp-block-column\"><strong>Vankrikomplekti<em> kuuluvad:<\/em><\/strong><\/h6>&#13;\n<ul data-spread=\"false\">&#13;\n<li>&#13;\n<h6>Vankrikorv - kasutatav alates s\u00fcnnist<\/h6>&#13;\n<\/li>&#13;\n<li>&#13;\n<h6>Istumisosa - mugav ja ergonoomiline<\/h6>&#13;\n<\/li>&#13;\n<li>&#13;\n<h6>Organisaator-kott - mahutab k\u00f5ik vajalikud esemed<\/h6>&#13;\n<\/li>&#13;\n<li>&#13;\n<h6>CozyCloud\u00ae madrats - kiilukujuline peaosa toetab lapse mugavust<\/h6>&#13;\n<\/li>&#13;\n<li>&#13;\n<h6>Turvakaar - lisaturvalisus lapsele<\/h6>&#13;\n<\/li>&#13;\n<li>&#13;\n<h6>Kaarvari (UPF 50+) - kaitseb p\u00e4ikese ja tuule eest<\/h6>&#13;\n<\/li>&#13;\n<\/ul>&#13;\n<h6><strong><em>Mugavus ja praktilisus igal sammul<\/em><\/strong><\/h6>&#13;\n<h6>Samba 2 vankrikomplekt pakub beebile optimaalset mugavust t\u00e4nu kahele eraldi avatavale \u00f5hutusavale, mis tagavad ideaalse \u00f5huringluse. CozyCloud\u00ae madrats on varustatud \u00f5hutusavadega ning pehmete k\u00f5rgendatud servadega, mis hoiavad beebi pea ohutus kauguses \u00f5hutusaknast.<\/h6>&#13;\n<h6>Kui vajate jalutusk\u00e4ru transportimiseks, saate selle kompaktseks kokku voltida, s\u00e4\u00e4stes ruumi auto pagasiruumis v\u00f5i \u00fchistranspordis. K\u00e4ru saab kiirelt kokku panna ka ilma istet eemaldamata, olenemata selle suunast.<\/h6>&#13;\n<p>\u00a0<\/p>&#13;\n<h6><strong><em>Kasvab koos teie lapsega<\/em><\/strong><\/h6>&#13;\n<h6>Kui beebi kasvab suuremaks, saab vankrikorvi h\u00f5lpsalt istumisosaga asendada. Reguleeritava selja- ja jalatoega iste tagab lapsele parima asendi nii \u00e4rkvel olles kui ka puhkehetkedel. L\u00fckkesanga k\u00f5rgust saab kohandada vastavalt lapsevanema eelistustele, muutes k\u00e4ru mugavaks k\u00f5igile.<\/h6>&#13;\n<p>\u00a0<\/p>&#13;\n<h6><strong><em>Peamised omadused:<\/em><\/strong><\/h6>&#13;\n<ul data-spread=\"false\">&#13;\n<li>&#13;\n<h6>Suured ja torkekindlad \u00f5hkkambriga rattad - sujuv s\u00f5it maastikul<\/h6>&#13;\n<\/li>&#13;\n<li>&#13;\n<h6>Kompaktne ja kerge kokkupandav disain - lihtne transportida<\/h6>&#13;\n<\/li>&#13;\n<li>&#13;\n<h6>T\u00e4islamav magamisasend - maksimaalne mugavus<\/h6>&#13;\n<\/li>&#13;\n<li>&#13;\n<h6>Turvah\u00e4lli kinnitamise v\u00f5imalus - suurem paindlikkus<\/h6>&#13;\n<\/li>&#13;\n<li>&#13;\n<h6>Vetth\u00fclgav materjal - lihtne hooldada<\/h6>&#13;\n<\/li>&#13;\n<li>&#13;\n<h6>Eemaldatavad rattad ja turvakaar - ruumis\u00e4\u00e4stlik hoiustamine<\/h6>&#13;\n<\/li>&#13;\n<li>&#13;\n<h6>HappyBelt\u00ae 5-punkti turvav\u00f6\u00f6s\u00fcsteem - turvaline ja reguleeritav<\/h6>&#13;\n<\/li>&#13;\n<li>&#13;\n<h6>Suur ostukorv (kuni 5 kg) - mahutab k\u00f5ik vajaliku<\/h6>&#13;\n<\/li>&#13;\n<li>&#13;\n<h6>\u00dches t\u00fckis kokkupandav disain - kiire ja lihtne kasutamine<\/h6>&#13;\n<\/li>&#13;\n<\/ul>&#13;\n<h6><strong><em>Sobivus ja \u00fchilduvus:<\/em><\/strong><\/h6>&#13;\n<ul data-spread=\"false\">&#13;\n<li>&#13;\n<h6>Vanusele: alates s\u00fcnnist<\/h6>&#13;\n<\/li>&#13;\n<li>&#13;\n<h6>Kandev\u00f5ime: kuni 27 kg (laps kuni 22 kg + 5 kg lisaraskus ostukorvis)<\/h6>&#13;\n<\/li>&#13;\n<\/ul>&#13;\n<h6><strong><em>\u00dchilduvad turvah\u00e4llid:<\/em><\/strong><\/h6>&#13;\n<ul>&#13;\n<li>&#13;\n<h6>ABC Design:\u00a0Tulip<\/h6>&#13;\n<\/li>&#13;\n<li>&#13;\n<h6>Maxi-Cosi:\u00a0City, Cabrio-Fix, Coral, Pebble, Pebble Plus, Pebble Pro, Pebble 360, Pebble 360 Pro, Pebble 360 Pro 2<\/h6>&#13;\n<\/li>&#13;\n<li>&#13;\n<h6>Cybex:\u00a0Aton, Aton 5, Aton M, Aton M i-size, Aton Q, Aton Q Plus, Aton Q i-size, Cloud T, Cloud Q, Cloud Q Plus, Cloud Z i-size, Cloud Z2 i-size<\/h6>&#13;\n<\/li>&#13;\n<li>&#13;\n<h6>Joie:\u00a0i-Gemm<\/h6>&#13;\n<\/li>&#13;\n<li>&#13;\n<h6>BeSafe:\u00a0iZi Go Modular X1 i-Size<\/h6>&#13;\n<\/li>&#13;\n<li>&#13;\n<h6>Avionaut:\u00a0Cosmo, Pixel, Pro<\/h6>&#13;\n<\/li>&#13;\n<li>&#13;\n<h6>Nuna: Pipa Next i-Size, ARRA Next<\/h6>&#13;\n<\/li>&#13;\n<\/ul>&#13;\n<h6><em>Vaata tutvustavat <a href=\"https:\/\/www.youtube.com\/watch?v=EPGAvaZD_nc\">videot<\/a>.<\/em><\/h6>&#13;\n<p>\u00a0<\/p>&#13;\n<h6 class=\"wp-block-column\"><em>\u00d5iged rattad teevad lapsevankri kasutamise palju mugavamaks! Uuri l\u00e4hemalt Hummy <a href=\"https:\/\/hummy.ee\/kas-minu-beebi-on-esimeseks-talveks-valmis\/\" target=\"_blank\" rel=\"nofollow noopener\">blogist<\/a>, kuidas valida endale ideaalne lahendus.<\/em><\/h6>&#13;\n<h6><\/h6><\/h6>\n","protected":false},"excerpt":{"rendered":"<h6 data-pm-slice=\"1 1 []\">ABC Design &#8222;Samba 2&#8243; ve\u017eim\u0117li\u0173 rinkinys - kompakti\u0161kas ir universalus ve\u017eim\u0117li\u0173 rinkinys, skirtas visoms vietov\u0117ms. Ve\u017eim\u0117li\u0173 rinkinys &#8222;Samba\" yra idealus palydovas miesto gatv\u0117se, parko keliuose ir i\u0161vykose \u012f u\u017emiest\u012f. Auk\u0161tos kokyb\u0117s rutuliniai guoliai, integruota pakaba ir d\u016briams atspar\u016bs oro kamer\u0173 ratai u\u017etikrina skland\u0173 ir patog\u0173 va\u017eiavim\u0105 tiek vaikui, tiek t\u0117vams.  <\/h6>\n","protected":false},"featured_media":41710,"comment_status":"closed","ping_status":"closed","template":"","meta":{"_acf_changed":false,"om_disable_all_campaigns":false,"_monsterinsights_skip_tracking":false,"_monsterinsights_sitenote_active":false,"_monsterinsights_sitenote_note":"","_monsterinsights_sitenote_category":0,"_uf_show_specific_survey":0,"_uf_disable_surveys":false,"site-sidebar-layout":"default","site-content-layout":"","ast-site-content-layout":"default","site-content-style":"default","site-sidebar-style":"default","ast-global-header-display":"","ast-banner-title-visibility":"","ast-main-header-display":"","ast-hfb-above-header-display":"","ast-hfb-below-header-display":"","ast-hfb-mobile-header-display":"","site-post-title":"","ast-breadcrumbs-content":"","ast-featured-img":"","footer-sml-layout":"","theme-transparent-header-meta":"default","adv-header-id-meta":"","stick-header-meta":"","header-above-stick-meta":"","header-main-stick-meta":"","header-below-stick-meta":"","astra-migrate-meta-layouts":"set","ast-page-background-enabled":"default","ast-page-background-meta":{"desktop":{"background-color":"var(--ast-global-color-4)","background-image":"","background-repeat":"repeat","background-position":"center center","background-size":"auto","background-attachment":"scroll","background-type":"","background-media":"","overlay-type":"","overlay-color":"","overlay-opacity":"","overlay-gradient":""},"tablet":{"background-color":"","background-image":"","background-repeat":"repeat","background-position":"center center","background-size":"auto","background-attachment":"scroll","background-type":"","background-media":"","overlay-type":"","overlay-color":"","overlay-opacity":"","overlay-gradient":""},"mobile":{"background-color":"","background-image":"","background-repeat":"repeat","background-position":"center center","background-size":"auto","background-attachment":"scroll","background-type":"","background-media":"","overlay-type":"","overlay-color":"","overlay-opacity":"","overlay-gradient":""}},"ast-content-background-meta":{"desktop":{"background-color":"var(--ast-global-color-5)","background-image":"","background-repeat":"repeat","background-position":"center center","background-size":"auto","background-attachment":"scroll","background-type":"","background-media":"","overlay-type":"","overlay-color":"","overlay-opacity":"","overlay-gradient":""},"tablet":{"background-color":"var(--ast-global-color-5)","background-image":"","background-repeat":"repeat","background-position":"center center","background-size":"auto","background-attachment":"scroll","background-type":"","background-media":"","overlay-type":"","overlay-color":"","overlay-opacity":"","overlay-gradient":""},"mobile":{"background-color":"var(--ast-global-color-5)","background-image":"","background-repeat":"repeat","background-position":"center center","background-size":"auto","background-attachment":"scroll","background-type":"","background-media":"","overlay-type":"","overlay-color":"","overlay-opacity":"","overlay-gradient":""}}},"product_brand":[],"product_cat":[525,390,321],"product_tag":[],"class_list":{"0":"post-53316","1":"product","2":"type-product","3":"status-publish","4":"has-post-thumbnail","6":"product_cat-abc-dizainas","7":"product_cat-cisternos","8":"product_cat-uncategorized-lt","9":"desktop-align-left","10":"tablet-align-left","11":"mobile-align-left","13":"first","14":"instock","15":"taxable","16":"shipping-taxable","17":"purchasable","18":"product-type-variable"},"acf":[],"aioseo_notices":[],"_links":{"self":[{"href":"https:\/\/hummy.ee\/lt\/wp-json\/wp\/v2\/product\/53316","targetHints":{"allow":["GET"]}}],"collection":[{"href":"https:\/\/hummy.ee\/lt\/wp-json\/wp\/v2\/product"}],"about":[{"href":"https:\/\/hummy.ee\/lt\/wp-json\/wp\/v2\/types\/product"}],"replies":[{"embeddable":true,"href":"https:\/\/hummy.ee\/lt\/wp-json\/wp\/v2\/comments?post=53316"}],"version-history":[{"count":10,"href":"https:\/\/hummy.ee\/lt\/wp-json\/wp\/v2\/product\/53316\/revisions"}],"predecessor-version":[{"id":76668,"href":"https:\/\/hummy.ee\/lt\/wp-json\/wp\/v2\/product\/53316\/revisions\/76668"}],"wp:featuredmedia":[{"embeddable":true,"href":"https:\/\/hummy.ee\/lt\/wp-json\/wp\/v2\/media\/41710"}],"wp:attachment":[{"href":"https:\/\/hummy.ee\/lt\/wp-json\/wp\/v2\/media?parent=53316"}],"wp:term":[{"taxonomy":"product_brand","embeddable":true,"href":"https:\/\/hummy.ee\/lt\/wp-json\/wp\/v2\/product_brand?post=53316"},{"taxonomy":"product_cat","embeddable":true,"href":"https:\/\/hummy.ee\/lt\/wp-json\/wp\/v2\/product_cat?post=53316"},{"taxonomy":"product_tag","embeddable":true,"href":"https:\/\/hummy.ee\/lt\/wp-json\/wp\/v2\/product_tag?post=53316"}],"curies":[{"name":"wp","href":"https:\/\/api.w.org\/{rel}","templated":true}]}}