{"id":53302,"date":"2024-11-09T08:29:18","date_gmt":"2024-11-09T08:29:18","guid":{"rendered":"https:\/\/hummy.ee\/product\/abc-design-salsa-5-run-vezimeliu-rinkinys\/"},"modified":"2026-03-18T20:49:31","modified_gmt":"2026-03-18T20:49:31","slug":"abc-design-salsa-5-run-vezimeliu-rinkinys","status":"publish","type":"product","link":"https:\/\/hummy.ee\/lt\/produktas\/abc-design-salsa-5-run-vezimeliu-rinkinys\/","title":{"rendered":"ABC Design Salsa 5 Run 2in1 vagon\u0117li\u0173 rinkinys"},"content":{"rendered":"<h6><strong><em>Rinkin\u012f sudaro:<\/em><\/strong><\/h6>\n<ul data-spread=\"false\">\n<li>\n<h6>Pintin\u0117s i\u0161 vyteli\u0173<\/h6>\n<\/li>\n<li>\n<h6>S\u0117dimoji dalis (\u012fskaitant patogi\u0105 s\u0117dyn\u0119)<\/h6>\n<\/li>\n<li>\n<h6>Organizatoriaus krep\u0161ys<\/h6>\n<\/li>\n<li>\n<h6>Naujas &#8222;CozyCloud\u00ae\" \u010diu\u017einys<\/h6>\n<\/li>\n<li>\n<h6>Turf<\/h6>\n<\/li>\n<li>\n<h6>XXL rank\u0173 atspalvis (UPF 50+)<\/h6>\n<\/li>\n<\/ul>\n<h6><strong><em>Sklandus vairavimas bet kokioje vietov\u0117je<\/em><\/strong><\/h6>\n<ul>\n<li class=\"elementor-widget-container\">\n<h6>Trys dideli pneumatiniai ratai, fiksuojamas priekinis ratas ir auk\u0161tos kokyb\u0117s pakaba u\u017etikrina stabilum\u0105 net ant nelygaus pavir\u0161iaus.<\/h6>\n<\/li>\n<li class=\"elementor-widget-container\">\n<h6>Saugum\u0105 didina rankinis ir stov\u0117jimo stabd\u017eiai ant st\u016bmimo strypo, patikimi grandin\u0117s stabd\u017eiai ir rie\u0161o dir\u017eelis.<\/h6>\n<\/li>\n<li class=\"elementor-widget-container\">\n<h6>\u0160vies\u0105 atspindin\u010dios juostel\u0117s u\u017etikrina geresn\u012f matomum\u0105 esant prastam ap\u0161vietimui.<\/h6>\n<\/li>\n<li class=\"elementor-widget-container\">\n<h6>Mink\u0161t\u0105 s\u0117dyn\u0119 galima nustatyti horizontalioje pad\u0117tyje, kad vaikui b\u016bt\u0173 maksimaliai patogu.<\/h6>\n<\/li>\n<li>\n<h6>Be galo reguliuojami &#8222;HappyBelt\" 5 ta\u0161k\u0173 saugos dir\u017eai u\u017etikrina saugi\u0105 ir patikim\u0105 s\u0117d\u0117jimo pad\u0117t\u012f.<\/h6>\n<\/li>\n<\/ul>\n<h6><strong><em>Prakti\u0161kas ir ergonomi\u0161kas dizainas<\/em><\/strong><\/h6>\n<ul>\n<li>\n<h6>Reguliuojama st\u016bmimo rankena - patogu kiekvienam t\u0117\u010diui<\/h6>\n<\/li>\n<li>\n<h6>&#8222;HappyBelt\" saugos dir\u017e\u0173 sistema - greitas ir paprastas u\u017esegimas<\/h6>\n<\/li>\n<li>\n<h6>Pamink\u0161tintos petne\u0161os - suteikia papildomo komforto<\/h6>\n<\/li>\n<li>\n<h6>Kompakti\u0161ka sulankstoma konstrukcija - lengva transportuoti ir laikyti<\/h6>\n<\/li>\n<li>\n<h6>Kasdieniam naudojimui ir sportui B\u0117gimo takelis &#8222;Salsa 5 Run\" skirtas ne tik sportui. J\u012f taip pat galima naudoti kasdieniams pasivaik\u0161\u010diojimams ir i\u0161vykoms.<\/h6>\n<\/li>\n<li>\n<h6>Komplekte yra ABC Design lop\u0161ys, tod\u0117l j\u012f galima naudoti nuo pat gimimo.<\/h6>\n<\/li>\n<\/ul>\n<h6><strong><em>Papildomos funkcijos:<\/em><\/strong><\/h6>\n<ul>\n<li style=\"list-style-type: none;\">\n<ul data-spread=\"false\">\n<li>\n<h6>Ratai su pakaba ir guoliais<\/h6>\n<\/li>\n<li>\n<h6>Oro ratai<\/h6>\n<\/li>\n<li>\n<h6>Besisukantys ratai<\/h6>\n<\/li>\n<li>\n<h6>Galimyb\u0117 prie r\u0117mo pritvirtinti lop\u0161\u012f<\/h6>\n<\/li>\n<li>\n<h6>Reguliuojamas atlo\u0161as ir koj\u0173 atrama<\/h6>\n<\/li>\n<li>\n<h6>Vandeniui atspari med\u017eiaga<\/h6>\n<\/li>\n<li>\n<h6>Nuimami ratai ir apsauginis strypas<\/h6>\n<\/li>\n<li>\n<h6>Didelis krep\u0161ys (iki 5 kg)<\/h6>\n<\/li>\n<li>\n<h6>Apver\u010diama s\u0117dyn\u0117<\/h6>\n<\/li>\n<li>\n<h6>Transportavimo u\u017eraktas<\/h6>\n<\/li>\n<li>\n<h6>Apver\u010diama s\u0117dyn\u0117<\/h6>\n<\/li>\n<li>\n<h6>Universal\u016bs tvirtinimo ta\u0161kai<\/h6>\n<\/li>\n<li>\n<h6>Vienetinis lankstymas<\/h6>\n<\/li>\n<li data-start=\"2628\" data-end=\"2703\">\n<h6>Tinkamas am\u017eius: nuo gimimo iki 22 kg k\u016bdikio svorio<\/h6>\n<\/li>\n<li data-start=\"2704\" data-end=\"2741\">\n<h6>Did\u017eiausia keliamoji galia: 27 kg (vaikas iki 22 kg + 5 kg papildomai krep\u0161yje).<\/h6>\n<\/li>\n<\/ul>\n<\/li>\n<\/ul>\n<h6><\/h6>\n<h6 data-start=\"2171\" data-end=\"2295\">&#8222;Salsa 5 Run\" taip pat galima naudoti su ve\u017eim\u0117liu, tod\u0117l tai yra prakti\u0161ka kelioni\u0173 sistema. Tinka \u0161iems modeliams:<\/h6>\n<ul>\n<li>\n<h6>ABC Design: Tulp\u0117<\/h6>\n<\/li>\n<li>\n<h6>&#8222;Maxi-Cosi\": &#8222;City\", &#8222;Convertible-Fix\", &#8222;Coral\", &#8222;Pebble\", &#8222;Pebble Plus\", &#8222;Pebble Pro\", &#8222;Pebble 360&#8243;, &#8222;Pebble 360 Pro\", &#8222;Pebble 360 Pro 2&#8243;.<\/h6>\n<\/li>\n<li>\n<h6>&#8222;Cybex\": &#8222;Aton\", &#8222;Aton 5&#8243;, &#8222;Aton M\", &#8222;Aton M i-size\", &#8222;Aton Q\", &#8222;Aton Q Plus\", &#8222;Aton Q i-size\", &#8222;Cloud T\", &#8222;Cloud Q\", &#8222;Cloud Q Plus\", &#8222;Cloud Z i-size\", &#8222;Cloud Z2 i-size\".<\/h6>\n<\/li>\n<li>\n<h6>Joie: i-Gemm<\/h6>\n<\/li>\n<li>\n<h6>&#8222;BeSafe\": &#8222;iZi Go Modular X1 i-Size<\/h6>\n<\/li>\n<li>\n<h6>Avionaut: &#8222;Cosmo\", &#8222;Pixel\", &#8222;Pro<\/h6>\n<\/li>\n<li>\n<h6>&#8222;Nuna\": Pipa Next i-Size, ARRA Next<\/h6>\n<\/li>\n<\/ul>\n<h6 data-start=\"2599\" data-end=\"2627\"><\/h6>\n<h6><em>Per\u017ei\u016br\u0117kite \u012fvadin\u012f <a href=\"https:\/\/www.youtube.com\/watch?v=CTDmPW1ZHTo\">vaizdo \u012fra\u0161\u0105<\/a> ir su\u017einokite daugiau.<\/em><\/h6>\n<h6><\/h6>\n<h6><em>D\u0117l tinkam\u0173 rat\u0173 ve\u017eim\u0117liu naudotis daug patogiau! Daugiau informacijos apie tai, kaip i\u0161sirinkti tinkamiausi\u0105 sprendim\u0105, rasite Hummy <a href=\"https:\/\/hummy.ee\/lt\/koki-vezimeli-su-ratukais-tureciau-pasirinkti\/\" target=\"_blank\" rel=\"nofollow noopener\">tinklara\u0161tyje<\/a>. <\/em><\/h6>\n","protected":false},"excerpt":{"rendered":"<div class=\"elementor-element elementor-element-c67379b elementor-widget elementor-widget-woocommerce-product-short-description\" data-id=\"c67379b\" data-element_type=\"widget\" data-widget_type=\"woocommerce-product-short-description.default\">\n<div class=\"elementor-widget-container\">\n<div class=\"woocommerce-product-details__short-description\">\n<h6 data-pm-slice=\"1 1 []\">ABC Design &#8222;Salsa 5 Run\" ve\u017eim\u0117lio komplektas - sporti\u0161kas ir patogus aktyvioms \u0161eimoms. Atraskite b\u0117gimo ve\u017eim\u0117l\u012f, kuris pavers j\u016bs\u0173 vaik\u0105 treniruo\u010di\u0173 palydovu. Nesvarbu, ar tai b\u016bt\u0173 rytinis b\u0117gimas, ar pasiva\u017ein\u0117jimas riedu\u010diais po darbo, \u0161is lengvas ir patogus ve\u017eim\u0117lio komplektas palaiko aktyv\u0173 gyvenimo b\u016bd\u0105 ir u\u017etikrina saug\u0173 bei stabil\u0173 va\u017eiavim\u0105 j\u016bs\u0173 vaikui.<\/h6>\n<\/div>\n<\/div>\n<\/div>\n<p><!-- \/wp:heading --><\/p>\n<p><!-- wp:paragraph --><\/p>\n","protected":false},"featured_media":41638,"comment_status":"closed","ping_status":"closed","template":"","meta":{"_acf_changed":false,"om_disable_all_campaigns":false,"_monsterinsights_skip_tracking":false,"_monsterinsights_sitenote_active":false,"_monsterinsights_sitenote_note":"","_monsterinsights_sitenote_category":0,"_uf_show_specific_survey":0,"_uf_disable_surveys":false,"site-sidebar-layout":"default","site-content-layout":"","ast-site-content-layout":"default","site-content-style":"default","site-sidebar-style":"default","ast-global-header-display":"","ast-banner-title-visibility":"","ast-main-header-display":"","ast-hfb-above-header-display":"","ast-hfb-below-header-display":"","ast-hfb-mobile-header-display":"","site-post-title":"","ast-breadcrumbs-content":"","ast-featured-img":"","footer-sml-layout":"","theme-transparent-header-meta":"default","adv-header-id-meta":"","stick-header-meta":"","header-above-stick-meta":"","header-main-stick-meta":"","header-below-stick-meta":"","astra-migrate-meta-layouts":"set","ast-page-background-enabled":"default","ast-page-background-meta":{"desktop":{"background-color":"var(--ast-global-color-4)","background-image":"","background-repeat":"repeat","background-position":"center center","background-size":"auto","background-attachment":"scroll","background-type":"","background-media":"","overlay-type":"","overlay-color":"","overlay-opacity":"","overlay-gradient":""},"tablet":{"background-color":"","background-image":"","background-repeat":"repeat","background-position":"center center","background-size":"auto","background-attachment":"scroll","background-type":"","background-media":"","overlay-type":"","overlay-color":"","overlay-opacity":"","overlay-gradient":""},"mobile":{"background-color":"","background-image":"","background-repeat":"repeat","background-position":"center center","background-size":"auto","background-attachment":"scroll","background-type":"","background-media":"","overlay-type":"","overlay-color":"","overlay-opacity":"","overlay-gradient":""}},"ast-content-background-meta":{"desktop":{"background-color":"var(--ast-global-color-5)","background-image":"","background-repeat":"repeat","background-position":"center center","background-size":"auto","background-attachment":"scroll","background-type":"","background-media":"","overlay-type":"","overlay-color":"","overlay-opacity":"","overlay-gradient":""},"tablet":{"background-color":"var(--ast-global-color-5)","background-image":"","background-repeat":"repeat","background-position":"center center","background-size":"auto","background-attachment":"scroll","background-type":"","background-media":"","overlay-type":"","overlay-color":"","overlay-opacity":"","overlay-gradient":""},"mobile":{"background-color":"var(--ast-global-color-5)","background-image":"","background-repeat":"repeat","background-position":"center center","background-size":"auto","background-attachment":"scroll","background-type":"","background-media":"","overlay-type":"","overlay-color":"","overlay-opacity":"","overlay-gradient":""}}},"product_brand":[],"product_cat":[525,570,390,321],"product_tag":[],"class_list":{"0":"post-53302","1":"product","2":"type-product","3":"status-publish","4":"has-post-thumbnail","6":"product_cat-abc-dizainas","7":"product_cat-sporto-vezimeliai","8":"product_cat-cisternos","9":"product_cat-uncategorized-lt","10":"desktop-align-left","11":"tablet-align-left","12":"mobile-align-left","14":"first","15":"instock","16":"sale","17":"taxable","18":"shipping-taxable","19":"purchasable","20":"product-type-variable"},"acf":[],"aioseo_notices":[],"_links":{"self":[{"href":"https:\/\/hummy.ee\/lt\/wp-json\/wp\/v2\/product\/53302","targetHints":{"allow":["GET"]}}],"collection":[{"href":"https:\/\/hummy.ee\/lt\/wp-json\/wp\/v2\/product"}],"about":[{"href":"https:\/\/hummy.ee\/lt\/wp-json\/wp\/v2\/types\/product"}],"replies":[{"embeddable":true,"href":"https:\/\/hummy.ee\/lt\/wp-json\/wp\/v2\/comments?post=53302"}],"version-history":[{"count":16,"href":"https:\/\/hummy.ee\/lt\/wp-json\/wp\/v2\/product\/53302\/revisions"}],"predecessor-version":[{"id":86230,"href":"https:\/\/hummy.ee\/lt\/wp-json\/wp\/v2\/product\/53302\/revisions\/86230"}],"wp:featuredmedia":[{"embeddable":true,"href":"https:\/\/hummy.ee\/lt\/wp-json\/wp\/v2\/media\/41638"}],"wp:attachment":[{"href":"https:\/\/hummy.ee\/lt\/wp-json\/wp\/v2\/media?parent=53302"}],"wp:term":[{"taxonomy":"product_brand","embeddable":true,"href":"https:\/\/hummy.ee\/lt\/wp-json\/wp\/v2\/product_brand?post=53302"},{"taxonomy":"product_cat","embeddable":true,"href":"https:\/\/hummy.ee\/lt\/wp-json\/wp\/v2\/product_cat?post=53302"},{"taxonomy":"product_tag","embeddable":true,"href":"https:\/\/hummy.ee\/lt\/wp-json\/wp\/v2\/product_tag?post=53302"}],"curies":[{"name":"wp","href":"https:\/\/api.w.org\/{rel}","templated":true}]}}