{"id":53292,"date":"2025-01-30T09:19:07","date_gmt":"2025-01-30T09:19:07","guid":{"rendered":"https:\/\/hummy.ee\/product\/abc-design-salsa-5-air-vezimelio-komplektas-maxi-cosi-pebble-360-pro%c2%b2\/"},"modified":"2026-03-18T20:49:48","modified_gmt":"2026-03-18T20:49:48","slug":"abc-design-salsa-5-air-vezimelio-komplektas-maxi-cosi-pebble-360-pro%c2%b2","status":"publish","type":"product","link":"https:\/\/hummy.ee\/lt\/produktas\/abc-design-salsa-5-air-vezimelio-komplektas-maxi-cosi-pebble-360-pro%c2%b2\/","title":{"rendered":"&#8222;ABC Design Salsa 5 Air 3in1 Maxi-Cosi\" rinkinys"},"content":{"rendered":"<h6><strong><em>Rinkin\u012f sudaro:<\/em><\/strong><\/h6>\n<ul>\n<li data-start=\"344\" data-end=\"872\">\n<h6>Pintin\u0117s i\u0161 vyteli\u0173<\/h6>\n<\/li>\n<li data-start=\"344\" data-end=\"872\">\n<h6>S\u0117dimoji dalis (\u012fskaitant patogi\u0105 s\u0117dyn\u0119)<\/h6>\n<\/li>\n<li data-start=\"344\" data-end=\"872\">\n<h6>Organizatorius<\/h6>\n<\/li>\n<li data-start=\"344\" data-end=\"872\">\n<h6>&#8222;CozyCloud\u00ae\" \u010diu\u017einiai<\/h6>\n<\/li>\n<li data-start=\"344\" data-end=\"872\">\n<h6>&#8222;Maxi-Cosi Pebble 360 Pro\u00b2\" ve\u017eim\u0117lis (galima \u012fsigyti avokado, gamtos, juodos ir grafito spalv\u0173)<\/h6>\n<\/li>\n<li data-start=\"344\" data-end=\"872\">\n<h6>Saugaus lop\u0161io adapteriai<\/h6>\n<\/li>\n<\/ul>\n<h6><\/h6>\n<h6><strong><em>Komfortas ir saugumas nuo pat pirmos dienos<\/em><\/strong><\/h6>\n<h6>&#8222;Salsa 5 Air\" lop\u0161ys u\u017etikrina maksimal\u0173 komfort\u0105 ir saugum\u0105 j\u016bs\u0173 k\u016bdikiui. Ergonomi\u0161kas CozyCloud\u00ae \u010diu\u017einys su kv\u0117puojan\u010dia med\u017eiaga padeda i\u0161laikyti ideali\u0105 miego pad\u0117t\u012f. Du atskiri v\u0117dinimo langeliai u\u017etikrina optimali\u0105 oro cirkuliacij\u0105, o lop\u0161\u012f galima lengvai sulankstyti, kad sutaupytum\u0117te vietos.<\/h6>\n<p>&nbsp;<\/p>\n<h6>Vaikui augant lop\u0161\u012f galima pakeisti s\u0117dim\u0105ja dalimi, kuri visi\u0161kai prisitaiko prie vaiko poreiki\u0173. Reguliuojamas atlo\u0161as leid\u017eia pasirinkti keturis skirtingus pasvirimus, \u012fskaitant visi\u0161kai atsilo\u0161usi\u0105 pad\u0117t\u012f. Kv\u0117puojanti s\u0117dyn\u0117s pagalv\u0117l\u0117 ir ventiliacijos langelis atlo\u0161e u\u017etikrina malon\u0173 s\u0117d\u0117jimo klimat\u0105.<\/h6>\n<p>&nbsp;<\/p>\n<h6>&#8222;HappyBelt\u00ae\" 5 ta\u0161k\u0173 saugos dir\u017eai su magnetin\u0117mis sagtimis leid\u017eia lengvai ir saugiai pritvirtinti vaik\u0105. Pamink\u0161tinti petne\u0161\u0117li\u0173 dir\u017eeliai i\u0161lieka savo vietoje, kad k\u016bdikis visada b\u016bt\u0173 patogus ir saugus.<\/h6>\n<h6><\/h6>\n<p>&nbsp;<\/p>\n<h6><strong><em>Lengva naudoti ir kompakti\u0161kas dizainas<\/em><\/strong><\/h6>\n<h6>&#8222;Salsa 5 Air\" ve\u017eim\u0117lio komplektas puikiai tinka \u012fvairaus \u016bgio t\u0117vams. Ve\u017eim\u0117lio auk\u0161t\u012f galima reguliuoti, kad rastum\u0117te tinkam\u0105 pad\u0117t\u012f. D\u0117l kompakti\u0161ko sulankstymo mechanizmo ve\u017eim\u0117l\u012f galima greitai ir lengvai sulankstyti, net kai s\u0117dyn\u0117 pritvirtinta prie r\u0117mo.<\/h6>\n<h6>Be to, &#8222;ABC Design\" universalus tvirtinimas leid\u017eia prie ve\u017eim\u0117lio pritvirtinti papildomus priedus, pvz., puodelio laikikl\u012f, sauskelni\u0173 krep\u0161\u012f ar \u017eibint\u0105.<\/h6>\n<p>&nbsp;<\/p>\n<h6><strong><em>&#8222;Maxi-Cosi Pebble 360 Pro\u00b2\" automobilin\u0117 k\u0117dut\u0117 - saugi ir patogi keliauti automobiliu<\/em><\/strong><\/h6>\n<h6>Pridedamas &#8222;Maxi-Cosi Pebble 360 Pro\u00b2\" lop\u0161ys-d\u0117\u017eut\u0117 u\u017etikrina did\u017eiausi\u0105 saugum\u0105 ir patogum\u0105. Trys atsilenkimo pad\u0117tys, \u012fskaitant visi\u0161kai horizontali\u0105 miego pad\u0117t\u012f, u\u017etikrina rami\u0105 ir ergonomi\u0161k\u0105 k\u016bdikio poilsio pad\u0117t\u012f tiek automobilyje, tiek ve\u017eim\u0117lyje.<\/h6>\n<p>&nbsp;<\/p>\n<h6><strong><em>Tvirtinimo parinktys:<\/em><\/strong><\/h6>\n<ul>\n<li>\n<h6>Naudokite su 3 ta\u0161k\u0173 automobilio saugos dir\u017eu.<\/h6>\n<\/li>\n<li>\n<h6>Atitinkamas &#8222;Isofix\" lop\u0161ys<a href=\"https:\/\/hummy.ee\/lt\/produktas\/maxi-cosi-familyfix-360-pro-pagrindas\/\" target=\"_blank\" rel=\"noopener\"> &#8222;FamilyFix 360 Pro\",<\/a> kuriuo lop\u0161\u012f galima pasukti ir perkelti \u012f vaiko pus\u0119 (parduodamas atskirai).<\/h6>\n<\/li>\n<\/ul>\n<h6>K\u016bdiki\u0173 ne\u0161iokl\u0117, tinkama k\u016bdikiams nuo gimimo iki 18 m\u0117nesi\u0173 (40-87 cm), buvo puikiai \u012fvertinta &#8222;Stiftung Warentest\" (&#8222;HEA\", 2.2, 2024 m. bir\u017eelis). &#8222;ClimaFlow\" ventiliacija ir kv\u0117puojan\u010dios med\u017eiagos u\u017etikrina optimali\u0105 oro apykait\u0105, o nuimama vidin\u0117 naujagimio pagalv\u0117l\u0117 padeda palaikyti k\u016bdikio k\u016bno pad\u0117t\u012f.<\/h6>\n<h6><\/h6>\n<p>&nbsp;<\/p>\n<h6><strong><em>Automobilyje sumontuota sistema - sklandus per\u0117jimas i\u0161 automobilio \u012f ve\u017eim\u0117l\u012f<\/em><\/strong><\/h6>\n<h6>D\u0117l pridedam\u0173 adapteri\u0173 &#8222;Maxi-Cosi Pebble 360 Pro\u00b2\" galima greitai pritvirtinti prie ve\u017eim\u0117lio &#8222;Salsa 5 Air\". Tai rei\u0161kia, kad kai j\u016bs\u0173 k\u016bdikis miega automobilyje, galite skland\u017eiai pakelti lop\u0161\u012f ant ve\u017eim\u0117lio jo nepabudindami.<\/h6>\n<h6>Be to, lop\u0161ys savo spalva ir stiliumi dera prie &#8222;Salsa 5 Air\" ve\u017eim\u0117li\u0173 komplekto, tod\u0117l atrodo vientisai ir eleganti\u0161kai.<\/h6>\n<h6><\/h6>\n<p>&nbsp;<\/p>\n<h6><em>Su\u017einokite daugiau apie ve\u017eim\u0117lio rinkin\u012f \u012fvadiniame <a href=\"https:\/\/www.youtube.com\/watch?v=maCr4x398MI&amp;embeds_referring_euri=https%3A%2F%2Fwww.abc-design.de%2F&amp;embeds_referring_origin=https%3A%2F%2Fwww.abc-design.de\" target=\"_blank\" rel=\"noopener\">vaizdo \u012fra\u0161e<\/a>.<\/em><\/h6>\n<p>&nbsp;<\/p>\n<h6 class=\"wp-block-column\"><em>D\u0117l tinkam\u0173 rat\u0173 ve\u017eim\u0117liu naudotis daug patogiau! Daugiau informacijos apie tai, kaip i\u0161sirinkti tinkamiausi\u0105 sprendim\u0105, rasite Hummy <a href=\"https:\/\/hummy.ee\/lt\/koki-vezimeli-su-ratukais-tureciau-pasirinkti\/\" target=\"_blank\" rel=\"nofollow noopener\">tinklara\u0161tyje<\/a>. <\/em><\/h6>\n","protected":false},"excerpt":{"rendered":"<h6 class=\"lRu31\" dir=\"ltr\">Su \u0161iuo prakti\u0161ku &#8222;ABC Design Salsa 5 Air\" ve\u017eim\u0117lio komplektu j\u016bs\u0173 k\u016bdikis nuo pat pirmos dienos gal\u0117s m\u0117gautis saugia, patogia ir atpalaiduojan\u010dia kelione - ve\u017eim\u0117lyje, automobilyje ir kaip kelioni\u0173 sistema su &#8222;Maxi-Cosi\" k\u016bdiki\u0173 ve\u017eim\u0117liu. K\u016bdikiui bus maksimaliai patogu gul\u0117ti ir miegoti tiek ve\u017eim\u0117lyje, tiek lop\u0161yje, o saugumas visada garantuotas. Tai u\u017etikrina du auk\u0161tos kokyb\u0117s ir saug\u016bs gaminiai viename: &#8222;ABC Design Salsa 5 Air\" ve\u017eim\u0117lio komplektas ir &#8222;Maxi-Cosi Pebble 360 Pro\u00b2\" lop\u0161ys.<\/h6>\n<h6><\/h6>\n","protected":false},"featured_media":40094,"comment_status":"open","ping_status":"closed","template":"","meta":{"_acf_changed":false,"om_disable_all_campaigns":false,"_monsterinsights_skip_tracking":false,"_monsterinsights_sitenote_active":false,"_monsterinsights_sitenote_note":"","_monsterinsights_sitenote_category":0,"_uf_show_specific_survey":0,"_uf_disable_surveys":false,"site-sidebar-layout":"no-sidebar","site-content-layout":"","ast-site-content-layout":"full-width-container","site-content-style":"default","site-sidebar-style":"default","ast-global-header-display":"","ast-banner-title-visibility":"","ast-main-header-display":"","ast-hfb-above-header-display":"","ast-hfb-below-header-display":"","ast-hfb-mobile-header-display":"","site-post-title":"disabled","ast-breadcrumbs-content":"","ast-featured-img":"disabled","footer-sml-layout":"","theme-transparent-header-meta":"default","adv-header-id-meta":"","stick-header-meta":"","header-above-stick-meta":"","header-main-stick-meta":"","header-below-stick-meta":"","astra-migrate-meta-layouts":"set","ast-page-background-enabled":"default","ast-page-background-meta":{"desktop":{"background-color":"var(--ast-global-color-4)","background-image":"","background-repeat":"repeat","background-position":"center center","background-size":"auto","background-attachment":"scroll","background-type":"","background-media":"","overlay-type":"","overlay-color":"","overlay-opacity":"","overlay-gradient":""},"tablet":{"background-color":"","background-image":"","background-repeat":"repeat","background-position":"center center","background-size":"auto","background-attachment":"scroll","background-type":"","background-media":"","overlay-type":"","overlay-color":"","overlay-opacity":"","overlay-gradient":""},"mobile":{"background-color":"","background-image":"","background-repeat":"repeat","background-position":"center center","background-size":"auto","background-attachment":"scroll","background-type":"","background-media":"","overlay-type":"","overlay-color":"","overlay-opacity":"","overlay-gradient":""}},"ast-content-background-meta":{"desktop":{"background-color":"var(--ast-global-color-5)","background-image":"","background-repeat":"repeat","background-position":"center center","background-size":"auto","background-attachment":"scroll","background-type":"","background-media":"","overlay-type":"","overlay-color":"","overlay-opacity":"","overlay-gradient":""},"tablet":{"background-color":"var(--ast-global-color-5)","background-image":"","background-repeat":"repeat","background-position":"center center","background-size":"auto","background-attachment":"scroll","background-type":"","background-media":"","overlay-type":"","overlay-color":"","overlay-opacity":"","overlay-gradient":""},"mobile":{"background-color":"var(--ast-global-color-5)","background-image":"","background-repeat":"repeat","background-position":"center center","background-size":"auto","background-attachment":"scroll","background-type":"","background-media":"","overlay-type":"","overlay-color":"","overlay-opacity":"","overlay-gradient":""}}},"product_brand":[],"product_cat":[525,390,321],"product_tag":[],"class_list":{"0":"post-53292","1":"product","2":"type-product","3":"status-publish","4":"has-post-thumbnail","6":"product_cat-abc-dizainas","7":"product_cat-cisternos","8":"product_cat-uncategorized-lt","9":"desktop-align-left","10":"tablet-align-left","11":"mobile-align-left","13":"first","14":"instock","15":"sale","16":"taxable","17":"shipping-taxable","18":"purchasable","19":"product-type-variable"},"acf":[],"aioseo_notices":[],"_links":{"self":[{"href":"https:\/\/hummy.ee\/lt\/wp-json\/wp\/v2\/product\/53292","targetHints":{"allow":["GET"]}}],"collection":[{"href":"https:\/\/hummy.ee\/lt\/wp-json\/wp\/v2\/product"}],"about":[{"href":"https:\/\/hummy.ee\/lt\/wp-json\/wp\/v2\/types\/product"}],"replies":[{"embeddable":true,"href":"https:\/\/hummy.ee\/lt\/wp-json\/wp\/v2\/comments?post=53292"}],"version-history":[{"count":14,"href":"https:\/\/hummy.ee\/lt\/wp-json\/wp\/v2\/product\/53292\/revisions"}],"predecessor-version":[{"id":86232,"href":"https:\/\/hummy.ee\/lt\/wp-json\/wp\/v2\/product\/53292\/revisions\/86232"}],"wp:featuredmedia":[{"embeddable":true,"href":"https:\/\/hummy.ee\/lt\/wp-json\/wp\/v2\/media\/40094"}],"wp:attachment":[{"href":"https:\/\/hummy.ee\/lt\/wp-json\/wp\/v2\/media?parent=53292"}],"wp:term":[{"taxonomy":"product_brand","embeddable":true,"href":"https:\/\/hummy.ee\/lt\/wp-json\/wp\/v2\/product_brand?post=53292"},{"taxonomy":"product_cat","embeddable":true,"href":"https:\/\/hummy.ee\/lt\/wp-json\/wp\/v2\/product_cat?post=53292"},{"taxonomy":"product_tag","embeddable":true,"href":"https:\/\/hummy.ee\/lt\/wp-json\/wp\/v2\/product_tag?post=53292"}],"curies":[{"name":"wp","href":"https:\/\/api.w.org\/{rel}","templated":true}]}}