{"id":53267,"date":"2025-02-02T11:01:04","date_gmt":"2025-02-02T11:01:04","guid":{"rendered":"https:\/\/hummy.ee\/product\/abc-design-samba-2-vezimelio-komplektas-maxi-cosi-pebble-360-pro%c2%b2\/"},"modified":"2026-02-16T09:51:10","modified_gmt":"2026-02-16T09:51:10","slug":"abc-design-samba-2-vezimelio-komplektas-maxi-cosi-pebble-360-pro%c2%b2","status":"publish","type":"product","link":"https:\/\/hummy.ee\/lt\/produktas\/abc-design-samba-2-vezimelio-komplektas-maxi-cosi-pebble-360-pro%c2%b2\/","title":{"rendered":"ABC Design Samba\u00b2 3in1 Maxi-Cosi rinkinys"},"content":{"rendered":"<h6><strong><em><span style=\"font-size: 16px;\">Kal\u0117jimo rinkin\u012f sudaro:<\/span><\/em><\/strong><\/h6>\n<ul>\n<li>\n<h6>Pintin\u0117s i\u0161 vyteli\u0173<\/h6>\n<\/li>\n<li>\n<h6>S\u0117dimoji dalis (\u012fskaitant patogi\u0105 s\u0117dyn\u0119)<\/h6>\n<\/li>\n<li>\n<h6>Organizatorius<\/h6>\n<\/li>\n<li>\n<h6>&#8222;CozyCloud\u00ae\" \u010diu\u017einiai<\/h6>\n<\/li>\n<li>\n<h6>&#8222;Maxi-Cosi Pebble 360 Pro\u00b2\" ve\u017eim\u0117lis (galima \u012fsigyti avokado, gamtos, juodos ir grafito spalv\u0173)<\/h6>\n<\/li>\n<li>\n<h6>Saugaus lop\u0161io adapteriai<\/h6>\n<\/li>\n<\/ul>\n<h6><strong><em>&#8222;Samba 2&#8243; ve\u017eim\u0117li\u0173 komplektas - patogus ir universalus palydovas bet kokioje vietov\u0117je<\/em><\/strong><\/h6>\n<h6>Su universaliu ir universaliu ve\u017eim\u0117liu &#8222;Samba 2&#8243; lengvai nuva\u017eiuosite bet kur. Kompakti\u0161kas ir lengvas ve\u017eim\u0117lis idealiai tinka va\u017ein\u0117ti mieste, o dideli, smaigaliams atspar\u016bs oro pagalv\u0117s ratai, auk\u0161tos kokyb\u0117s rutuliniai guoliai ir integruota pakaba u\u017etikrina maksimal\u0173 komfort\u0105 ir skland\u0173 va\u017eiavim\u0105 j\u016bs\u0173 vaikui.<\/h6>\n<p>&nbsp;<\/p>\n<h6 data-start=\"1081\" data-end=\"1147\"><strong><em>&#8222;Maxi-Cosi Pebble 360 Pro\u00b2\" lop\u0161ys-d\u0117\u017eut\u0117 - auk\u0161\u010diausio lygio saugumas automobilyje<\/em><\/strong><\/h6>\n<h6>Su pridedamais adapteriais &#8222;Maxi-Cosi Pebble 360 Pro\u00b2\" galima pritvirtinti prie &#8222;ABC Design Samba 2&#8243; ve\u017eim\u0117lio - taip j\u016bs\u0173 ve\u017eim\u0117lis paversite prakti\u0161ka kelioni\u0173 sistema.<\/h6>\n<p>&nbsp;<\/p>\n<ul>\n<li>\n<h6>Trys reguliuojami kampai, \u012fskaitant visi\u0161kai atsilo\u0161usi\u0105 pad\u0117t\u012f, kad miegoti automobilyje ar ve\u017eim\u0117lyje b\u016bt\u0173 kuo patogiau.<\/h6>\n<\/li>\n<li>\n<h6>Lengvai tvirtinamas prie automobilio 3 ta\u0161k\u0173 saugos dir\u017eo.<\/h6>\n<\/li>\n<li>\n<h6>Tinkam\u0105 &#8222;ISOFIX\" pagrind\u0105 (<a href=\"https:\/\/hummy.ee\/lt\/produktas\/maxi-cosi-familyfix-360-pro-pagrindas\/\" target=\"_blank\" rel=\"noopener\">&#8222;FamilyFix 360 Pro\") galima \u012fsigyti<\/a> atskirai. Naudodami &#8222;ISOFIX\" lop\u0161\u012f, galite j\u012f pasukti ir pastumti link sav\u0119s, kad vaik\u0105 b\u016bt\u0173 lengviau \u012fkelti ir i\u0161kelti.<\/h6>\n<\/li>\n<li>\n<h6>Lop\u0161\u012f galima naudoti nuo gimimo iki ma\u017edaug 18 m\u0117nesi\u0173 (40-87 cm).<\/h6>\n<\/li>\n<li>\n<h6>&#8222;Stiftung Warentest\" \u012fvertinimas &#8222;HEA\" (2,2)<\/h6>\n<\/li>\n<li>\n<h6>&#8222;ClimaFlow\" v\u0117dinimo sistema, orui laid\u017eios putos ir patog\u016bs tinkliniai audiniai u\u017etikrina optimali\u0105 oro cirkuliacij\u0105.<\/h6>\n<\/li>\n<li>\n<h6>Reguliuojama galvos atrama ir nuimama vidin\u0117 pagalv\u0117l\u0117 naujagimiui u\u017etikrina ergonomi\u0161k\u0105 ir optimali\u0105 kv\u0117pavimo tak\u0173 pad\u0117t\u012f.<\/h6>\n<\/li>\n<li>\n<h6>Jei k\u016bdikis u\u017emiega automobilyje, galite lengvai perkelti j\u012f i\u0161 automobilio \u012f ve\u017eim\u0117l\u012f jo nepabudindami. Kadangi ve\u017eim\u0117lyje taip pat galima naudoti visi\u0161kai atsilo\u0161usi\u0105 pad\u0117t\u012f, visais atvejais u\u017etikrinamas auk\u0161\u010diausio lygio komfortas.<\/h6>\n<\/li>\n<\/ul>\n<h6>&#8222;Maxi-Cosi Pebble 360 Pro\u00b2\" lop\u0161ys puikiai spalvi\u0161kai suderintas su &#8222;Samba 2&#8243; ve\u017eim\u0117liu, tod\u0117l u\u017etikrina ne tik maksimal\u0173 saugum\u0105 ir patogum\u0105, bet ir vizualin\u0119 harmonij\u0105.<\/h6>\n<p>&nbsp;<\/p>\n<h6><em><strong>Naujagimiui didelis lop\u0161ys - puiki vieta kiekvienam nuotykiui.<\/strong><\/em><\/h6>\n<ul>\n<li>\n<h6>Ergonomi\u0161kas ir orui pralaidus &#8222;CozyCloud\"\u00ae\ufe0f \u010diu\u017einys su plei\u0161to formos atlo\u0161u galvai ir mink\u0161tu paauk\u0161tintu kra\u0161tu.<\/h6>\n<\/li>\n<li>\n<h6>Du atskirai atidaromi v\u0117dinimo langai u\u017etikrina ger\u0105 oro apykait\u0105.<\/h6>\n<\/li>\n<li>\n<h6>Kompakti\u0161kas sulankstymas - jei keliaujate automobiliu, lop\u0161\u012f galima sulankstyti, kad sutaupytum\u0117te vietos ir jis tilpt\u0173 net \u012f ma\u017eiausius baga\u017eo skyrius.<\/h6>\n<\/li>\n<\/ul>\n<h6><\/h6>\n<h6><em><strong>Jei vaikas vyresnis, lop\u0161\u012f galima pakeisti \u012f s\u0117dyn\u0119, kuri b\u016bt\u0173 tokia pat patogi kaip ir lop\u0161ys:<\/strong><\/em><\/h6>\n<ul>\n<li>\n<h6>Mink\u0161ta s\u0117dyn\u0117 turi reguliuojam\u0105 atlo\u0161\u0105 ir atram\u0105 kojoms, tod\u0117l galite s\u0117d\u0117ti, ils\u0117tis arba gul\u0117ti.<\/h6>\n<\/li>\n<li>\n<h6>Kv\u0117puojanti ir mink\u0161ta s\u0117dyn\u0117s pagalv\u0117l\u0117 suteikia papildom\u0105 atram\u0105.<\/h6>\n<\/li>\n<li>\n<h6>Atlo\u0161e esantis ventiliacijos langelis u\u017etikrina optimali\u0105 oro cirkuliacij\u0105 ir malon\u0173 s\u0117d\u0117jimo klimat\u0105.<\/h6>\n<\/li>\n<li>\n<h6>&#8222;HappyBelt\"\u00ae\ufe0f Penki\u0173 ta\u0161k\u0173 saugos dir\u017e\u0173 sistem\u0105 lengva naudoti d\u0117l magnetinio tvirtinimo ir priekyje reguliuojamo saugos dir\u017eo. D\u0117l integruoto pamink\u0161tinimo apa\u010dioje dir\u017eeliai yra \u0161iek tiek pakeltoje pad\u0117tyje, kad gal\u0117tum\u0117te lengvai pasodinti k\u016bdik\u012f.<\/h6>\n<\/li>\n<li>\n<h6>Lengva ir kompakti\u0161ka sulankstoma konstrukcija - ve\u017eim\u0117l\u012f galima sulankstyti per kelias sekundes, net ir su pritvirtinta s\u0117dyne, tiek atsukt\u0105 \u012f priek\u012f, tiek atsukt\u0105 atgal.<\/h6>\n<\/li>\n<\/ul>\n<h6><\/h6>\n<h6><em>Su\u017einokite daugiau apie ve\u017eim\u0117lio rinkin\u012f \u012fvadiniame <a href=\"https:\/\/www.youtube.com\/watch?v=ousHMtiI5G0\" target=\"_blank\" rel=\"noopener\">vaizdo \u012fra\u0161e<\/a>.<\/em><\/h6>\n<p>&nbsp;<\/p>\n<h6 class=\"wp-block-column\"><em>D\u0117l tinkam\u0173 rat\u0173 ve\u017eim\u0117liu naudotis daug patogiau! Daugiau informacijos apie tai, kaip i\u0161sirinkti tinkamiausi\u0105 sprendim\u0105, rasite Hummy <a href=\"https:\/\/hummy.ee\/lt\/koki-vezimeli-su-ratukais-tureciau-pasirinkti\/\" target=\"_blank\" rel=\"nofollow noopener\">tinklara\u0161tyje<\/a>. <\/em><\/h6>\n","protected":false},"excerpt":{"rendered":"<h6>Su \u0161iuo prakti\u0161ku &#8222;ABC Design Samba 2&#8243; ve\u017eim\u0117lio komplektu j\u016bs\u0173 k\u016bdikis nuo pat pirmos dienos gal\u0117s m\u0117gautis saugia, patogia ir atpalaiduojan\u010dia kelione - ve\u017eim\u0117lyje, automobilyje ir kaip kelioni\u0173 sistema su &#8222;Maxi-Cosi\" ve\u017eim\u0117liu. K\u016bdikiui bus maksimaliai patogu gul\u0117ti ir miegoti tiek ve\u017eim\u0117lyje, tiek lop\u0161yje, o saugumas visada garantuotas. Tai u\u017etikrina du auk\u0161tos kokyb\u0117s ir saug\u016bs gaminiai viename: &#8222;ABC Design Samba 2&#8243; ve\u017eim\u0117lio komplektas ir &#8222;Maxi-Cosi Pebble 360 Pro\u00b2\" lop\u0161ys.<\/h6>\n<h6><\/h6>\n","protected":false},"featured_media":41710,"comment_status":"open","ping_status":"closed","template":"","meta":{"_acf_changed":false,"om_disable_all_campaigns":false,"_monsterinsights_skip_tracking":false,"_monsterinsights_sitenote_active":false,"_monsterinsights_sitenote_note":"","_monsterinsights_sitenote_category":0,"_uf_show_specific_survey":0,"_uf_disable_surveys":false,"site-sidebar-layout":"no-sidebar","site-content-layout":"","ast-site-content-layout":"full-width-container","site-content-style":"default","site-sidebar-style":"default","ast-global-header-display":"","ast-banner-title-visibility":"","ast-main-header-display":"","ast-hfb-above-header-display":"","ast-hfb-below-header-display":"","ast-hfb-mobile-header-display":"","site-post-title":"disabled","ast-breadcrumbs-content":"","ast-featured-img":"disabled","footer-sml-layout":"","theme-transparent-header-meta":"default","adv-header-id-meta":"","stick-header-meta":"","header-above-stick-meta":"","header-main-stick-meta":"","header-below-stick-meta":"","astra-migrate-meta-layouts":"set","ast-page-background-enabled":"default","ast-page-background-meta":{"desktop":{"background-color":"var(--ast-global-color-4)","background-image":"","background-repeat":"repeat","background-position":"center center","background-size":"auto","background-attachment":"scroll","background-type":"","background-media":"","overlay-type":"","overlay-color":"","overlay-opacity":"","overlay-gradient":""},"tablet":{"background-color":"","background-image":"","background-repeat":"repeat","background-position":"center center","background-size":"auto","background-attachment":"scroll","background-type":"","background-media":"","overlay-type":"","overlay-color":"","overlay-opacity":"","overlay-gradient":""},"mobile":{"background-color":"","background-image":"","background-repeat":"repeat","background-position":"center center","background-size":"auto","background-attachment":"scroll","background-type":"","background-media":"","overlay-type":"","overlay-color":"","overlay-opacity":"","overlay-gradient":""}},"ast-content-background-meta":{"desktop":{"background-color":"var(--ast-global-color-5)","background-image":"","background-repeat":"repeat","background-position":"center center","background-size":"auto","background-attachment":"scroll","background-type":"","background-media":"","overlay-type":"","overlay-color":"","overlay-opacity":"","overlay-gradient":""},"tablet":{"background-color":"var(--ast-global-color-5)","background-image":"","background-repeat":"repeat","background-position":"center center","background-size":"auto","background-attachment":"scroll","background-type":"","background-media":"","overlay-type":"","overlay-color":"","overlay-opacity":"","overlay-gradient":""},"mobile":{"background-color":"var(--ast-global-color-5)","background-image":"","background-repeat":"repeat","background-position":"center center","background-size":"auto","background-attachment":"scroll","background-type":"","background-media":"","overlay-type":"","overlay-color":"","overlay-opacity":"","overlay-gradient":""}}},"product_brand":[],"product_cat":[525,514,390,321],"product_tag":[],"class_list":{"0":"post-53267","1":"product","2":"type-product","3":"status-publish","4":"has-post-thumbnail","6":"product_cat-abc-dizainas","7":"product_cat-nauji-produktai","8":"product_cat-cisternos","9":"product_cat-uncategorized-lt","10":"desktop-align-left","11":"tablet-align-left","12":"mobile-align-left","14":"first","15":"instock","16":"taxable","17":"shipping-taxable","18":"purchasable","19":"product-type-variable"},"acf":[],"aioseo_notices":[],"_links":{"self":[{"href":"https:\/\/hummy.ee\/lt\/wp-json\/wp\/v2\/product\/53267","targetHints":{"allow":["GET"]}}],"collection":[{"href":"https:\/\/hummy.ee\/lt\/wp-json\/wp\/v2\/product"}],"about":[{"href":"https:\/\/hummy.ee\/lt\/wp-json\/wp\/v2\/types\/product"}],"replies":[{"embeddable":true,"href":"https:\/\/hummy.ee\/lt\/wp-json\/wp\/v2\/comments?post=53267"}],"version-history":[{"count":12,"href":"https:\/\/hummy.ee\/lt\/wp-json\/wp\/v2\/product\/53267\/revisions"}],"predecessor-version":[{"id":81590,"href":"https:\/\/hummy.ee\/lt\/wp-json\/wp\/v2\/product\/53267\/revisions\/81590"}],"wp:featuredmedia":[{"embeddable":true,"href":"https:\/\/hummy.ee\/lt\/wp-json\/wp\/v2\/media\/41710"}],"wp:attachment":[{"href":"https:\/\/hummy.ee\/lt\/wp-json\/wp\/v2\/media?parent=53267"}],"wp:term":[{"taxonomy":"product_brand","embeddable":true,"href":"https:\/\/hummy.ee\/lt\/wp-json\/wp\/v2\/product_brand?post=53267"},{"taxonomy":"product_cat","embeddable":true,"href":"https:\/\/hummy.ee\/lt\/wp-json\/wp\/v2\/product_cat?post=53267"},{"taxonomy":"product_tag","embeddable":true,"href":"https:\/\/hummy.ee\/lt\/wp-json\/wp\/v2\/product_tag?post=53267"}],"curies":[{"name":"wp","href":"https:\/\/api.w.org\/{rel}","templated":true}]}}