{"id":53238,"date":"2025-03-14T10:22:34","date_gmt":"2025-03-14T10:22:34","guid":{"rendered":"https:\/\/hummy.ee\/product\/leclercbaby-prabangus-organizatorius\/"},"modified":"2026-03-18T20:44:04","modified_gmt":"2026-03-18T20:44:04","slug":"leclercbaby-prabangus-organizatorius","status":"publish","type":"product","link":"https:\/\/hummy.ee\/lt\/produktas\/leclercbaby-prabangus-organizatorius\/","title":{"rendered":"Leclercbaby Prabangus organizatorius"},"content":{"rendered":"<h6>Leclercbaby Prabangus organizatorius padeda i\u0161vengti painiavos! Kiekvienas t\u0117vas \u017eino, kaip svarbu tur\u0117ti gerai organizuot\u0105 rankin\u0119, kurioje visi reikalingi daiktai b\u016bt\u0173 patog\u016bs ir lengvai randami. Jei pavargote nuo to, kad nuolat tenka raustis krep\u0161io dugne, kad rastum\u0117te prausikl\u012f, sauskelnes ar d\u0117klus, \u0161is organizatorius skirtas jums!<\/h6>\n<p>&nbsp;<\/p>\n<h6>Ar naudojate kelis krep\u0161ius ir turite nuolat perkelti daiktus i\u0161 vieno \u012f kit\u0105? Tai gali u\u017eimti daug laiko ir b\u016bti nuobodus procesas, be to, kai kurie svarb\u016bs daiktai gali atsitiktinai pasimesti netinkamame krep\u0161yje. \u0160is organizatorius pad\u0117s jums i\u0161vengti \u0161ios problemos - d\u0117l daugyb\u0117s ki\u0161eni\u0173 ir sumanaus i\u0161d\u0117stymo gal\u0117site patogiai susikrauti visus reikalingus daiktus ir prireikus greitai perkelti juos i\u0161 vieno krep\u0161io \u012f kit\u0105.<\/h6>\n<p>&nbsp;<\/p>\n<h6>Leclercbaby Prabangus organizatorius turi kelias skirtingas lentyn\u0117les, tod\u0117l kiekvienam daiktui gal\u0117site rasti tinkam\u0105 viet\u0105. Sauskeln\u0117s, dr\u0117gnos servet\u0117l\u0117s, valikliai, u\u017ekand\u017eiai ir net asmeniniai daiktai, pavyzd\u017eiui, telefonas ir pinigin\u0117 - viskas lieka savo vietoje ir yra lengvai randama. Be to, jis turi specialius dir\u017eelius, kuriais greitai ir patogiai pritvirtinamas prie ve\u017eim\u0117lio, tod\u0117l su k\u016bdikiu jud\u0117ti dar papras\u010diau. Norite j\u012f naudoti ne ve\u017eim\u0117lyje? D\u0117l pridedamo dir\u017eo per pet\u012f j\u012f lengva ne\u0161iotis, kad gal\u0117tum\u0117te stilingai ne\u0161iotis daiktus.<\/h6>\n<p>&nbsp;<\/p>\n<h6><strong><em>Kas \u012fskai\u010diuota?<\/em><\/strong><\/h6>\n<ul>\n<li data-start=\"1179\" data-end=\"1415\">\n<h6>Prabangus organizatorius - didelis ir prakti\u0161kas krep\u0161ys su ki\u0161en\u0117mis ir skyriais, kad daiktai b\u016bt\u0173 tvarkingi.<\/h6>\n<\/li>\n<li data-start=\"1179\" data-end=\"1415\">\n<h6>Kempin\u0117s mai\u0161elis - ma\u017eas ir patogus mai\u0161elis, kuriame galite higieni\u0161kai laikyti kempin\u0119, kad ji visada b\u016bt\u0173 \u0161vari ir po ranka.<\/h6>\n<\/li>\n<li data-start=\"1179\" data-end=\"1415\">\n<h6>Dir\u017eas per pet\u012f<\/h6>\n<\/li>\n<\/ul>\n<h6>Leclercbaby &#8222;Luxury Organiser\" yra idealus sprendimas t\u0117vams, norintiems supaprastinti savo kasdien\u012f gyvenim\u0105 ir laikyti visk\u0105, ko reikia, vienoje kompakti\u0161koje ir gerai organizuotoje vietoje. Supaprastinkite savo gyvenim\u0105 ir m\u0117gaukit\u0117s organizuota krep\u0161i\u0173 sistema, kuri pad\u0117s susitelkti \u012f tai, kas i\u0161 ties\u0173 svarbu - akimirkas su vaiku!<\/h6>\n<p>&nbsp;<\/p>\n<h6><strong><em>Erdvinis:<\/em><\/strong><\/h6>\n<ul>\n<li data-start=\"175\" data-end=\"377\">\n<h6>Skirting\u0173 dyd\u017ei\u0173 ki\u0161en\u0117s, kad viskas, ko reikia, b\u016bt\u0173 tvarkinga ir po ranka.<\/h6>\n<\/li>\n<li data-start=\"175\" data-end=\"377\">\n<h6>Atskiras skyrius sauskeln\u0117ms, d\u0117klams ir asmeniniams daiktams (pvz., telefonui, piniginei).<\/h6>\n<\/li>\n<\/ul>\n<h6><\/h6>\n<h6><strong><em>Universalus tinkamumas:<\/em><\/strong><\/h6>\n<ul>\n<li data-start=\"379\" data-end=\"572\">\n<h6>Tinka daugumai vaiki\u0161k\u0173 ve\u017eim\u0117li\u0173, lengvai tvirtinamas reguliuojamais dir\u017eeliais.<\/h6>\n<\/li>\n<li data-start=\"379\" data-end=\"572\">\n<h6>Taip pat galima naudoti kaip atskir\u0105 rankin\u0119 per pet\u012f, jei reikia prakti\u0161ko sprendimo keliaujant.<\/h6>\n<\/li>\n<\/ul>\n<h6><\/h6>\n<h6><strong><em>Kokyb\u0117 ir ilgaam\u017ei\u0161kumas:<\/em><\/strong><\/h6>\n<ul>\n<li data-start=\"574\" data-end=\"747\">\n<h6>Pagaminta i\u0161 vandeniui atsparios ir lengvai valomos med\u017eiagos.<\/h6>\n<\/li>\n<li data-start=\"574\" data-end=\"747\">\n<h6>Tvirtos si\u016bl\u0117s ir auk\u0161tos kokyb\u0117s u\u017esegimai u\u017etikrina ilg\u0105 tarnavimo laik\u0105.<\/h6>\n<\/li>\n<\/ul>\n<h6><\/h6>\n<h6><strong><em>Patogumas ir prakti\u0161kumas:<\/em><\/strong><\/h6>\n<ul>\n<li data-start=\"749\" data-end=\"929\">\n<h6>Greita prieiga prie svarbiausi\u0173 dalyk\u0173 - idealiai tinka greitiems veiksmams.<\/h6>\n<\/li>\n<li data-start=\"749\" data-end=\"929\">\n<h6>Turi purvo dangtel\u012f, kad fleita b\u016bt\u0173 higieni\u0161ka ir lengvai randama.<\/h6>\n<\/li>\n<li data-start=\"749\" data-end=\"929\">\n<h6>Magnetinis atvartas - d\u0117l naujovi\u0161ko u\u017edarymo mechanizmo krep\u0161\u012f atidaryti ir u\u017edaryti itin paprasta ir patogu.<\/h6>\n<\/li>\n<\/ul>\n<h6><\/h6>\n<h6><strong><em>Kompakti\u0161kas ir lengvas:<\/em><\/strong><\/h6>\n<ul>\n<li data-start=\"931\" data-end=\"1086\">\n<h6>Lengva sulankstyti ir laikyti, kai nenaudojate.<\/h6>\n<\/li>\n<li data-start=\"931\" data-end=\"1086\">\n<h6>Puikiai tinka kelion\u0117ms ir kasdieniam pasivaik\u0161\u010diojimui.<\/h6>\n<\/li>\n<\/ul>\n<h6><\/h6>\n<h6><strong><em>Stilingas dizainas:<\/em><\/strong><\/h6>\n<ul>\n<li data-start=\"1088\" data-end=\"1268\">\n<h6>Eleganti\u0161ka ir neutrali i\u0161vaizda tinka \u012fvairiems ve\u017eim\u0117liams.<\/h6>\n<\/li>\n<li data-start=\"1088\" data-end=\"1268\">\n<h6>Galima rinktis \u012fvairi\u0173 spalv\u0173, kad atitikt\u0173 j\u016bs\u0173 pageidavimus.<\/h6>\n<\/li>\n<\/ul>\n<h6><\/h6>\n<h6><em>Susipa\u017einkite su Leclercbaby gamini\u0173 asortimentu <a href=\"https:\/\/hummy.ee\/lt\/parduotuve\/leclercbaby\/\" target=\"_blank\" rel=\"noopener\">\u010dia.<\/a><\/em><\/h6>\n","protected":false},"excerpt":{"rendered":"<h6>Organizatoriaus d\u0117ka j\u016bs\u0173 krep\u0161yje daugiau niekada nebus netvarkos! Nerandate daikt\u0173 rankin\u0117je? Arba naudojate kelis krep\u0161ius ir nuolat turite perkraustyti daiktus i\u0161 vieno krep\u0161io \u012f kit\u0105? Jei taip, \u0161is organizatorius yra tinkamas pasirinkimas. \u0160is i\u0161skirtinis ve\u017eim\u0117lio organizatorius sukurtas taip, kad visi k\u016bdikiui reikalingi daiktai b\u016bt\u0173 po ranka - nesvarbu, ar tai b\u016bt\u0173 maitinimo buteliukas, sauskeln\u0117s, ar servet\u0117l\u0117s. Leclercbaby Organizatoriuje yra daugyb\u0117 skyri\u0173, tod\u0117l rasite vietos viskam. Jis taip pat turi dir\u017eelius, kad gal\u0117tum\u0117te greitai ir patogiai pritvirtinti krep\u0161\u012f prie ve\u017eim\u0117lio.<\/h6>\n","protected":false},"featured_media":47294,"comment_status":"closed","ping_status":"closed","template":"","meta":{"_acf_changed":false,"om_disable_all_campaigns":false,"_monsterinsights_skip_tracking":false,"_monsterinsights_sitenote_active":false,"_monsterinsights_sitenote_note":"","_monsterinsights_sitenote_category":0,"_uf_show_specific_survey":0,"_uf_disable_surveys":false,"site-sidebar-layout":"default","site-content-layout":"","ast-site-content-layout":"default","site-content-style":"default","site-sidebar-style":"default","ast-global-header-display":"","ast-banner-title-visibility":"","ast-main-header-display":"","ast-hfb-above-header-display":"","ast-hfb-below-header-display":"","ast-hfb-mobile-header-display":"","site-post-title":"","ast-breadcrumbs-content":"","ast-featured-img":"","footer-sml-layout":"","theme-transparent-header-meta":"default","adv-header-id-meta":"","stick-header-meta":"","header-above-stick-meta":"","header-main-stick-meta":"","header-below-stick-meta":"","astra-migrate-meta-layouts":"set","ast-page-background-enabled":"default","ast-page-background-meta":{"desktop":{"background-color":"var(--ast-global-color-4)","background-image":"","background-repeat":"repeat","background-position":"center center","background-size":"auto","background-attachment":"scroll","background-type":"","background-media":"","overlay-type":"","overlay-color":"","overlay-opacity":"","overlay-gradient":""},"tablet":{"background-color":"","background-image":"","background-repeat":"repeat","background-position":"center center","background-size":"auto","background-attachment":"scroll","background-type":"","background-media":"","overlay-type":"","overlay-color":"","overlay-opacity":"","overlay-gradient":""},"mobile":{"background-color":"","background-image":"","background-repeat":"repeat","background-position":"center center","background-size":"auto","background-attachment":"scroll","background-type":"","background-media":"","overlay-type":"","overlay-color":"","overlay-opacity":"","overlay-gradient":""}},"ast-content-background-meta":{"desktop":{"background-color":"var(--ast-global-color-5)","background-image":"","background-repeat":"repeat","background-position":"center center","background-size":"auto","background-attachment":"scroll","background-type":"","background-media":"","overlay-type":"","overlay-color":"","overlay-opacity":"","overlay-gradient":""},"tablet":{"background-color":"var(--ast-global-color-5)","background-image":"","background-repeat":"repeat","background-position":"center center","background-size":"auto","background-attachment":"scroll","background-type":"","background-media":"","overlay-type":"","overlay-color":"","overlay-opacity":"","overlay-gradient":""},"mobile":{"background-color":"var(--ast-global-color-5)","background-image":"","background-repeat":"repeat","background-position":"center center","background-size":"auto","background-attachment":"scroll","background-type":"","background-media":"","overlay-type":"","overlay-color":"","overlay-opacity":"","overlay-gradient":""}}},"product_brand":[272],"product_cat":[331,361,332],"product_tag":[337,335],"class_list":{"0":"post-53238","1":"product","2":"type-product","3":"status-publish","4":"has-post-thumbnail","6":"product_brand-leclercbaby","7":"product_cat-apipjaustymo-priedai","8":"product_cat-krepsiai-ir-kuprines","9":"product_cat-leclercbaby-lt","10":"product_tag-atskiri-produktai","11":"product_tag-pritaikyta-svetaine","12":"desktop-align-left","13":"tablet-align-left","14":"mobile-align-left","16":"first","17":"instock","18":"sale","19":"taxable","20":"shipping-taxable","21":"purchasable","22":"product-type-variable"},"acf":[],"aioseo_notices":[],"_links":{"self":[{"href":"https:\/\/hummy.ee\/lt\/wp-json\/wp\/v2\/product\/53238","targetHints":{"allow":["GET"]}}],"collection":[{"href":"https:\/\/hummy.ee\/lt\/wp-json\/wp\/v2\/product"}],"about":[{"href":"https:\/\/hummy.ee\/lt\/wp-json\/wp\/v2\/types\/product"}],"replies":[{"embeddable":true,"href":"https:\/\/hummy.ee\/lt\/wp-json\/wp\/v2\/comments?post=53238"}],"version-history":[{"count":2,"href":"https:\/\/hummy.ee\/lt\/wp-json\/wp\/v2\/product\/53238\/revisions"}],"predecessor-version":[{"id":86216,"href":"https:\/\/hummy.ee\/lt\/wp-json\/wp\/v2\/product\/53238\/revisions\/86216"}],"wp:featuredmedia":[{"embeddable":true,"href":"https:\/\/hummy.ee\/lt\/wp-json\/wp\/v2\/media\/47294"}],"wp:attachment":[{"href":"https:\/\/hummy.ee\/lt\/wp-json\/wp\/v2\/media?parent=53238"}],"wp:term":[{"taxonomy":"product_brand","embeddable":true,"href":"https:\/\/hummy.ee\/lt\/wp-json\/wp\/v2\/product_brand?post=53238"},{"taxonomy":"product_cat","embeddable":true,"href":"https:\/\/hummy.ee\/lt\/wp-json\/wp\/v2\/product_cat?post=53238"},{"taxonomy":"product_tag","embeddable":true,"href":"https:\/\/hummy.ee\/lt\/wp-json\/wp\/v2\/product_tag?post=53238"}],"curies":[{"name":"wp","href":"https:\/\/api.w.org\/{rel}","templated":true}]}}