{"id":52928,"date":"2024-10-07T08:58:57","date_gmt":"2024-10-07T08:58:57","guid":{"rendered":"https:\/\/hummy.ee\/product\/iglu-kamuoliukai-kamuoliukams-dideli-500-vnt-kamuoliukai-kamuoliukams\/"},"modified":"2026-02-16T12:14:28","modified_gmt":"2026-02-16T12:14:28","slug":"iglu-kamuoliukai-kamuoliukams-dideli-500-vnt-kamuoliukai-kamuoliukams","status":"publish","type":"product","link":"https:\/\/hummy.ee\/lt\/produktas\/iglu-kamuoliukai-kamuoliukams-dideli-500-vnt-kamuoliukai-kamuoliukams\/","title":{"rendered":"IGLU kamuoliukai (dideli, 500 vnt.)"},"content":{"rendered":"\r\n\r\n\r\n<ul>\r\n<li>\r\n<h6>IGLU \u00f5rnad kallistatavad plokid on nagu s\u00f5brad, kes arendavad lastel liikumis- ja motoorseid oskusi. Erinevad kujundid aitavad lastel parandada koordinatsiooni ja motoorseid oskusi \u2013 alates s\u00f5rmede liigutamisest kuni roomamise, ronimiseni ja k\u00f5rguste uurimiseni.<\/h6>\r\n<\/li>\r\n<li>\r\n<h6>\u00d5dede-vendade, s\u00f5prade ja s\u00f5pradega itsitamine ergutab sotsiaalseid oskusi, tekitab vestlusi ja sidemeid. Koost\u00f6\u00f6 vanemate v\u00f5i s\u00f5pradega aitab kiiresti \u00f5ppida ning lahedaid geomeetrilisi kujundeid ja erksaid v\u00e4rve m\u00e4rgarta. L\u00f5putu kujundite kombinatsioon on nagu aardelaegas kujutlusv\u00f5imeliste maailmade \u2013 losside, kindluste ja muu \u2013 meisterdamiseks.<\/h6>\r\n<\/li>\r\n<li>\r\n<h6>Laste kasvades muutuvad need kujundid suurep\u00e4rasteks t\u00f6\u00f6riistadeks. Ehitage takistusradasid, vallutage astmeid voodite ja toolideni \u2013 v\u00f5imalused on l\u00f5putud. Isegi lemmikloomad l\u00f6\u00f6vad hea meelega m\u00e4ngudes kaasa. T\u00e4iskasvanud v\u00f5ivad kasutada kujundeid n\u00e4iteks ka arvutialusena.<\/h6>\r\n<\/li>\r\n<\/ul>\r\n<h6>\u00a0<\/h6>\r\n<h6>\u00a0<\/h6>\r\n<h6><em><strong data-start=\"504\" data-end=\"532\">Miks valida IGLU m\u00e4ngukomplekt?<\/strong><\/em><\/h6>\r\n<ul>\r\n<li>\r\n<h6>\u00a0T\u00f5stab f\u00fc\u00fcsilist aktiivsust<\/h6>\r\n<\/li>\r\n<li>\r\n<h6>Suurendab loomingulisust ja kujutlusv\u00f5imet<\/h6>\r\n<\/li>\r\n<li>\r\n<h6>Aitab maandada \u00fcleliigset energiat ning stressi<\/h6>\r\n<\/li>\r\n<li>\r\n<h6>Pakub sensoorset stimulatsiooni<\/h6>\r\n<\/li>\r\n<li>\r\n<h6>Hoiab lapsed ekraanidest eemal<\/h6>\r\n<\/li>\r\n<li>\r\n<h6>Arendab sotsiaalseid oskusi nagu jagamine ning koost\u00f6\u00f6<\/h6>\r\n<\/li>\r\n<\/ul>\r\n<h6>\u00a0<\/h6>\r\n<h6>\u00a0<\/h6>\r\n<h6>IGLU plokid on valmistatud tugevast, 100% taaskasutatavast kvaliteetsest vahust, millel on suletud raku struktuur \u2013 pehme ja superkerge. Kaetud vastupidava vegannahaga. Plokid on tugevad ning pehmed, meeldiva pinnakattega, kergesti hooldatavad, s\u00e4ilitavad h\u00e4sti kuju ning on testitud kahjulike ainete suhtes. IGLU m\u00e4ngukomplektid on CE-m\u00e4rgistatud vastavalt EL-i direktiivile 88\/378 \/ ning on v\u00e4ikelastele t\u00e4iesti ohutud.<\/h6>\r\n<h6>\u00a0<\/h6>\r\n<h6><img decoding=\"async\" class=\"\" src=\"https:\/\/iglusoftplay.eu\/cdn\/shop\/files\/ikonas_enviroment-01_061d9a06-5ad9-4fb7-a868-c7b23eff39bb_1.png?v=1700659334\" width=\"50\" height=\"50\" \/>BPA+ ftalaadi vaba<\/h6>\r\n<h6><img decoding=\"async\" class=\"\" src=\"https:\/\/iglusoftplay.eu\/cdn\/shop\/files\/ikonas_enviroment-04_5c6aa86a-aa33-4666-949c-b2f12b5af4ef_1.png?v=1700659334\" width=\"50\" height=\"50\" \/>Lihtne puhastada<\/h6>\r\n<h6><img decoding=\"async\" class=\"\" src=\"https:\/\/iglusoftplay.eu\/cdn\/shop\/files\/ikonas_enviroment-03_543f8be0-895f-4ba5-9b54-80ea85594c82_1.png?v=1700659334\" width=\"50\" height=\"50\" \/>Loodud j\u00e4tkusuutlikult<\/h6>\r\n<p>&nbsp;<\/p>\r\n<h6><em>Tutvu IGLU m\u00e4ngukomplektide <a href=\"https:\/\/hummy.ee\/lt\/iglu-ivadas\/\" target=\"_blank\" rel=\"noopener\">tootevalikuga<\/a>.<\/em><\/h6>\r\n","protected":false},"excerpt":{"rendered":"<h6>Mink\u0161ti ir patvar\u016bs plastikiniai kamuoliukai, puikiai tinkantys u\u017epildyti vaiko kamuolio duob\u0119 arba sukurti sensorini\u0173 \u017eaidim\u0173 zon\u0105! Kamuoliukai sukuria patraukli\u0105 ir rami\u0105 \u017eaidim\u0173 aplink\u0105, kuri ypa\u010d tinka ma\u017eyliams ir skatina atrasti jutimin\u012f pasaul\u012f. Kamuoliuk\u0173 skersmuo: 7 cm.  <\/h6>\n","protected":false},"featured_media":26278,"comment_status":"closed","ping_status":"closed","template":"","meta":{"_acf_changed":false,"om_disable_all_campaigns":false,"_monsterinsights_skip_tracking":false,"_monsterinsights_sitenote_active":false,"_monsterinsights_sitenote_note":"","_monsterinsights_sitenote_category":0,"_uf_show_specific_survey":0,"_uf_disable_surveys":false,"site-sidebar-layout":"default","site-content-layout":"","ast-site-content-layout":"default","site-content-style":"default","site-sidebar-style":"default","ast-global-header-display":"","ast-banner-title-visibility":"","ast-main-header-display":"","ast-hfb-above-header-display":"","ast-hfb-below-header-display":"","ast-hfb-mobile-header-display":"","site-post-title":"","ast-breadcrumbs-content":"","ast-featured-img":"","footer-sml-layout":"","theme-transparent-header-meta":"default","adv-header-id-meta":"","stick-header-meta":"","header-above-stick-meta":"","header-main-stick-meta":"","header-below-stick-meta":"","astra-migrate-meta-layouts":"set","ast-page-background-enabled":"default","ast-page-background-meta":{"desktop":{"background-color":"var(--ast-global-color-4)","background-image":"","background-repeat":"repeat","background-position":"center center","background-size":"auto","background-attachment":"scroll","background-type":"","background-media":"","overlay-type":"","overlay-color":"","overlay-opacity":"","overlay-gradient":""},"tablet":{"background-color":"","background-image":"","background-repeat":"repeat","background-position":"center center","background-size":"auto","background-attachment":"scroll","background-type":"","background-media":"","overlay-type":"","overlay-color":"","overlay-opacity":"","overlay-gradient":""},"mobile":{"background-color":"","background-image":"","background-repeat":"repeat","background-position":"center center","background-size":"auto","background-attachment":"scroll","background-type":"","background-media":"","overlay-type":"","overlay-color":"","overlay-opacity":"","overlay-gradient":""}},"ast-content-background-meta":{"desktop":{"background-color":"var(--ast-global-color-5)","background-image":"","background-repeat":"repeat","background-position":"center center","background-size":"auto","background-attachment":"scroll","background-type":"","background-media":"","overlay-type":"","overlay-color":"","overlay-opacity":"","overlay-gradient":""},"tablet":{"background-color":"var(--ast-global-color-5)","background-image":"","background-repeat":"repeat","background-position":"center center","background-size":"auto","background-attachment":"scroll","background-type":"","background-media":"","overlay-type":"","overlay-color":"","overlay-opacity":"","overlay-gradient":""},"mobile":{"background-color":"var(--ast-global-color-5)","background-image":"","background-repeat":"repeat","background-position":"center center","background-size":"auto","background-attachment":"scroll","background-type":"","background-media":"","overlay-type":"","overlay-color":"","overlay-opacity":"","overlay-gradient":""}}},"product_brand":[],"product_cat":[500,487,488],"product_tag":[],"class_list":{"0":"post-52928","1":"product","2":"type-product","3":"status-publish","4":"has-post-thumbnail","6":"product_cat-dovanu-idejos","7":"product_cat-iglu-lt","8":"product_cat-zaidimu-aiksteles","9":"desktop-align-left","10":"tablet-align-left","11":"mobile-align-left","13":"first","14":"instock","15":"taxable","16":"shipping-taxable","17":"purchasable","18":"product-type-variable"},"acf":[],"aioseo_notices":[],"_links":{"self":[{"href":"https:\/\/hummy.ee\/lt\/wp-json\/wp\/v2\/product\/52928","targetHints":{"allow":["GET"]}}],"collection":[{"href":"https:\/\/hummy.ee\/lt\/wp-json\/wp\/v2\/product"}],"about":[{"href":"https:\/\/hummy.ee\/lt\/wp-json\/wp\/v2\/types\/product"}],"replies":[{"embeddable":true,"href":"https:\/\/hummy.ee\/lt\/wp-json\/wp\/v2\/comments?post=52928"}],"version-history":[{"count":9,"href":"https:\/\/hummy.ee\/lt\/wp-json\/wp\/v2\/product\/52928\/revisions"}],"predecessor-version":[{"id":81900,"href":"https:\/\/hummy.ee\/lt\/wp-json\/wp\/v2\/product\/52928\/revisions\/81900"}],"wp:featuredmedia":[{"embeddable":true,"href":"https:\/\/hummy.ee\/lt\/wp-json\/wp\/v2\/media\/26278"}],"wp:attachment":[{"href":"https:\/\/hummy.ee\/lt\/wp-json\/wp\/v2\/media?parent=52928"}],"wp:term":[{"taxonomy":"product_brand","embeddable":true,"href":"https:\/\/hummy.ee\/lt\/wp-json\/wp\/v2\/product_brand?post=52928"},{"taxonomy":"product_cat","embeddable":true,"href":"https:\/\/hummy.ee\/lt\/wp-json\/wp\/v2\/product_cat?post=52928"},{"taxonomy":"product_tag","embeddable":true,"href":"https:\/\/hummy.ee\/lt\/wp-json\/wp\/v2\/product_tag?post=52928"}],"curies":[{"name":"wp","href":"https:\/\/api.w.org\/{rel}","templated":true}]}}