{"id":52882,"date":"2024-04-07T18:27:49","date_gmt":"2024-04-07T18:27:49","guid":{"rendered":"https:\/\/hummy.ee\/product\/leclercbaby-monnalisa-lengvas-vezimelis\/"},"modified":"2026-03-18T20:39:10","modified_gmt":"2026-03-18T20:39:10","slug":"leclercbaby-monnalisa-lengvas-vezimelis","status":"publish","type":"product","link":"https:\/\/hummy.ee\/lt\/produktas\/leclercbaby-monnalisa-lengvas-vezimelis\/","title":{"rendered":"Leclercbaby &#8222;Monnalisa\" lengvas ve\u017eim\u0117lis"},"content":{"rendered":"<h6 data-start=\"94\" data-end=\"506\">Leclercbaby &#8222;Monnalisa\" ve\u017eim\u0117lis skirtas \u0161iuolaiki\u0161kiems ir stilingiems t\u0117vams, kurie vertina patogum\u0105 ir i\u0161skirtin\u012f dizain\u0105. \u0160io riboto leidimo ve\u017eim\u0117lio \u0161viesiai ro\u017ein\u0117s spalvos metalinis r\u0117mas, subtilios ro\u017ein\u0117s spalvos detal\u0117s ant rat\u0173 ir eleganti\u0161kai blizgan\u010dios spynos suteikia prabangos bet kokiam pasivaik\u0161\u010diojimui. Visk\u0105 vainikuoja gra\u017eiai atspausdintas firminis &#8222;Monnalisa\" g\u0117li\u0173 ra\u0161tas, pasakojantis m\u016bs\u0173 g\u0117li\u0173 meil\u0117s istorij\u0105.<\/h6>\n<p>&nbsp;<\/p>\n<h6><strong><em>Rinkin\u012f sudaro:<\/em><\/strong><\/h6>\n<ul>\n<li>\n<h6>Leclercbaby Monnalisa kelioninis ve\u017eim\u0117lis<\/h6>\n<\/li>\n<li>\n<h6>Nuimamas priekinis sparnas<\/h6>\n<\/li>\n<li>\n<h6>Prakti\u0161kas transportavimo krep\u0161ys<\/h6>\n<\/li>\n<\/ul>\n<h6><strong><em>Komfortas jums ir j\u016bs\u0173 vaikui:<\/em><\/strong><\/h6>\n<ul>\n<li>\n<h6>Magnetiniu b\u016bdu tvirtinamas sk\u0117tukas nuo saul\u0117s - j\u012f lengva atidaryti ir u\u017edaryti, kad apsaugot\u0173 nuo saul\u0117s.<\/h6>\n<\/li>\n<li>\n<h6>Trij\u0173 pad\u0117\u010di\u0173 reguliuojamas atlo\u0161as, \u012fskaitant visi\u0161kai atsilenkian\u010di\u0105 miego pad\u0117t\u012f.<\/h6>\n<\/li>\n<li>\n<h6>Reguliuojama atrama kojoms - u\u017etikrina maksimal\u0173 komfort\u0105 vaikui.<\/h6>\n<\/li>\n<\/ul>\n<h6><strong><em>Lengva naudoti visais atvejais:<\/em><\/strong><\/h6>\n<ul>\n<li>\n<h6>Sulankstymo viena ranka sistema - paprasta ir greita naudoti.<\/h6>\n<\/li>\n<li>\n<h6>Magnetinis penki\u0173 ta\u0161k\u0173 saugos dir\u017eas - saugus ir lengvai pasiekiamas.<\/h6>\n<\/li>\n<li>\n<h6>Vis\u0173 keturi\u0173 rat\u0173 pakaba - sklandus ir tylus va\u017eiavimas.<\/h6>\n<\/li>\n<li>\n<h6>Didelis stabdys - tvirtam sukibimui ir saugumui.<\/h6>\n<\/li>\n<li>\n<h6>Sauskelni\u0173 krep\u0161io tvirtinimo ta\u0161kai - puikus sprendimas t\u0117vams.<\/h6>\n<\/li>\n<\/ul>\n<h6><strong><em>Apsauga nuo oro s\u0105lyg\u0173 visais met\u0173 laikais:<\/em><\/strong><\/h6>\n<ul>\n<li>\n<h6>I\u0161traukiamas sk\u0117tukas nuo saul\u0117s su SPF 50+ apsauga - apsaugo jautri\u0105 k\u016bdikio od\u0105.<\/h6>\n<\/li>\n<li>\n<h6>600D vandeniui atsparus audinys - i\u0161laikys jus sausus net ir lieting\u0105 dien\u0105.<\/h6>\n<\/li>\n<\/ul>\n<h6><strong><em>Prabangios ir patvarios med\u017eiagos:<\/em><\/strong><\/h6>\n<ul>\n<li>\n<h6>PU odos rankena ir priekin\u0117 rankena - eleganti\u0161ka ir patogi rankena.<\/h6>\n<\/li>\n<li>\n<h6>Tvirtas kelioninis krep\u0161ys - patvarus ir prakti\u0161kas ne\u0161iotis.<\/h6>\n<\/li>\n<li>\n<h6>100% PU ratai - skland\u017eiai ir lengvai juda visais pavir\u0161iais.<\/h6>\n<\/li>\n<\/ul>\n<p>&nbsp;<\/p>\n<h6><strong><em>Techniniai duomenys:<\/em><\/strong><\/h6>\n<ul>\n<li>\n<h6>Svoris su ratukais: 6,6 kg<\/h6>\n<\/li>\n<li>\n<h6>St\u016bmimo rankenos auk\u0161tis: 101,5 cm<\/h6>\n<\/li>\n<li>\n<h6>Atidaryto \u012frenginio plotis: 47 cm<\/h6>\n<\/li>\n<li>\n<h6>I\u0161matavimai sulankstyti: 56 \u00d7 47 \u00d7 24 cm<\/h6>\n<\/li>\n<\/ul>\n<p>&nbsp;<\/p>\n<h6><strong><em>Tapkite g\u0117l\u0117tos meil\u0117s istorijos dalimi!<\/em><\/strong><\/h6>\n<h6 data-start=\"2408\" data-end=\"2798\">Leclercbaby Kolekcija &#8222;Monnalisa\" - tai madingas sprendimas, kuriame dera patogumas, funkcionalumas ir ak\u012f traukiantis dizainas. Puo\u0161n\u016bs audiniai, blizg\u016bs \u0161ampano pilkos, rudos ir auksin\u0117s ro\u017ein\u0117s spalvos r\u0117meliai ir dr\u0105sus dizainas u\u017etikrina komfort\u0105 kiekvienam gyvenimo b\u016bdui. Be to, Leclercbaby &#8222;Monnalisa\" kolekcijai b\u016bdingi gra\u017e\u016bs g\u0117li\u0173 ra\u0161tai, auk\u0161tos kokyb\u0117s med\u017eiagos ir itin lengvas surinkimo mechanizmas.<\/h6>\n<p>&nbsp;<\/p>\n<h6 data-start=\"2800\" data-end=\"3093\">Leclercbaby &#8222;Monnalisa\" ve\u017eim\u0117l\u012f galima \u012fsigyti trij\u0173 spalv\u0173: antikin\u0117s ro\u017ein\u0117s, ber\u017eo ir juodos. Be to, i\u0161skirtin\u012f prek\u0117s \u017eenklo g\u0117li\u0173 ra\u0161t\u0105 papildo auksinis ro\u017einis r\u0117mas. \u012e &#8222;Monnalisa\" kolekcij\u0105 taip pat \u012feina daug gra\u017ei\u0173 ir prakti\u0161k\u0173 aksesuar\u0173, palengvinan\u010di\u0173 t\u0117vyst\u0119.<\/h6>\n<p>&nbsp;<\/p>\n<h6><em>Daugiau apie tai, kaip pasirinkti lengv\u0105 ve\u017eim\u0117l\u012f, skaitykite Hummy <a href=\"https:\/\/hummy.ee\/lt\/kaip-pasirinkti-lengva-vezimeli\/\" target=\"_blank\" rel=\"noopener\">tinklara\u0161tyje.<\/a><\/em><\/h6>\n<h6><em><a href=\"https:\/\/www.youtube.com\/watch?v=PR4culPs7BE\" target=\"_blank\" rel=\"noopener\">Pa\u017evelkite<\/a> \u012f &#8222;Monnalisa\" ve\u017eim\u0117l\u012f, unikal\u0173 kaip ir j\u016bs\u0173 vaikas! <\/em><\/h6>\n","protected":false},"excerpt":{"rendered":"<h6 data-start=\"508\" data-end=\"825\">Ar esate pasiruo\u0161\u0119 smagiems nuotykiams su Leclercbaby Monnalisa? D\u0117l unikalaus sulankstymo viena ranka mechanizmo galite patogiai ir saugiai jud\u0117ti su savo vaiku. Be to, jis yra rankinio baga\u017eo dyd\u017eio ir telpa \u012f daugumos oro linij\u0173 bendrovi\u0173 rankin\u012f baga\u017e\u0105, tod\u0117l keliauti bus lengviau ir be r\u016bpes\u010di\u0173.<\/h6>\n<h6><\/h6>\n","protected":false},"featured_media":30674,"comment_status":"closed","ping_status":"closed","template":"","meta":{"_acf_changed":false,"om_disable_all_campaigns":false,"_monsterinsights_skip_tracking":false,"_monsterinsights_sitenote_active":false,"_monsterinsights_sitenote_note":"","_monsterinsights_sitenote_category":0,"_uf_show_specific_survey":0,"_uf_disable_surveys":false,"site-sidebar-layout":"default","site-content-layout":"","ast-site-content-layout":"default","site-content-style":"default","site-sidebar-style":"default","ast-global-header-display":"","ast-banner-title-visibility":"","ast-main-header-display":"","ast-hfb-above-header-display":"","ast-hfb-below-header-display":"","ast-hfb-mobile-header-display":"","site-post-title":"","ast-breadcrumbs-content":"","ast-featured-img":"","footer-sml-layout":"","theme-transparent-header-meta":"default","adv-header-id-meta":"","stick-header-meta":"","header-above-stick-meta":"","header-main-stick-meta":"","header-below-stick-meta":"","astra-migrate-meta-layouts":"set","ast-page-background-enabled":"default","ast-page-background-meta":{"desktop":{"background-color":"var(--ast-global-color-4)","background-image":"","background-repeat":"repeat","background-position":"center center","background-size":"auto","background-attachment":"scroll","background-type":"","background-media":"","overlay-type":"","overlay-color":"","overlay-opacity":"","overlay-gradient":""},"tablet":{"background-color":"","background-image":"","background-repeat":"repeat","background-position":"center center","background-size":"auto","background-attachment":"scroll","background-type":"","background-media":"","overlay-type":"","overlay-color":"","overlay-opacity":"","overlay-gradient":""},"mobile":{"background-color":"","background-image":"","background-repeat":"repeat","background-position":"center center","background-size":"auto","background-attachment":"scroll","background-type":"","background-media":"","overlay-type":"","overlay-color":"","overlay-opacity":"","overlay-gradient":""}},"ast-content-background-meta":{"desktop":{"background-color":"var(--ast-global-color-5)","background-image":"","background-repeat":"repeat","background-position":"center center","background-size":"auto","background-attachment":"scroll","background-type":"","background-media":"","overlay-type":"","overlay-color":"","overlay-opacity":"","overlay-gradient":""},"tablet":{"background-color":"var(--ast-global-color-5)","background-image":"","background-repeat":"repeat","background-position":"center center","background-size":"auto","background-attachment":"scroll","background-type":"","background-media":"","overlay-type":"","overlay-color":"","overlay-opacity":"","overlay-gradient":""},"mobile":{"background-color":"var(--ast-global-color-5)","background-image":"","background-repeat":"repeat","background-position":"center center","background-size":"auto","background-attachment":"scroll","background-type":"","background-media":"","overlay-type":"","overlay-color":"","overlay-opacity":"","overlay-gradient":""}}},"product_brand":[],"product_cat":[389,332,390],"product_tag":[],"class_list":{"0":"post-52882","1":"product","2":"type-product","3":"status-publish","4":"has-post-thumbnail","6":"product_cat-vezimeliai","7":"product_cat-leclercbaby-lt","8":"product_cat-cisternos","9":"desktop-align-left","10":"tablet-align-left","11":"mobile-align-left","13":"first","14":"instock","15":"sale","16":"taxable","17":"shipping-taxable","18":"purchasable","19":"product-type-variable"},"acf":[],"aioseo_notices":[],"_links":{"self":[{"href":"https:\/\/hummy.ee\/lt\/wp-json\/wp\/v2\/product\/52882","targetHints":{"allow":["GET"]}}],"collection":[{"href":"https:\/\/hummy.ee\/lt\/wp-json\/wp\/v2\/product"}],"about":[{"href":"https:\/\/hummy.ee\/lt\/wp-json\/wp\/v2\/types\/product"}],"replies":[{"embeddable":true,"href":"https:\/\/hummy.ee\/lt\/wp-json\/wp\/v2\/comments?post=52882"}],"version-history":[{"count":15,"href":"https:\/\/hummy.ee\/lt\/wp-json\/wp\/v2\/product\/52882\/revisions"}],"predecessor-version":[{"id":86202,"href":"https:\/\/hummy.ee\/lt\/wp-json\/wp\/v2\/product\/52882\/revisions\/86202"}],"wp:featuredmedia":[{"embeddable":true,"href":"https:\/\/hummy.ee\/lt\/wp-json\/wp\/v2\/media\/30674"}],"wp:attachment":[{"href":"https:\/\/hummy.ee\/lt\/wp-json\/wp\/v2\/media?parent=52882"}],"wp:term":[{"taxonomy":"product_brand","embeddable":true,"href":"https:\/\/hummy.ee\/lt\/wp-json\/wp\/v2\/product_brand?post=52882"},{"taxonomy":"product_cat","embeddable":true,"href":"https:\/\/hummy.ee\/lt\/wp-json\/wp\/v2\/product_cat?post=52882"},{"taxonomy":"product_tag","embeddable":true,"href":"https:\/\/hummy.ee\/lt\/wp-json\/wp\/v2\/product_tag?post=52882"}],"curies":[{"name":"wp","href":"https:\/\/api.w.org\/{rel}","templated":true}]}}