{"id":52881,"date":"2024-10-03T09:37:20","date_gmt":"2024-10-03T09:37:20","guid":{"rendered":"https:\/\/hummy.ee\/product\/abc-design-aukscio-adapteris\/"},"modified":"2026-02-13T11:00:39","modified_gmt":"2026-02-13T11:00:39","slug":"abc-design-aukscio-adapteris","status":"publish","type":"product","link":"https:\/\/hummy.ee\/lt\/produktas\/abc-design-aukscio-adapteris\/","title":{"rendered":"ABC Design auk\u0161\u010dio adapteris"},"content":{"rendered":"<h6>Ar manote, kad stumti ve\u017eim\u0117l\u012f nepatogu arba nuolat tenka pasilenkti? Su &#8222;ABC Design\" auk\u0161\u010dio adapteriu lop\u0161ys arba s\u0117dyn\u0117 pakeliama +10 cm ir taip u\u017etikrinamas didesnis komfortas bei geresn\u0117 laikysena. Tai puikus sprendimas auk\u0161tiems t\u0117vams, kurie nori m\u0117gautis ergonomi\u0161ku ir nevarginan\u010diu vaik\u0161\u010diojimu.  <\/h6>\n<p>&nbsp;<\/p>\n<h6><strong><em>Kod\u0117l verta rinktis ABC Design auk\u0161\u010dio adapter\u012f?<\/em><\/strong><\/h6>\n<ul>\n<li>\n<h6>Ergonomi\u0161kas dizainas - gerina laikysen\u0105 ir ma\u017eina nugaros apkrov\u0105<\/h6>\n<\/li>\n<li>\n<h6>Lengvas montavimas - adapteris yra stabilus ir patikimas<\/h6>\n<\/li>\n<li>\n<h6>Lengviau pasiekti k\u016bdik\u012f - nereikia pasilenkti, k\u016bdikis pasiekiamas ranka.<\/h6>\n<\/li>\n<li>\n<h6>Padidina ve\u017eim\u0117lio erdv\u0119 kojoms - daugiau vietos jud\u0117ti ir geresn\u0117 pusiausvyra<\/h6>\n<\/li>\n<li>\n<h6>Tvirtas ir ilgaam\u017eis - tvirtas inkaras, u\u017etikrinantis saugum\u0105<\/h6>\n<\/li>\n<\/ul>\n<p>&nbsp;<\/p>\n<h6><strong><em>Puikus sprendimas auk\u0161tiems t\u0117vams<\/em><\/strong><\/h6>\n<h6>Daugelis t\u0117v\u0173 susiduria su problema, kad ve\u017eim\u0117lio auk\u0161tis jiems n\u0117ra optimalus. D\u0117l to jie priversti nuolat lenktis \u012f priek\u012f, o tai gali sukelti nugaros skausmus ir diskomfort\u0105. \u0160i\u0105 problem\u0105 i\u0161sprend\u017eia &#8222;ABC Design\" auk\u0161\u010dio adapteris, kuris pakelia vaik\u0105 auk\u0161\u010diau ir leid\u017eia t\u0117vams i\u0161laikyti nat\u016brali\u0105 laikysen\u0105.  <\/h6>\n<p>&nbsp;<\/p>\n<h6><strong><em>Auk\u0161\u010dio adapteris tinka \u0161iems ABC Design ve\u017eim\u0117liams:<\/em><\/strong><\/h6>\n<ul>\n<li>\n<h6>&#8222;Salsa 5 Air\" - Lop\u0161ys, s\u0117dyn\u0117, lop\u0161ys &#8222;Tulip\" ir kit\u0173 prek\u0117s \u017eenkl\u0173 lop\u0161iai.<\/h6>\n<\/li>\n<li>\n<h6>&#8222;Salsa 4 Air\" - lop\u0161ys, s\u0117dyn\u0117, lop\u0161ys &#8222;Tulip\" ir kit\u0173 prek\u0117s \u017eenkl\u0173 lop\u0161iai.<\/h6>\n<\/li>\n<li>\n<h6>&#8222;Samba 2&#8243; lop\u0161ys, &#8222;Tulip\" lop\u0161ys ir kit\u0173 prek\u0117s \u017eenkl\u0173 lop\u0161iai.<\/h6>\n<\/li>\n<li>\n<h6>Salsa 5 Run - lop\u0161ys, Tulip lop\u0161ys ir kit\u0173 prek\u0117s \u017eenkl\u0173 lop\u0161iai.<\/h6>\n<\/li>\n<li>\n<h6>&#8222;Zoom 2&#8243; lop\u0161ys, &#8222;Tulip\" lop\u0161ys ir kit\u0173 prek\u0117s \u017eenkl\u0173 lop\u0161iai.<\/h6>\n<\/li>\n<li>\n<h6>Ping 3 Trekingas - &#8222;Tulip\" lop\u0161ys ir kit\u0173 prek\u0117s \u017eenkl\u0173 lop\u0161iai.<\/h6>\n<\/li>\n<\/ul>\n<p>&nbsp;<\/p>\n<h6><strong><em>Suderinamumas su populiariais saugos lop\u0161iais<\/em><\/strong><\/h6>\n<ul>\n<li>\n<h6>ABC Design auk\u0161\u010dio adapteris, suderinamas su \u0161iais lop\u0161iais:<\/h6>\n<\/li>\n<li>\n<h6>&#8222;Maxi Cosi Pebble 360 Pro 2<\/h6>\n<\/li>\n<li>\n<h6>ABC Design Tulp\u0117<\/h6>\n<\/li>\n<li>\n<h6>&#8222;Joie i-Gemm<\/h6>\n<\/li>\n<li>\n<h6>&#8222;Maxi Cosi CabrioFix<\/h6>\n<\/li>\n<li>\n<h6>&#8222;Maxi Cosi Coral<\/h6>\n<\/li>\n<li>\n<h6>Avionaut Cosmo<\/h6>\n<\/li>\n<li>\n<h6>&#8222;Maxi Cosi Pebble 360<\/h6>\n<\/li>\n<li>\n<h6>&#8222;Cybex Cloud T<\/h6>\n<\/li>\n<\/ul>\n<h6><\/h6>\n<h6>Atraskite ABC Design auk\u0161\u010dio adapter\u012f ir m\u0117gaukit\u0117s patogesniu ir ergonomi\u0161kesniu vaik\u0161\u010diojimu.<a href=\"https:\/\/hummy.ee\/lt\/abc-dizainas-aprasymas\/\" target=\"_blank\" rel=\"noopener\"> ABC Design<\/a> su vaiki\u0161ku ve\u017eim\u0117liu.<\/h6>\n<p>&nbsp;<\/p>\n<h6><em>Per\u017ei\u016br\u0117kite \u012fvadin\u012f <a href=\"https:\/\/www.youtube.com\/watch?v=p9GQ0Yc4Cqo\" target=\"_blank\" rel=\"noopener\">vaizdo \u012fra\u0161\u0105<\/a> ir su\u017einokite daugiau.<\/em><\/h6>\n","protected":false},"excerpt":{"rendered":"<p><!-- wp:paragraph --><\/p>\n<h6>Adapteris padidina j\u016bs\u0173 ve\u017eim\u0117lio auk\u0161t\u012f (+10 cm) ir palengvina naudojim\u0105 - idealiai tinka auk\u0161tesniems t\u0117vams. D\u0117l paauk\u0161tint\u0173 pried\u0173 galite patogiau ir papras\u010diau \u012fkelti k\u016bdik\u012f \u012f ve\u017eim\u0117l\u012f arba i\u0161 jo i\u0161kelti nesilenkdami. Tai palengvina nugar\u0105 ir palengvina ve\u017eim\u0117lio valdym\u0105.  <\/h6>\n<p><!-- \/wp:paragraph --><\/p>\n<p><!-- wp:paragraph --><\/p>\n<p><!-- \/wp:paragraph --><\/p>\n<p><!-- wp:heading {\"level\":4} --><\/p>\n<p><!-- \/wp:paragraph --><\/p>\n<p><!-- wp:heading {\"level\":4} --><\/p>\n<p><!-- \/wp:heading --><\/p>\n<p><!-- wp:paragraph --><\/p>\n","protected":false},"featured_media":38858,"comment_status":"closed","ping_status":"closed","template":"","meta":{"_acf_changed":false,"om_disable_all_campaigns":false,"_monsterinsights_skip_tracking":false,"_monsterinsights_sitenote_active":false,"_monsterinsights_sitenote_note":"","_monsterinsights_sitenote_category":0,"_uf_show_specific_survey":0,"_uf_disable_surveys":false,"site-sidebar-layout":"default","site-content-layout":"","ast-site-content-layout":"default","site-content-style":"default","site-sidebar-style":"default","ast-global-header-display":"","ast-banner-title-visibility":"","ast-main-header-display":"","ast-hfb-above-header-display":"","ast-hfb-below-header-display":"","ast-hfb-mobile-header-display":"","site-post-title":"","ast-breadcrumbs-content":"","ast-featured-img":"","footer-sml-layout":"","theme-transparent-header-meta":"default","adv-header-id-meta":"","stick-header-meta":"","header-above-stick-meta":"","header-main-stick-meta":"","header-below-stick-meta":"","astra-migrate-meta-layouts":"default","ast-page-background-enabled":"default","ast-page-background-meta":{"desktop":{"background-color":"var(--ast-global-color-4)","background-image":"","background-repeat":"repeat","background-position":"center center","background-size":"auto","background-attachment":"scroll","background-type":"","background-media":"","overlay-type":"","overlay-color":"","overlay-opacity":"","overlay-gradient":""},"tablet":{"background-color":"","background-image":"","background-repeat":"repeat","background-position":"center center","background-size":"auto","background-attachment":"scroll","background-type":"","background-media":"","overlay-type":"","overlay-color":"","overlay-opacity":"","overlay-gradient":""},"mobile":{"background-color":"","background-image":"","background-repeat":"repeat","background-position":"center center","background-size":"auto","background-attachment":"scroll","background-type":"","background-media":"","overlay-type":"","overlay-color":"","overlay-opacity":"","overlay-gradient":""}},"ast-content-background-meta":{"desktop":{"background-color":"var(--ast-global-color-5)","background-image":"","background-repeat":"repeat","background-position":"center center","background-size":"auto","background-attachment":"scroll","background-type":"","background-media":"","overlay-type":"","overlay-color":"","overlay-opacity":"","overlay-gradient":""},"tablet":{"background-color":"var(--ast-global-color-5)","background-image":"","background-repeat":"repeat","background-position":"center center","background-size":"auto","background-attachment":"scroll","background-type":"","background-media":"","overlay-type":"","overlay-color":"","overlay-opacity":"","overlay-gradient":""},"mobile":{"background-color":"var(--ast-global-color-5)","background-image":"","background-repeat":"repeat","background-position":"center center","background-size":"auto","background-attachment":"scroll","background-type":"","background-media":"","overlay-type":"","overlay-color":"","overlay-opacity":"","overlay-gradient":""}}},"product_brand":[],"product_cat":[525,373,331],"product_tag":[],"class_list":{"0":"post-52881","1":"product","2":"type-product","3":"status-publish","4":"has-post-thumbnail","6":"product_cat-abc-dizainas","7":"product_cat-adapteriai","8":"product_cat-apipjaustymo-priedai","9":"desktop-align-left","10":"tablet-align-left","11":"mobile-align-left","13":"first","14":"instock","15":"taxable","16":"shipping-taxable","17":"purchasable","18":"product-type-simple"},"acf":[],"aioseo_notices":[],"_links":{"self":[{"href":"https:\/\/hummy.ee\/lt\/wp-json\/wp\/v2\/product\/52881","targetHints":{"allow":["GET"]}}],"collection":[{"href":"https:\/\/hummy.ee\/lt\/wp-json\/wp\/v2\/product"}],"about":[{"href":"https:\/\/hummy.ee\/lt\/wp-json\/wp\/v2\/types\/product"}],"replies":[{"embeddable":true,"href":"https:\/\/hummy.ee\/lt\/wp-json\/wp\/v2\/comments?post=52881"}],"version-history":[{"count":2,"href":"https:\/\/hummy.ee\/lt\/wp-json\/wp\/v2\/product\/52881\/revisions"}],"predecessor-version":[{"id":80930,"href":"https:\/\/hummy.ee\/lt\/wp-json\/wp\/v2\/product\/52881\/revisions\/80930"}],"wp:featuredmedia":[{"embeddable":true,"href":"https:\/\/hummy.ee\/lt\/wp-json\/wp\/v2\/media\/38858"}],"wp:attachment":[{"href":"https:\/\/hummy.ee\/lt\/wp-json\/wp\/v2\/media?parent=52881"}],"wp:term":[{"taxonomy":"product_brand","embeddable":true,"href":"https:\/\/hummy.ee\/lt\/wp-json\/wp\/v2\/product_brand?post=52881"},{"taxonomy":"product_cat","embeddable":true,"href":"https:\/\/hummy.ee\/lt\/wp-json\/wp\/v2\/product_cat?post=52881"},{"taxonomy":"product_tag","embeddable":true,"href":"https:\/\/hummy.ee\/lt\/wp-json\/wp\/v2\/product_tag?post=52881"}],"curies":[{"name":"wp","href":"https:\/\/api.w.org\/{rel}","templated":true}]}}