{"id":52862,"date":"2024-04-07T18:40:09","date_gmt":"2024-04-07T18:40:09","guid":{"rendered":"https:\/\/hummy.ee\/product\/abc-design-universalus-sauskelniu-maiselio-priedas\/"},"modified":"2025-09-06T18:55:52","modified_gmt":"2025-09-06T18:55:52","slug":"abc-design-universalus-sauskelniu-maiselio-priedas","status":"publish","type":"product","link":"https:\/\/hummy.ee\/lt\/produktas\/abc-design-universalus-sauskelniu-maiselio-priedas\/","title":{"rendered":"ABC Design Universalus sauskelni\u0173 mai\u0161elio priedas"},"content":{"rendered":"<h6>ABC Design universalus sauskelni\u0173 krep\u0161io tvirtinimas - tai i\u0161manus sprendimas, leid\u017eiantis saugiai ir patogiai pritvirtinti sauskelni\u0173 krep\u0161\u012f prie vaiki\u0161ko ve\u017eim\u0117lio dir\u017e\u0173. Jei j\u016bs\u0173 ve\u017eim\u0117lyje n\u0117ra \u012fmontuotos pried\u0173 tvirtinimo sistemos, prakti\u0161ki dir\u017eeliai, dir\u017eai ir tvirti tvirtinimo kabliukai yra lankstus sprendimas, tinkantis beveik visiems \u012fprastiems ve\u017eim\u0117liams ir pervystymo krep\u0161iams. <\/h6>\n<p>&nbsp;<\/p>\n<h6><\/h6>\n<h6><strong><em>Kod\u0117l verta rinktis ABC Design universal\u0173 sauskelni\u0173 mai\u0161eli\u0173 u\u017esegim\u0105?<\/em><\/strong><\/h6>\n<ul>\n<li data-start=\"860\" data-end=\"1385\">\n<h6>Saugus ir patikimas tvirtinimas - dir\u017eai ir tvirti tvirtinimo kabliukai saugiai pritvirtina sauskelni\u0173 krep\u0161\u012f prie ve\u017eim\u0117lio.<\/h6>\n<\/li>\n<li data-start=\"860\" data-end=\"1385\">\n<h6>Universaliai tinka daugumai vaiki\u0161k\u0173 ve\u017eim\u0117li\u0173, ve\u017eim\u0117li\u0173 ir pervystymo krep\u0161i\u0173, tod\u0117l j\u012f galima naudoti \u012fvairiai.<\/h6>\n<\/li>\n<li data-start=\"860\" data-end=\"1385\">\n<h6>Lengva montuoti ir nuimti - dir\u017eeliais galima greitai ir be vargo pritvirtinti laikikl\u012f arba j\u012f nuimti.<\/h6>\n<\/li>\n<li data-start=\"860\" data-end=\"1385\">\n<h6>Lengvas ir prakti\u0161kas - jis u\u017eima ma\u017eai vietos ir yra lengvai perkeliamas, tod\u0117l puikiai tinka kelion\u0117ms ir kasdieniam naudojimui.<\/h6>\n<\/li>\n<\/ul>\n<p>&nbsp;<\/p>\n<h6><strong>Patogus ir prakti\u0161kas visose situacijose<\/strong><\/h6>\n<h6>ABC Design universalus sauskelni\u0173 krep\u0161io priedas sukurtas tam, kad t\u0117vams b\u016bt\u0173 lengviau gyventi. Nesvarbu, ar tai b\u016bt\u0173 kasdienis pasivaik\u0161\u010diojimas, kelion\u0117 \u012f parduotuv\u0119, ar kelion\u0117, \u0161is patogus priedas atlaisvina rankas ir leid\u017eia patogiau naudotis ve\u017eim\u0117liu. <\/h6>\n<p>&nbsp;<\/p>\n<h6><em>Per\u017ei\u016br\u0117kite \u012fvadin\u012f <a href=\"https:\/\/www.youtube.com\/watch?v=SlZVrYlk50g\">vaizdo \u012fra\u0161\u0105<\/a> ir su\u017einokite daugiau.<\/em><\/h6>\n","protected":false},"excerpt":{"rendered":"<h6 data-start=\"0\" data-end=\"109\">ABC Design universalus sauskelni\u0173 mai\u0161elio tvirtinimas - patogus ir saugus sprendimas kasdieniam naudojimui. Kai esate i\u0161vykoje su k\u016bdikiu, sauskelni\u0173 krep\u0161ys yra b\u016btinas aksesuaras, \u012f kur\u012f galima sud\u0117ti visk\u0105, ko reikia - sauskelnes, maitinimo buteliukus, servet\u0117les ir kitus b\u016btiniausius daiktus. Ta\u010diau jums reikia saugios ir patogios tvirtinimo sistemos, kuri u\u017etikrint\u0173, kad sauskelni\u0173 krep\u0161ys netrukdyt\u0173, kai esate i\u0161vykoje.  <\/h6>\n","protected":false},"featured_media":36294,"comment_status":"closed","ping_status":"closed","template":"","meta":{"_acf_changed":false,"om_disable_all_campaigns":false,"_monsterinsights_skip_tracking":false,"_monsterinsights_sitenote_active":false,"_monsterinsights_sitenote_note":"","_monsterinsights_sitenote_category":0,"_uf_show_specific_survey":0,"_uf_disable_surveys":false,"site-sidebar-layout":"default","site-content-layout":"","ast-site-content-layout":"default","site-content-style":"default","site-sidebar-style":"default","ast-global-header-display":"","ast-banner-title-visibility":"","ast-main-header-display":"","ast-hfb-above-header-display":"","ast-hfb-below-header-display":"","ast-hfb-mobile-header-display":"","site-post-title":"","ast-breadcrumbs-content":"","ast-featured-img":"","footer-sml-layout":"","theme-transparent-header-meta":"default","adv-header-id-meta":"","stick-header-meta":"","header-above-stick-meta":"","header-main-stick-meta":"","header-below-stick-meta":"","astra-migrate-meta-layouts":"default","ast-page-background-enabled":"default","ast-page-background-meta":{"desktop":{"background-color":"var(--ast-global-color-4)","background-image":"","background-repeat":"repeat","background-position":"center center","background-size":"auto","background-attachment":"scroll","background-type":"","background-media":"","overlay-type":"","overlay-color":"","overlay-opacity":"","overlay-gradient":""},"tablet":{"background-color":"","background-image":"","background-repeat":"repeat","background-position":"center center","background-size":"auto","background-attachment":"scroll","background-type":"","background-media":"","overlay-type":"","overlay-color":"","overlay-opacity":"","overlay-gradient":""},"mobile":{"background-color":"","background-image":"","background-repeat":"repeat","background-position":"center center","background-size":"auto","background-attachment":"scroll","background-type":"","background-media":"","overlay-type":"","overlay-color":"","overlay-opacity":"","overlay-gradient":""}},"ast-content-background-meta":{"desktop":{"background-color":"var(--ast-global-color-5)","background-image":"","background-repeat":"repeat","background-position":"center center","background-size":"auto","background-attachment":"scroll","background-type":"","background-media":"","overlay-type":"","overlay-color":"","overlay-opacity":"","overlay-gradient":""},"tablet":{"background-color":"var(--ast-global-color-5)","background-image":"","background-repeat":"repeat","background-position":"center center","background-size":"auto","background-attachment":"scroll","background-type":"","background-media":"","overlay-type":"","overlay-color":"","overlay-opacity":"","overlay-gradient":""},"mobile":{"background-color":"var(--ast-global-color-5)","background-image":"","background-repeat":"repeat","background-position":"center center","background-size":"auto","background-attachment":"scroll","background-type":"","background-media":"","overlay-type":"","overlay-color":"","overlay-opacity":"","overlay-gradient":""}}},"product_brand":[],"product_cat":[525,331,715],"product_tag":[337,335],"class_list":{"0":"post-52862","1":"product","2":"type-product","3":"status-publish","4":"has-post-thumbnail","6":"product_cat-abc-dizainas","7":"product_cat-apipjaustymo-priedai","8":"product_cat-daugiau","9":"product_tag-atskiri-produktai","10":"product_tag-pritaikyta-svetaine","11":"desktop-align-left","12":"tablet-align-left","13":"mobile-align-left","15":"first","16":"instock","17":"taxable","18":"shipping-taxable","19":"purchasable","20":"product-type-simple"},"acf":[],"aioseo_notices":[],"_links":{"self":[{"href":"https:\/\/hummy.ee\/lt\/wp-json\/wp\/v2\/product\/52862","targetHints":{"allow":["GET"]}}],"collection":[{"href":"https:\/\/hummy.ee\/lt\/wp-json\/wp\/v2\/product"}],"about":[{"href":"https:\/\/hummy.ee\/lt\/wp-json\/wp\/v2\/types\/product"}],"replies":[{"embeddable":true,"href":"https:\/\/hummy.ee\/lt\/wp-json\/wp\/v2\/comments?post=52862"}],"version-history":[{"count":1,"href":"https:\/\/hummy.ee\/lt\/wp-json\/wp\/v2\/product\/52862\/revisions"}],"predecessor-version":[{"id":67271,"href":"https:\/\/hummy.ee\/lt\/wp-json\/wp\/v2\/product\/52862\/revisions\/67271"}],"wp:featuredmedia":[{"embeddable":true,"href":"https:\/\/hummy.ee\/lt\/wp-json\/wp\/v2\/media\/36294"}],"wp:attachment":[{"href":"https:\/\/hummy.ee\/lt\/wp-json\/wp\/v2\/media?parent=52862"}],"wp:term":[{"taxonomy":"product_brand","embeddable":true,"href":"https:\/\/hummy.ee\/lt\/wp-json\/wp\/v2\/product_brand?post=52862"},{"taxonomy":"product_cat","embeddable":true,"href":"https:\/\/hummy.ee\/lt\/wp-json\/wp\/v2\/product_cat?post=52862"},{"taxonomy":"product_tag","embeddable":true,"href":"https:\/\/hummy.ee\/lt\/wp-json\/wp\/v2\/product_tag?post=52862"}],"curies":[{"name":"wp","href":"https:\/\/api.w.org\/{rel}","templated":true}]}}