{"id":52754,"date":"2024-04-07T18:22:25","date_gmt":"2024-04-07T18:22:25","guid":{"rendered":"https:\/\/hummy.ee\/product\/leclercbaby-poliarinis-terminis-krepsys\/"},"modified":"2026-03-18T20:44:18","modified_gmt":"2026-03-18T20:44:18","slug":"leclercbaby-poliarinis-terminis-krepsys","status":"publish","type":"product","link":"https:\/\/hummy.ee\/lt\/produktas\/leclercbaby-poliarinis-terminis-krepsys\/","title":{"rendered":"Leclercbaby Polar terminis krep\u0161ys"},"content":{"rendered":"<h6 data-start=\"381\" data-end=\"418\"><strong><em>Kod\u0117l verta rinktis &#8222;Polar\" termin\u012f krep\u0161\u012f?<\/em><\/strong><\/h6>\n<ul>\n<li data-start=\"420\" data-end=\"1071\">\n<h6>Did\u017eiausia \u0161iluma ir apsauga - med\u017eiagos, specialiai sukurtos apsaugoti nuo \u0161al\u010dio, v\u0117jo ir dr\u0117gm\u0117s, kad k\u016bdikiui visada b\u016bt\u0173 jauku ir \u0161ilta.<\/h6>\n<\/li>\n<li data-start=\"420\" data-end=\"1071\">\n<h6>Reguliuojamas gobtuvas - galite j\u012f tiksliai pritaikyti prie vaiko galvos, kad \u0161altas oras nepatekt\u0173 \u012f vid\u0173, o \u0161iluma likt\u0173 viduje.<\/h6>\n<\/li>\n<li data-start=\"420\" data-end=\"1071\">\n<h6>Mink\u0161tas ir patogus vidus - j\u016bs\u0173 vaikui patiks atsipalaiduoti kar\u0161to vandens buteliuke net ilg\u0173 pasivaik\u0161\u010diojim\u0173 metu.<\/h6>\n<\/li>\n<li data-start=\"420\" data-end=\"1071\">\n<h6>Lengvai montuojamas - sukurtas taip, kad tikt\u0173 daugumai ve\u017eim\u0117li\u0173, ypa\u010d tinka Leclercbaby modeliams.<\/h6>\n<\/li>\n<li data-start=\"420\" data-end=\"1071\">\n<h6>Tinkamas naudoti ilg\u0105 laik\u0105 - skirtas vaikams nuo 6 m\u0117nesi\u0173 iki 5 met\u0173, kad jie gal\u0117t\u0173 juo naudotis kuo geriau.<\/h6>\n<\/li>\n<\/ul>\n<h6 data-start=\"1073\" data-end=\"1107\"><strong><em>Did\u017eiausias komfortas bet kokiu oru<\/em><\/strong><\/h6>\n<h6 data-start=\"1109\" data-end=\"1397\">&#8222;Polar\" yra daugiau nei \u012fprastas miegmai\u0161is - jis sukurtas taip, kad b\u016bt\u0173 maksimaliai patogus ir apsaugotas, tod\u0117l net ir \u0161al\u010diausiomis dienomis j\u016bs\u0173 vaikui bus jauki ir saugi aplinka. D\u0117l v\u0117jo nepraleid\u017eian\u010dios med\u017eiagos nereikia jaudintis, kad \u0161altas v\u0117jas ar lietus trukdys pasivaik\u0161\u010diojimams.<\/h6>\n<h6 data-start=\"1399\" data-end=\"1540\">Be to, audinys yra pralaidus orui, tod\u0117l padeda reguliuoti temperat\u016br\u0105 ir neleid\u017eia perkaisti, tod\u0117l j\u016bs\u0173 vaikui visada bus patogu ir komforti\u0161ka.<\/h6>\n<p>&nbsp;<\/p>\n<h6 data-start=\"1542\" data-end=\"1577\"><strong><em>Didelis stiling\u0173 spalv\u0173 pasirinkimas<\/em><\/strong><\/h6>\n<h6 data-start=\"1579\" data-end=\"1821\">Galima rinktis \u012fvairi\u0173 spalv\u0173, deran\u010di\u0173 prie Leclercbaby ve\u017eim\u0117li\u0173, tod\u0117l galite rasti tobul\u0105 derin\u012f. Nesvarbu, ar norite ko nors klasikinio juodo, neutralaus pilko, ar ak\u012f traukian\u010dios spalvos? Pasirinkimas priklauso nuo j\u016bs\u0173!<\/h6>\n<p>&nbsp;<\/p>\n<h6 data-start=\"1823\" data-end=\"1850\"><strong><em>Med\u017eiaga ir matmenys<\/em><\/strong><\/h6>\n<ul>\n<li data-start=\"1852\" data-end=\"2106\">\n<h6>Audinio med\u017eiaga: patvarus ir oro s\u0105lygoms atsparus drob\u0117s audinys, kuris gali atlaikyti liet\u0173, snieg\u0105 ir v\u0117j\u0105.<\/h6>\n<\/li>\n<li data-start=\"1852\" data-end=\"2106\">\n<h6>Matmenys: 85 cm (ilgis) x 42 cm (plotis) - pakankamai erdvus vaikui, ta\u010diau pakankamai tankus, kad i\u0161laikyt\u0173 \u0161ilum\u0105.<\/h6>\n<\/li>\n<\/ul>\n<p>&nbsp;<\/p>\n<h6 data-start=\"2108\" data-end=\"2142\"><strong><em>Stilius ir prakti\u0161kumas viename<\/em><\/strong><\/h6>\n<h6 data-start=\"2144\" data-end=\"2446\">Kadangi Leclercbaby dizaine visada dera funkcionalumas ir gro\u017eis, &#8222;Polar\" yra ak\u012f traukiantis ir eleganti\u0161kas bet kokio ve\u017eim\u0117lio priedas. D\u0117l kokybi\u0161k\u0173 med\u017eiag\u0173 ir \u012fmantraus dizaino jis tarnaus ilgus metus, u\u017etikrindamas maksimal\u0173 komfort\u0105 ir apsaug\u0105 j\u016bs\u0173 k\u016bdikiui bet kokiu oru.<\/h6>\n<p>&nbsp;<\/p>\n<h6 data-start=\"2975\" data-end=\"3018\">Neleiskite, kad \u0161altis trukdyt\u0173 - rinkit\u0117s Leclercbaby Polar termo krep\u0161\u012f ir m\u0117gaukit\u0117s pasivaik\u0161\u010diojimais i\u0161tisus metus!<\/h6>\n<p>&nbsp;<\/p>\n<h6><em>Susipa\u017einkite su Leclercbaby gamini\u0173 asortimentu <a href=\"https:\/\/hummy.ee\/lt\/parduotuve\/leclercbaby\/\" target=\"_blank\" rel=\"noopener\">\u010dia.<\/a><\/em><\/h6>\n","protected":false},"excerpt":{"rendered":"<h6 data-start=\"0\" data-end=\"73\">Leclercbaby &#8222;Polar\" terminis krep\u0161ys - geriausia apsauga nuo \u0161al\u010dio ir v\u0117jo! Kai oras tampa \u0161altas ir v\u0117juotas, Leclercbaby Polar termo krep\u0161ys yra puikus sprendimas, kad j\u016bs\u0173 ma\u017eajam keliautojui b\u016bt\u0173 \u0161ilta ir patogu. Specialiai \u0161altam orui sukurtas &#8222;Polar Warmbag\" krep\u0161ys u\u017etikrina, kad j\u016bs\u0173 vaikas jaust\u0173si saugiai ir patogiai kiekvieno pasivaik\u0161\u010diojimo metu, kad ir koks b\u016bt\u0173 oras.<\/h6>\n","protected":false},"featured_media":45778,"comment_status":"closed","ping_status":"closed","template":"","meta":{"_acf_changed":false,"om_disable_all_campaigns":false,"_monsterinsights_skip_tracking":false,"_monsterinsights_sitenote_active":false,"_monsterinsights_sitenote_note":"","_monsterinsights_sitenote_category":0,"_uf_show_specific_survey":0,"_uf_disable_surveys":false,"site-sidebar-layout":"default","site-content-layout":"","ast-site-content-layout":"default","site-content-style":"default","site-sidebar-style":"default","ast-global-header-display":"","ast-banner-title-visibility":"","ast-main-header-display":"","ast-hfb-above-header-display":"","ast-hfb-below-header-display":"","ast-hfb-mobile-header-display":"","site-post-title":"","ast-breadcrumbs-content":"","ast-featured-img":"","footer-sml-layout":"","theme-transparent-header-meta":"default","adv-header-id-meta":"","stick-header-meta":"","header-above-stick-meta":"","header-main-stick-meta":"","header-below-stick-meta":"","astra-migrate-meta-layouts":"set","ast-page-background-enabled":"default","ast-page-background-meta":{"desktop":{"background-color":"var(--ast-global-color-4)","background-image":"","background-repeat":"repeat","background-position":"center center","background-size":"auto","background-attachment":"scroll","background-type":"","background-media":"","overlay-type":"","overlay-color":"","overlay-opacity":"","overlay-gradient":""},"tablet":{"background-color":"","background-image":"","background-repeat":"repeat","background-position":"center center","background-size":"auto","background-attachment":"scroll","background-type":"","background-media":"","overlay-type":"","overlay-color":"","overlay-opacity":"","overlay-gradient":""},"mobile":{"background-color":"","background-image":"","background-repeat":"repeat","background-position":"center center","background-size":"auto","background-attachment":"scroll","background-type":"","background-media":"","overlay-type":"","overlay-color":"","overlay-opacity":"","overlay-gradient":""}},"ast-content-background-meta":{"desktop":{"background-color":"var(--ast-global-color-5)","background-image":"","background-repeat":"repeat","background-position":"center center","background-size":"auto","background-attachment":"scroll","background-type":"","background-media":"","overlay-type":"","overlay-color":"","overlay-opacity":"","overlay-gradient":""},"tablet":{"background-color":"var(--ast-global-color-5)","background-image":"","background-repeat":"repeat","background-position":"center center","background-size":"auto","background-attachment":"scroll","background-type":"","background-media":"","overlay-type":"","overlay-color":"","overlay-opacity":"","overlay-gradient":""},"mobile":{"background-color":"var(--ast-global-color-5)","background-image":"","background-repeat":"repeat","background-position":"center center","background-size":"auto","background-attachment":"scroll","background-type":"","background-media":"","overlay-type":"","overlay-color":"","overlay-opacity":"","overlay-gradient":""}}},"product_brand":[],"product_cat":[331,332,404],"product_tag":[337,335],"class_list":{"0":"post-52754","1":"product","2":"type-product","3":"status-publish","4":"has-post-thumbnail","6":"product_cat-apipjaustymo-priedai","7":"product_cat-leclercbaby-lt","8":"product_cat-karsti-maiseliai","9":"product_tag-atskiri-produktai","10":"product_tag-pritaikyta-svetaine","11":"desktop-align-left","12":"tablet-align-left","13":"mobile-align-left","15":"first","16":"instock","17":"sale","18":"taxable","19":"shipping-taxable","20":"purchasable","21":"product-type-variable"},"acf":[],"aioseo_notices":[],"_links":{"self":[{"href":"https:\/\/hummy.ee\/lt\/wp-json\/wp\/v2\/product\/52754","targetHints":{"allow":["GET"]}}],"collection":[{"href":"https:\/\/hummy.ee\/lt\/wp-json\/wp\/v2\/product"}],"about":[{"href":"https:\/\/hummy.ee\/lt\/wp-json\/wp\/v2\/types\/product"}],"replies":[{"embeddable":true,"href":"https:\/\/hummy.ee\/lt\/wp-json\/wp\/v2\/comments?post=52754"}],"version-history":[{"count":3,"href":"https:\/\/hummy.ee\/lt\/wp-json\/wp\/v2\/product\/52754\/revisions"}],"predecessor-version":[{"id":86218,"href":"https:\/\/hummy.ee\/lt\/wp-json\/wp\/v2\/product\/52754\/revisions\/86218"}],"wp:featuredmedia":[{"embeddable":true,"href":"https:\/\/hummy.ee\/lt\/wp-json\/wp\/v2\/media\/45778"}],"wp:attachment":[{"href":"https:\/\/hummy.ee\/lt\/wp-json\/wp\/v2\/media?parent=52754"}],"wp:term":[{"taxonomy":"product_brand","embeddable":true,"href":"https:\/\/hummy.ee\/lt\/wp-json\/wp\/v2\/product_brand?post=52754"},{"taxonomy":"product_cat","embeddable":true,"href":"https:\/\/hummy.ee\/lt\/wp-json\/wp\/v2\/product_cat?post=52754"},{"taxonomy":"product_tag","embeddable":true,"href":"https:\/\/hummy.ee\/lt\/wp-json\/wp\/v2\/product_tag?post=52754"}],"curies":[{"name":"wp","href":"https:\/\/api.w.org\/{rel}","templated":true}]}}