{"id":52722,"date":"2024-04-07T18:23:54","date_gmt":"2024-04-07T18:23:54","guid":{"rendered":"https:\/\/hummy.ee\/product\/leclercbaby-samu-sauskelniu-krepsys\/"},"modified":"2026-03-18T20:44:34","modified_gmt":"2026-03-18T20:44:34","slug":"leclercbaby-samu-sauskelniu-krepsys","status":"publish","type":"product","link":"https:\/\/hummy.ee\/lt\/produktas\/leclercbaby-samu-sauskelniu-krepsys\/","title":{"rendered":"Leclercbaby \u0160am\u0173 sauskelni\u0173 krep\u0161ys"},"content":{"rendered":"<h6><strong><em>Kod\u0117l verta rinktis Leclercbaby Monnalisa sauskelni\u0173 krep\u0161\u012f?<\/em><\/strong><\/h6>\n<ul>\n<li>\n<h6>Gra\u017eus &#8222;Monnalisa\" g\u0117li\u0173 dizainas - elegancija ir funkcionalumas viename!<\/h6>\n<\/li>\n<li>\n<h6>Daug vietos ir protingi sprendimai - didel\u0117 ki\u0161en\u0117, dvi ma\u017eesn\u0117s ki\u0161en\u0117s, buteli\u0173 laikiklis ir vidin\u0117 ki\u0161en\u0117 su u\u017etrauktuku padeda tvarkyti visk\u0105, ko reikia.<\/h6>\n<\/li>\n<li>\n<h6>Pridedamas suderinamas pervystymo kilim\u0117lis - kad gal\u0117tum\u0117te greitai ir patogiai pervystyti bet kur.<\/h6>\n<\/li>\n<li>\n<h6>Reguliuojami dir\u017eeliai ir tvirtinimo spaustukai - ne\u0161iokite j\u012f kaip rankin\u0119 per pet\u012f arba pritvirtinkite prie ve\u017eim\u0117lio - pasirinkite, kas jums patogiausia!<\/h6>\n<\/li>\n<li>\n<h6>Lengvai valomas poliesterio audinys - patvari, prie\u017ei\u016bros nereikalaujanti med\u017eiaga, kuri tarnauja ilgai.<\/h6>\n<\/li>\n<\/ul>\n<h6><\/h6>\n<h6><strong><em>Prakti\u0161kumas atitinka mad\u0105<\/em><\/strong><\/h6>\n<h6>Leclercbaby Sum\u0173 sauskelni\u0173 krep\u0161ys n\u0117ra tik krep\u0161ys - tai mados elementas, kuris papildo j\u016bs\u0173 stili\u0173 ir dar labiau palengvina t\u0117vyst\u0119. Monnalisa firminis g\u0117li\u0173 ra\u0161tas suteikia elegancijos, o ergonomi\u0161kas dizainas u\u017etikrina, kad viskas, ko reikia, visada bus po ranka.<\/h6>\n<h6>Sauskelni\u0173 krep\u0161ys idealiai tinka Leclercbaby &#8222;Monnalisa\" ve\u017eim\u0117liams, ta\u010diau d\u0117l universali\u0173 pried\u0173 j\u012f galima naudoti ir su bet kuriuo kitu ve\u017eim\u0117liu. Pasiimkite visk\u0105, ko reikia - stilingai ir patogiai!<\/h6>\n<p>&nbsp;<\/p>\n<h6><strong><em>Leclercbaby &#8222;Monnalisa\" kolekcija - nesenstantis gro\u017eis ir pa\u017eangiausias komfortas<\/em><\/strong><\/h6>\n<h6>Leclercbaby &#8222;Monnalisa\" kolekcija sukurta t\u0117vams, vertinantiems prabang\u0173 dizain\u0105, maksimal\u0173 komfort\u0105 ir prakti\u0161kum\u0105. Tai madinga prek\u0117, kurioje dera dr\u0105s\u016bs g\u0117li\u0173 ra\u0161tai, kokybi\u0161kos med\u017eiagos ir itin plonas surinkimo mechanizmas.<\/h6>\n<h6><\/h6>\n<ul>\n<li>\n<h6>Puo\u0161n\u016bs audiniai ir prabangios detal\u0117s<\/h6>\n<\/li>\n<li>\n<h6>\u0160ampano pilkos, rudos ir auksin\u0117s ro\u017ein\u0117s spalvos r\u0117meliai<\/h6>\n<\/li>\n<li>\n<h6>Lengvas ir sklandus sulankstymo mechanizmas<\/h6>\n<\/li>\n<\/ul>\n<h6>&#8222;Monnalisa\" kolekcijoje rasite gra\u017ei\u0173 aksesuar\u0173, kurie palengvina t\u0117vyst\u0119 ir padaro j\u0105 stilingesn\u0119.<\/h6>\n<p>&nbsp;<\/p>\n<h6><strong><em>Matmenys ir talpa<\/em><\/strong><\/h6>\n<ul>\n<li>\n<h6>Auk\u0161tis: 33 cm<\/h6>\n<\/li>\n<li>\n<h6>Gylis: 15 cm<\/h6>\n<\/li>\n<li>\n<h6>Plotis: 41 cm<\/h6>\n<\/li>\n<\/ul>\n<h6><\/h6>\n<h6><em>Daugiau apie tai, kaip pasirinkti lengv\u0105 ve\u017eim\u0117l\u012f, skaitykite Hummy <a href=\"https:\/\/hummy.ee\/lt\/kaip-pasirinkti-lengva-vezimeli\/\" target=\"_blank\" rel=\"noopener\">tinklara\u0161tyje.<\/a><\/em><\/h6>\n<h6><em><a href=\"https:\/\/www.youtube.com\/watch?v=PR4culPs7BE\" target=\"_blank\" rel=\"noopener\">Pa\u017evelkite<\/a> \u012f &#8222;Monnalisa\" ve\u017eim\u0117l\u012f, unikal\u0173 kaip ir j\u016bs\u0173 vaikas! <\/em><\/h6>\n","protected":false},"excerpt":{"rendered":"<h6>Leclercbaby &#8222;Monnalisa\" sauskelni\u0173 krep\u0161ys - stilingas, prakti\u0161kas ir talpus kiekvienam nuotykiui! Jei ie\u0161kote gra\u017eaus ir prakti\u0161ko sauskelni\u0173 krep\u0161io, kuriame tilpt\u0173 viskas, ko reikia, ir kuris puikiai tikt\u0173 prie Leclercbaby Monnalisa ve\u017eim\u0117li\u0173, \u0161is krep\u0161ys kaip tik jums!<\/h6>\n","protected":false},"featured_media":31770,"comment_status":"closed","ping_status":"closed","template":"","meta":{"_acf_changed":false,"om_disable_all_campaigns":false,"_monsterinsights_skip_tracking":false,"_monsterinsights_sitenote_active":false,"_monsterinsights_sitenote_note":"","_monsterinsights_sitenote_category":0,"_uf_show_specific_survey":0,"_uf_disable_surveys":false,"site-sidebar-layout":"default","site-content-layout":"","ast-site-content-layout":"default","site-content-style":"default","site-sidebar-style":"default","ast-global-header-display":"","ast-banner-title-visibility":"","ast-main-header-display":"","ast-hfb-above-header-display":"","ast-hfb-below-header-display":"","ast-hfb-mobile-header-display":"","site-post-title":"","ast-breadcrumbs-content":"","ast-featured-img":"","footer-sml-layout":"","theme-transparent-header-meta":"default","adv-header-id-meta":"","stick-header-meta":"","header-above-stick-meta":"","header-main-stick-meta":"","header-below-stick-meta":"","astra-migrate-meta-layouts":"set","ast-page-background-enabled":"default","ast-page-background-meta":{"desktop":{"background-color":"var(--ast-global-color-4)","background-image":"","background-repeat":"repeat","background-position":"center center","background-size":"auto","background-attachment":"scroll","background-type":"","background-media":"","overlay-type":"","overlay-color":"","overlay-opacity":"","overlay-gradient":""},"tablet":{"background-color":"","background-image":"","background-repeat":"repeat","background-position":"center center","background-size":"auto","background-attachment":"scroll","background-type":"","background-media":"","overlay-type":"","overlay-color":"","overlay-opacity":"","overlay-gradient":""},"mobile":{"background-color":"","background-image":"","background-repeat":"repeat","background-position":"center center","background-size":"auto","background-attachment":"scroll","background-type":"","background-media":"","overlay-type":"","overlay-color":"","overlay-opacity":"","overlay-gradient":""}},"ast-content-background-meta":{"desktop":{"background-color":"var(--ast-global-color-5)","background-image":"","background-repeat":"repeat","background-position":"center center","background-size":"auto","background-attachment":"scroll","background-type":"","background-media":"","overlay-type":"","overlay-color":"","overlay-opacity":"","overlay-gradient":""},"tablet":{"background-color":"var(--ast-global-color-5)","background-image":"","background-repeat":"repeat","background-position":"center center","background-size":"auto","background-attachment":"scroll","background-type":"","background-media":"","overlay-type":"","overlay-color":"","overlay-opacity":"","overlay-gradient":""},"mobile":{"background-color":"var(--ast-global-color-5)","background-image":"","background-repeat":"repeat","background-position":"center center","background-size":"auto","background-attachment":"scroll","background-type":"","background-media":"","overlay-type":"","overlay-color":"","overlay-opacity":"","overlay-gradient":""}}},"product_brand":[],"product_cat":[331,361,332],"product_tag":[337,335],"class_list":{"0":"post-52722","1":"product","2":"type-product","3":"status-publish","4":"has-post-thumbnail","6":"product_cat-apipjaustymo-priedai","7":"product_cat-krepsiai-ir-kuprines","8":"product_cat-leclercbaby-lt","9":"product_tag-atskiri-produktai","10":"product_tag-pritaikyta-svetaine","11":"desktop-align-left","12":"tablet-align-left","13":"mobile-align-left","15":"first","16":"instock","17":"sale","18":"taxable","19":"shipping-taxable","20":"purchasable","21":"product-type-variable"},"acf":[],"aioseo_notices":[],"_links":{"self":[{"href":"https:\/\/hummy.ee\/lt\/wp-json\/wp\/v2\/product\/52722","targetHints":{"allow":["GET"]}}],"collection":[{"href":"https:\/\/hummy.ee\/lt\/wp-json\/wp\/v2\/product"}],"about":[{"href":"https:\/\/hummy.ee\/lt\/wp-json\/wp\/v2\/types\/product"}],"replies":[{"embeddable":true,"href":"https:\/\/hummy.ee\/lt\/wp-json\/wp\/v2\/comments?post=52722"}],"version-history":[{"count":2,"href":"https:\/\/hummy.ee\/lt\/wp-json\/wp\/v2\/product\/52722\/revisions"}],"predecessor-version":[{"id":86225,"href":"https:\/\/hummy.ee\/lt\/wp-json\/wp\/v2\/product\/52722\/revisions\/86225"}],"wp:featuredmedia":[{"embeddable":true,"href":"https:\/\/hummy.ee\/lt\/wp-json\/wp\/v2\/media\/31770"}],"wp:attachment":[{"href":"https:\/\/hummy.ee\/lt\/wp-json\/wp\/v2\/media?parent=52722"}],"wp:term":[{"taxonomy":"product_brand","embeddable":true,"href":"https:\/\/hummy.ee\/lt\/wp-json\/wp\/v2\/product_brand?post=52722"},{"taxonomy":"product_cat","embeddable":true,"href":"https:\/\/hummy.ee\/lt\/wp-json\/wp\/v2\/product_cat?post=52722"},{"taxonomy":"product_tag","embeddable":true,"href":"https:\/\/hummy.ee\/lt\/wp-json\/wp\/v2\/product_tag?post=52722"}],"curies":[{"name":"wp","href":"https:\/\/api.w.org\/{rel}","templated":true}]}}