{"id":52715,"date":"2024-04-07T18:27:05","date_gmt":"2024-04-07T18:27:05","guid":{"rendered":"https:\/\/hummy.ee\/product\/leclercbaby-samu-siltas-maiselis\/"},"modified":"2026-03-18T20:44:26","modified_gmt":"2026-03-18T20:44:26","slug":"leclercbaby-samu-siltas-maiselis","status":"publish","type":"product","link":"https:\/\/hummy.ee\/lt\/produktas\/leclercbaby-samu-siltas-maiselis\/","title":{"rendered":"Leclercbaby \u0160am\u0173 \u0161iltas mai\u0161elis"},"content":{"rendered":"<h6><strong><em>Leclercbaby &#8222;Monnalisa\" terminis krep\u0161ys puikiai tinka \u0161altesn\u0117ms dienoms<\/em><\/strong><\/h6>\n<h6>D\u0117l nuostabiai \u0161ilto ir mink\u0161to pamu\u0161alo kojin\u0117s yra labai patogios j\u016bs\u0173 vaikui, tod\u0117l vis\u0105 laik\u0105 lauke jam bus jauku ir \u0161ilta. \u0160is miegmai\u0161is ypa\u010d naudingas \u0161altesniu oru, ta\u010diau j\u012f galima naudoti ir \u0161iltesniu oru - tereikia atsegti mai\u0161el\u012f ir naudoti kaip pagrind\u0105. J\u012f puo\u0161ia nepakartojamas atpa\u017e\u012fstamas &#8222;Monnalisa\" g\u0117li\u0173 ra\u0161tas ir jis tinka vaikams nuo 6 m\u0117nesi\u0173 iki 5 met\u0173. Leclercbaby &#8222;Monnalisa\" kar\u0161to vandens mai\u0161elis puikiai tinka prie Leclercbaby &#8222;Monnalisa\" ve\u017eim\u0117li\u0173 ir, \u017einoma, bet koki\u0173 kit\u0173 ve\u017eim\u0117li\u0173.<\/h6>\n<p>&nbsp;<\/p>\n<h6><strong><em>Duomenys:<\/em><\/strong><\/h6>\n<ul>\n<li>\n<h6>&#8222;Polar\" \u0161iluminis krep\u0161ys ypa\u010d naudingas \u0161altuoju met\u0173 laiku, ta\u010diau j\u012f galima naudoti ir \u0161iltesniu oru, tiesiog atsegus u\u017etrauktuk\u0105 ir naudojant kaip pagrind\u0105.<\/h6>\n<\/li>\n<li>\n<h6>Sof\u0105 puo\u0161ia neabejotinai atpa\u017e\u012fstamas &#8222;Monnalisa\" g\u0117li\u0173 ra\u0161tas.<\/h6>\n<\/li>\n<li>\n<h6>Tinka vaikams nuo 6 m\u0117nesi\u0173 iki 5 met\u0173.<\/h6>\n<\/li>\n<li>\n<h6>Lengva \u012fdiegti.<\/h6>\n<\/li>\n<li>\n<h6>Patogi ir mink\u0161ta.<\/h6>\n<\/li>\n<li>\n<h6>Galima \u012fsigyti \u012fvairi\u0173 spalv\u0173, deran\u010di\u0173 prie Leclercbaby Monnalisa ve\u017eim\u0117lio.<\/h6>\n<\/li>\n<li>\n<h6>Kar\u0161to mai\u0161o matmenys: 90 cm (ilgis) x 42 cm (plotis).<\/h6>\n<\/li>\n<\/ul>\n<h6><\/h6>\n<h6><strong><em>Tapkite g\u0117l\u0117tos meil\u0117s istorijos dalimi!<\/em><\/strong><\/h6>\n<h6>Leclercbaby Kolekcija &#8222;Monnalisa\" - tai madingas sprendimas, kuriame dera patogumas, funkcionalumas ir ak\u012f traukiantis dizainas. Puo\u0161n\u016bs audiniai, blizg\u016bs \u0161ampano pilkos, rudos ir auksin\u0117s ro\u017ein\u0117s spalvos r\u0117meliai, dr\u0105sus dizainas, patogumas kiekvienam gyvenimo b\u016bdui. Leclercbaby Kolekcijai &#8222;Monnalisa\" b\u016bdingi g\u0117li\u0173 ra\u0161tai, kokybi\u0161kos med\u017eiagos ir itin lengvas surinkimo mechanizmas.<\/h6>\n<h6>Leclercbaby &#8222;Monnalisa\" ve\u017eim\u0117lis yra trij\u0173 spalv\u0173: senovin\u0117s ro\u017ein\u0117s, ber\u017eo ir juodos, o firmin\u012f prek\u0117s \u017eenklo g\u0117li\u0173 ra\u0161t\u0105 papildo auksinis ro\u017einis r\u0117mas. Leclercbaby \u012e &#8222;Monnalisa\" kolekcij\u0105 taip pat \u012feina gra\u017e\u016bs ir patog\u016bs prie jos derantys priedai, palengvinantys t\u0117vyst\u0119.<\/h6>\n<p>&nbsp;<\/p>\n<h6><em>Daugiau apie tai, kaip pasirinkti lengv\u0105 ve\u017eim\u0117l\u012f, skaitykite Hummy <a href=\"https:\/\/hummy.ee\/lt\/kaip-pasirinkti-lengva-vezimeli\/\" target=\"_blank\" rel=\"noopener\">tinklara\u0161tyje.<\/a><\/em><\/h6>\n<h6><em><a href=\"https:\/\/www.youtube.com\/watch?v=PR4culPs7BE\" target=\"_blank\" rel=\"noopener\">Pa\u017evelkite<\/a> \u012f &#8222;Monnalisa\" ve\u017eim\u0117l\u012f, unikal\u0173 kaip ir j\u016bs\u0173 vaikas! <\/em><\/h6>\n","protected":false},"excerpt":{"rendered":"<h6>Leclercbaby &#8222;Monnalisa\" miegmai\u0161iai puikiai tinka \u0161altesn\u0117ms dienoms. Miegmai\u0161iai su nuostabiai \u0161iltu ir mink\u0161tu pamu\u0161alu j\u016bs\u0173 vaikui bus labai patogu ir \u0161ilta vis\u0105 laik\u0105 lauke. Miegmai\u0161iai puikiai tinka prie Leclercbaby Monnalisa ve\u017eim\u0117lio ir, \u017einoma, bet kurio kito ve\u017eim\u0117lio.<\/h6>\n","protected":false},"featured_media":39794,"comment_status":"closed","ping_status":"closed","template":"","meta":{"_acf_changed":false,"om_disable_all_campaigns":false,"_monsterinsights_skip_tracking":false,"_monsterinsights_sitenote_active":false,"_monsterinsights_sitenote_note":"","_monsterinsights_sitenote_category":0,"_uf_show_specific_survey":0,"_uf_disable_surveys":false,"site-sidebar-layout":"default","site-content-layout":"","ast-site-content-layout":"default","site-content-style":"default","site-sidebar-style":"default","ast-global-header-display":"","ast-banner-title-visibility":"","ast-main-header-display":"","ast-hfb-above-header-display":"","ast-hfb-below-header-display":"","ast-hfb-mobile-header-display":"","site-post-title":"","ast-breadcrumbs-content":"","ast-featured-img":"","footer-sml-layout":"","theme-transparent-header-meta":"default","adv-header-id-meta":"","stick-header-meta":"","header-above-stick-meta":"","header-main-stick-meta":"","header-below-stick-meta":"","astra-migrate-meta-layouts":"set","ast-page-background-enabled":"default","ast-page-background-meta":{"desktop":{"background-color":"var(--ast-global-color-4)","background-image":"","background-repeat":"repeat","background-position":"center center","background-size":"auto","background-attachment":"scroll","background-type":"","background-media":"","overlay-type":"","overlay-color":"","overlay-opacity":"","overlay-gradient":""},"tablet":{"background-color":"","background-image":"","background-repeat":"repeat","background-position":"center center","background-size":"auto","background-attachment":"scroll","background-type":"","background-media":"","overlay-type":"","overlay-color":"","overlay-opacity":"","overlay-gradient":""},"mobile":{"background-color":"","background-image":"","background-repeat":"repeat","background-position":"center center","background-size":"auto","background-attachment":"scroll","background-type":"","background-media":"","overlay-type":"","overlay-color":"","overlay-opacity":"","overlay-gradient":""}},"ast-content-background-meta":{"desktop":{"background-color":"var(--ast-global-color-5)","background-image":"","background-repeat":"repeat","background-position":"center center","background-size":"auto","background-attachment":"scroll","background-type":"","background-media":"","overlay-type":"","overlay-color":"","overlay-opacity":"","overlay-gradient":""},"tablet":{"background-color":"var(--ast-global-color-5)","background-image":"","background-repeat":"repeat","background-position":"center center","background-size":"auto","background-attachment":"scroll","background-type":"","background-media":"","overlay-type":"","overlay-color":"","overlay-opacity":"","overlay-gradient":""},"mobile":{"background-color":"var(--ast-global-color-5)","background-image":"","background-repeat":"repeat","background-position":"center center","background-size":"auto","background-attachment":"scroll","background-type":"","background-media":"","overlay-type":"","overlay-color":"","overlay-opacity":"","overlay-gradient":""}}},"product_brand":[],"product_cat":[331,332,404],"product_tag":[337],"class_list":{"0":"post-52715","1":"product","2":"type-product","3":"status-publish","4":"has-post-thumbnail","6":"product_cat-apipjaustymo-priedai","7":"product_cat-leclercbaby-lt","8":"product_cat-karsti-maiseliai","9":"product_tag-atskiri-produktai","10":"desktop-align-left","11":"tablet-align-left","12":"mobile-align-left","14":"first","15":"instock","16":"sale","17":"taxable","18":"shipping-taxable","19":"purchasable","20":"product-type-variable"},"acf":[],"aioseo_notices":[],"_links":{"self":[{"href":"https:\/\/hummy.ee\/lt\/wp-json\/wp\/v2\/product\/52715","targetHints":{"allow":["GET"]}}],"collection":[{"href":"https:\/\/hummy.ee\/lt\/wp-json\/wp\/v2\/product"}],"about":[{"href":"https:\/\/hummy.ee\/lt\/wp-json\/wp\/v2\/types\/product"}],"replies":[{"embeddable":true,"href":"https:\/\/hummy.ee\/lt\/wp-json\/wp\/v2\/comments?post=52715"}],"version-history":[{"count":2,"href":"https:\/\/hummy.ee\/lt\/wp-json\/wp\/v2\/product\/52715\/revisions"}],"predecessor-version":[{"id":86221,"href":"https:\/\/hummy.ee\/lt\/wp-json\/wp\/v2\/product\/52715\/revisions\/86221"}],"wp:featuredmedia":[{"embeddable":true,"href":"https:\/\/hummy.ee\/lt\/wp-json\/wp\/v2\/media\/39794"}],"wp:attachment":[{"href":"https:\/\/hummy.ee\/lt\/wp-json\/wp\/v2\/media?parent=52715"}],"wp:term":[{"taxonomy":"product_brand","embeddable":true,"href":"https:\/\/hummy.ee\/lt\/wp-json\/wp\/v2\/product_brand?post=52715"},{"taxonomy":"product_cat","embeddable":true,"href":"https:\/\/hummy.ee\/lt\/wp-json\/wp\/v2\/product_cat?post=52715"},{"taxonomy":"product_tag","embeddable":true,"href":"https:\/\/hummy.ee\/lt\/wp-json\/wp\/v2\/product_tag?post=52715"}],"curies":[{"name":"wp","href":"https:\/\/api.w.org\/{rel}","templated":true}]}}