{"id":52663,"date":"2024-04-07T18:54:27","date_gmt":"2024-04-07T18:54:27","guid":{"rendered":"https:\/\/hummy.ee\/product\/the-jiffle-vagono-tinklelis-nuo-uodu\/"},"modified":"2025-05-15T00:01:15","modified_gmt":"2025-05-15T00:01:15","slug":"the-jiffle-vagono-tinklelis-nuo-uodu","status":"publish","type":"product","link":"https:\/\/hummy.ee\/lt\/produktas\/the-jiffle-vagono-tinklelis-nuo-uodu\/","title":{"rendered":"The Jiffle vagono tinklelis nuo uod\u0173"},"content":{"rendered":"<h6 data-start=\"429\" data-end=\"468\"><strong><em>Universalus ir patogus naudojimas<\/em><\/strong><\/h6>\n<h6 data-start=\"469\" data-end=\"801\">The Jiffle Vagono tinklelis nuo uod\u0173 yra specialiai sukurtas taip, kad tikt\u0173 ir s\u0117dynei, ir lop\u0161iui, tod\u0117l yra lankstus ir universalus. Tai rei\u0161kia, kad nepriklausomai nuo to, ar k\u016bdikis s\u0117di, ar miega, galite b\u016bti tikri, kad jis apsaugotas nuo uod\u0173, musi\u0173 ir kit\u0173 \u012fkyri\u0173 vabzd\u017ei\u0173. <\/h6>\n<p>&nbsp;<\/p>\n<h6 data-start=\"803\" data-end=\"868\"><strong><em>Prakti\u0161ka u\u017etrauktuku u\u017esegama anga - vaikui lengva prieiti<\/em><\/strong><\/h6>\n<h6 data-start=\"869\" data-end=\"1167\">Tinklelio nuo uod\u0173 \u0161one yra sumanus ir patogus u\u017etrauktukas, kuriuo galima greitai ir be vargo pasiekti k\u016bdik\u012f nenuimant viso tinklelio. Tai ypa\u010d naudinga, kai reikia greitai paguosti k\u016bdik\u012f, paduoti jam \u017eaisl\u0105 ar tiesiog patikrinti, ar jam viskas gerai. <\/h6>\n<p>&nbsp;<\/p>\n<h6 data-start=\"1169\" data-end=\"1231\"><strong><em>Auk\u0161tos kokyb\u0117s ir kv\u0117puojanti med\u017eiaga - geriausias pasirinkimas j\u016bs\u0173 vaikui<\/em><\/strong><\/h6>\n<h6 data-start=\"1232\" data-end=\"1557\">Tinklelis nuo uod\u0173 pagamintas i\u0161 orui pralaid\u017eios ir patvarios med\u017eiagos, kuri u\u017etikrina ger\u0105 oro cirkuliacij\u0105 ir kartu apsaugo nuo vis\u0173 nepageidaujam\u0173 vabzd\u017ei\u0173. D\u0117l lengvos, bet tvirtos konstrukcijos jis idealiai tinka naudoti tiek kar\u0161tomis vasaros dienomis, tiek v\u0117sesniais vakarais, tod\u0117l j\u016bs\u0173 vaikui visada bus patogi ir saugi aplinka. <\/h6>\n<p>&nbsp;<\/p>\n<h6 data-start=\"1559\" data-end=\"1609\"><strong><em>Kod\u0117l verta rinktis The Jiffle vagono tinklel\u012f nuo uod\u0173?<\/em><\/strong><\/h6>\n<ul>\n<li data-start=\"1610\" data-end=\"1966\">\n<h6><em>Veiksminga apsauga - apsaugo nuo uod\u0173, musi\u0173 ir kit\u0173 vabzd\u017ei\u0173.<\/em><\/h6>\n<\/li>\n<li data-start=\"1610\" data-end=\"1966\">\n<h6><em>Universalus naudojimas - tinka ir s\u0117dynei, ir lop\u0161eliui<\/em><\/h6>\n<\/li>\n<li data-start=\"1610\" data-end=\"1966\">\n<h6><em>Patogi u\u017etrauktuku u\u017esegama anga - vaikui lengva prieiga<\/em><\/h6>\n<\/li>\n<li data-start=\"1610\" data-end=\"1966\">\n<h6><em>Kv\u0117puojanti ir auk\u0161tos kokyb\u0117s med\u017eiaga - u\u017etikrina oro cirkuliacij\u0105 ir komfort\u0105<\/em><\/h6>\n<\/li>\n<li data-start=\"1610\" data-end=\"1966\">\n<h6><em>Lengva sumontuoti ir nuimti - greitas ir prakti\u0161kas sprendimas kiekvienam pasivaik\u0161\u010diojimui parke.<\/em><\/h6>\n<\/li>\n<\/ul>\n<h6 data-start=\"1968\" data-end=\"2030\"><strong><em>Saug\u016bs ir ram\u016bs pasivaik\u0161\u010diojimai bet kokiomis s\u0105lygomis<\/em><\/strong><\/h6>\n<h6 data-start=\"2031\" data-end=\"2353\">The Jiffle Vagono tinklelis nuo uod\u0173 yra idealus sprendimas t\u0117vams, norintiems u\u017etikrinti vaikui saugi\u0105 ir netrikdom\u0105 aplink\u0105 lauke. Nesvarbu, ar tai b\u016bt\u0173 vasaros pasivaik\u0161\u010diojimai mi\u0161ke, miesto parke, ar kaime pas mo\u010diut\u0119, \u0161is tinklelis nuo uod\u0173 u\u017etikrins, kad j\u016bs\u0173 vaikas gal\u0117t\u0173 m\u0117gautis grynu oru be joki\u0173 nemaloni\u0173 vabzd\u017ei\u0173. <\/h6>\n<p>&nbsp;<\/p>\n<h6>The Jiffle tinklelis nuo uod\u0173 puikiai tinka <a href=\"https:\/\/hummy.ee\/lt\/toode\/the-jiffle-vagonas-2-vagonu-rinkinys\/\">The Jiffle vagon\u0117liui<\/a>, tod\u0117l j\u016bs\u0173 vaikui si\u016blomas patikimas sprendimas kiekvienam met\u0173 laikui!<\/h6>\n<p>&nbsp;<\/p>\n<h6><em>Daugiau informacijos rasite Hummy <a href=\"https:\/\/hummy.ee\/lt\/the-jiffle-vagonas-daugiau-nei-galima-tiketis-is-vezimelio\/\">tinklara\u0161tyje<\/a> ir pa\u017ei\u016br\u0117kite \u012fvadin\u012f <a href=\"https:\/\/youtu.be\/E0A7CEXsU74?si=Y1NSEBD7V8koOfMq\">vaizdo \u012fra\u0161\u0105<\/a>.<\/em><\/h6>\n","protected":false},"excerpt":{"rendered":"<h6 data-start=\"0\" data-end=\"82\">The Jiffle tinklelis nuo uod\u0173 - veiksminga apsauga nuo vabzd\u017ei\u0173 kiekvieno pasivaik\u0161\u010diojimo metu. Jei norite, kad j\u016bs\u0173 vaikas gal\u0117t\u0173 ramiai ir netrukdomai vaik\u0161\u010dioti, The Jiffle vagon\u0117lio tinklelis nuo uod\u0173 yra puikus sprendimas. \u0160is auk\u0161tos kokyb\u0117s ir prakti\u0161kas tinklelis nuo uod\u0173 pad\u0117s apsisaugoti nuo \u012fkyri\u0173 ir kenksming\u0173 vabzd\u017ei\u0173, o j\u016bs\u0173 vaikui suteiks patogi\u0105 ir saugi\u0105 aplink\u0105 vasaros pasivaik\u0161\u010diojim\u0173 metu, taip pat miegant lauke.  <\/h6>\n","protected":false},"featured_media":60688,"comment_status":"closed","ping_status":"closed","template":"","meta":{"_acf_changed":false,"om_disable_all_campaigns":false,"_monsterinsights_skip_tracking":false,"_monsterinsights_sitenote_active":false,"_monsterinsights_sitenote_note":"","_monsterinsights_sitenote_category":0,"_uf_show_specific_survey":0,"_uf_disable_surveys":false,"site-sidebar-layout":"default","site-content-layout":"","ast-site-content-layout":"default","site-content-style":"default","site-sidebar-style":"default","ast-global-header-display":"","ast-banner-title-visibility":"","ast-main-header-display":"","ast-hfb-above-header-display":"","ast-hfb-below-header-display":"","ast-hfb-mobile-header-display":"","site-post-title":"","ast-breadcrumbs-content":"","ast-featured-img":"","footer-sml-layout":"","theme-transparent-header-meta":"default","adv-header-id-meta":"","stick-header-meta":"","header-above-stick-meta":"","header-main-stick-meta":"","header-below-stick-meta":"","astra-migrate-meta-layouts":"default","ast-page-background-enabled":"default","ast-page-background-meta":{"desktop":{"background-color":"var(--ast-global-color-4)","background-image":"","background-repeat":"repeat","background-position":"center center","background-size":"auto","background-attachment":"scroll","background-type":"","background-media":"","overlay-type":"","overlay-color":"","overlay-opacity":"","overlay-gradient":""},"tablet":{"background-color":"","background-image":"","background-repeat":"repeat","background-position":"center center","background-size":"auto","background-attachment":"scroll","background-type":"","background-media":"","overlay-type":"","overlay-color":"","overlay-opacity":"","overlay-gradient":""},"mobile":{"background-color":"","background-image":"","background-repeat":"repeat","background-position":"center center","background-size":"auto","background-attachment":"scroll","background-type":"","background-media":"","overlay-type":"","overlay-color":"","overlay-opacity":"","overlay-gradient":""}},"ast-content-background-meta":{"desktop":{"background-color":"var(--ast-global-color-5)","background-image":"","background-repeat":"repeat","background-position":"center center","background-size":"auto","background-attachment":"scroll","background-type":"","background-media":"","overlay-type":"","overlay-color":"","overlay-opacity":"","overlay-gradient":""},"tablet":{"background-color":"var(--ast-global-color-5)","background-image":"","background-repeat":"repeat","background-position":"center center","background-size":"auto","background-attachment":"scroll","background-type":"","background-media":"","overlay-type":"","overlay-color":"","overlay-opacity":"","overlay-gradient":""},"mobile":{"background-color":"var(--ast-global-color-5)","background-image":"","background-repeat":"repeat","background-position":"center center","background-size":"auto","background-attachment":"scroll","background-type":"","background-media":"","overlay-type":"","overlay-color":"","overlay-opacity":"","overlay-gradient":""}}},"product_brand":[],"product_cat":[331,775,333],"product_tag":[337,335],"class_list":{"0":"post-52663","1":"product","2":"type-product","3":"status-publish","4":"has-post-thumbnail","6":"product_cat-apipjaustymo-priedai","7":"product_cat-jiffle","8":"product_cat-kalejimo-dangciai","9":"product_tag-atskiri-produktai","10":"product_tag-pritaikyta-svetaine","11":"desktop-align-left","12":"tablet-align-left","13":"mobile-align-left","15":"first","16":"instock","17":"taxable","18":"shipping-taxable","19":"purchasable","20":"product-type-simple"},"acf":[],"aioseo_notices":[],"_links":{"self":[{"href":"https:\/\/hummy.ee\/lt\/wp-json\/wp\/v2\/product\/52663","targetHints":{"allow":["GET"]}}],"collection":[{"href":"https:\/\/hummy.ee\/lt\/wp-json\/wp\/v2\/product"}],"about":[{"href":"https:\/\/hummy.ee\/lt\/wp-json\/wp\/v2\/types\/product"}],"replies":[{"embeddable":true,"href":"https:\/\/hummy.ee\/lt\/wp-json\/wp\/v2\/comments?post=52663"}],"version-history":[{"count":1,"href":"https:\/\/hummy.ee\/lt\/wp-json\/wp\/v2\/product\/52663\/revisions"}],"predecessor-version":[{"id":59216,"href":"https:\/\/hummy.ee\/lt\/wp-json\/wp\/v2\/product\/52663\/revisions\/59216"}],"wp:featuredmedia":[{"embeddable":true,"href":"https:\/\/hummy.ee\/lt\/wp-json\/wp\/v2\/media\/60688"}],"wp:attachment":[{"href":"https:\/\/hummy.ee\/lt\/wp-json\/wp\/v2\/media?parent=52663"}],"wp:term":[{"taxonomy":"product_brand","embeddable":true,"href":"https:\/\/hummy.ee\/lt\/wp-json\/wp\/v2\/product_brand?post=52663"},{"taxonomy":"product_cat","embeddable":true,"href":"https:\/\/hummy.ee\/lt\/wp-json\/wp\/v2\/product_cat?post=52663"},{"taxonomy":"product_tag","embeddable":true,"href":"https:\/\/hummy.ee\/lt\/wp-json\/wp\/v2\/product_tag?post=52663"}],"curies":[{"name":"wp","href":"https:\/\/api.w.org\/{rel}","templated":true}]}}