{"id":52632,"date":"2024-04-07T18:35:44","date_gmt":"2024-04-07T18:35:44","guid":{"rendered":"https:\/\/hummy.ee\/product\/the-jiffle-silumos-maiselis\/"},"modified":"2026-02-20T18:57:24","modified_gmt":"2026-02-20T18:57:24","slug":"the-jiffle-silumos-maiselis","status":"publish","type":"product","link":"https:\/\/hummy.ee\/lt\/produktas\/the-jiffle-silumos-maiselis\/","title":{"rendered":"The Jiffle \u0161ilumos mai\u0161elis"},"content":{"rendered":"<h6 data-start=\"374\" data-end=\"426\"><strong><em>Dviej\u0173 dali\u0173 dizainas - toks, kokio jums reikia<\/em><\/strong><\/h6>\n<h6 data-start=\"427\" data-end=\"548\">Miegmai\u0161iai yra sudaryti i\u0161 dviej\u0173 atskiromis dalimis, kurias galima naudoti kartu arba atskirai, atsi\u017evelgiant \u012f vaiko am\u017ei\u0173 ir oro s\u0105lygas.<\/h6>\n<ul data-start=\"550\" data-end=\"1026\">\n<li data-start=\"550\" data-end=\"867\">\n<h6>Vir\u0161utin\u0117 dalis yra tarsi \u0161iltas ir saugus kokonas, kuriame galima priglausti k\u016bdik\u012f. Ji palaiko patogi\u0105 \u0161ilum\u0105 vir\u0161utin\u0117je k\u016bdikio k\u016bno dalyje ir apsaugo j\u012f nuo v\u0117jo ir \u0161al\u010dio. Taip pat yra nedidelis mai\u0161elis, \u012f kur\u012f patogiai galite susid\u0117ti kepur\u0119 ar kitus smulkius daiktus.  <\/h6>\n<\/li>\n<li data-start=\"868\" data-end=\"1026\">\n<h6>Apatin\u0117 dalis sukurta taip, kad kojoms b\u016bt\u0173 \u0161ilta. Tai idealus sprendimas v\u0117sesniam orui, kad j\u016bs\u0173 vaiko p\u0117dos visada b\u016bt\u0173 \u0161iltos ir apsaugotos. <\/h6>\n<\/li>\n<\/ul>\n<h6 data-start=\"1028\" data-end=\"1187\">Abi dalys i\u0161klotos mink\u0161tu vilnoniu audiniu, kuris maloniai priglunda prie odos ir suteikia puiki\u0105 \u0161ilum\u0105 bei komfort\u0105 net ilg\u0173 pasivaik\u0161\u010diojim\u0173 metu.<\/h6>\n<p>&nbsp;<\/p>\n<h6 data-start=\"1189\" data-end=\"1251\"><strong><em>Lankstus naudojimas pagal sezon\u0105 ir poreikius<\/em><\/strong><\/h6>\n<ul data-start=\"1252\" data-end=\"1766\">\n<li data-start=\"1252\" data-end=\"1367\">\n<h6>Jei k\u016bdikis dar ma\u017eas, galite naudoti abi dalis vienu metu, kad b\u016bt\u0173 maksimaliai \u0161ilta ir apsaugota.<\/h6>\n<\/li>\n<li data-start=\"1368\" data-end=\"1507\">\n<h6>Kai vaikas paaugs ir prad\u0117s d\u0117v\u0117ti storesn\u0119 striuk\u0119, gali b\u016bti patogiau d\u0117v\u0117ti tik apatin\u0119 dal\u012f, kad kojos b\u016bt\u0173 \u0161iltos.<\/h6>\n<\/li>\n<li data-start=\"1508\" data-end=\"1766\">\n<h6>Pavasar\u012f ir v\u0117sesniais vasaros vakarais, kai striuk\u0117 nereikalinga, galima naudoti tik vir\u0161utin\u0119 dal\u012f, kad vir\u0161utin\u0117 vaiko k\u016bno dalis b\u016bt\u0173 apsaugota ir \u0161ilta, o kojos gali b\u016bti purvinos \u017eaid\u017eiant sm\u0117lio d\u0117\u017e\u0117je - krep\u0161ys i\u0161lieka \u0161varus ir lengvai pri\u017ei\u016brimas.<\/h6>\n<\/li>\n<\/ul>\n<p>&nbsp;<\/p>\n<h6 data-start=\"1768\" data-end=\"1829\"><strong><em>Puikus komforto ir prakti\u0161kumo derinys<\/em><\/strong><\/h6>\n<h6 data-start=\"1830\" data-end=\"2098\">The Jiffle &#8222;wagon&#8217;s thermal bag\" skirtas aktyvioms \u0161eimoms, kurios vertina lankstum\u0105 ir prakti\u0161kum\u0105. I\u0161manus dizainas leid\u017eia pritaikyti jo naudojim\u0105 pagal savo poreikius, kartu u\u017etikrinant maksimal\u0173 komfort\u0105 ir \u0161ilum\u0105 bet kokioje situacijoje. <\/h6>\n<p>&nbsp;<\/p>\n<h6><em>The Jiffle \u0160iltas krep\u0161ys puikiai tinka <a href=\"https:\/\/hummy.ee\/product\/the-jiffle-wagon-2-vankrikomplekt\/\">The Jiffle vagon\u0117liui<\/a> ir u\u017etikrina saugi\u0105 ir \u0161ilt\u0105 aplink\u0105 j\u016bs\u0173 vaikui visais met\u0173 laikais!<\/em><\/h6>\n<p>&nbsp;<\/p>\n<h6><em>Daugiau informacijos rasite Hummy <a href=\"https:\/\/hummy.ee\/lt\/the-jiffle-vagonas-daugiau-nei-galima-tiketis-is-vezimelio\/\">tinklara\u0161tyje<\/a> ir pa\u017ei\u016br\u0117kite \u012fvadin\u012f <a href=\"https:\/\/youtu.be\/E0A7CEXsU74?si=Y1NSEBD7V8koOfMq\">vaizdo \u012fra\u0161\u0105<\/a>.<\/em><\/h6>\n","protected":false},"excerpt":{"rendered":"<h6 data-start=\"0\" data-end=\"73\">The Jiffle \u0161iltas krep\u0161ys - lankstus, patogus ir \u0161iltas visais met\u0173 laikais. The Jiffle Miegmai\u0161is yra i\u0161manus ir universalus sprendimas, kad j\u016bs\u0173 k\u016bdikiui b\u016bt\u0173 \u0161ilta bet kokiu oru. Dviej\u0173 pakop\u0173 konstrukcija u\u017etikrina lankstum\u0105 ir patogum\u0105, tod\u0117l galite pasirinkti derin\u012f, geriausiai atitinkant\u012f sezon\u0105 ir oro s\u0105lygas.  <\/h6>\n","protected":false},"featured_media":60578,"comment_status":"closed","ping_status":"closed","template":"","meta":{"_acf_changed":false,"om_disable_all_campaigns":false,"_monsterinsights_skip_tracking":false,"_monsterinsights_sitenote_active":false,"_monsterinsights_sitenote_note":"","_monsterinsights_sitenote_category":0,"_uf_show_specific_survey":0,"_uf_disable_surveys":false,"site-sidebar-layout":"default","site-content-layout":"","ast-site-content-layout":"default","site-content-style":"default","site-sidebar-style":"default","ast-global-header-display":"","ast-banner-title-visibility":"","ast-main-header-display":"","ast-hfb-above-header-display":"","ast-hfb-below-header-display":"","ast-hfb-mobile-header-display":"","site-post-title":"","ast-breadcrumbs-content":"","ast-featured-img":"","footer-sml-layout":"","theme-transparent-header-meta":"default","adv-header-id-meta":"","stick-header-meta":"","header-above-stick-meta":"","header-main-stick-meta":"","header-below-stick-meta":"","astra-migrate-meta-layouts":"default","ast-page-background-enabled":"default","ast-page-background-meta":{"desktop":{"background-color":"var(--ast-global-color-4)","background-image":"","background-repeat":"repeat","background-position":"center center","background-size":"auto","background-attachment":"scroll","background-type":"","background-media":"","overlay-type":"","overlay-color":"","overlay-opacity":"","overlay-gradient":""},"tablet":{"background-color":"","background-image":"","background-repeat":"repeat","background-position":"center center","background-size":"auto","background-attachment":"scroll","background-type":"","background-media":"","overlay-type":"","overlay-color":"","overlay-opacity":"","overlay-gradient":""},"mobile":{"background-color":"","background-image":"","background-repeat":"repeat","background-position":"center center","background-size":"auto","background-attachment":"scroll","background-type":"","background-media":"","overlay-type":"","overlay-color":"","overlay-opacity":"","overlay-gradient":""}},"ast-content-background-meta":{"desktop":{"background-color":"var(--ast-global-color-5)","background-image":"","background-repeat":"repeat","background-position":"center center","background-size":"auto","background-attachment":"scroll","background-type":"","background-media":"","overlay-type":"","overlay-color":"","overlay-opacity":"","overlay-gradient":""},"tablet":{"background-color":"var(--ast-global-color-5)","background-image":"","background-repeat":"repeat","background-position":"center center","background-size":"auto","background-attachment":"scroll","background-type":"","background-media":"","overlay-type":"","overlay-color":"","overlay-opacity":"","overlay-gradient":""},"mobile":{"background-color":"var(--ast-global-color-5)","background-image":"","background-repeat":"repeat","background-position":"center center","background-size":"auto","background-attachment":"scroll","background-type":"","background-media":"","overlay-type":"","overlay-color":"","overlay-opacity":"","overlay-gradient":""}}},"product_brand":[],"product_cat":[331,775,404],"product_tag":[337,335],"class_list":{"0":"post-52632","1":"product","2":"type-product","3":"status-publish","4":"has-post-thumbnail","6":"product_cat-apipjaustymo-priedai","7":"product_cat-jiffle","8":"product_cat-karsti-maiseliai","9":"product_tag-atskiri-produktai","10":"product_tag-pritaikyta-svetaine","11":"desktop-align-left","12":"tablet-align-left","13":"mobile-align-left","15":"first","16":"instock","17":"taxable","18":"shipping-taxable","19":"purchasable","20":"product-type-variable"},"acf":[],"aioseo_notices":[],"_links":{"self":[{"href":"https:\/\/hummy.ee\/lt\/wp-json\/wp\/v2\/product\/52632","targetHints":{"allow":["GET"]}}],"collection":[{"href":"https:\/\/hummy.ee\/lt\/wp-json\/wp\/v2\/product"}],"about":[{"href":"https:\/\/hummy.ee\/lt\/wp-json\/wp\/v2\/types\/product"}],"replies":[{"embeddable":true,"href":"https:\/\/hummy.ee\/lt\/wp-json\/wp\/v2\/comments?post=52632"}],"version-history":[{"count":1,"href":"https:\/\/hummy.ee\/lt\/wp-json\/wp\/v2\/product\/52632\/revisions"}],"predecessor-version":[{"id":59210,"href":"https:\/\/hummy.ee\/lt\/wp-json\/wp\/v2\/product\/52632\/revisions\/59210"}],"wp:featuredmedia":[{"embeddable":true,"href":"https:\/\/hummy.ee\/lt\/wp-json\/wp\/v2\/media\/60578"}],"wp:attachment":[{"href":"https:\/\/hummy.ee\/lt\/wp-json\/wp\/v2\/media?parent=52632"}],"wp:term":[{"taxonomy":"product_brand","embeddable":true,"href":"https:\/\/hummy.ee\/lt\/wp-json\/wp\/v2\/product_brand?post=52632"},{"taxonomy":"product_cat","embeddable":true,"href":"https:\/\/hummy.ee\/lt\/wp-json\/wp\/v2\/product_cat?post=52632"},{"taxonomy":"product_tag","embeddable":true,"href":"https:\/\/hummy.ee\/lt\/wp-json\/wp\/v2\/product_tag?post=52632"}],"curies":[{"name":"wp","href":"https:\/\/api.w.org\/{rel}","templated":true}]}}