{"id":52513,"date":"2024-04-07T18:30:39","date_gmt":"2024-04-07T18:30:39","guid":{"rendered":"https:\/\/hummy.ee\/product\/abc-design-samba-vezimelis\/"},"modified":"2026-01-26T07:01:51","modified_gmt":"2026-01-26T07:01:51","slug":"abc-design-samba-vezimelis","status":"publish","type":"product","link":"https:\/\/hummy.ee\/lt\/produktas\/abc-design-samba-vezimelis\/","title":{"rendered":"ABC Design Samba ve\u017eim\u0117lis"},"content":{"rendered":"<h6 data-pm-slice=\"1 1 []\"><strong><em>Rinkin\u012f sudaro:<\/em><\/strong><\/h6>\n<ul data-spread=\"false\">\n<li>\n<h6>Ergonomi\u0161ka ir vaikui patogi s\u0117dyn\u0117<\/h6>\n<\/li>\n<li>\n<h6>Apsaugin\u0117 rankena - papildoma apsauga ir saugumas<\/h6>\n<\/li>\n<li>\n<h6>I\u0161ple\u010diamas apsauginis skydelis (UPF 50+) - veiksminga apsauga nuo saul\u0117s ir gamtos stichij\u0173<\/h6>\n<\/li>\n<\/ul>\n<h6><strong><em>Did\u017eiausias komfortas ir lankstumas<\/em><\/strong><\/h6>\n<h6>Samba ve\u017eim\u0117lio s\u0117dyn\u0119 prie r\u0117mo galima pritvirtinti vienu spustel\u0117jimu, tod\u0117l ve\u017eim\u0117lis yra lankstus ir paprastas. Kai k\u016bdikis pavargsta, atlo\u0161\u0105 ir koj\u0173 atram\u0105 galima lengvai reguliuoti, kad b\u016bt\u0173 maksimaliai patogu. Ve\u017eim\u0117lio auk\u0161t\u012f taip pat galima reguliuoti, kad jis tikt\u0173 \u012fvairaus \u016bgio naudotojams.<\/h6>\n<p>&nbsp;<\/p>\n<h6><strong><em>Sumaniai suprojektuota stabd\u017ei\u0173 sistema ir erdv\u0119 taupantis sulankstymas<\/em><\/strong><\/h6>\n<h6>&#8222;Samba\" stov\u0117jimo stabdys yra tiesiai ant galinio rato, tod\u0117l nereikia galin\u0117s a\u0161ies, ve\u017eim\u0117lis yra lengvesnis ir turi daugiau vietos kojoms. Kai ve\u017eim\u0117l\u012f reikia transportuoti, jis greitai ir labai kompakti\u0161kai susilanksto, tod\u0117l patogiai telpa \u012f automobilio baga\u017ein\u0119 ir puikiai tinka ve\u017eti autobusu ar traukiniu. Norint ve\u017eim\u0117l\u012f greitai panaudoti, j\u012f galima sulankstyti net nei\u0161\u0117mus s\u0117dyn\u0117s, nepriklausomai nuo to, ar s\u0117dyn\u0117 sumontuota \u012f priek\u012f, ar \u012f gal\u0105.<\/h6>\n<p>&nbsp;<\/p>\n<h6><strong><em>Universali kelioni\u0173 sistema ir priedai<\/em><\/strong><\/h6>\n<h6>&#8222;Samba\" ve\u017eim\u0117lis turi universalius tvirtinimo ta\u0161kus, prie kuri\u0173 galima prijungti <a href=\"https:\/\/hummy.ee\/lt\/produktas\/abc-design-saugos-lopsio-adapteris\/\" target=\"_blank\" rel=\"noopener\">lop\u0161io adapterius ir<\/a> paversti j\u012f visaverte kelioni\u0173 sistema. Be to, <a href=\"https:\/\/hummy.ee\/lt\/produktas\/abc-design-topsihoidja\/\" target=\"_blank\" rel=\"noopener\">galima<\/a> <a href=\"https:\/\/hummy.ee\/lt\/produktas\/abc-design-lempa\/\" target=\"_blank\" rel=\"noopener\">lengvai pritvirtinti<\/a>&#8222;ABC Design\" priedus, pavyzd\u017eiui, <a href=\"https:\/\/hummy.ee\/lt\/produktas\/abc-design-miesto-vystyklu-krepsys\/\" target=\"_blank\" rel=\"noopener\">sauskelni\u0173 krep\u0161\u012f, puodelio<\/a> laikikl\u012f ar lemp\u0105. Saugum\u0105 u\u017etikrina stov\u0117jimo stabdys, 5 ta\u0161k\u0173 saugos dir\u017eas, transportavimo u\u017eraktas ir nuimami ratai.<\/h6>\n<p>&nbsp;<\/p>\n<h6><strong><em>Pagrindin\u0117s savyb\u0117s:<\/em><\/strong><\/h6>\n<ul data-spread=\"false\">\n<li>\n<h6>Galimyb\u0117 pritvirtinti apsaugin\u012f lop\u0161\u012f<\/h6>\n<\/li>\n<li>\n<h6>Plaunamas koj\u0173 pagrindas<\/h6>\n<\/li>\n<li>\n<h6>Reguliuojamas atlo\u0161as ir koj\u0173 atrama<\/h6>\n<\/li>\n<li>\n<h6>Sukamieji ratai - puikus manevringumas<\/h6>\n<\/li>\n<li>\n<h6>Ilgas lenktas petys - papildoma apsauga nuo saul\u0117s<\/h6>\n<\/li>\n<li>\n<h6>Vandeniui atspari med\u017eiaga - patvari ir lengvai valoma<\/h6>\n<\/li>\n<li>\n<h6>Stov\u0117jimo stabdys - veiksmingas saugumas<\/h6>\n<\/li>\n<li>\n<h6>Nuimami ratai - lengva prie\u017ei\u016bra ir sand\u0117liavimas<\/h6>\n<\/li>\n<li>\n<h6>Reguliuojamo auk\u0161\u010dio st\u016bmimo strypas<\/h6>\n<\/li>\n<li>\n<h6>Reguliuojami 5 ta\u0161k\u0173 saugos dir\u017eai - vaiko saugumui<\/h6>\n<\/li>\n<li>\n<h6>Transportavimo u\u017eraktas - patogu transportuoti<\/h6>\n<\/li>\n<li>\n<h6>Oro kameros ratai - sklandus ir stabilus va\u017eiavimas (priekinius ratus galima u\u017eblokuoti)<\/h6>\n<\/li>\n<li>\n<h6>Ratai su pakaba ir guoliais - optimalus komfortas<\/h6>\n<\/li>\n<li>\n<h6>Nuimama apsaugin\u0117 rankena - papildomas saugumas<\/h6>\n<\/li>\n<li>\n<h6>Universal\u016bs tvirtinimo ta\u0161kai<\/h6>\n<\/li>\n<li>\n<h6>Sulankstomas i\u0161 vienos dalies - greitai ir lengvai laikomas<\/h6>\n<\/li>\n<\/ul>\n<h6><strong><em>Techniniai duomenys:<\/em><\/strong><\/h6>\n<ul data-spread=\"false\">\n<li>\n<h6>Tinkamas am\u017eius: nuo 6 m\u0117nesi\u0173 (nuo<a href=\"https:\/\/hummy.ee\/lt\/produktas\/abc-design-vagono-ragas\/\" target=\"_blank\" rel=\"noopener\">gimimo sulop\u0161iu)<\/a><\/h6>\n<\/li>\n<li>\n<h6>Bendra keliamoji galia: 27 kg<\/h6>\n<\/li>\n<li>\n<h6>Did\u017eiausias vaiko svoris: iki 22 kg<\/h6>\n<\/li>\n<li>\n<h6>Didelis krep\u0161ys: iki 5 kg talpos<\/h6>\n<\/li>\n<li>\n<h6>I\u0161matavimai atidarius (p x l): 91 x 60 cm<\/h6>\n<\/li>\n<li>\n<h6>St\u016bmiklio auk\u0161tis: 103-113 cm<\/h6>\n<\/li>\n<li>\n<h6>Sulankstyt\u0173 gamini\u0173 matmenys (ilgis x plotis x auk\u0161tis): 67,5 x 60 x 28 cm<\/h6>\n<\/li>\n<li>\n<h6>S\u0117dyn\u0117s matmenys (p x l): 20,5 x 31 cm<\/h6>\n<\/li>\n<li>\n<h6>Atlo\u0161o matmenys (ilgis x plotis): 28 x 49 cm<\/h6>\n<\/li>\n<li>\n<h6>Priekinio rato dydis: 24 cm<\/h6>\n<\/li>\n<li>\n<h6>Galinio rato dydis: 27 cm<\/h6>\n<\/li>\n<li>\n<h6>Gaminio svoris: 12,6 kg<\/h6>\n<\/li>\n<\/ul>\n<h6><strong><em>Suderinamumas su apsauginiais lop\u0161iais:<\/em><\/strong><\/h6>\n<ul>\n<li>\n<h6>ABC Design: Tulp\u0117<\/h6>\n<\/li>\n<li>\n<h6>&#8222;Maxi-Cosi\": &#8222;City\", &#8222;Convertible-Fix\", &#8222;Coral\", &#8222;Pebble\", &#8222;Pebble Plus\", &#8222;Pebble Pro\", &#8222;Pebble 360&#8243;, &#8222;Pebble 360 Pro\", &#8222;Pebble 360 Pro 2&#8243;.<\/h6>\n<\/li>\n<li>\n<h6>&#8222;Cybex\": &#8222;Aton\", &#8222;Aton 5&#8243;, &#8222;Aton M\", &#8222;Aton M i-size\", &#8222;Aton Q\", &#8222;Aton Q Plus\", &#8222;Aton Q i-size\", &#8222;Cloud T\", &#8222;Cloud Q\", &#8222;Cloud Q Plus\", &#8222;Cloud Z i-size\", &#8222;Cloud Z2 i-size\".<\/h6>\n<\/li>\n<li>\n<h6>Joie: i-Gemm<\/h6>\n<\/li>\n<li>\n<h6>&#8222;BeSafe\": &#8222;iZi Go Modular X1 i-Size<\/h6>\n<\/li>\n<li>\n<h6>Avionaut: &#8222;Cosmo\", &#8222;Pixel\", &#8222;Pro<\/h6>\n<\/li>\n<li>\n<h6>&#8222;Nuna\": Pipa Next i-Size, ARRA Next<\/h6>\n<\/li>\n<\/ul>\n<h6>ABC Design &#8222;Samba\" yra patikimas, patogus ir universalus ve\u017eim\u0117lis, skirtas \u0161eimoms, kurios nori kokyb\u0117s ir lankstumo kasdieniam naudojimui.<\/h6>\n<p>&nbsp;<\/p>\n<h6><em>Per\u017ei\u016br\u0117kite \u012fvadin\u012f <a href=\"https:\/\/www.youtube.com\/watch?v=uK046oAqQZo\">vaizdo \u012fra\u0161\u0105<\/a> ir su\u017einokite daugiau.<\/em><\/h6>\n<h6><em>D\u0117l tinkam\u0173 rat\u0173 ve\u017eim\u0117liu naudotis daug patogiau! Daugiau informacijos apie tai, kaip i\u0161sirinkti tinkamiausi\u0105 sprendim\u0105, rasite Hummy <a href=\"https:\/\/hummy.ee\/lt\/koki-vezimeli-su-ratukais-tureciau-pasirinkti\/\" target=\"_blank\" rel=\"nofollow noopener\">tinklara\u0161tyje<\/a>. <\/em><\/h6>\n","protected":false},"excerpt":{"rendered":"<h6>ABC Design &#8222;Samba\" yra kompakti\u0161kas ve\u017eim\u0117lis, tinkamas bet kokiam reljefui. Samba idealiai tinka vaik\u0161\u010dioti miesto \u0161aligatviais, tyrin\u0117ti gamt\u0105 parke ar vykstant \u012f u\u017emiest\u012f. Auk\u0161tos kokyb\u0117s rutuliniai guoliai, integruota pakaba ir dygliuotiems spygliams atspar\u016bs oro kamer\u0173 ratai u\u017etikrina maksimal\u0173 komfort\u0105 ir itin skland\u0173 va\u017eiavim\u0105 tiek jums, tiek j\u016bs\u0173 vaikui.<\/h6>\n","protected":false},"featured_media":27702,"comment_status":"closed","ping_status":"closed","template":"","meta":{"_acf_changed":false,"om_disable_all_campaigns":false,"_monsterinsights_skip_tracking":false,"_monsterinsights_sitenote_active":false,"_monsterinsights_sitenote_note":"","_monsterinsights_sitenote_category":0,"_uf_show_specific_survey":0,"_uf_disable_surveys":false,"site-sidebar-layout":"default","site-content-layout":"","ast-site-content-layout":"default","site-content-style":"default","site-sidebar-style":"default","ast-global-header-display":"","ast-banner-title-visibility":"","ast-main-header-display":"","ast-hfb-above-header-display":"","ast-hfb-below-header-display":"","ast-hfb-mobile-header-display":"","site-post-title":"","ast-breadcrumbs-content":"","ast-featured-img":"","footer-sml-layout":"","theme-transparent-header-meta":"default","adv-header-id-meta":"","stick-header-meta":"","header-above-stick-meta":"","header-main-stick-meta":"","header-below-stick-meta":"","astra-migrate-meta-layouts":"set","ast-page-background-enabled":"default","ast-page-background-meta":{"desktop":{"background-color":"var(--ast-global-color-4)","background-image":"","background-repeat":"repeat","background-position":"center center","background-size":"auto","background-attachment":"scroll","background-type":"","background-media":"","overlay-type":"","overlay-color":"","overlay-opacity":"","overlay-gradient":""},"tablet":{"background-color":"","background-image":"","background-repeat":"repeat","background-position":"center center","background-size":"auto","background-attachment":"scroll","background-type":"","background-media":"","overlay-type":"","overlay-color":"","overlay-opacity":"","overlay-gradient":""},"mobile":{"background-color":"","background-image":"","background-repeat":"repeat","background-position":"center center","background-size":"auto","background-attachment":"scroll","background-type":"","background-media":"","overlay-type":"","overlay-color":"","overlay-opacity":"","overlay-gradient":""}},"ast-content-background-meta":{"desktop":{"background-color":"var(--ast-global-color-5)","background-image":"","background-repeat":"repeat","background-position":"center center","background-size":"auto","background-attachment":"scroll","background-type":"","background-media":"","overlay-type":"","overlay-color":"","overlay-opacity":"","overlay-gradient":""},"tablet":{"background-color":"var(--ast-global-color-5)","background-image":"","background-repeat":"repeat","background-position":"center center","background-size":"auto","background-attachment":"scroll","background-type":"","background-media":"","overlay-type":"","overlay-color":"","overlay-opacity":"","overlay-gradient":""},"mobile":{"background-color":"var(--ast-global-color-5)","background-image":"","background-repeat":"repeat","background-position":"center center","background-size":"auto","background-attachment":"scroll","background-type":"","background-media":"","overlay-type":"","overlay-color":"","overlay-opacity":"","overlay-gradient":""}}},"product_brand":[],"product_cat":[525,506,556,390],"product_tag":[],"class_list":{"0":"post-52513","1":"product","2":"type-product","3":"status-publish","4":"has-post-thumbnail","6":"product_cat-abc-dizainas","7":"product_cat-kampanija","8":"product_cat-vezimeliai-lt","9":"product_cat-cisternos","10":"desktop-align-left","11":"tablet-align-left","12":"mobile-align-left","14":"first","15":"instock","16":"sale","17":"taxable","18":"shipping-taxable","19":"purchasable","20":"product-type-variable"},"acf":[],"aioseo_notices":[],"_links":{"self":[{"href":"https:\/\/hummy.ee\/lt\/wp-json\/wp\/v2\/product\/52513","targetHints":{"allow":["GET"]}}],"collection":[{"href":"https:\/\/hummy.ee\/lt\/wp-json\/wp\/v2\/product"}],"about":[{"href":"https:\/\/hummy.ee\/lt\/wp-json\/wp\/v2\/types\/product"}],"replies":[{"embeddable":true,"href":"https:\/\/hummy.ee\/lt\/wp-json\/wp\/v2\/comments?post=52513"}],"version-history":[{"count":10,"href":"https:\/\/hummy.ee\/lt\/wp-json\/wp\/v2\/product\/52513\/revisions"}],"predecessor-version":[{"id":80189,"href":"https:\/\/hummy.ee\/lt\/wp-json\/wp\/v2\/product\/52513\/revisions\/80189"}],"wp:featuredmedia":[{"embeddable":true,"href":"https:\/\/hummy.ee\/lt\/wp-json\/wp\/v2\/media\/27702"}],"wp:attachment":[{"href":"https:\/\/hummy.ee\/lt\/wp-json\/wp\/v2\/media?parent=52513"}],"wp:term":[{"taxonomy":"product_brand","embeddable":true,"href":"https:\/\/hummy.ee\/lt\/wp-json\/wp\/v2\/product_brand?post=52513"},{"taxonomy":"product_cat","embeddable":true,"href":"https:\/\/hummy.ee\/lt\/wp-json\/wp\/v2\/product_cat?post=52513"},{"taxonomy":"product_tag","embeddable":true,"href":"https:\/\/hummy.ee\/lt\/wp-json\/wp\/v2\/product_tag?post=52513"}],"curies":[{"name":"wp","href":"https:\/\/api.w.org\/{rel}","templated":true}]}}