{"id":52390,"date":"2024-04-07T18:39:00","date_gmt":"2024-04-07T18:39:00","guid":{"rendered":"https:\/\/hummy.ee\/product\/abc-design-lily-i-size-stiprintuvo-sedyne\/"},"modified":"2025-09-06T19:01:32","modified_gmt":"2025-09-06T19:01:32","slug":"abc-design-lily-i-size-stiprintuvo-sedyne","status":"publish","type":"product","link":"https:\/\/hummy.ee\/lt\/produktas\/abc-design-lily-i-size-stiprintuvo-sedyne\/","title":{"rendered":"ABC Design &#8222;Lily i-Size\" stiprintuvo s\u0117dyn\u0117"},"content":{"rendered":"<h6><strong><em>Kod\u0117l verta rinktis ABC Design Lily i-Size?<\/em><\/strong><\/h6>\n<h6>360\u00b0 kampu besisukanti &#8222;Isofix\" sistema - patogumas visada<\/h6>\n<h6>Sujung\u0119 &#8222;Lily i-Size\" su &#8222;Isofix Base Root\", galite naudotis 360\u00b0 pasukimo galimybe, tod\u0117l \u012fkelti k\u016bdik\u012f \u012f automobil\u012f bus lengviau nei bet kada anks\u010diau. Joki\u0173 rakin\u0117jim\u0173 ir nugaros skausm\u0173 - tiesiog pasukite s\u0117dyn\u0119 \u012f save, pritvirtinkite vaik\u0105 ir pasukite k\u0117dut\u0119 \u012f norim\u0105 vairavimo pad\u0117t\u012f! <\/h6>\n<p>&nbsp;<\/p>\n<h6><strong><em>auga kartu su j\u016bs\u0173 vaiku<\/em><\/strong><\/h6>\n<ul>\n<li data-start=\"998\" data-end=\"1247\">\n<h6>Tinka nuo gimimo iki 4 met\u0173 (45-105 cm) <\/h6>\n<\/li>\n<li data-start=\"998\" data-end=\"1247\">\n<h6>10 pakop\u0173 reguliuojamas galvos atramos atlo\u0161as - visada idealiai tinka<\/h6>\n<\/li>\n<li data-start=\"998\" data-end=\"1247\">\n<h6>I\u0161imamas k\u016bdiki\u0173 maistas - idealiai tinka naujagimiams<\/h6>\n<\/li>\n<li data-start=\"998\" data-end=\"1247\">\n<h6>3 skirtingos s\u0117d\u0117jimo ir gul\u0117jimo pad\u0117tys - patogu net ilgose kelion\u0117se<\/h6>\n<\/li>\n<\/ul>\n<h6><\/h6>\n<h6><strong><em>Did\u017eiausias saugumas kiekvienoje kelion\u0117je<\/em><\/strong><\/h6>\n<h6>&#8222;Lily i-Size\" sukurta pagal naujausius &#8222;i-Size\" saugos standartus, tod\u0117l j\u016bs\u0173 vaikas bus geriau apsaugotas bet kokio am\u017eiaus.<\/h6>\n<ul>\n<li>\n<h6>Rekomenduojama iki 15 m\u0117n. am\u017eiaus (45-76 cm) - maksimaliam saugumui u\u017etikrinti. <\/h6>\n<\/li>\n<li>\n<h6>  5 ta\u0161k\u0173 saugos dir\u017eai su mink\u0161tomis pe\u010di\u0173 pagalv\u0117l\u0117mis - saug\u016bs ir patog\u016bs<\/h6>\n<\/li>\n<li>\n<h6>  Apsauga nuo \u0161oninio sm\u016bgio - sm\u016bgio j\u0117ga pasiskirsto tolygiai, tod\u0117l apsaugoma galva, kaklas ir k\u016bnas.<\/h6>\n<\/li>\n<li>\n<h6>  Energij\u0105 sugeriantis korpusas - suma\u017eina sm\u016bgio pa\u017eeidimo rizik\u0105<\/h6>\n<\/li>\n<\/ul>\n<h6><strong><em>Techniniai duomenys:<\/em><\/strong><\/h6>\n<ul>\n<li data-start=\"1784\" data-end=\"2027\">\n<h6>Matmenys: 59 x 41 x 57 cm<\/h6>\n<\/li>\n<li data-start=\"1784\" data-end=\"2027\">\n<h6>Svoris: 7,05 kg<\/h6>\n<\/li>\n<li data-start=\"1784\" data-end=\"2027\">\n<h6>Vaiko \u016bgis: 45-105 cm<\/h6>\n<\/li>\n<li data-start=\"1784\" data-end=\"2027\">\n<h6>Am\u017eiaus intervalas: nuo gimimo iki 4 met\u0173 <\/h6>\n<\/li>\n<li data-start=\"1784\" data-end=\"2027\">\n<h6>Priedas: <a href=\"https:\/\/hummy.ee\/product\/abc-design-isofix-base-root-alus\/\">&#8222;Isofix Base Root <\/a>\" pagrindas (parduodamas atskirai)<\/h6>\n<\/li>\n<li data-start=\"1784\" data-end=\"2027\">\n<h6>Va\u017eiavimo kryptys: atgal (rekomenduojama) ir \u012f priek\u012f.<\/h6>\n<\/li>\n<\/ul>\n<h6>ABC Design &#8222;Lily i-Size\" suderina naujovi\u0161k\u0105 dizain\u0105, paprast\u0105 naudojim\u0105 ir auk\u0161\u010diausio lygio saugum\u0105. Kad kiekviena kelion\u0117 automobiliu b\u016bt\u0173 rami ir nekelt\u0173 r\u016bpes\u010di\u0173, nes \u017einokite, kad j\u016bs\u0173 ma\u017eylis s\u0117di geriausioje \u012fmanomoje k\u0117dut\u0117je! <\/h6>\n<p>&nbsp;<\/p>\n<h6><em>Per\u017ei\u016br\u0117kite \u012fvadin\u012f <a href=\"https:\/\/www.youtube.com\/watch?v=_6WP65u7uG8\">vaizdo \u012fra\u0161\u0105<\/a> ir su\u017einokite daugiau.<\/em><\/h6>\n","protected":false},"excerpt":{"rendered":"<h6 data-start=\"59\" data-end=\"150\">ABC Design &#8222;Lily i-Size\" automobilin\u0117 k\u0117dut\u0117 - saugumas ir patogumas pirmaisiais ketveriais gyvenimo metais. J\u016bs\u0173 vaiko saugumas ir patogumas automobilyje yra m\u016bs\u0173 svarbiausias prioritetas! ABC Design &#8222;Lily i-Size\" automobilin\u0117 k\u0117dut\u0117 u\u017etikrina auk\u0161\u010diausios kokyb\u0117s apsaug\u0105 ir optimali\u0105 ergonomik\u0105 nuo gimimo iki ketveri\u0173 met\u0173 (45-105 cm). D\u0117l &#8222;Isofix\" baz\u0117s &#8222;Root\" j\u0105 galima naudoti atsukus nugar\u0105 arba priek\u012f \u012f transporto priemon\u0119, kad b\u016bt\u0173 galima patogiai ir saugiai keliauti atsi\u017evelgiant \u012f vaiko am\u017ei\u0173 ir poreikius.   <\/h6>\n","protected":false},"featured_media":23090,"comment_status":"closed","ping_status":"closed","template":"","meta":{"_acf_changed":false,"om_disable_all_campaigns":false,"_monsterinsights_skip_tracking":false,"_monsterinsights_sitenote_active":false,"_monsterinsights_sitenote_note":"","_monsterinsights_sitenote_category":0,"_uf_show_specific_survey":0,"_uf_disable_surveys":false,"site-sidebar-layout":"default","site-content-layout":"","ast-site-content-layout":"default","site-content-style":"default","site-sidebar-style":"default","ast-global-header-display":"","ast-banner-title-visibility":"","ast-main-header-display":"","ast-hfb-above-header-display":"","ast-hfb-below-header-display":"","ast-hfb-mobile-header-display":"","site-post-title":"","ast-breadcrumbs-content":"","ast-featured-img":"","footer-sml-layout":"","theme-transparent-header-meta":"default","adv-header-id-meta":"","stick-header-meta":"","header-above-stick-meta":"","header-main-stick-meta":"","header-below-stick-meta":"","astra-migrate-meta-layouts":"default","ast-page-background-enabled":"default","ast-page-background-meta":{"desktop":{"background-color":"var(--ast-global-color-4)","background-image":"","background-repeat":"repeat","background-position":"center center","background-size":"auto","background-attachment":"scroll","background-type":"","background-media":"","overlay-type":"","overlay-color":"","overlay-opacity":"","overlay-gradient":""},"tablet":{"background-color":"","background-image":"","background-repeat":"repeat","background-position":"center center","background-size":"auto","background-attachment":"scroll","background-type":"","background-media":"","overlay-type":"","overlay-color":"","overlay-opacity":"","overlay-gradient":""},"mobile":{"background-color":"","background-image":"","background-repeat":"repeat","background-position":"center center","background-size":"auto","background-attachment":"scroll","background-type":"","background-media":"","overlay-type":"","overlay-color":"","overlay-opacity":"","overlay-gradient":""}},"ast-content-background-meta":{"desktop":{"background-color":"var(--ast-global-color-5)","background-image":"","background-repeat":"repeat","background-position":"center center","background-size":"auto","background-attachment":"scroll","background-type":"","background-media":"","overlay-type":"","overlay-color":"","overlay-opacity":"","overlay-gradient":""},"tablet":{"background-color":"var(--ast-global-color-5)","background-image":"","background-repeat":"repeat","background-position":"center center","background-size":"auto","background-attachment":"scroll","background-type":"","background-media":"","overlay-type":"","overlay-color":"","overlay-opacity":"","overlay-gradient":""},"mobile":{"background-color":"var(--ast-global-color-5)","background-image":"","background-repeat":"repeat","background-position":"center center","background-size":"auto","background-attachment":"scroll","background-type":"","background-media":"","overlay-type":"","overlay-color":"","overlay-opacity":"","overlay-gradient":""}}},"product_brand":[],"product_cat":[525,668],"product_tag":[],"class_list":{"0":"post-52390","1":"product","2":"type-product","3":"status-publish","4":"has-post-thumbnail","6":"product_cat-abc-dizainas","7":"product_cat-saugios-sedynes","8":"desktop-align-left","9":"tablet-align-left","10":"mobile-align-left","12":"first","13":"instock","14":"taxable","15":"shipping-taxable","16":"purchasable","17":"product-type-variable"},"acf":[],"aioseo_notices":[],"_links":{"self":[{"href":"https:\/\/hummy.ee\/lt\/wp-json\/wp\/v2\/product\/52390","targetHints":{"allow":["GET"]}}],"collection":[{"href":"https:\/\/hummy.ee\/lt\/wp-json\/wp\/v2\/product"}],"about":[{"href":"https:\/\/hummy.ee\/lt\/wp-json\/wp\/v2\/types\/product"}],"replies":[{"embeddable":true,"href":"https:\/\/hummy.ee\/lt\/wp-json\/wp\/v2\/comments?post=52390"}],"version-history":[{"count":1,"href":"https:\/\/hummy.ee\/lt\/wp-json\/wp\/v2\/product\/52390\/revisions"}],"predecessor-version":[{"id":67302,"href":"https:\/\/hummy.ee\/lt\/wp-json\/wp\/v2\/product\/52390\/revisions\/67302"}],"wp:featuredmedia":[{"embeddable":true,"href":"https:\/\/hummy.ee\/lt\/wp-json\/wp\/v2\/media\/23090"}],"wp:attachment":[{"href":"https:\/\/hummy.ee\/lt\/wp-json\/wp\/v2\/media?parent=52390"}],"wp:term":[{"taxonomy":"product_brand","embeddable":true,"href":"https:\/\/hummy.ee\/lt\/wp-json\/wp\/v2\/product_brand?post=52390"},{"taxonomy":"product_cat","embeddable":true,"href":"https:\/\/hummy.ee\/lt\/wp-json\/wp\/v2\/product_cat?post=52390"},{"taxonomy":"product_tag","embeddable":true,"href":"https:\/\/hummy.ee\/lt\/wp-json\/wp\/v2\/product_tag?post=52390"}],"curies":[{"name":"wp","href":"https:\/\/api.w.org\/{rel}","templated":true}]}}