{"id":52379,"date":"2024-04-07T18:37:36","date_gmt":"2024-04-07T18:37:36","guid":{"rendered":"https:\/\/hummy.ee\/product\/abc-design-aspen-2-fix-i-size-paaukstinimo-kedute\/"},"modified":"2025-06-19T10:02:47","modified_gmt":"2025-06-19T10:02:47","slug":"abc-design-aspen-2-fix-i-size-paaukstinimo-kedute","status":"publish","type":"product","link":"https:\/\/hummy.ee\/lt\/produktas\/abc-design-aspen-2-fix-i-size-paaukstinimo-kedute\/","title":{"rendered":"ABC Design &#8222;Aspen 2 Fix i-Size\" paauk\u0161tinimo k\u0117dut\u0117"},"content":{"rendered":"<h6><strong><em>&#8222;Aspen 2 Fix i-Size\" - saugumas ir komfortas kiekvienoje kelion\u0117je automobiliu<\/em><\/strong><\/h6>\n<h6>&#8222;Aspen 2 Fix i-Size\" yra puiki automobilin\u0117 k\u0117dut\u0117, kuri auga kartu su j\u016bs\u0173 vaiku ir u\u017etikrina maksimal\u0173 saugum\u0105 kiekvienoje kelion\u0117je. D\u0117l i\u0161maniojo dizaino, universali\u0173 reguliavimo galimybi\u0173 ir auk\u0161t\u0173 saugos standart\u0173 \u0161i k\u0117dut\u0117 u\u017etikrina j\u016bs\u0173 vaikui ir saugum\u0105, ir komfort\u0105. <\/h6>\n<p>&nbsp;<\/p>\n<h6>Kai vaikas ma\u017eesnis, j\u012f galima saugiai prisegti 5 ta\u0161k\u0173 saugos dir\u017eais, kad b\u016bt\u0173 u\u017etikrintas didesnis stabilumas ir apsauga. Vaikui augant, s\u0117dyn\u0117s pamink\u0161tinim\u0105 galima nuimti ir naudoti 3 ta\u0161k\u0173 saugos dir\u017eus - taip suteikiama daugiau laisv\u0117s, bet i\u0161laikomas saugumas. <\/h6>\n<p>&nbsp;<\/p>\n<h6><strong><em>Did\u017eiausias saugumas - &#8222;i-Size\" standartas ir &#8222;Isofix\" sistema<\/em><\/strong><\/h6>\n<ul>\n<li data-start=\"736\" data-end=\"1235\">\n<h6>Lengvas ir saugus montavimas - &#8222;Aspen 2 Fix i-Size\" tvirtinama automobilyje naudojant &#8222;Isofix\" sistem\u0105 ir papildom\u0105 stabilum\u0105 u\u017etikrinant\u012f dir\u017e\u0105.<\/h6>\n<\/li>\n<li data-start=\"736\" data-end=\"1235\">\n<h6>Saugi tvirtinimo sistema - spalv\u0173 sistema rodo, ar k\u0117d\u0117 tinkamai sumontuota: raudona rei\u0161kia, kad reikia k\u0105 nors sureguliuoti, \u017ealia - kad viskas paruo\u0161ta.<\/h6>\n<\/li>\n<li data-start=\"736\" data-end=\"1235\">\n<h6>Apsauga nuo \u0161oninio sm\u016bgio - energij\u0105 sugeriantis k\u0117bulas ir sm\u016bgio j\u0117gos paskirstymo sistema apsaugo vaiko galv\u0105, kakl\u0105, vir\u0161utin\u0119 k\u016bno dal\u012f ir kirk\u0161ni\u0173 srit\u012f.<\/h6>\n<\/li>\n<\/ul>\n<h6><\/h6>\n<h6><strong><em>Did\u017eiausias komfortas visoms am\u017eiaus grup\u0117ms<\/em><\/strong><\/h6>\n<ul>\n<li data-start=\"1286\" data-end=\"1668\">\n<h6>12 reguliuojam\u0173 galvos atramos pad\u0117\u010di\u0173 - auga kartu su vaiku ir u\u017etikrina ergonomi\u0161k\u0105 pad\u0117t\u012f bet kokio am\u017eiaus vaikams.<\/h6>\n<\/li>\n<li data-start=\"1286\" data-end=\"1668\">\n<h6>Kv\u0117puojan\u010dios s\u0117dyn\u0117s pagalv\u0117l\u0117s ir \u012fmontuota v\u0117dinimo sistema - net ir kar\u0161tomis dienomis j\u016bs\u0173 vaikui palaikys patogi\u0105 temperat\u016br\u0105.<\/h6>\n<\/li>\n<li data-start=\"1286\" data-end=\"1668\">\n<h6>Dir\u017eo kreipian\u010dioji visada i\u0161laiko dir\u017e\u0105 tinkamoje pad\u0117tyje ir neleid\u017eia jam pasislinkti ar susisukti, kad b\u016bt\u0173 u\u017etikrintas optimalus saugumas.<\/h6>\n<\/li>\n<\/ul>\n<h6><\/h6>\n<h6><strong><em>Kod\u0117l verta rinktis ABC Design Aspen 2 Fix i-Size automobilin\u0119 k\u0117dut\u0119?<\/em><\/strong><\/h6>\n<ul>\n<li data-start=\"1739\" data-end=\"2060\">\n<h6>Auga kartu su j\u016bs\u0173 vaiku - tinka ir ma\u017eyliams, ir vyresniems vaikams<\/h6>\n<\/li>\n<li data-start=\"1739\" data-end=\"2060\">\n<h6>Lankstus montavimas - galima naudoti ir su 5, ir su 3 ta\u0161k\u0173 dir\u017eais<\/h6>\n<\/li>\n<li data-start=\"1739\" data-end=\"2060\">\n<h6>Did\u017eiausias saugumas - &#8222;i-Size\" standartas, &#8222;Isofix\" sistema ir apsauga nuo \u0161oninio sm\u016bgio<\/h6>\n<\/li>\n<li data-start=\"1739\" data-end=\"2060\">\n<h6>Patogumas visais met\u0173 laikais - kv\u0117puojantis audinys ir v\u0117dinimo sistema<\/h6>\n<\/li>\n<\/ul>\n<h6><em>Per\u017ei\u016br\u0117kite \u012fvadin\u012f <a href=\"https:\/\/www.youtube.com\/watch?v=8PZojsDTQw0\">vaizdo \u012fra\u0161\u0105<\/a> ir su\u017einokite daugiau.<\/em><\/h6>\n","protected":false},"excerpt":{"rendered":"<h6>ABC Design &#8222;Aspen 2 Fix i-Size\" puikiai prisitaiko prie j\u016bs\u0173 vaiko poreiki\u0173. Jei j\u016bs\u0173 k\u016bdikis labai ma\u017eas, galite j\u012f pritvirtinti k\u0117dut\u0117je naudodami \u012fmontuotus 5 ta\u0161k\u0173 saugos dir\u017eus. Vaikui augant, nuimkite s\u0117dyn\u0117s pagalv\u0117l\u0119. Taip gausite didesn\u0119 s\u0117dyn\u0119 ir gal\u0117site naudoti 3 ta\u0161k\u0173 saugos dir\u017eus vaiko saugumui u\u017etikrinti.   <\/h6>\n<ul>\n<li>\n<h6>Tinka vaikams nuo 15 m\u0117nesi\u0173 iki 12 met\u0173.<\/h6>\n<\/li>\n<li>\n<h6>Ilgis: 76-150 cm.<\/h6>\n<\/li>\n<li>\n<h6>Patvirtinta pagal naujausi\u0105 saugos standart\u0105 R129\/03 \/ i-Size.<\/h6>\n<\/li>\n<\/ul>\n<p><!-- \/wp:heading --><\/p>\n<p><!-- wp:paragraph --><\/p>\n","protected":false},"featured_media":34722,"comment_status":"closed","ping_status":"closed","template":"","meta":{"_acf_changed":false,"om_disable_all_campaigns":false,"_monsterinsights_skip_tracking":false,"_monsterinsights_sitenote_active":false,"_monsterinsights_sitenote_note":"","_monsterinsights_sitenote_category":0,"_uf_show_specific_survey":0,"_uf_disable_surveys":false,"site-sidebar-layout":"default","site-content-layout":"","ast-site-content-layout":"default","site-content-style":"default","site-sidebar-style":"default","ast-global-header-display":"","ast-banner-title-visibility":"","ast-main-header-display":"","ast-hfb-above-header-display":"","ast-hfb-below-header-display":"","ast-hfb-mobile-header-display":"","site-post-title":"","ast-breadcrumbs-content":"","ast-featured-img":"","footer-sml-layout":"","theme-transparent-header-meta":"default","adv-header-id-meta":"","stick-header-meta":"","header-above-stick-meta":"","header-main-stick-meta":"","header-below-stick-meta":"","astra-migrate-meta-layouts":"default","ast-page-background-enabled":"default","ast-page-background-meta":{"desktop":{"background-color":"var(--ast-global-color-4)","background-image":"","background-repeat":"repeat","background-position":"center center","background-size":"auto","background-attachment":"scroll","background-type":"","background-media":"","overlay-type":"","overlay-color":"","overlay-opacity":"","overlay-gradient":""},"tablet":{"background-color":"","background-image":"","background-repeat":"repeat","background-position":"center center","background-size":"auto","background-attachment":"scroll","background-type":"","background-media":"","overlay-type":"","overlay-color":"","overlay-opacity":"","overlay-gradient":""},"mobile":{"background-color":"","background-image":"","background-repeat":"repeat","background-position":"center center","background-size":"auto","background-attachment":"scroll","background-type":"","background-media":"","overlay-type":"","overlay-color":"","overlay-opacity":"","overlay-gradient":""}},"ast-content-background-meta":{"desktop":{"background-color":"var(--ast-global-color-5)","background-image":"","background-repeat":"repeat","background-position":"center center","background-size":"auto","background-attachment":"scroll","background-type":"","background-media":"","overlay-type":"","overlay-color":"","overlay-opacity":"","overlay-gradient":""},"tablet":{"background-color":"var(--ast-global-color-5)","background-image":"","background-repeat":"repeat","background-position":"center center","background-size":"auto","background-attachment":"scroll","background-type":"","background-media":"","overlay-type":"","overlay-color":"","overlay-opacity":"","overlay-gradient":""},"mobile":{"background-color":"var(--ast-global-color-5)","background-image":"","background-repeat":"repeat","background-position":"center center","background-size":"auto","background-attachment":"scroll","background-type":"","background-media":"","overlay-type":"","overlay-color":"","overlay-opacity":"","overlay-gradient":""}}},"product_brand":[],"product_cat":[525,668],"product_tag":[],"class_list":{"0":"post-52379","1":"product","2":"type-product","3":"status-publish","4":"has-post-thumbnail","6":"product_cat-abc-dizainas","7":"product_cat-saugios-sedynes","8":"desktop-align-left","9":"tablet-align-left","10":"mobile-align-left","12":"first","13":"instock","14":"taxable","15":"shipping-taxable","16":"purchasable","17":"product-type-variable"},"acf":[],"aioseo_notices":[],"_links":{"self":[{"href":"https:\/\/hummy.ee\/lt\/wp-json\/wp\/v2\/product\/52379","targetHints":{"allow":["GET"]}}],"collection":[{"href":"https:\/\/hummy.ee\/lt\/wp-json\/wp\/v2\/product"}],"about":[{"href":"https:\/\/hummy.ee\/lt\/wp-json\/wp\/v2\/types\/product"}],"replies":[{"embeddable":true,"href":"https:\/\/hummy.ee\/lt\/wp-json\/wp\/v2\/comments?post=52379"}],"version-history":[{"count":2,"href":"https:\/\/hummy.ee\/lt\/wp-json\/wp\/v2\/product\/52379\/revisions"}],"predecessor-version":[{"id":63709,"href":"https:\/\/hummy.ee\/lt\/wp-json\/wp\/v2\/product\/52379\/revisions\/63709"}],"wp:featuredmedia":[{"embeddable":true,"href":"https:\/\/hummy.ee\/lt\/wp-json\/wp\/v2\/media\/34722"}],"wp:attachment":[{"href":"https:\/\/hummy.ee\/lt\/wp-json\/wp\/v2\/media?parent=52379"}],"wp:term":[{"taxonomy":"product_brand","embeddable":true,"href":"https:\/\/hummy.ee\/lt\/wp-json\/wp\/v2\/product_brand?post=52379"},{"taxonomy":"product_cat","embeddable":true,"href":"https:\/\/hummy.ee\/lt\/wp-json\/wp\/v2\/product_cat?post=52379"},{"taxonomy":"product_tag","embeddable":true,"href":"https:\/\/hummy.ee\/lt\/wp-json\/wp\/v2\/product_tag?post=52379"}],"curies":[{"name":"wp","href":"https:\/\/api.w.org\/{rel}","templated":true}]}}