{"id":52363,"date":"2024-04-07T18:40:58","date_gmt":"2024-04-07T18:40:58","guid":{"rendered":"https:\/\/hummy.ee\/product\/abc-design-isofix-pagrindas-saknu-pagrindas\/"},"modified":"2025-09-06T18:52:47","modified_gmt":"2025-09-06T18:52:47","slug":"abc-design-isofix-pagrindas-saknu-pagrindas","status":"publish","type":"product","link":"https:\/\/hummy.ee\/lt\/produktas\/abc-design-isofix-pagrindas-saknu-pagrindas\/","title":{"rendered":"ABC Design &#8222;Isofix\" pagrindas \u0160akn\u0173 pagrindas"},"content":{"rendered":"<ul>\n<li data-start=\"453\" data-end=\"868\">\n<h6>Saugu ir patogu: i\u0161manioji spalv\u0173 patikros funkcija leid\u017eia i\u0161 karto su\u017einoti, ar k\u0117d\u0117 tinkamai pritvirtinta.<\/h6>\n<\/li>\n<li data-start=\"453\" data-end=\"868\">\n<h6>Visi\u0161kas stabilumas: reguliuojamo auk\u0161\u010dio atramin\u0117 koja padidina saugum\u0105 ir tinka \u012fvairiems automobiliams.<\/h6>\n<\/li>\n<li data-start=\"453\" data-end=\"868\">\n<h6>Greitas ir paprastas montavimas: kai pagrindas pritvirtintas automobilyje, &#8222;Tulip\" arba &#8222;Lily i-Size\" galima saugiai sumontuoti ir nuimti vienu lengvu judesiu.<\/h6>\n<\/li>\n<\/ul>\n<h6 data-start=\"870\" data-end=\"926\"><strong><em>360\u00b0 kampu besisukantis &#8222;Isofix\" pagrindas - maksimalus komfortas<\/em><\/strong><\/h6>\n<h6 data-start=\"928\" data-end=\"1134\">Taupote laik\u0105 ir paprasta: tiesiog pakelkite s\u0117dyn\u0119 ant &#8222;ISOFIX\" pagrindo ir ji automati\u0161kai u\u017esifiksuos. Spalvota sistema patvirtina, kad k\u0117dut\u0117 patikimai pritvirtinta, tod\u0117l nereikia nerimauti d\u0117l k\u016bdikio saugumo. <\/h6>\n<h6 data-start=\"1136\" data-end=\"1366\">D\u0117l 360\u00b0 pasukimo funkcijos naudotis k\u0117de kaip niekada patogu. K\u0117dut\u0119 galite pasukti \u012f save, kad b\u016bt\u0173 lengviau pakelti ir prilaikyti vaik\u0105 nesilenkiant ir nesiremiant \u012f automobil\u012f. <\/h6>\n<p>&nbsp;<\/p>\n<h6><\/h6>\n<h6 data-start=\"1368\" data-end=\"1393\"><strong><em>Lankstus naudojimas:<\/em><\/strong><\/h6>\n<ul data-start=\"1394\" data-end=\"1766\">\n<li data-start=\"1394\" data-end=\"1507\">\n<h6>&#8222;Lily i-Size\" gali b\u016bti montuojama su pasukamuoju mechanizmu tiek \u012f priek\u012f, tiek \u012f gal\u0105.<\/h6>\n<\/li>\n<li data-start=\"1508\" data-end=\"1638\">\n<h6>&#8222;Tulip i-Size\" k\u016bdiki\u0173 ve\u017eim\u0117lis visada montuojamas galine kryptimi ir i\u0161 automobilio i\u0161imamas vienu lengvu judesiu.<\/h6>\n<\/li>\n<li data-start=\"1639\" data-end=\"1766\">\n<h6>&#8222;Isofix\" pagrindas &#8222;Root\" lieka automobilyje - kai jo nenaudojate, pagrind\u0105 galima sulankstyti ir taupiai laikyti.<\/h6>\n<\/li>\n<\/ul>\n<h6 data-start=\"1768\" data-end=\"1809\"><strong>Tinkamos saugos k\u0117dut\u0117s (parduodamos atskirai):<\/strong><\/h6>\n<ul>\n<li>\n<h6><a href=\"https:\/\/hummy.ee\/lt\/toode\/abc-design-tulip-i-size-saugos-lopsys\/\">  &#8222;Tulip i-Size<\/a><\/h6>\n<\/li>\n<li>\n<h6><a href=\"https:\/\/hummy.ee\/lt\/toode\/abc-design-lily-i-size-stiprintuvo-sedyne\/\">&#8222;Lily i-Size<\/a><\/h6>\n<\/li>\n<\/ul>\n<h6><em>Per\u017ei\u016br\u0117kite \u012fvadin\u012f <a href=\"https:\/\/www.youtube.com\/watch?v=faGTs5Jqm7A\">vaizdo \u012fra\u0161\u0105<\/a> ir su\u017einokite daugiau.<\/em><\/h6>\n","protected":false},"excerpt":{"rendered":"<h6 data-start=\"73\" data-end=\"151\">ABC Design &#8222;Isofix Base Root\" - saugus ir patogus pagrindas automobilin\u0117ms k\u0117dut\u0117ms. ABC Design Naudodami &#8222;Isofix Base Root\" baz\u0119 vienu spustel\u0117jimu automobilyje galite sumontuoti &#8222;Tulip i-Size\" k\u016bdiki\u0173 k\u0117dut\u0119 arba &#8222;Lily i-Size\" k\u0117dut\u0119 ma\u017eiems vaikams. Automobilin\u0117s k\u0117dut\u0117s nereikia tvirtinti rankiniu b\u016bdu - tiesiog \u012fstatykite pagrind\u0105 \u012f &#8222;Isofix\" spaustukus ir galite va\u017eiuoti.  <\/h6>\n","protected":false},"featured_media":21942,"comment_status":"closed","ping_status":"closed","template":"","meta":{"_acf_changed":false,"om_disable_all_campaigns":false,"_monsterinsights_skip_tracking":false,"_monsterinsights_sitenote_active":false,"_monsterinsights_sitenote_note":"","_monsterinsights_sitenote_category":0,"_uf_show_specific_survey":0,"_uf_disable_surveys":false,"site-sidebar-layout":"default","site-content-layout":"","ast-site-content-layout":"default","site-content-style":"default","site-sidebar-style":"default","ast-global-header-display":"","ast-banner-title-visibility":"","ast-main-header-display":"","ast-hfb-above-header-display":"","ast-hfb-below-header-display":"","ast-hfb-mobile-header-display":"","site-post-title":"","ast-breadcrumbs-content":"","ast-featured-img":"","footer-sml-layout":"","theme-transparent-header-meta":"default","adv-header-id-meta":"","stick-header-meta":"","header-above-stick-meta":"","header-main-stick-meta":"","header-below-stick-meta":"","astra-migrate-meta-layouts":"default","ast-page-background-enabled":"default","ast-page-background-meta":{"desktop":{"background-color":"var(--ast-global-color-4)","background-image":"","background-repeat":"repeat","background-position":"center center","background-size":"auto","background-attachment":"scroll","background-type":"","background-media":"","overlay-type":"","overlay-color":"","overlay-opacity":"","overlay-gradient":""},"tablet":{"background-color":"","background-image":"","background-repeat":"repeat","background-position":"center center","background-size":"auto","background-attachment":"scroll","background-type":"","background-media":"","overlay-type":"","overlay-color":"","overlay-opacity":"","overlay-gradient":""},"mobile":{"background-color":"","background-image":"","background-repeat":"repeat","background-position":"center center","background-size":"auto","background-attachment":"scroll","background-type":"","background-media":"","overlay-type":"","overlay-color":"","overlay-opacity":"","overlay-gradient":""}},"ast-content-background-meta":{"desktop":{"background-color":"var(--ast-global-color-5)","background-image":"","background-repeat":"repeat","background-position":"center center","background-size":"auto","background-attachment":"scroll","background-type":"","background-media":"","overlay-type":"","overlay-color":"","overlay-opacity":"","overlay-gradient":""},"tablet":{"background-color":"var(--ast-global-color-5)","background-image":"","background-repeat":"repeat","background-position":"center center","background-size":"auto","background-attachment":"scroll","background-type":"","background-media":"","overlay-type":"","overlay-color":"","overlay-opacity":"","overlay-gradient":""},"mobile":{"background-color":"var(--ast-global-color-5)","background-image":"","background-repeat":"repeat","background-position":"center center","background-size":"auto","background-attachment":"scroll","background-type":"","background-media":"","overlay-type":"","overlay-color":"","overlay-opacity":"","overlay-gradient":""}}},"product_brand":[],"product_cat":[525,747],"product_tag":[],"class_list":{"0":"post-52363","1":"product","2":"type-product","3":"status-publish","4":"has-post-thumbnail","6":"product_cat-abc-dizainas","7":"product_cat-saugus-kedes-pagrindas","8":"desktop-align-left","9":"tablet-align-left","10":"mobile-align-left","12":"first","13":"instock","14":"taxable","15":"shipping-taxable","16":"purchasable","17":"product-type-simple"},"acf":[],"aioseo_notices":[],"_links":{"self":[{"href":"https:\/\/hummy.ee\/lt\/wp-json\/wp\/v2\/product\/52363","targetHints":{"allow":["GET"]}}],"collection":[{"href":"https:\/\/hummy.ee\/lt\/wp-json\/wp\/v2\/product"}],"about":[{"href":"https:\/\/hummy.ee\/lt\/wp-json\/wp\/v2\/types\/product"}],"replies":[{"embeddable":true,"href":"https:\/\/hummy.ee\/lt\/wp-json\/wp\/v2\/comments?post=52363"}],"version-history":[{"count":1,"href":"https:\/\/hummy.ee\/lt\/wp-json\/wp\/v2\/product\/52363\/revisions"}],"predecessor-version":[{"id":67245,"href":"https:\/\/hummy.ee\/lt\/wp-json\/wp\/v2\/product\/52363\/revisions\/67245"}],"wp:featuredmedia":[{"embeddable":true,"href":"https:\/\/hummy.ee\/lt\/wp-json\/wp\/v2\/media\/21942"}],"wp:attachment":[{"href":"https:\/\/hummy.ee\/lt\/wp-json\/wp\/v2\/media?parent=52363"}],"wp:term":[{"taxonomy":"product_brand","embeddable":true,"href":"https:\/\/hummy.ee\/lt\/wp-json\/wp\/v2\/product_brand?post=52363"},{"taxonomy":"product_cat","embeddable":true,"href":"https:\/\/hummy.ee\/lt\/wp-json\/wp\/v2\/product_cat?post=52363"},{"taxonomy":"product_tag","embeddable":true,"href":"https:\/\/hummy.ee\/lt\/wp-json\/wp\/v2\/product_tag?post=52363"}],"curies":[{"name":"wp","href":"https:\/\/api.w.org\/{rel}","templated":true}]}}