{"id":52358,"date":"2024-04-07T18:37:52","date_gmt":"2024-04-07T18:37:52","guid":{"rendered":"https:\/\/hummy.ee\/product\/abc-design-mallow-2-fix-i-size-saugos-kedute\/"},"modified":"2025-09-09T06:49:47","modified_gmt":"2025-09-09T06:49:47","slug":"abc-design-mallow-2-fix-i-size-saugos-kedute","status":"publish","type":"product","link":"https:\/\/hummy.ee\/lt\/produktas\/abc-design-mallow-2-fix-i-size-saugos-kedute\/","title":{"rendered":"ABC Design &#8222;Mallow 2 Fix i-Size\" saugos k\u0117dut\u0117"},"content":{"rendered":"<h6 data-start=\"425\" data-end=\"471\"><strong><em>Did\u017eiausias saugumas kiekvienoje kelion\u0117je<\/em><\/strong><\/h6>\n<h6 class=\"wp-block-heading\">Su &#8222;Mallow 2&#8243; j\u016bs\u0173 vaikas saugiai ir patogiai pasieks kelion\u0117s tiksl\u0105. Ji puikiai pritaikoma prie vaiko poreiki\u0173, k\u0117dut\u0119 galima reguliuoti didesn\u0119 vaikui augant ir ji visada i\u0161liks patogi. Idealiai tinka naudoti automobilyje su &#8222;Isofix\" sistema arba be jos: mink\u0161t\u0105 pamink\u0161tint\u0105 k\u0117dut\u0119 galima lengvai pritvirtinti prie automobilio 3 ta\u0161k\u0173 saugos dir\u017eo. Ta\u010diau papildoma &#8222;Isofix\" sistema suteikia dar daugiau saugumo ir stabilumo.   <\/h6>\n<p>&nbsp;<\/p>\n<h6><strong><em>Auga kartu su j\u016bs\u0173 vaiku:<\/em><\/strong><\/h6>\n<h6>Galvos atram\u0105 &#8222;Mallow 2&#8243; galima reguliuoti \u012f 12 skirting\u0173 pad\u0117\u010di\u0173, tod\u0117l laikui b\u0117gant j\u0105 galima pritaikyti vaikui augant. I\u0161manioji dir\u017eo vedimo sistema neleid\u017eia dir\u017eui slysti ir suktis, tod\u0117l dir\u017eas i\u0161lieka tinkamoje pad\u0117tyje, kad b\u016bt\u0173 u\u017etikrintas optimalus saugumas. D\u0117l itin mink\u0161to s\u0117dyn\u0117s pamink\u0161tinimo j\u016bs\u0173 vaikui taip pat bus labai patogu ilg\u0173 kelioni\u0173 metu. &#8222;i-Size\" standartas u\u017etikrina did\u017eiausi\u0105 saugum\u0105. S\u0117dyn\u0117 paskirsto sm\u016bgio j\u0117g\u0105 galvos ir \u0161oninio sm\u016bgio atveju, taip suma\u017eindama sm\u016bg\u012f. Tai dar labiau apsaugo j\u016bs\u0173 vaiko galv\u0105, kakl\u0105, vir\u0161utin\u0119 k\u016bno dal\u012f ir dubens srit\u012f.     <\/h6>\n<p>&nbsp;<\/p>\n<h6><!-- \/wp:post-content --><\/p>\n<p><!-- wp:paragraph --><\/h6>\n<h6><strong><em>Automobilyje galima montuoti dviem skirtingais b\u016bdais:<\/em><\/strong><\/h6>\n<h6>Tik prisiseg\u0119 automobilio 3 ta\u0161k\u0173 saugos dir\u017eu arba naudodami ISOFIX sistem\u0105. Tvirtinimo sistem\u0105 galima reguliuoti \u012fvairiais b\u016bdais, tod\u0117l ji puikiai prisitaiko prie automobilio k\u0117dut\u0117s ilgio. D\u0117l patogios spalv\u0173 sistemos visada \u017einosite, ar k\u0117dut\u0117 tinkamai pritvirtinta, ar ne.  <\/h6>\n<p>&nbsp;<\/p>\n<h6><strong><em>Funkcijos:<\/em><\/strong><\/h6>\n<ul>\n<li>\n<h6>Ilgalaik\u0117 2\/3 grup\u0117s automobilin\u0117 k\u0117dut\u0117 - idealiai tinka naudoti automobiliuose su &#8222;ISOFIX\" arba be jo<\/h6>\n<\/li>\n<li>\n<h6>&#8222;i-Size\" standartas u\u017etikrina did\u017eiausi\u0105 saugum\u0105<\/h6>\n<\/li>\n<li>\n<h6>Galvos atram\u0105 galima reguliuoti 12 skirting\u0173 pad\u0117\u010di\u0173, atsi\u017evelgiant \u012f vaiko \u016bg\u012f.<\/h6>\n<\/li>\n<li>\n<h6>Lengvas montavimas automobilyje: naudojant automobilio 3 ta\u0161k\u0173 saugos dir\u017e\u0105 arba &#8222;Isofix\" sistem\u0105.<\/h6>\n<\/li>\n<\/ul>\n<h6><strong><em>Techniniai duomenys:<\/em><\/strong><\/h6>\n<ul>\n<li>\n<h6>Gaminio matmenys (p x l x h): 44 x 46 x 59<\/h6>\n<\/li>\n<li>\n<h6>Gaminio svoris: 5,2 kg<\/h6>\n<\/li>\n<li>\n<h6>Tinkamas am\u017eius: 3-12 met\u0173, 2\/3 grup\u0117<\/h6>\n<\/li>\n<li>\n<h6>Vaikams, sveriantiems: 15-36 kg<\/h6>\n<\/li>\n<\/ul>\n<h6><em>Per\u017ei\u016br\u0117kite \u012fvadin\u012f <a href=\"https:\/\/www.youtube.com\/watch?v=sxZYytHwz0M\">vaizdo \u012fra\u0161\u0105<\/a> ir su\u017einokite daugiau.<\/em><\/h6>\n","protected":false},"excerpt":{"rendered":"<h6 data-start=\"0\" data-end=\"77\">ABC Design &#8222;Mallow 2 Fix i-Size\" automobilin\u0117 k\u0117dut\u0117 - auga kartu su j\u016bs\u0173 vaiku. ABC Design &#8222;Mallow 2 Fix i-Size\" automobilin\u0117 k\u0117dut\u0117 yra puikus pasirinkimas saugiai ir patogiai kelionei automobiliu. Jos pritaikoma konstrukcija ir naujovi\u0161kos saugos funkcijos u\u017etikrina, kad j\u016bs\u0173 vaikui b\u016bt\u0173 patogu nuo 3 iki 12 met\u0173.    nuo. &#8222;i-Size\" standartas ir &#8222;Isofix\" tvirtinimo \u012ftaisas u\u017etikrina geriausi\u0105 apsaug\u0105 kasdien\u0117se ir ilgesn\u0117se kelion\u0117se.<\/h6>\n<ul>\n<li>\n<h6>Tinka vaikams nuo 3 iki 12 met\u0173.<\/h6>\n<\/li>\n<li>\n<h6>Ilgis: 100-150 cm.<\/h6>\n<\/li>\n<li>\n<h6>Patvirtinta pagal naujausi\u0105 saugos standart\u0105 R129\/03 \/ i-Size.<\/h6>\n<\/li>\n<\/ul>\n<p><!-- \/wp:heading --><\/p>\n<p><!-- wp:paragraph --><\/p>\n","protected":false},"featured_media":34798,"comment_status":"closed","ping_status":"closed","template":"","meta":{"_acf_changed":false,"om_disable_all_campaigns":false,"_monsterinsights_skip_tracking":false,"_monsterinsights_sitenote_active":false,"_monsterinsights_sitenote_note":"","_monsterinsights_sitenote_category":0,"_uf_show_specific_survey":0,"_uf_disable_surveys":false,"site-sidebar-layout":"default","site-content-layout":"","ast-site-content-layout":"default","site-content-style":"default","site-sidebar-style":"default","ast-global-header-display":"","ast-banner-title-visibility":"","ast-main-header-display":"","ast-hfb-above-header-display":"","ast-hfb-below-header-display":"","ast-hfb-mobile-header-display":"","site-post-title":"","ast-breadcrumbs-content":"","ast-featured-img":"","footer-sml-layout":"","theme-transparent-header-meta":"default","adv-header-id-meta":"","stick-header-meta":"","header-above-stick-meta":"","header-main-stick-meta":"","header-below-stick-meta":"","astra-migrate-meta-layouts":"set","ast-page-background-enabled":"default","ast-page-background-meta":{"desktop":{"background-color":"var(--ast-global-color-4)","background-image":"","background-repeat":"repeat","background-position":"center center","background-size":"auto","background-attachment":"scroll","background-type":"","background-media":"","overlay-type":"","overlay-color":"","overlay-opacity":"","overlay-gradient":""},"tablet":{"background-color":"","background-image":"","background-repeat":"repeat","background-position":"center center","background-size":"auto","background-attachment":"scroll","background-type":"","background-media":"","overlay-type":"","overlay-color":"","overlay-opacity":"","overlay-gradient":""},"mobile":{"background-color":"","background-image":"","background-repeat":"repeat","background-position":"center center","background-size":"auto","background-attachment":"scroll","background-type":"","background-media":"","overlay-type":"","overlay-color":"","overlay-opacity":"","overlay-gradient":""}},"ast-content-background-meta":{"desktop":{"background-color":"var(--ast-global-color-5)","background-image":"","background-repeat":"repeat","background-position":"center center","background-size":"auto","background-attachment":"scroll","background-type":"","background-media":"","overlay-type":"","overlay-color":"","overlay-opacity":"","overlay-gradient":""},"tablet":{"background-color":"var(--ast-global-color-5)","background-image":"","background-repeat":"repeat","background-position":"center center","background-size":"auto","background-attachment":"scroll","background-type":"","background-media":"","overlay-type":"","overlay-color":"","overlay-opacity":"","overlay-gradient":""},"mobile":{"background-color":"var(--ast-global-color-5)","background-image":"","background-repeat":"repeat","background-position":"center center","background-size":"auto","background-attachment":"scroll","background-type":"","background-media":"","overlay-type":"","overlay-color":"","overlay-opacity":"","overlay-gradient":""}}},"product_brand":[],"product_cat":[525,668],"product_tag":[],"class_list":{"0":"post-52358","1":"product","2":"type-product","3":"status-publish","4":"has-post-thumbnail","6":"product_cat-abc-dizainas","7":"product_cat-saugios-sedynes","8":"desktop-align-left","9":"tablet-align-left","10":"mobile-align-left","12":"first","13":"instock","14":"taxable","15":"shipping-taxable","16":"purchasable","17":"product-type-variable"},"acf":[],"aioseo_notices":[],"_links":{"self":[{"href":"https:\/\/hummy.ee\/lt\/wp-json\/wp\/v2\/product\/52358","targetHints":{"allow":["GET"]}}],"collection":[{"href":"https:\/\/hummy.ee\/lt\/wp-json\/wp\/v2\/product"}],"about":[{"href":"https:\/\/hummy.ee\/lt\/wp-json\/wp\/v2\/types\/product"}],"replies":[{"embeddable":true,"href":"https:\/\/hummy.ee\/lt\/wp-json\/wp\/v2\/comments?post=52358"}],"version-history":[{"count":4,"href":"https:\/\/hummy.ee\/lt\/wp-json\/wp\/v2\/product\/52358\/revisions"}],"predecessor-version":[{"id":67600,"href":"https:\/\/hummy.ee\/lt\/wp-json\/wp\/v2\/product\/52358\/revisions\/67600"}],"wp:featuredmedia":[{"embeddable":true,"href":"https:\/\/hummy.ee\/lt\/wp-json\/wp\/v2\/media\/34798"}],"wp:attachment":[{"href":"https:\/\/hummy.ee\/lt\/wp-json\/wp\/v2\/media?parent=52358"}],"wp:term":[{"taxonomy":"product_brand","embeddable":true,"href":"https:\/\/hummy.ee\/lt\/wp-json\/wp\/v2\/product_brand?post=52358"},{"taxonomy":"product_cat","embeddable":true,"href":"https:\/\/hummy.ee\/lt\/wp-json\/wp\/v2\/product_cat?post=52358"},{"taxonomy":"product_tag","embeddable":true,"href":"https:\/\/hummy.ee\/lt\/wp-json\/wp\/v2\/product_tag?post=52358"}],"curies":[{"name":"wp","href":"https:\/\/api.w.org\/{rel}","templated":true}]}}