{"id":52340,"date":"2023-11-24T10:20:08","date_gmt":"2023-11-24T10:20:08","guid":{"rendered":"https:\/\/hummy.ee\/product\/abc-design-kiddie-ride-on-2-stovu-sedyne\/"},"modified":"2025-09-06T19:12:51","modified_gmt":"2025-09-06T19:12:51","slug":"abc-design-kiddie-ride-on-2-stovu-sedyne","status":"publish","type":"product","link":"https:\/\/hummy.ee\/lt\/produktas\/abc-design-kiddie-ride-on-2-stovu-sedyne\/","title":{"rendered":"ABC Design &#8222;Kiddie Ride On\" 2 stov\u0173 s\u0117dyn\u0117"},"content":{"rendered":"<h6><strong><em>Saugus ir patogus dizainas<\/em><\/strong><\/h6>\n<h6>K\u0117dut\u0117je \u012frengtas saugus tur\u0117klas, u\u017e kurio vaikas gali \u012fsikibti, kad va\u017eiuot\u0173 stabiliai ir patogiai. S\u0117dyn\u0119 galima greitai ir lengvai sumontuoti, o prireikus j\u0105 galima lengvai nuimti ir naudoti \u012fprastai. <\/h6>\n<p>&nbsp;<\/p>\n<h6><strong><em>Pagrindin\u0117s savyb\u0117s:<\/em><\/strong><\/h6>\n<ul>\n<li data-start=\"744\" data-end=\"1159\">\n<h6>Did\u017eiausias komfortas - idealus sprendimas pavargusioms kojoms.<\/h6>\n<\/li>\n<li data-start=\"744\" data-end=\"1159\">\n<h6>Saugus ir stabilus - va\u017eiuodami galite laikytis u\u017e b\u0117gi\u0173.<\/h6>\n<\/li>\n<li data-start=\"744\" data-end=\"1159\">\n<h6>Lengvas montavimas ir nu\u0117mimas - greitai pritvirtinamas ir prireikus lengvai nuimamas.<\/h6>\n<\/li>\n<li data-start=\"744\" data-end=\"1159\">\n<h6>Auk\u0161tos kokyb\u0117s ir patvarios med\u017eiagos - ilgaam\u017ei\u0161kumas ir tvirta atrama.<\/h6>\n<\/li>\n<li data-start=\"744\" data-end=\"1159\">\n<h6>Suderinamas su ABC Design Kiddie Ride On 2 stovu - patogesniam jud\u0117jimui skirtu priedu.<\/h6>\n<\/li>\n<\/ul>\n<p>&nbsp;<\/p>\n<h6><strong><em>Techniniai duomenys:<\/em><\/strong><\/h6>\n<ul>\n<li>\n<h6>Did\u017eiausias vaiko svoris: 20 kg<\/h6>\n<\/li>\n<li>\n<h6>Suderinama su: ABC Design &#8222;Kiddie Ride On 2&#8243; <a href=\"https:\/\/hummy.ee\/lt\/toode\/abc-design-vaikiskas-pasivazinejimas-ant-2-stovu\/\" target=\"_blank\" rel=\"noopener\">stovinti lenta<\/a><\/h6>\n<\/li>\n<\/ul>\n<h6><\/h6>\n<h6>Padarykite kiekvien\u0105 pasivaik\u0161\u010diojim\u0105 ner\u016bpestingesn\u012f ir malonesn\u012f - ABC Design Kiddie Ride On 2 stovimoji s\u0117dyn\u0117 suteikia patogi\u0105 ir saugi\u0105 viet\u0105 j\u016bs\u0173 vaikui pails\u0117ti bet kokioje situacijoje!<\/h6>\n<p>&nbsp;<\/p>\n<h6>Per\u017ei\u016br\u0117kite \u012fvadin\u012f <a href=\"https:\/\/www.youtube.com\/watch?v=zUsaogF83JI\">vaizdo \u012fra\u0161\u0105<\/a> ir su\u017einokite daugiau.<\/h6>\n","protected":false},"excerpt":{"rendered":"<h6 data-start=\"61\" data-end=\"139\">ABC Design &#8222;Kiddie Ride On 2&#8243; suolelio s\u0117dyn\u0117 - patogi pertrauka j\u016bs\u0173 vaikui. Ilgi pasivaik\u0161\u010diojimai gali b\u016bti varginantys ma\u017eiesiems, ta\u010diau ABC Design Kiddie Ride On 2 stovimoji s\u0117dyn\u0117 si\u016blo puiki\u0105 i\u0161eit\u012f! \u0160i prakti\u0161ka ir saugi s\u0117dyn\u0117 tvirtinama prie &#8222;Kiddie Ride On 2 Stander\" ir suteikia vaikui patogi\u0105 viet\u0105 atsis\u0117sti ir pails\u0117ti, kai kojos nebegali i\u0161tverti.  <\/h6>\n","protected":false},"featured_media":29678,"comment_status":"closed","ping_status":"closed","template":"","meta":{"_acf_changed":false,"om_disable_all_campaigns":false,"_monsterinsights_skip_tracking":false,"_monsterinsights_sitenote_active":false,"_monsterinsights_sitenote_note":"","_monsterinsights_sitenote_category":0,"_uf_show_specific_survey":0,"_uf_disable_surveys":false,"site-sidebar-layout":"default","site-content-layout":"","ast-site-content-layout":"default","site-content-style":"default","site-sidebar-style":"default","ast-global-header-display":"","ast-banner-title-visibility":"","ast-main-header-display":"","ast-hfb-above-header-display":"","ast-hfb-below-header-display":"","ast-hfb-mobile-header-display":"","site-post-title":"","ast-breadcrumbs-content":"","ast-featured-img":"","footer-sml-layout":"","theme-transparent-header-meta":"default","adv-header-id-meta":"","stick-header-meta":"","header-above-stick-meta":"","header-main-stick-meta":"","header-below-stick-meta":"","astra-migrate-meta-layouts":"default","ast-page-background-enabled":"default","ast-page-background-meta":{"desktop":{"background-color":"var(--ast-global-color-4)","background-image":"","background-repeat":"repeat","background-position":"center center","background-size":"auto","background-attachment":"scroll","background-type":"","background-media":"","overlay-type":"","overlay-color":"","overlay-opacity":"","overlay-gradient":""},"tablet":{"background-color":"","background-image":"","background-repeat":"repeat","background-position":"center center","background-size":"auto","background-attachment":"scroll","background-type":"","background-media":"","overlay-type":"","overlay-color":"","overlay-opacity":"","overlay-gradient":""},"mobile":{"background-color":"","background-image":"","background-repeat":"repeat","background-position":"center center","background-size":"auto","background-attachment":"scroll","background-type":"","background-media":"","overlay-type":"","overlay-color":"","overlay-opacity":"","overlay-gradient":""}},"ast-content-background-meta":{"desktop":{"background-color":"var(--ast-global-color-5)","background-image":"","background-repeat":"repeat","background-position":"center center","background-size":"auto","background-attachment":"scroll","background-type":"","background-media":"","overlay-type":"","overlay-color":"","overlay-opacity":"","overlay-gradient":""},"tablet":{"background-color":"var(--ast-global-color-5)","background-image":"","background-repeat":"repeat","background-position":"center center","background-size":"auto","background-attachment":"scroll","background-type":"","background-media":"","overlay-type":"","overlay-color":"","overlay-opacity":"","overlay-gradient":""},"mobile":{"background-color":"var(--ast-global-color-5)","background-image":"","background-repeat":"repeat","background-position":"center center","background-size":"auto","background-attachment":"scroll","background-type":"","background-media":"","overlay-type":"","overlay-color":"","overlay-opacity":"","overlay-gradient":""}}},"product_brand":[],"product_cat":[525,362,331],"product_tag":[337],"class_list":{"0":"post-52340","1":"product","2":"type-product","3":"status-publish","4":"has-post-thumbnail","6":"product_cat-abc-dizainas","7":"product_cat-lentos","8":"product_cat-apipjaustymo-priedai","9":"product_tag-atskiri-produktai","10":"desktop-align-left","11":"tablet-align-left","12":"mobile-align-left","14":"first","15":"instock","16":"taxable","17":"shipping-taxable","18":"purchasable","19":"product-type-simple"},"acf":[],"aioseo_notices":[],"_links":{"self":[{"href":"https:\/\/hummy.ee\/lt\/wp-json\/wp\/v2\/product\/52340","targetHints":{"allow":["GET"]}}],"collection":[{"href":"https:\/\/hummy.ee\/lt\/wp-json\/wp\/v2\/product"}],"about":[{"href":"https:\/\/hummy.ee\/lt\/wp-json\/wp\/v2\/types\/product"}],"replies":[{"embeddable":true,"href":"https:\/\/hummy.ee\/lt\/wp-json\/wp\/v2\/comments?post=52340"}],"version-history":[{"count":1,"href":"https:\/\/hummy.ee\/lt\/wp-json\/wp\/v2\/product\/52340\/revisions"}],"predecessor-version":[{"id":67327,"href":"https:\/\/hummy.ee\/lt\/wp-json\/wp\/v2\/product\/52340\/revisions\/67327"}],"wp:featuredmedia":[{"embeddable":true,"href":"https:\/\/hummy.ee\/lt\/wp-json\/wp\/v2\/media\/29678"}],"wp:attachment":[{"href":"https:\/\/hummy.ee\/lt\/wp-json\/wp\/v2\/media?parent=52340"}],"wp:term":[{"taxonomy":"product_brand","embeddable":true,"href":"https:\/\/hummy.ee\/lt\/wp-json\/wp\/v2\/product_brand?post=52340"},{"taxonomy":"product_cat","embeddable":true,"href":"https:\/\/hummy.ee\/lt\/wp-json\/wp\/v2\/product_cat?post=52340"},{"taxonomy":"product_tag","embeddable":true,"href":"https:\/\/hummy.ee\/lt\/wp-json\/wp\/v2\/product_tag?post=52340"}],"curies":[{"name":"wp","href":"https:\/\/api.w.org\/{rel}","templated":true}]}}