{"id":52338,"date":"2024-04-07T18:53:40","date_gmt":"2024-04-07T18:53:40","guid":{"rendered":"https:\/\/hummy.ee\/product\/abc-design-vaikiskas-pasivazinejimas-ant-2-stovu\/"},"modified":"2025-09-16T07:17:38","modified_gmt":"2025-09-16T07:17:38","slug":"abc-design-vaikiskas-pasivazinejimas-ant-2-stovu","status":"publish","type":"product","link":"https:\/\/hummy.ee\/lt\/produktas\/abc-design-vaikiskas-pasivazinejimas-ant-2-stovu\/","title":{"rendered":"ABC Design Vaiki\u0161kas pasiva\u017ein\u0117jimas ant 2 stov\u0173"},"content":{"rendered":"<h6 data-start=\"94\" data-end=\"156\"><strong><em>&#8222;Kiddie Ride On\" stovas - puikus vaiki\u0161ko ve\u017eim\u0117lio priedas<\/em><\/strong><\/h6>\n<h6 data-start=\"158\" data-end=\"392\">Ar j\u016bs\u0173 ma\u017easis klajoklis greitai pavargsta pasivaik\u0161\u010diojim\u0173 metu? &#8222;Kiddie Ride On\" yra puikus sprendimas! \u0160is patogus ve\u017eim\u0117lio priedas leid\u017eia j\u016bs\u0173 vaikui patogiai va\u017eiuoti kartu, kartu u\u017etikrinant saug\u0173 ir smag\u0173 pasivaik\u0161\u010diojim\u0105.  <\/h6>\n<p>&nbsp;<\/p>\n<h6 data-start=\"394\" data-end=\"428\"><strong><em>Patogumas ir pritaikomumas<\/em><\/strong><\/h6>\n<h6 data-start=\"429\" data-end=\"728\">&#8222;Kiddie Ride On 2&#8243; turi reguliuojam\u0105 <a href=\"https:\/\/hummy.ee\/lt\/produktas\/abc-design-vaikiskas-pasivazinejimas-ant-2-stovu\/?preview=true\">s\u0117dyn\u0119<\/a>, kuri\u0105 galima nustatyti pagal vaiko pageidavimus. Kai vaikas nori pails\u0117ti, jis gali s\u0117d\u0117ti, o kai nori stov\u0117ti, gali m\u0117gautis pasiva\u017ein\u0117jimu. Reguliuojamas ilgis, plotis ir pasvirimas u\u017etikrina, kad ji puikiai atitikt\u0173 j\u016bs\u0173 vaiko poreikius.  <\/h6>\n<h6 data-start=\"730\" data-end=\"880\">Be to, stacionari k\u0117dut\u0117 &#8222;Kiddie Ride On 2&#8243; turi pakabinamus ratus, kad skland\u017eiai ir patogiai va\u017ein\u0117t\u0173 miesto gatv\u0117mis ir nelygiu pavir\u0161iumi.<\/h6>\n<p>&nbsp;<\/p>\n<h6 data-start=\"882\" data-end=\"922\"><strong><em>Saugi ir stipri laikomoji galia<\/em><\/strong><\/h6>\n<h6 data-start=\"923\" data-end=\"1126\">Did\u017eiausias vaiko svoris yra 20 kg, tod\u0117l jis idealiai tinka ikimokyklinio am\u017eiaus vaikams, kurie pavargsta keliaudami didelius atstumus. Tvirta ir ilgaam\u017e\u0117 konstrukcija u\u017etikrina stabil\u0173 ir saug\u0173 va\u017eiavim\u0105. <\/h6>\n<p>&nbsp;<\/p>\n<h6 data-start=\"1128\" data-end=\"1170\"><strong><em>Suderinamumas su vaiki\u0161kais ve\u017eim\u0117liais ABC Design <\/em><\/strong><\/h6>\n<h6 data-start=\"1171\" data-end=\"1264\">&#8222;Kiddie Ride On\" stovas specialiai sukurtas &#8222;ABC Design\" ve\u017eim\u0117li\u0173 modeliams, \u012fskaitant:<\/h6>\n<ul>\n<li data-start=\"1266\" data-end=\"1524\">\n<h6>&#8222;Avus\" \/ &#8222;Avus Air<\/h6>\n<\/li>\n<li data-start=\"1266\" data-end=\"1524\">\n<h6>&#8222;Salsa Air\" \/ &#8222;Salsa Run<\/h6>\n<\/li>\n<li data-start=\"1266\" data-end=\"1524\">\n<h6>Samba<\/h6>\n<\/li>\n<li data-start=\"1266\" data-end=\"1524\">\n<h6>Zoom<\/h6>\n<\/li>\n<\/ul>\n<h6 data-start=\"1526\" data-end=\"1656\">Jei turite &#8222;ABC Design\" ve\u017eim\u0117l\u012f, &#8222;Kiddie Ride On\" yra puikus papildymas - j\u012f lengva sumontuoti ir dar lengviau naudoti!<\/h6>\n<p>&nbsp;<\/p>\n<h6 data-start=\"1658\" data-end=\"1695\"><strong><em>Kod\u0117l verta rinktis &#8222;Kiddie Ride On\"?<\/em><\/strong><\/h6>\n<ul>\n<li data-start=\"1696\" data-end=\"1951\">\n<h6>Reguliuojamas ir patogus - su s\u0117dyne arba be jos, pagal vaiko pageidavimus<\/h6>\n<\/li>\n<li data-start=\"1696\" data-end=\"1951\">\n<h6>Pakabinami ratai - sklandus ir tylus va\u017eiavimas<\/h6>\n<\/li>\n<li data-start=\"1696\" data-end=\"1951\">\n<h6>Tinka \u012fvairiems ve\u017eim\u0117li\u0173 modeliams - didelis suderinamumas su &#8222;ABC Design\" asortimentu<\/h6>\n<\/li>\n<li data-start=\"1696\" data-end=\"1951\">\n<h6>Saugus ir patvarus - gali gabenti iki 20 kg<\/h6>\n<\/li>\n<\/ul>\n<h6 data-start=\"1953\" data-end=\"2066\">Neleiskite, kad nuovargis sugriaut\u0173 j\u016bs\u0173 pasivaik\u0161\u010diojimus - prid\u0117kite &#8222;Kiddie Ride On\" prie savo ve\u017eim\u0117lio ir m\u0117gaukit\u0117s pasivaik\u0161\u010diojimais be streso!<\/h6>\n<p>&nbsp;<\/p>\n<h6><em>Per\u017ei\u016br\u0117kite \u012fvadin\u012f <a href=\"https:\/\/www.youtube.com\/watch?v=3Z347ujV-DU\">vaizdo \u012fra\u0161\u0105<\/a> ir su\u017einokite daugiau.<\/em><\/h6>\n","protected":false},"excerpt":{"rendered":"<h6>ABC Design &#8222;Kiddie Ride On 2 Standing Board\" suteikia vaikams visi\u0161kai nauj\u0105 stov\u0117jimo patirt\u012f ir u\u017etikrina smag\u0173 pasiva\u017ein\u0117jim\u0105 vyresniems broliams ir seserims. D\u0117l paprastos tvirtinimo sistemos tvirtinimo \u012ftaisai greitai pritvirtinami prie vaiki\u0161ko ve\u017eim\u0117lio ar ve\u017eim\u0117lio. Prie &#8222;Kiddie Ride On\" taip pat pridedama papildoma <a href=\"https:\/\/hummy.ee\/lt\/produktas\/abc-design-vaikiskas-pasivazinejimas-ant-2-stovu\/?preview=true\">s\u0117dyn\u0117,<\/a> kad vaikas gal\u0117t\u0173 pails\u0117ti va\u017eiuodamas. Jos ilg\u012f, plot\u012f ir kamp\u0105 galima reguliuoti pagal vaiko poreikius. Ratai turi spyruokles, kad va\u017eiavimas b\u016bt\u0173 optimalus.    <\/h6>\n","protected":false},"featured_media":36158,"comment_status":"closed","ping_status":"closed","template":"","meta":{"_acf_changed":false,"om_disable_all_campaigns":false,"_monsterinsights_skip_tracking":false,"_monsterinsights_sitenote_active":false,"_monsterinsights_sitenote_note":"","_monsterinsights_sitenote_category":0,"_uf_show_specific_survey":0,"_uf_disable_surveys":false,"site-sidebar-layout":"default","site-content-layout":"","ast-site-content-layout":"default","site-content-style":"default","site-sidebar-style":"default","ast-global-header-display":"","ast-banner-title-visibility":"","ast-main-header-display":"","ast-hfb-above-header-display":"","ast-hfb-below-header-display":"","ast-hfb-mobile-header-display":"","site-post-title":"","ast-breadcrumbs-content":"","ast-featured-img":"","footer-sml-layout":"","theme-transparent-header-meta":"default","adv-header-id-meta":"","stick-header-meta":"","header-above-stick-meta":"","header-main-stick-meta":"","header-below-stick-meta":"","astra-migrate-meta-layouts":"default","ast-page-background-enabled":"default","ast-page-background-meta":{"desktop":{"background-color":"var(--ast-global-color-4)","background-image":"","background-repeat":"repeat","background-position":"center center","background-size":"auto","background-attachment":"scroll","background-type":"","background-media":"","overlay-type":"","overlay-color":"","overlay-opacity":"","overlay-gradient":""},"tablet":{"background-color":"","background-image":"","background-repeat":"repeat","background-position":"center center","background-size":"auto","background-attachment":"scroll","background-type":"","background-media":"","overlay-type":"","overlay-color":"","overlay-opacity":"","overlay-gradient":""},"mobile":{"background-color":"","background-image":"","background-repeat":"repeat","background-position":"center center","background-size":"auto","background-attachment":"scroll","background-type":"","background-media":"","overlay-type":"","overlay-color":"","overlay-opacity":"","overlay-gradient":""}},"ast-content-background-meta":{"desktop":{"background-color":"var(--ast-global-color-5)","background-image":"","background-repeat":"repeat","background-position":"center center","background-size":"auto","background-attachment":"scroll","background-type":"","background-media":"","overlay-type":"","overlay-color":"","overlay-opacity":"","overlay-gradient":""},"tablet":{"background-color":"var(--ast-global-color-5)","background-image":"","background-repeat":"repeat","background-position":"center center","background-size":"auto","background-attachment":"scroll","background-type":"","background-media":"","overlay-type":"","overlay-color":"","overlay-opacity":"","overlay-gradient":""},"mobile":{"background-color":"var(--ast-global-color-5)","background-image":"","background-repeat":"repeat","background-position":"center center","background-size":"auto","background-attachment":"scroll","background-type":"","background-media":"","overlay-type":"","overlay-color":"","overlay-opacity":"","overlay-gradient":""}}},"product_brand":[],"product_cat":[525,362,331],"product_tag":[337,335],"class_list":{"0":"post-52338","1":"product","2":"type-product","3":"status-publish","4":"has-post-thumbnail","6":"product_cat-abc-dizainas","7":"product_cat-lentos","8":"product_cat-apipjaustymo-priedai","9":"product_tag-atskiri-produktai","10":"product_tag-pritaikyta-svetaine","11":"desktop-align-left","12":"tablet-align-left","13":"mobile-align-left","15":"first","16":"instock","17":"taxable","18":"shipping-taxable","19":"purchasable","20":"product-type-simple"},"acf":[],"aioseo_notices":[],"_links":{"self":[{"href":"https:\/\/hummy.ee\/lt\/wp-json\/wp\/v2\/product\/52338","targetHints":{"allow":["GET"]}}],"collection":[{"href":"https:\/\/hummy.ee\/lt\/wp-json\/wp\/v2\/product"}],"about":[{"href":"https:\/\/hummy.ee\/lt\/wp-json\/wp\/v2\/types\/product"}],"replies":[{"embeddable":true,"href":"https:\/\/hummy.ee\/lt\/wp-json\/wp\/v2\/comments?post=52338"}],"version-history":[{"count":2,"href":"https:\/\/hummy.ee\/lt\/wp-json\/wp\/v2\/product\/52338\/revisions"}],"predecessor-version":[{"id":69125,"href":"https:\/\/hummy.ee\/lt\/wp-json\/wp\/v2\/product\/52338\/revisions\/69125"}],"wp:featuredmedia":[{"embeddable":true,"href":"https:\/\/hummy.ee\/lt\/wp-json\/wp\/v2\/media\/36158"}],"wp:attachment":[{"href":"https:\/\/hummy.ee\/lt\/wp-json\/wp\/v2\/media?parent=52338"}],"wp:term":[{"taxonomy":"product_brand","embeddable":true,"href":"https:\/\/hummy.ee\/lt\/wp-json\/wp\/v2\/product_brand?post=52338"},{"taxonomy":"product_cat","embeddable":true,"href":"https:\/\/hummy.ee\/lt\/wp-json\/wp\/v2\/product_cat?post=52338"},{"taxonomy":"product_tag","embeddable":true,"href":"https:\/\/hummy.ee\/lt\/wp-json\/wp\/v2\/product_tag?post=52338"}],"curies":[{"name":"wp","href":"https:\/\/api.w.org\/{rel}","templated":true}]}}