{"id":52298,"date":"2024-04-07T18:36:52","date_gmt":"2024-04-07T18:36:52","guid":{"rendered":"https:\/\/hummy.ee\/product\/abc-design-aktyvi-kuprine\/"},"modified":"2026-02-20T18:43:24","modified_gmt":"2026-02-20T18:43:24","slug":"abc-design-aktyvi-kuprine","status":"publish","type":"product","link":"https:\/\/hummy.ee\/lt\/produktas\/abc-design-aktyvi-kuprine\/","title":{"rendered":"ABC Design Active kuprin\u0117"},"content":{"rendered":"<h6><strong><em>Daug erdv\u0117s ir i\u0161man\u016bs sprendimai<\/em><\/strong><\/h6>\n<ul>\n<li data-start=\"574\" data-end=\"1057\">\n<h6>Didelis pagrindinis skyrius - erdvus ir lengvai atidaromas, idealiai tinka sauskeln\u0117ms, drabu\u017eiams ir kitiems b\u016btiniausiems daiktams laikyti.<\/h6>\n<\/li>\n<li data-start=\"574\" data-end=\"1057\">\n<h6>Specialios ki\u0161en\u0117s dr\u0117gniems daiktams - dr\u0117gni ar ne\u0161var\u016bs daiktai laikomi atskirai.<\/h6>\n<\/li>\n<li data-start=\"574\" data-end=\"1057\">\n<h6>Organizuotas vidus - dvi vidin\u0117s ki\u0161en\u0117s, patog\u016bs stal\u010diai ir ma\u017eos ki\u0161en\u0117l\u0117s su u\u017etrauktukais, kad viskas b\u016bt\u0173 savo vietoje.<\/h6>\n<\/li>\n<li data-start=\"574\" data-end=\"1057\">\n<h6>Didel\u0117 priekin\u0117 ki\u0161en\u0117 ir skirting\u0173 dyd\u017ei\u0173 \u0161onin\u0117s ki\u0161en\u0117s - puikiai tinka ma\u017eesniems daiktams, kuriuos reikia greitai pasiekti.<\/h6>\n<\/li>\n<li data-start=\"574\" data-end=\"1057\">\n<h6>Fiksuojama spaustukais<a href=\"https:\/\/hummy.ee\/lt\/abc-dizainas-aprasymas\/\"> ABC Design<\/a> prie vaiki\u0161ko ve\u017eim\u0117lio<\/h6>\n<\/li>\n<\/ul>\n<h6><strong><em>Patogumas kiekvien\u0105 akimirk\u0105<\/em><\/strong><\/h6>\n<h6>ABC Design &#8222;Active\" kuprin\u0117 sukurta taip, kad j\u0105 b\u016bt\u0173 patogu ne\u0161iotis ilgesniuose nuotykiuose. Ergonomi\u0161kos ir pamink\u0161tintos petne\u0161os u\u017etikrina patog\u0173 ne\u0161iojim\u0105, o d\u0117l patvarios ir lengvos konstrukcijos kuprin\u0117 yra idealus palydovas tiek mieste, tiek gamtoje. <\/h6>\n<p>&nbsp;<\/p>\n<h6><strong><em>Rinkinyje j\u0173 yra daugiau:<\/em><\/strong><\/h6>\n<ul>\n<li data-start=\"1386\" data-end=\"1706\">\n<h6>Higieni\u0161kas pervystymo kilim\u0117lis - patogus ir prakti\u0161kas sprendimas, kad gal\u0117tum\u0117te pri\u017ei\u016br\u0117ti k\u016bdik\u012f, kad ir kur b\u016btum\u0117te.<\/h6>\n<\/li>\n<li data-start=\"1386\" data-end=\"1706\">\n<h6>I\u0161imamas mai\u0161elis smulkiems daiktams - idealiai tinka raktams, telefonams ar kitiems smulkiems daiktams.<\/h6>\n<\/li>\n<li data-start=\"1386\" data-end=\"1706\">\n<h6>Izoliuotas buteliuko laikiklis - i\u0161laiko norim\u0105 vaiko maisto ar g\u0117rimo temperat\u016br\u0105<\/h6>\n<\/li>\n<\/ul>\n<h6><strong><em>Stilingas ir universalus - idealiai tinka kasdieniam naudojimui<\/em><\/strong><\/h6>\n<h6>Nesvarbu, ar jums reikia talpaus sauskelni\u0173 krep\u0161io, prakti\u0161ko kelioninio krep\u0161io, ar patikimos kuprin\u0117s kasdieniam naudojimui, mes jums pad\u0117sime. ABC Design &#8222;Active\" kuprin\u0117 prisitaiko prie j\u016bs\u0173 poreiki\u0173! Jos nesenstantis dizainas tinka ir mamoms, ir t\u0117\u010diams, o patvari, auk\u0161tos kokyb\u0117s med\u017eiaga bus ilgaam\u017e\u0117.  <\/h6>\n<p>&nbsp;<\/p>\n<h6><em>Per\u017ei\u016br\u0117kite \u012fvadin\u012f <a href=\"https:\/\/www.youtube.com\/watch?v=sco24NHKA98\">vaizdo \u012fra\u0161\u0105<\/a> ir su\u017einokite daugiau.<\/em><\/h6>\n","protected":false},"excerpt":{"rendered":"<h6 data-start=\"82\" data-end=\"173\">ABC Design Active kuprin\u0117 - funkcionalus ir stilingas palydovas kiekvienam nuotykiui. M\u0117gstate aktyv\u0173 gyvenimo b\u016bd\u0105 ir norite b\u016bti pasiruo\u0161\u0119 viskam? ABC Design Active kuprin\u0117 yra puikus pasirinkimas kasdienei veiklai, kelion\u0117ms ir ilgiems pasivaik\u0161\u010diojimams. Modernus ir prakti\u0161kas dizainas u\u017etikrina, kad viskas, ko reikia, visada bus po ranka - nesvarbu, ar tai b\u016bt\u0173 vaiko aksesuaras, asmeninis daiktas, ar nedidelis pirkinys.   <\/h6>\n","protected":false},"featured_media":41190,"comment_status":"closed","ping_status":"closed","template":"","meta":{"_acf_changed":false,"om_disable_all_campaigns":false,"_monsterinsights_skip_tracking":false,"_monsterinsights_sitenote_active":false,"_monsterinsights_sitenote_note":"","_monsterinsights_sitenote_category":0,"_uf_show_specific_survey":0,"_uf_disable_surveys":false,"site-sidebar-layout":"default","site-content-layout":"","ast-site-content-layout":"default","site-content-style":"default","site-sidebar-style":"default","ast-global-header-display":"","ast-banner-title-visibility":"","ast-main-header-display":"","ast-hfb-above-header-display":"","ast-hfb-below-header-display":"","ast-hfb-mobile-header-display":"","site-post-title":"","ast-breadcrumbs-content":"","ast-featured-img":"","footer-sml-layout":"","theme-transparent-header-meta":"default","adv-header-id-meta":"","stick-header-meta":"","header-above-stick-meta":"","header-main-stick-meta":"","header-below-stick-meta":"","astra-migrate-meta-layouts":"default","ast-page-background-enabled":"default","ast-page-background-meta":{"desktop":{"background-color":"var(--ast-global-color-4)","background-image":"","background-repeat":"repeat","background-position":"center center","background-size":"auto","background-attachment":"scroll","background-type":"","background-media":"","overlay-type":"","overlay-color":"","overlay-opacity":"","overlay-gradient":""},"tablet":{"background-color":"","background-image":"","background-repeat":"repeat","background-position":"center center","background-size":"auto","background-attachment":"scroll","background-type":"","background-media":"","overlay-type":"","overlay-color":"","overlay-opacity":"","overlay-gradient":""},"mobile":{"background-color":"","background-image":"","background-repeat":"repeat","background-position":"center center","background-size":"auto","background-attachment":"scroll","background-type":"","background-media":"","overlay-type":"","overlay-color":"","overlay-opacity":"","overlay-gradient":""}},"ast-content-background-meta":{"desktop":{"background-color":"var(--ast-global-color-5)","background-image":"","background-repeat":"repeat","background-position":"center center","background-size":"auto","background-attachment":"scroll","background-type":"","background-media":"","overlay-type":"","overlay-color":"","overlay-opacity":"","overlay-gradient":""},"tablet":{"background-color":"var(--ast-global-color-5)","background-image":"","background-repeat":"repeat","background-position":"center center","background-size":"auto","background-attachment":"scroll","background-type":"","background-media":"","overlay-type":"","overlay-color":"","overlay-opacity":"","overlay-gradient":""},"mobile":{"background-color":"var(--ast-global-color-5)","background-image":"","background-repeat":"repeat","background-position":"center center","background-size":"auto","background-attachment":"scroll","background-type":"","background-media":"","overlay-type":"","overlay-color":"","overlay-opacity":"","overlay-gradient":""}}},"product_brand":[],"product_cat":[525,361],"product_tag":[337,335],"class_list":{"0":"post-52298","1":"product","2":"type-product","3":"status-publish","4":"has-post-thumbnail","6":"product_cat-abc-dizainas","7":"product_cat-krepsiai-ir-kuprines","8":"product_tag-atskiri-produktai","9":"product_tag-pritaikyta-svetaine","10":"desktop-align-left","11":"tablet-align-left","12":"mobile-align-left","14":"first","15":"instock","16":"taxable","17":"shipping-taxable","18":"purchasable","19":"product-type-variable"},"acf":[],"aioseo_notices":[],"_links":{"self":[{"href":"https:\/\/hummy.ee\/lt\/wp-json\/wp\/v2\/product\/52298","targetHints":{"allow":["GET"]}}],"collection":[{"href":"https:\/\/hummy.ee\/lt\/wp-json\/wp\/v2\/product"}],"about":[{"href":"https:\/\/hummy.ee\/lt\/wp-json\/wp\/v2\/types\/product"}],"replies":[{"embeddable":true,"href":"https:\/\/hummy.ee\/lt\/wp-json\/wp\/v2\/comments?post=52298"}],"version-history":[{"count":3,"href":"https:\/\/hummy.ee\/lt\/wp-json\/wp\/v2\/product\/52298\/revisions"}],"predecessor-version":[{"id":78589,"href":"https:\/\/hummy.ee\/lt\/wp-json\/wp\/v2\/product\/52298\/revisions\/78589"}],"wp:featuredmedia":[{"embeddable":true,"href":"https:\/\/hummy.ee\/lt\/wp-json\/wp\/v2\/media\/41190"}],"wp:attachment":[{"href":"https:\/\/hummy.ee\/lt\/wp-json\/wp\/v2\/media?parent=52298"}],"wp:term":[{"taxonomy":"product_brand","embeddable":true,"href":"https:\/\/hummy.ee\/lt\/wp-json\/wp\/v2\/product_brand?post=52298"},{"taxonomy":"product_cat","embeddable":true,"href":"https:\/\/hummy.ee\/lt\/wp-json\/wp\/v2\/product_cat?post=52298"},{"taxonomy":"product_tag","embeddable":true,"href":"https:\/\/hummy.ee\/lt\/wp-json\/wp\/v2\/product_tag?post=52298"}],"curies":[{"name":"wp","href":"https:\/\/api.w.org\/{rel}","templated":true}]}}