{"id":52297,"date":"2024-04-07T18:37:20","date_gmt":"2024-04-07T18:37:20","guid":{"rendered":"https:\/\/hummy.ee\/product\/abc-design-miesto-vystyklu-krepsys\/"},"modified":"2026-02-20T18:38:42","modified_gmt":"2026-02-20T18:38:42","slug":"abc-design-miesto-vystyklu-krepsys","status":"publish","type":"product","link":"https:\/\/hummy.ee\/lt\/produktas\/abc-design-miesto-vystyklu-krepsys\/","title":{"rendered":"ABC Design Urban sauskelni\u0173 krep\u0161\u012f"},"content":{"rendered":"<h6><em><strong>I\u0161skirtin\u0117s detal\u0117s ir puiki talpa<\/strong> <\/em><\/h6>\n<h6>Rankin\u0117 pagaminta i\u0161 auk\u0161tos kokyb\u0117s med\u017eiag\u0173, turi od\u0105 primenan\u010di\u0173 detali\u0173, kurios suteikia jai prabangos. Erdviame pagrindiniame skyriuje telpa sauskeln\u0117s, maitinimo buteliukai ir kiti b\u016btiniausi daiktai, o \u012fvairiose u\u017etrauktuku u\u017esegamose ir atvirose ki\u0161en\u0117l\u0117se smulkesnius daiktus galima lengvai rasti. <\/h6>\n<p>&nbsp;<\/p>\n<h6><strong><em>Kod\u0117l verta rinktis ABC Design Urban sauskelni\u0173 krep\u0161\u012f?<\/em><\/strong><\/h6>\n<ul>\n<li data-start=\"840\" data-end=\"1454\">\n<h6>Madingas ir laikui nepavaldus dizainas - puikiai tinka visiems t\u0117vams, vertinantiems stili\u0173 ir funkcionalum\u0105.<\/h6>\n<\/li>\n<li data-start=\"840\" data-end=\"1454\">\n<h6>Erdvi ir tvarkinga - joje telpa visi k\u016bdikiui reikalingi daiktai, \u012fskaitant sauskelnes, maitinimo buteliukus ir drabu\u017e\u0117lius.<\/h6>\n<\/li>\n<li data-start=\"840\" data-end=\"1454\">\n<h6>\u0160iuolaiki\u0161kas patogumas - su higieni\u0161ku ir prakti\u0161ku pervystymo kilim\u0117liu, kad gal\u0117tum\u0117te patogiai pervystyti k\u016bdik\u012f bet kur ir bet kada.<\/h6>\n<\/li>\n<li data-start=\"840\" data-end=\"1454\">\n<h6>Puikiai dera prie j\u016bs\u0173 vaiki\u0161ko ve\u017eim\u0117lio - galima \u012fsigyti t\u0173 pa\u010di\u0173 spalv\u0173 <a href=\"https:\/\/hummy.ee\/lt\/abc-dizainas-aprasymas\/\" target=\"_blank\" rel=\"noopener\">ABC Design<\/a> kad sukurtum\u0117te eleganti\u0161k\u0105 ir harmoning\u0105 komplekt\u0105.<\/h6>\n<\/li>\n<li data-start=\"840\" data-end=\"1454\">\n<h6>Patogu ne\u0161ioti - d\u0117l plataus odinio petne\u0161os dir\u017eo j\u0105 lengva ir patogu ne\u0161ioti ant peties.<\/h6>\n<\/li>\n<\/ul>\n<h6><\/h6>\n<h6><strong><em>Prakti\u0161kas ir universalus - idealiai tinka kiekvienai situacijai<\/em><\/strong><\/h6>\n<h6>ABC Design &#8222;Urban\" sauskelni\u0173 krep\u0161ys yra daugiau nei tik k\u016bdikio krep\u0161ys - tai universalus aksesuaras, puikiai tinkantis kasdieniam naudojimui. D\u0117l modernaus dizaino ir neutrali\u0173 spalv\u0173 j\u012f gal\u0117site ne\u0161ioti ir k\u016bdikiui paaugus. D\u0117l tvirt\u0173 si\u016bli\u0173, kokybi\u0161k\u0173 med\u017eiag\u0173 ir \u012fmantraus interjero dizaino \u0161is krep\u0161ys puikiai tinka miesto nuotykiams ir ilgesn\u0117ms kelion\u0117ms.  <\/h6>\n<p>&nbsp;<\/p>\n<h6><em>Per\u017ei\u016br\u0117kite \u012fvadin\u012f <a href=\"https:\/\/www.youtube.com\/watch?v=Nh1nLd-qIh4\">vaizdo \u012fra\u0161\u0105<\/a> ir su\u017einokite daugiau.<\/em><\/h6>\n","protected":false},"excerpt":{"rendered":"<h6 data-start=\"0\" data-end=\"84\">ABC Design &#8222;Urban\" sauskelni\u0173 krep\u0161ys - stilingas ir prakti\u0161kas kiekvienos dienos palydovas. Jei ie\u0161kote modernaus dizaino ir prakti\u0161ko sauskelni\u0173 mai\u0161elio, \u012f kur\u012f tilpt\u0173 visi b\u016btiniausi k\u016bdikio daiktai ir kuris puikiai tilpt\u0173 \u012f ve\u017eim\u0117l\u012f, tuomet ABC Design Urban yra tai, ko jums reikia! Madingas ir funkcionalus, \u0161is krep\u0161ys padarys bet kok\u012f pasivaik\u0161\u010diojim\u0105, kelion\u0119 ar kasdien\u0119 veikl\u0105 patogesn\u0119.  <\/h6>\n","protected":false},"featured_media":41146,"comment_status":"closed","ping_status":"closed","template":"","meta":{"_acf_changed":false,"om_disable_all_campaigns":false,"_monsterinsights_skip_tracking":false,"_monsterinsights_sitenote_active":false,"_monsterinsights_sitenote_note":"","_monsterinsights_sitenote_category":0,"_uf_show_specific_survey":0,"_uf_disable_surveys":false,"site-sidebar-layout":"default","site-content-layout":"","ast-site-content-layout":"default","site-content-style":"default","site-sidebar-style":"default","ast-global-header-display":"","ast-banner-title-visibility":"","ast-main-header-display":"","ast-hfb-above-header-display":"","ast-hfb-below-header-display":"","ast-hfb-mobile-header-display":"","site-post-title":"","ast-breadcrumbs-content":"","ast-featured-img":"","footer-sml-layout":"","theme-transparent-header-meta":"default","adv-header-id-meta":"","stick-header-meta":"","header-above-stick-meta":"","header-main-stick-meta":"","header-below-stick-meta":"","astra-migrate-meta-layouts":"default","ast-page-background-enabled":"default","ast-page-background-meta":{"desktop":{"background-color":"var(--ast-global-color-4)","background-image":"","background-repeat":"repeat","background-position":"center center","background-size":"auto","background-attachment":"scroll","background-type":"","background-media":"","overlay-type":"","overlay-color":"","overlay-opacity":"","overlay-gradient":""},"tablet":{"background-color":"","background-image":"","background-repeat":"repeat","background-position":"center center","background-size":"auto","background-attachment":"scroll","background-type":"","background-media":"","overlay-type":"","overlay-color":"","overlay-opacity":"","overlay-gradient":""},"mobile":{"background-color":"","background-image":"","background-repeat":"repeat","background-position":"center center","background-size":"auto","background-attachment":"scroll","background-type":"","background-media":"","overlay-type":"","overlay-color":"","overlay-opacity":"","overlay-gradient":""}},"ast-content-background-meta":{"desktop":{"background-color":"var(--ast-global-color-5)","background-image":"","background-repeat":"repeat","background-position":"center center","background-size":"auto","background-attachment":"scroll","background-type":"","background-media":"","overlay-type":"","overlay-color":"","overlay-opacity":"","overlay-gradient":""},"tablet":{"background-color":"var(--ast-global-color-5)","background-image":"","background-repeat":"repeat","background-position":"center center","background-size":"auto","background-attachment":"scroll","background-type":"","background-media":"","overlay-type":"","overlay-color":"","overlay-opacity":"","overlay-gradient":""},"mobile":{"background-color":"var(--ast-global-color-5)","background-image":"","background-repeat":"repeat","background-position":"center center","background-size":"auto","background-attachment":"scroll","background-type":"","background-media":"","overlay-type":"","overlay-color":"","overlay-opacity":"","overlay-gradient":""}}},"product_brand":[],"product_cat":[525,361],"product_tag":[337,335],"class_list":{"0":"post-52297","1":"product","2":"type-product","3":"status-publish","4":"has-post-thumbnail","6":"product_cat-abc-dizainas","7":"product_cat-krepsiai-ir-kuprines","8":"product_tag-atskiri-produktai","9":"product_tag-pritaikyta-svetaine","10":"desktop-align-left","11":"tablet-align-left","12":"mobile-align-left","14":"first","15":"instock","16":"taxable","17":"shipping-taxable","18":"purchasable","19":"product-type-variable"},"acf":[],"aioseo_notices":[],"_links":{"self":[{"href":"https:\/\/hummy.ee\/lt\/wp-json\/wp\/v2\/product\/52297","targetHints":{"allow":["GET"]}}],"collection":[{"href":"https:\/\/hummy.ee\/lt\/wp-json\/wp\/v2\/product"}],"about":[{"href":"https:\/\/hummy.ee\/lt\/wp-json\/wp\/v2\/types\/product"}],"replies":[{"embeddable":true,"href":"https:\/\/hummy.ee\/lt\/wp-json\/wp\/v2\/comments?post=52297"}],"version-history":[{"count":2,"href":"https:\/\/hummy.ee\/lt\/wp-json\/wp\/v2\/product\/52297\/revisions"}],"predecessor-version":[{"id":69128,"href":"https:\/\/hummy.ee\/lt\/wp-json\/wp\/v2\/product\/52297\/revisions\/69128"}],"wp:featuredmedia":[{"embeddable":true,"href":"https:\/\/hummy.ee\/lt\/wp-json\/wp\/v2\/media\/41146"}],"wp:attachment":[{"href":"https:\/\/hummy.ee\/lt\/wp-json\/wp\/v2\/media?parent=52297"}],"wp:term":[{"taxonomy":"product_brand","embeddable":true,"href":"https:\/\/hummy.ee\/lt\/wp-json\/wp\/v2\/product_brand?post=52297"},{"taxonomy":"product_cat","embeddable":true,"href":"https:\/\/hummy.ee\/lt\/wp-json\/wp\/v2\/product_cat?post=52297"},{"taxonomy":"product_tag","embeddable":true,"href":"https:\/\/hummy.ee\/lt\/wp-json\/wp\/v2\/product_tag?post=52297"}],"curies":[{"name":"wp","href":"https:\/\/api.w.org\/{rel}","templated":true}]}}