{"id":52261,"date":"2024-04-07T18:37:01","date_gmt":"2024-04-07T18:37:01","guid":{"rendered":"https:\/\/hummy.ee\/product\/abc-design-sauletas-sketis\/"},"modified":"2025-09-16T08:06:04","modified_gmt":"2025-09-16T08:06:04","slug":"abc-design-sauletas-sketis","status":"publish","type":"product","link":"https:\/\/hummy.ee\/lt\/produktas\/abc-design-sauletas-sketis\/","title":{"rendered":"ABC Design Sunny sk\u0117tis"},"content":{"rendered":"<h6><strong><em>Stilingas, prakti\u0161kas ir lengvai montuojamas<\/em><\/strong><\/h6>\n<h6>Sunny sk\u0117tis yra specialiai sukurtas ABC Design ve\u017eim\u0117liams ir ve\u017eim\u0117liams, prieinamas tais pa\u010diais atspalviais kaip pats ve\u017eim\u0117lis. Tai rei\u0161kia, kad galite pasirinkti ton\u0105, kuris puikiai dera su j\u016bs\u0173 ve\u017eim\u0117liu, i\u0161laikant eleganti\u0161k\u0105 ir vientis\u0105 i\u0161vaizd\u0105. <\/h6>\n<p>&nbsp;<\/p>\n<h6>Pritvirtinti stogel\u012f nuo saul\u0117s lengva ir greita - jis patikimai pritvirtinamas prie r\u0117mo, tod\u0117l pav\u0117sis suteikiamas b\u016btent ten, kur jo labiausiai reikia. D\u0117l lanks\u010dios rankenos stogel\u012f nuo saul\u0117s galima lengvai reguliuoti, kad jis visada apsaugot\u0173 j\u016bs\u0173 vaik\u0105, nesvarbu, kur saul\u0117. <\/h6>\n<p>&nbsp;<\/p>\n<h6><strong><em>Kod\u0117l verta rinktis ABC Design &#8222;Sunny\" sk\u0117t\u012f nuo saul\u0117s?<\/em><\/strong><\/h6>\n<ul>\n<li data-start=\"1101\" data-end=\"1412\">\n<h6>Patikima apsauga nuo saul\u0117s ir UV spinduli\u0173<\/h6>\n<\/li>\n<li data-start=\"1101\" data-end=\"1412\">\n<h6>Puikiai tinka <a href=\"https:\/\/hummy.ee\/lt\/abc-dizainas-aprasymas\/\" target=\"_blank\" rel=\"noopener\">ABC Design<\/a> vaiki\u0161ki ir sportiniai ve\u017eim\u0117liai<\/h6>\n<\/li>\n<li data-start=\"1101\" data-end=\"1412\">\n<h6>Lengva montuoti - greitai ir patikimai pritvirtinamas<\/h6>\n<\/li>\n<li data-start=\"1101\" data-end=\"1412\">\n<h6>Lanksti reguliuojama rankena optimaliam atspalviui<\/h6>\n<\/li>\n<li data-start=\"1101\" data-end=\"1412\">\n<h6>Didelis skersmuo - apie 60 cm - suteikia plat\u0173 prieglobst\u012f.<\/h6>\n<\/li>\n<\/ul>\n<h6><\/h6>\n<h6><strong><em>Kad pasivaik\u0161\u010diojimai b\u016bt\u0173 patogesni ir saugesni<\/em><\/strong><\/h6>\n<h6>Vasaros saul\u0117s spinduliai gali b\u016bti labai intensyv\u016bs, ta\u010diau d\u0117l ABC Design Sunny sk\u0117\u010dio j\u016bs\u0173 vaikas visada tur\u0117s saugi\u0105 ir pav\u0117sing\u0105 viet\u0105 atsipalaiduoti. M\u0117gaukit\u0117s saul\u0117s spinduliais ramiai \u017einodami, kad j\u016bs\u0173 ma\u017eylis yra gerai apsaugotas! <\/h6>\n<p>&nbsp;<\/p>\n<h6><em>Per\u017ei\u016br\u0117kite \u012fvadin\u012f <a href=\"https:\/\/www.youtube.com\/watch?v=-Ck7873jx0g&amp;t=44s\">vaizdo \u012fra\u0161\u0105<\/a> ir su\u017einokite daugiau.<\/em><\/h6>\n","protected":false},"excerpt":{"rendered":"<h6 data-start=\"0\" data-end=\"69\">ABC Design Sunny sk\u0117tis \u2013 puiki apsauga nuo saul\u0117s. M\u0117gaukit\u0117s vasaros pasivaik\u0161\u010diojimais be r\u016bpes\u010di\u0173! ABC Design Sunny sk\u0117tis suteikia j\u016bs\u0173 vaikui patikim\u0105 apsaug\u0105 nuo UV spinduli\u0173 ir per didel\u0117s kar\u0161\u010dio. Sk\u0117tis, pagamintas i\u0161 auk\u0161tos kokyb\u0117s audinio, kurio skersmuo apie 60 cm, suteikia pla\u010di\u0105 pav\u0117s\u012f ir palaiko j\u016bs\u0173 ma\u017e\u0105j\u012f keliautoj\u0105 v\u0117s\u0173 ir patog\u0173 net pa\u010diomis saul\u0117\u010diausiomis dienomis.   <\/h6>\n","protected":false},"featured_media":35450,"comment_status":"closed","ping_status":"closed","template":"","meta":{"_acf_changed":false,"om_disable_all_campaigns":false,"_monsterinsights_skip_tracking":false,"_monsterinsights_sitenote_active":false,"_monsterinsights_sitenote_note":"","_monsterinsights_sitenote_category":0,"_uf_show_specific_survey":0,"_uf_disable_surveys":false,"site-sidebar-layout":"default","site-content-layout":"","ast-site-content-layout":"default","site-content-style":"default","site-sidebar-style":"default","ast-global-header-display":"","ast-banner-title-visibility":"","ast-main-header-display":"","ast-hfb-above-header-display":"","ast-hfb-below-header-display":"","ast-hfb-mobile-header-display":"","site-post-title":"","ast-breadcrumbs-content":"","ast-featured-img":"","footer-sml-layout":"","theme-transparent-header-meta":"default","adv-header-id-meta":"","stick-header-meta":"","header-above-stick-meta":"","header-main-stick-meta":"","header-below-stick-meta":"","astra-migrate-meta-layouts":"default","ast-page-background-enabled":"default","ast-page-background-meta":{"desktop":{"background-color":"var(--ast-global-color-4)","background-image":"","background-repeat":"repeat","background-position":"center center","background-size":"auto","background-attachment":"scroll","background-type":"","background-media":"","overlay-type":"","overlay-color":"","overlay-opacity":"","overlay-gradient":""},"tablet":{"background-color":"","background-image":"","background-repeat":"repeat","background-position":"center center","background-size":"auto","background-attachment":"scroll","background-type":"","background-media":"","overlay-type":"","overlay-color":"","overlay-opacity":"","overlay-gradient":""},"mobile":{"background-color":"","background-image":"","background-repeat":"repeat","background-position":"center center","background-size":"auto","background-attachment":"scroll","background-type":"","background-media":"","overlay-type":"","overlay-color":"","overlay-opacity":"","overlay-gradient":""}},"ast-content-background-meta":{"desktop":{"background-color":"var(--ast-global-color-5)","background-image":"","background-repeat":"repeat","background-position":"center center","background-size":"auto","background-attachment":"scroll","background-type":"","background-media":"","overlay-type":"","overlay-color":"","overlay-opacity":"","overlay-gradient":""},"tablet":{"background-color":"var(--ast-global-color-5)","background-image":"","background-repeat":"repeat","background-position":"center center","background-size":"auto","background-attachment":"scroll","background-type":"","background-media":"","overlay-type":"","overlay-color":"","overlay-opacity":"","overlay-gradient":""},"mobile":{"background-color":"var(--ast-global-color-5)","background-image":"","background-repeat":"repeat","background-position":"center center","background-size":"auto","background-attachment":"scroll","background-type":"","background-media":"","overlay-type":"","overlay-color":"","overlay-opacity":"","overlay-gradient":""}}},"product_brand":[],"product_cat":[525,331,333],"product_tag":[337,335],"class_list":{"0":"post-52261","1":"product","2":"type-product","3":"status-publish","4":"has-post-thumbnail","6":"product_cat-abc-dizainas","7":"product_cat-apipjaustymo-priedai","8":"product_cat-kalejimo-dangciai","9":"product_tag-atskiri-produktai","10":"product_tag-pritaikyta-svetaine","11":"desktop-align-left","12":"tablet-align-left","13":"mobile-align-left","15":"first","16":"instock","17":"taxable","18":"shipping-taxable","19":"purchasable","20":"product-type-variable"},"acf":[],"aioseo_notices":[],"_links":{"self":[{"href":"https:\/\/hummy.ee\/lt\/wp-json\/wp\/v2\/product\/52261","targetHints":{"allow":["GET"]}}],"collection":[{"href":"https:\/\/hummy.ee\/lt\/wp-json\/wp\/v2\/product"}],"about":[{"href":"https:\/\/hummy.ee\/lt\/wp-json\/wp\/v2\/types\/product"}],"replies":[{"embeddable":true,"href":"https:\/\/hummy.ee\/lt\/wp-json\/wp\/v2\/comments?post=52261"}],"version-history":[{"count":2,"href":"https:\/\/hummy.ee\/lt\/wp-json\/wp\/v2\/product\/52261\/revisions"}],"predecessor-version":[{"id":69134,"href":"https:\/\/hummy.ee\/lt\/wp-json\/wp\/v2\/product\/52261\/revisions\/69134"}],"wp:featuredmedia":[{"embeddable":true,"href":"https:\/\/hummy.ee\/lt\/wp-json\/wp\/v2\/media\/35450"}],"wp:attachment":[{"href":"https:\/\/hummy.ee\/lt\/wp-json\/wp\/v2\/media?parent=52261"}],"wp:term":[{"taxonomy":"product_brand","embeddable":true,"href":"https:\/\/hummy.ee\/lt\/wp-json\/wp\/v2\/product_brand?post=52261"},{"taxonomy":"product_cat","embeddable":true,"href":"https:\/\/hummy.ee\/lt\/wp-json\/wp\/v2\/product_cat?post=52261"},{"taxonomy":"product_tag","embeddable":true,"href":"https:\/\/hummy.ee\/lt\/wp-json\/wp\/v2\/product_tag?post=52261"}],"curies":[{"name":"wp","href":"https:\/\/api.w.org\/{rel}","templated":true}]}}