{"id":52211,"date":"2024-04-07T18:36:43","date_gmt":"2024-04-07T18:36:43","guid":{"rendered":"https:\/\/hummy.ee\/product\/abc-design-ziemos-terminis-krepsys\/"},"modified":"2026-02-20T18:37:28","modified_gmt":"2026-02-20T18:37:28","slug":"abc-design-ziemos-terminis-krepsys","status":"publish","type":"product","link":"https:\/\/hummy.ee\/lt\/produktas\/abc-design-ziemos-terminis-krepsys\/","title":{"rendered":"ABC Design Winter terminis krep\u0161ys"},"content":{"rendered":"<h6 data-start=\"450\" data-end=\"512\"><strong><em>Patogus ir prakti\u0161kas dizainas kasdieniam naudojimui<\/em><\/strong><\/h6>\n<h6 data-start=\"514\" data-end=\"962\">ABC Design Winter \u0161ilumin\u012f krep\u0161\u012f lengva pritvirtinti prie vis\u0173 <a href=\"https:\/\/hummy.ee\/lt\/abc-dizainas-aprasymas\/\" target=\"_blank\" rel=\"noopener\">ABC Design<\/a> ir tinka naudoti su kit\u0173 gamintoj\u0173 ve\u017eim\u0117liais. Skirtingame auk\u0161tyje esan\u010dios dir\u017e\u0173 skyl\u0117s leid\u017eia pritaikyti ve\u017eim\u0117l\u012f prie vaiko \u016bgio ir ve\u017eim\u0117lyje naudojamos 5 ta\u0161k\u0173 saugos dir\u017e\u0173 sistemos. Neslystan\u010dios pagalv\u0117l\u0117s ant nugaros u\u017etikrina, kad ne\u0161iojamasis lop\u0161ys visada tvirtai laikyt\u0173si savo vietoje, net kai vaikas aktyviai juda.  <\/h6>\n<p>&nbsp;<\/p>\n<h6 data-start=\"964\" data-end=\"1283\">D\u0117l ant petne\u0161\u0173 esan\u010dios spaustuk\u0173 sistemos \u0161ildymo krep\u0161\u012f galima greitai pritvirtinti ir nuimti. Jei ve\u017eim\u0117lyje \u012frengta &#8222;ABC Design\" spaustuk\u0173 sistema, tvirtinti dar papras\u010diau, nes nereikia \u012ftempti dir\u017e\u0173. Nenaudojam\u0105 ve\u017eim\u0117l\u012f galima patogiai sulankstyti ir kompakti\u0161kai laikyti.  <\/h6>\n<p>&nbsp;<\/p>\n<p>&nbsp;<\/p>\n<h6 data-start=\"964\" data-end=\"1283\"><strong><em>Universalus naudojimas<\/em><\/strong><\/h6>\n<h6 data-start=\"1327\" data-end=\"1654\">ABC Design Winter ap\u0161iltintas krep\u0161ys skirtas ne tik vaik\u0161\u010dioti. J\u012f galima visi\u0161kai atidaryti ir i\u0161skleisti, tod\u0117l j\u012f galima naudoti ir kaip \u0161ildan\u010di\u0105 antklod\u0119, \u017eaidim\u0173 kilim\u0117l\u012f ar patog\u0173 apklot\u0105. Jei vaik\u0161tant k\u016bdikiui reikia daugiau ventiliacijos, galima atidaryti koj\u0173 dal\u012f, kad geriau cirkuliuot\u0173 oras.  <\/h6>\n<p>&nbsp;<\/p>\n<h6 data-start=\"1656\" data-end=\"1872\">Vidin\u012f kar\u0161to mai\u0161o p\u0117dsak\u0105 lengva valyti, tod\u0117l jo prie\u017ei\u016bra yra greita ir paprasta. Gaubtas suteikia papildom\u0105 apsaug\u0105, ypa\u010d \u0161altomis dienomis, kad k\u016bdikio galva b\u016bt\u0173 \u0161ilta ir apsaugota nuo v\u0117jo. <\/h6>\n<p>&nbsp;<\/p>\n<h6 data-start=\"1874\" data-end=\"1915\"><strong><em>Saugumas ir matomumas tamsoje<\/em><\/strong><\/h6>\n<h6 data-start=\"1917\" data-end=\"2139\">Tamsiais rudens ir \u017eiemos vakarais \u0161vies\u0105 atspindinti juostel\u0117 ant koj\u0173 dalies u\u017etikrina geresn\u012f ve\u017eim\u0117lio matomum\u0105 ir padidina saugum\u0105 eisme. Be to, neper\u0161lampamas u\u017etrauktukas u\u017edengtas, kad dr\u0117gm\u0117 nepatekt\u0173 \u012f miegmai\u0161\u012f. <\/h6>\n<p>&nbsp;<\/p>\n<h6 data-start=\"2141\" data-end=\"2184\"><strong><em>Puikus j\u016bs\u0173 vaiko \u017eiemos palydovas<\/em><\/strong><\/h6>\n<h6 data-start=\"2186\" data-end=\"2527\">Patogaus ilgio \u017eieminis pa\u0161iltinimo krep\u0161ys u\u017etikrina \u0161ilum\u0105 nuo galvos iki koj\u0173. D\u0117l integruoto elastinio dir\u017eo j\u012f galima tvirtai pritvirtinti prie ve\u017eim\u0117lio atlo\u0161o, kad jis nesislinkt\u0173 ir neslyst\u0173. ABC Design \u017diema sukurta tam, kad j\u016bs\u0173 k\u016bdikis jaust\u0173si patogiai, saugiai ir u\u017etikrintai kiekvieno \u0161alto pasivaik\u0161\u010diojimo metu.  <\/h6>\n<p>&nbsp;<\/p>\n<h6><em>Per\u017ei\u016br\u0117kite \u012fvadin\u012f <a href=\"https:\/\/www.youtube.com\/watch?v=9Epwbf8NpTs\">vaizdo \u012fra\u0161\u0105<\/a> ir su\u017einokite daugiau.<\/em><\/h6>\n","protected":false},"excerpt":{"rendered":"<h6 data-start=\"0\" data-end=\"76\">ABC Design Winter \u0161iltas miegmai\u0161is \u2013 apsauga nuo \u0161al\u010dio kiekvienai pasivaik\u0161\u010diojimui.<br \/>Kai rudens ir \u017eiemos temperat\u016bros krinta, laikas \u0161iltai ir patogiai \u012fsukti savo k\u016bdik\u012f \u012f ABC Design Winter miegmai\u0161\u012f. \u0160is mai\u0161as, su mink\u0161tu ir \u0161iltu termofliso pamu\u0161alu, u\u017etikrina patikim\u0105 apsaug\u0105 nuo \u0161al\u010dio, v\u0117jo, dr\u0117gm\u0117s ir sniego. D\u0117l vandeniui atsparios ir v\u0117jo nepraleid\u017eian\u010dios i\u0161orin\u0117s med\u017eiagos j\u016bs\u0173 vaikas visada i\u0161liks \u0161iltas ir sausas, nepriklausomai nuo oro s\u0105lyg\u0173.   <\/h6>\n","protected":false},"featured_media":41154,"comment_status":"closed","ping_status":"closed","template":"","meta":{"_acf_changed":false,"om_disable_all_campaigns":false,"_monsterinsights_skip_tracking":false,"_monsterinsights_sitenote_active":false,"_monsterinsights_sitenote_note":"","_monsterinsights_sitenote_category":0,"_uf_show_specific_survey":0,"_uf_disable_surveys":false,"site-sidebar-layout":"default","site-content-layout":"","ast-site-content-layout":"default","site-content-style":"default","site-sidebar-style":"default","ast-global-header-display":"","ast-banner-title-visibility":"","ast-main-header-display":"","ast-hfb-above-header-display":"","ast-hfb-below-header-display":"","ast-hfb-mobile-header-display":"","site-post-title":"","ast-breadcrumbs-content":"","ast-featured-img":"","footer-sml-layout":"","theme-transparent-header-meta":"default","adv-header-id-meta":"","stick-header-meta":"","header-above-stick-meta":"","header-main-stick-meta":"","header-below-stick-meta":"","astra-migrate-meta-layouts":"default","ast-page-background-enabled":"default","ast-page-background-meta":{"desktop":{"background-color":"var(--ast-global-color-4)","background-image":"","background-repeat":"repeat","background-position":"center center","background-size":"auto","background-attachment":"scroll","background-type":"","background-media":"","overlay-type":"","overlay-color":"","overlay-opacity":"","overlay-gradient":""},"tablet":{"background-color":"","background-image":"","background-repeat":"repeat","background-position":"center center","background-size":"auto","background-attachment":"scroll","background-type":"","background-media":"","overlay-type":"","overlay-color":"","overlay-opacity":"","overlay-gradient":""},"mobile":{"background-color":"","background-image":"","background-repeat":"repeat","background-position":"center center","background-size":"auto","background-attachment":"scroll","background-type":"","background-media":"","overlay-type":"","overlay-color":"","overlay-opacity":"","overlay-gradient":""}},"ast-content-background-meta":{"desktop":{"background-color":"var(--ast-global-color-5)","background-image":"","background-repeat":"repeat","background-position":"center center","background-size":"auto","background-attachment":"scroll","background-type":"","background-media":"","overlay-type":"","overlay-color":"","overlay-opacity":"","overlay-gradient":""},"tablet":{"background-color":"var(--ast-global-color-5)","background-image":"","background-repeat":"repeat","background-position":"center center","background-size":"auto","background-attachment":"scroll","background-type":"","background-media":"","overlay-type":"","overlay-color":"","overlay-opacity":"","overlay-gradient":""},"mobile":{"background-color":"var(--ast-global-color-5)","background-image":"","background-repeat":"repeat","background-position":"center center","background-size":"auto","background-attachment":"scroll","background-type":"","background-media":"","overlay-type":"","overlay-color":"","overlay-opacity":"","overlay-gradient":""}}},"product_brand":[],"product_cat":[525,331,404],"product_tag":[337],"class_list":{"0":"post-52211","1":"product","2":"type-product","3":"status-publish","4":"has-post-thumbnail","6":"product_cat-abc-dizainas","7":"product_cat-apipjaustymo-priedai","8":"product_cat-karsti-maiseliai","9":"product_tag-atskiri-produktai","10":"desktop-align-left","11":"tablet-align-left","12":"mobile-align-left","14":"first","15":"instock","16":"taxable","17":"shipping-taxable","18":"purchasable","19":"product-type-variable"},"acf":[],"aioseo_notices":[],"_links":{"self":[{"href":"https:\/\/hummy.ee\/lt\/wp-json\/wp\/v2\/product\/52211","targetHints":{"allow":["GET"]}}],"collection":[{"href":"https:\/\/hummy.ee\/lt\/wp-json\/wp\/v2\/product"}],"about":[{"href":"https:\/\/hummy.ee\/lt\/wp-json\/wp\/v2\/types\/product"}],"replies":[{"embeddable":true,"href":"https:\/\/hummy.ee\/lt\/wp-json\/wp\/v2\/comments?post=52211"}],"version-history":[{"count":9,"href":"https:\/\/hummy.ee\/lt\/wp-json\/wp\/v2\/product\/52211\/revisions"}],"predecessor-version":[{"id":83104,"href":"https:\/\/hummy.ee\/lt\/wp-json\/wp\/v2\/product\/52211\/revisions\/83104"}],"wp:featuredmedia":[{"embeddable":true,"href":"https:\/\/hummy.ee\/lt\/wp-json\/wp\/v2\/media\/41154"}],"wp:attachment":[{"href":"https:\/\/hummy.ee\/lt\/wp-json\/wp\/v2\/media?parent=52211"}],"wp:term":[{"taxonomy":"product_brand","embeddable":true,"href":"https:\/\/hummy.ee\/lt\/wp-json\/wp\/v2\/product_brand?post=52211"},{"taxonomy":"product_cat","embeddable":true,"href":"https:\/\/hummy.ee\/lt\/wp-json\/wp\/v2\/product_cat?post=52211"},{"taxonomy":"product_tag","embeddable":true,"href":"https:\/\/hummy.ee\/lt\/wp-json\/wp\/v2\/product_tag?post=52211"}],"curies":[{"name":"wp","href":"https:\/\/api.w.org\/{rel}","templated":true}]}}