{"id":52188,"date":"2024-04-07T18:54:03","date_gmt":"2024-04-07T18:54:03","guid":{"rendered":"https:\/\/hummy.ee\/product\/abc-design-topsihoidja\/"},"modified":"2025-07-27T19:22:48","modified_gmt":"2025-07-27T19:22:48","slug":"abc-design-topsihoidja","status":"publish","type":"product","link":"https:\/\/hummy.ee\/lt\/produktas\/abc-design-topsihoidja\/","title":{"rendered":"ABC Design puodelio laikiklis"},"content":{"rendered":"<h6 data-start=\"527\" data-end=\"578\"><strong><em>Lengvas montavimas ir universalus pritaikymas<\/em><\/strong><\/h6>\n<h6 data-start=\"579\" data-end=\"888\">D\u0117l universalios tvirtinimo sistemos puodelio laikikl\u012f galima greitai ir lengvai pritvirtinti prie vis\u0173&#8230; <a href=\"https:\/\/hummy.ee\/lt\/parduotuve\/abc-dizainas\/\" target=\"_blank\" rel=\"noopener\">ABC Design<\/a> ve\u017eim\u0117liai. J\u012f galite pritvirtinti prie vaiko s\u0117dyn\u0117s, kad jis gal\u0117t\u0173 pasiekti savo g\u0117rim\u0105, arba ant rankenos, kad mama ir t\u0117tis gal\u0117t\u0173 tur\u0117ti po ranka savo kavos puodel\u012f ar vandens buteliuk\u0105.<\/h6>\n<h6 data-start=\"890\" data-end=\"936\"><\/h6>\n<p>&nbsp;<\/p>\n<h6 data-start=\"890\" data-end=\"936\"><strong><em>Kod\u0117l verta rinktis ABC Design puodelio laikikl\u012f?<\/em><\/strong><\/h6>\n<ul>\n<li data-start=\"937\" data-end=\"1133\">\n<h6>Talpina iki 500 ml buteli\u0173 ir puodeli\u0173<\/h6>\n<\/li>\n<li data-start=\"937\" data-end=\"1133\">\n<h6>Lengvai montuojamas - tinka visiems ABC Design ve\u017eim\u0117liams<\/h6>\n<\/li>\n<li data-start=\"937\" data-end=\"1133\">\n<h6>U\u017etikrina, kad g\u0117rimas visada b\u016bt\u0173 po ranka<\/h6>\n<\/li>\n<li data-start=\"937\" data-end=\"1133\">\n<h6>Prakti\u0161ka ir vaikui, ir t\u0117vams<\/h6>\n<\/li>\n<\/ul>\n<p>&nbsp;<\/p>\n<h6 data-start=\"1135\" data-end=\"1236\">Atraskite patogum\u0105 ir prakti\u0161kum\u0105 - ABC Design puodelio laikiklis yra puikus palydovas kiekviename pasivaik\u0161\u010diojime!<\/h6>\n<p>&nbsp;<\/p>\n<h6><em>Per\u017ei\u016br\u0117kite \u012fvadin\u012f <a href=\"https:\/\/www.youtube.com\/watch?v=E5vdDnQd-2s\">vaizdo \u012fra\u0161\u0105<\/a> ir su\u017einokite daugiau.<\/em><\/h6>\n","protected":false},"excerpt":{"rendered":"<h6 data-start=\"113\" data-end=\"196\">ABC Design puodelio laikiklis - prakti\u0161kas ir patogus sprendimas kiekvienam ve\u017eim\u0117liui. ABC Design puodelio laikiklis - puikus sprendimas, kad k\u016bdikio g\u0117rimas - pieno buteliukas, vandens buteliukas ar puodelis - visada b\u016bt\u0173 po ranka. \u0160iame i\u0161maniame ir stilingame prietaise telpa iki 500 ml talpos buteliukai ir puodeliai, tod\u0117l jis u\u017etikrina maksimal\u0173 patogum\u0105 kiekvieno pasivaik\u0161\u010diojimo metu.<\/h6>\n","protected":false},"featured_media":42374,"comment_status":"closed","ping_status":"closed","template":"","meta":{"_acf_changed":false,"om_disable_all_campaigns":false,"_monsterinsights_skip_tracking":false,"_monsterinsights_sitenote_active":false,"_monsterinsights_sitenote_note":"","_monsterinsights_sitenote_category":0,"_uf_show_specific_survey":0,"_uf_disable_surveys":false,"site-sidebar-layout":"default","site-content-layout":"","ast-site-content-layout":"default","site-content-style":"default","site-sidebar-style":"default","ast-global-header-display":"","ast-banner-title-visibility":"","ast-main-header-display":"","ast-hfb-above-header-display":"","ast-hfb-below-header-display":"","ast-hfb-mobile-header-display":"","site-post-title":"","ast-breadcrumbs-content":"","ast-featured-img":"","footer-sml-layout":"","theme-transparent-header-meta":"default","adv-header-id-meta":"","stick-header-meta":"","header-above-stick-meta":"","header-main-stick-meta":"","header-below-stick-meta":"","astra-migrate-meta-layouts":"set","ast-page-background-enabled":"default","ast-page-background-meta":{"desktop":{"background-color":"var(--ast-global-color-4)","background-image":"","background-repeat":"repeat","background-position":"center center","background-size":"auto","background-attachment":"scroll","background-type":"","background-media":"","overlay-type":"","overlay-color":"","overlay-opacity":"","overlay-gradient":""},"tablet":{"background-color":"","background-image":"","background-repeat":"repeat","background-position":"center center","background-size":"auto","background-attachment":"scroll","background-type":"","background-media":"","overlay-type":"","overlay-color":"","overlay-opacity":"","overlay-gradient":""},"mobile":{"background-color":"","background-image":"","background-repeat":"repeat","background-position":"center center","background-size":"auto","background-attachment":"scroll","background-type":"","background-media":"","overlay-type":"","overlay-color":"","overlay-opacity":"","overlay-gradient":""}},"ast-content-background-meta":{"desktop":{"background-color":"var(--ast-global-color-5)","background-image":"","background-repeat":"repeat","background-position":"center center","background-size":"auto","background-attachment":"scroll","background-type":"","background-media":"","overlay-type":"","overlay-color":"","overlay-opacity":"","overlay-gradient":""},"tablet":{"background-color":"var(--ast-global-color-5)","background-image":"","background-repeat":"repeat","background-position":"center center","background-size":"auto","background-attachment":"scroll","background-type":"","background-media":"","overlay-type":"","overlay-color":"","overlay-opacity":"","overlay-gradient":""},"mobile":{"background-color":"var(--ast-global-color-5)","background-image":"","background-repeat":"repeat","background-position":"center center","background-size":"auto","background-attachment":"scroll","background-type":"","background-media":"","overlay-type":"","overlay-color":"","overlay-opacity":"","overlay-gradient":""}}},"product_brand":[273],"product_cat":[525,331,715],"product_tag":[337,335],"class_list":{"0":"post-52188","1":"product","2":"type-product","3":"status-publish","4":"has-post-thumbnail","6":"product_brand-abc-design","7":"product_cat-abc-dizainas","8":"product_cat-apipjaustymo-priedai","9":"product_cat-daugiau","10":"product_tag-atskiri-produktai","11":"product_tag-pritaikyta-svetaine","12":"desktop-align-left","13":"tablet-align-left","14":"mobile-align-left","16":"first","17":"instock","18":"taxable","19":"shipping-taxable","20":"purchasable","21":"product-type-simple"},"acf":[],"aioseo_notices":[],"_links":{"self":[{"href":"https:\/\/hummy.ee\/lt\/wp-json\/wp\/v2\/product\/52188","targetHints":{"allow":["GET"]}}],"collection":[{"href":"https:\/\/hummy.ee\/lt\/wp-json\/wp\/v2\/product"}],"about":[{"href":"https:\/\/hummy.ee\/lt\/wp-json\/wp\/v2\/types\/product"}],"replies":[{"embeddable":true,"href":"https:\/\/hummy.ee\/lt\/wp-json\/wp\/v2\/comments?post=52188"}],"version-history":[{"count":1,"href":"https:\/\/hummy.ee\/lt\/wp-json\/wp\/v2\/product\/52188\/revisions"}],"predecessor-version":[{"id":65837,"href":"https:\/\/hummy.ee\/lt\/wp-json\/wp\/v2\/product\/52188\/revisions\/65837"}],"wp:featuredmedia":[{"embeddable":true,"href":"https:\/\/hummy.ee\/lt\/wp-json\/wp\/v2\/media\/42374"}],"wp:attachment":[{"href":"https:\/\/hummy.ee\/lt\/wp-json\/wp\/v2\/media?parent=52188"}],"wp:term":[{"taxonomy":"product_brand","embeddable":true,"href":"https:\/\/hummy.ee\/lt\/wp-json\/wp\/v2\/product_brand?post=52188"},{"taxonomy":"product_cat","embeddable":true,"href":"https:\/\/hummy.ee\/lt\/wp-json\/wp\/v2\/product_cat?post=52188"},{"taxonomy":"product_tag","embeddable":true,"href":"https:\/\/hummy.ee\/lt\/wp-json\/wp\/v2\/product_tag?post=52188"}],"curies":[{"name":"wp","href":"https:\/\/api.w.org\/{rel}","templated":true}]}}