{"id":52187,"date":"2024-04-07T18:36:25","date_gmt":"2024-04-07T18:36:25","guid":{"rendered":"https:\/\/hummy.ee\/product\/abc-design-batu-dzemperis\/"},"modified":"2026-02-20T18:35:04","modified_gmt":"2026-02-20T18:35:04","slug":"abc-design-batu-dzemperis","status":"publish","type":"product","link":"https:\/\/hummy.ee\/lt\/produktas\/abc-design-batu-dzemperis\/","title":{"rendered":"ABC Design Boot"},"content":{"rendered":"<h6 data-start=\"491\" data-end=\"554\"><strong><em>Idealiai tinka pereinamiesiems laikotarpiams - pavasar\u012f ir ruden\u012f<\/em><\/strong><\/h6>\n<h6 data-start=\"556\" data-end=\"980\">Pavasar\u012f ir ruden\u012f orai da\u017enai b\u016bna permainingi, ta\u010diau ABC Design Boot avalyn\u0117 u\u017etikrina, kad j\u016bs\u0173 vaikui bus \u0161ilta ir sausa. D\u0117l i\u0161manios konstrukcijos j\u012f lengva pritvirtinti prie vis\u0173 tip\u0173 avalyn\u0117s. <a href=\"https:\/\/hummy.ee\/lt\/abc-dizainas-aprasymas\/\" target=\"_blank\" rel=\"noopener\">ABC Design<\/a> ve\u017eim\u0117liams ir vaiki\u0161kiems ve\u017eim\u0117liams. Vir\u0161utin\u0117 dalis u\u017etrauktuku tvirtinama prie apsauginio tur\u0117klo, o apatin\u0117 dalis tvirtinama prie kojyt\u0117s, tod\u0117l j\u016bs\u0173 vaikui bus saugu ir \u0161ilta viso pasivaik\u0161\u010diojimo metu.  <\/h6>\n<p>&nbsp;<\/p>\n<h6 data-start=\"982\" data-end=\"1016\"><strong><em>auga kartu su j\u016bs\u0173 vaiku<\/em><\/strong><\/h6>\n<h6 data-start=\"1018\" data-end=\"1323\">Kojin\u0117s vir\u0161uje esan\u010diu u\u017etrauktuku j\u0105 galima pailginti ma\u017edaug 10 cm, tod\u0117l ji auga kartu su vaiku ir puikiai tinka nuo pirm\u0173j\u0173 pasivaik\u0161\u010diojim\u0173. Reguliuojamas ilgis u\u017etikrina patogum\u0105 ir prakti\u0161kum\u0105 bet kokio am\u017eiaus vaikams, prailgina kilim\u0117lio tarnavimo laik\u0105. <\/h6>\n<p>&nbsp;<\/p>\n<h6 data-start=\"1325\" data-end=\"1376\"><strong><em>Stilingas, prakti\u0161kas ir lengvai pri\u017ei\u016brimas<\/em><\/strong><\/h6>\n<h6 data-start=\"1378\" data-end=\"1770\">ABC Design &#8222;Boot\" koj\u0173 atram\u0105 galima rinktis i\u0161 \u012fvairi\u0173 stiling\u0173 spalv\u0173, kad ji puikiai der\u0117t\u0173 prie j\u016bs\u0173 ve\u017eim\u0117lio dizaino. Be to, j\u012f lengva plauti, kad b\u016bt\u0173 \u0161varus ir \u0161vie\u017eias kasdieniam naudojimui. Lengvai ir greitai pri\u017ei\u016brimas, jis puikiai tinka aktyvioms \u0161eimoms, norin\u010dioms u\u017etikrinti maksimal\u0173 komfort\u0105 savo k\u016bdikiui bet kokioje situacijoje.  <\/h6>\n<p>&nbsp;<\/p>\n<h6><em>Per\u017ei\u016br\u0117kite \u012fvadin\u012f <a href=\"https:\/\/www.youtube.com\/watch?v=HFHLr4usCvM\">vaizdo \u012fra\u0161\u0105<\/a> ir su\u017einokite daugiau.<\/em><\/h6>\n","protected":false},"excerpt":{"rendered":"<h6 data-start=\"0\" data-end=\"67\">ABC Design Bat\u0173 avalyn\u0117 - patogumas ir apsauga bet kokiu oru.Atv\u0117sus orams svarbu, kad pasivaik\u0161\u010diojim\u0173 metu k\u016bdikiui b\u016bt\u0173 \u0161ilta ir jis b\u016bt\u0173 apsaugotas. ABC Design Bat\u0173 avalyn\u0117 yra mink\u0161ta ir pamink\u0161tinta, tod\u0117l vaikui bus jauku ir \u0161ilta, o v\u0117sus v\u0117jas ir dr\u0117gm\u0117 nepateks \u012f vid\u0173. Vandeniui atsparus i\u0161orinis audinys padeda lietaus la\u0161ams nub\u0117gti, o mink\u0161tas ir \u0161iltas vidinis pamu\u0161alas sukuria patogi\u0105 aplink\u0105 j\u016bs\u0173 vaikui pavasar\u012f ir ruden\u012f.  <\/h6>\n","protected":false},"featured_media":41138,"comment_status":"closed","ping_status":"closed","template":"","meta":{"_acf_changed":false,"om_disable_all_campaigns":false,"_monsterinsights_skip_tracking":false,"_monsterinsights_sitenote_active":false,"_monsterinsights_sitenote_note":"","_monsterinsights_sitenote_category":0,"_uf_show_specific_survey":0,"_uf_disable_surveys":false,"site-sidebar-layout":"default","site-content-layout":"","ast-site-content-layout":"default","site-content-style":"default","site-sidebar-style":"default","ast-global-header-display":"","ast-banner-title-visibility":"","ast-main-header-display":"","ast-hfb-above-header-display":"","ast-hfb-below-header-display":"","ast-hfb-mobile-header-display":"","site-post-title":"","ast-breadcrumbs-content":"","ast-featured-img":"","footer-sml-layout":"","theme-transparent-header-meta":"default","adv-header-id-meta":"","stick-header-meta":"","header-above-stick-meta":"","header-main-stick-meta":"","header-below-stick-meta":"","astra-migrate-meta-layouts":"default","ast-page-background-enabled":"default","ast-page-background-meta":{"desktop":{"background-color":"var(--ast-global-color-4)","background-image":"","background-repeat":"repeat","background-position":"center center","background-size":"auto","background-attachment":"scroll","background-type":"","background-media":"","overlay-type":"","overlay-color":"","overlay-opacity":"","overlay-gradient":""},"tablet":{"background-color":"","background-image":"","background-repeat":"repeat","background-position":"center center","background-size":"auto","background-attachment":"scroll","background-type":"","background-media":"","overlay-type":"","overlay-color":"","overlay-opacity":"","overlay-gradient":""},"mobile":{"background-color":"","background-image":"","background-repeat":"repeat","background-position":"center center","background-size":"auto","background-attachment":"scroll","background-type":"","background-media":"","overlay-type":"","overlay-color":"","overlay-opacity":"","overlay-gradient":""}},"ast-content-background-meta":{"desktop":{"background-color":"var(--ast-global-color-5)","background-image":"","background-repeat":"repeat","background-position":"center center","background-size":"auto","background-attachment":"scroll","background-type":"","background-media":"","overlay-type":"","overlay-color":"","overlay-opacity":"","overlay-gradient":""},"tablet":{"background-color":"var(--ast-global-color-5)","background-image":"","background-repeat":"repeat","background-position":"center center","background-size":"auto","background-attachment":"scroll","background-type":"","background-media":"","overlay-type":"","overlay-color":"","overlay-opacity":"","overlay-gradient":""},"mobile":{"background-color":"var(--ast-global-color-5)","background-image":"","background-repeat":"repeat","background-position":"center center","background-size":"auto","background-attachment":"scroll","background-type":"","background-media":"","overlay-type":"","overlay-color":"","overlay-opacity":"","overlay-gradient":""}}},"product_brand":[],"product_cat":[525,331,404],"product_tag":[337,335],"class_list":{"0":"post-52187","1":"product","2":"type-product","3":"status-publish","4":"has-post-thumbnail","6":"product_cat-abc-dizainas","7":"product_cat-apipjaustymo-priedai","8":"product_cat-karsti-maiseliai","9":"product_tag-atskiri-produktai","10":"product_tag-pritaikyta-svetaine","11":"desktop-align-left","12":"tablet-align-left","13":"mobile-align-left","15":"first","16":"instock","17":"taxable","18":"shipping-taxable","19":"purchasable","20":"product-type-variable"},"acf":[],"aioseo_notices":[],"_links":{"self":[{"href":"https:\/\/hummy.ee\/lt\/wp-json\/wp\/v2\/product\/52187","targetHints":{"allow":["GET"]}}],"collection":[{"href":"https:\/\/hummy.ee\/lt\/wp-json\/wp\/v2\/product"}],"about":[{"href":"https:\/\/hummy.ee\/lt\/wp-json\/wp\/v2\/types\/product"}],"replies":[{"embeddable":true,"href":"https:\/\/hummy.ee\/lt\/wp-json\/wp\/v2\/comments?post=52187"}],"version-history":[{"count":2,"href":"https:\/\/hummy.ee\/lt\/wp-json\/wp\/v2\/product\/52187\/revisions"}],"predecessor-version":[{"id":69173,"href":"https:\/\/hummy.ee\/lt\/wp-json\/wp\/v2\/product\/52187\/revisions\/69173"}],"wp:featuredmedia":[{"embeddable":true,"href":"https:\/\/hummy.ee\/lt\/wp-json\/wp\/v2\/media\/41138"}],"wp:attachment":[{"href":"https:\/\/hummy.ee\/lt\/wp-json\/wp\/v2\/media?parent=52187"}],"wp:term":[{"taxonomy":"product_brand","embeddable":true,"href":"https:\/\/hummy.ee\/lt\/wp-json\/wp\/v2\/product_brand?post=52187"},{"taxonomy":"product_cat","embeddable":true,"href":"https:\/\/hummy.ee\/lt\/wp-json\/wp\/v2\/product_cat?post=52187"},{"taxonomy":"product_tag","embeddable":true,"href":"https:\/\/hummy.ee\/lt\/wp-json\/wp\/v2\/product_tag?post=52187"}],"curies":[{"name":"wp","href":"https:\/\/api.w.org\/{rel}","templated":true}]}}