{"id":52166,"date":"2024-04-07T18:40:50","date_gmt":"2024-04-07T18:40:50","guid":{"rendered":"https:\/\/hummy.ee\/product\/abc-design-universali-lietaus-plevele\/"},"modified":"2025-09-16T11:46:58","modified_gmt":"2025-09-16T11:46:58","slug":"abc-design-universali-lietaus-plevele","status":"publish","type":"product","link":"https:\/\/hummy.ee\/lt\/produktas\/abc-design-universali-lietaus-plevele\/","title":{"rendered":"ABC Design Universal lietaus pl\u0117vel\u0117"},"content":{"rendered":"<h6><strong><em>Kod\u0117l verta rinktis ABC Design lietaus pl\u0117vel\u0119?<\/em><\/strong><\/h6>\n<ul>\n<li data-start=\"373\" data-end=\"620\">\n<h6>Saugus ir nekenksmingas aplinkai - be kenksming\u0173 med\u017eiag\u0173.<\/h6>\n<\/li>\n<li data-start=\"373\" data-end=\"620\">\n<h6>Puikiai tinka - skirtingi dyd\u017eiai visiems &#8222;ABC Design\" ve\u017eim\u0117liams ir ve\u017eim\u0117liams.<\/h6>\n<\/li>\n<li data-start=\"373\" data-end=\"620\">\n<h6>Lengva \u012fdiegti - greitai ir patogiai naudoti.<\/h6>\n<\/li>\n<\/ul>\n<h6><strong><em>Suderinamumas <a href=\"https:\/\/hummy.ee\/lt\/abc-dizainas-aprasymas\/\" target=\"_blank\" rel=\"noopener\">ABC Design<\/a> su modeliais:<\/em><\/strong><\/h6>\n<ul>\n<li data-start=\"665\" data-end=\"749\">\n<h6>Samba<\/h6>\n<\/li>\n<li data-start=\"665\" data-end=\"749\">\n<h6>Salsa<\/h6>\n<\/li>\n<li data-start=\"665\" data-end=\"749\">\n<h6>S\u016bpyn\u0117s<\/h6>\n<\/li>\n<li data-start=\"665\" data-end=\"749\">\n<h6>Condor<\/h6>\n<\/li>\n<li data-start=\"665\" data-end=\"749\">\n<h6>Turbo<\/h6>\n<\/li>\n<li data-start=\"665\" data-end=\"749\">\n<h6>Viper<\/h6>\n<\/li>\n<\/ul>\n<h6><em>Per\u017ei\u016br\u0117kite \u012fvadin\u012f <a href=\"https:\/\/www.youtube.com\/watch?v=MYFgpN0PKA8\">vaizdo \u012fra\u0161\u0105<\/a> ir su\u017einokite daugiau.<\/em><\/h6>\n","protected":false},"excerpt":{"rendered":"<h6 data-start=\"0\" data-end=\"65\">ABC Design apsauga nuo lietaus - geriausia k\u016bdikio apsauga bet kokiu oru. Norite su k\u016bdikiu vaik\u0161\u010dioti lauke lyjant lietui? ABC Design Sk\u0117\u010diai patikimai apsaugo nuo v\u0117jo ir lietaus, o kartu u\u017etikrina galimyb\u0119 patekti \u012f gryn\u0105 or\u0105. ABC Design Lietaus dang\u010diuose n\u0117ra chemini\u0173 plastifikatori\u0173, tod\u0117l jie saug\u016bs j\u016bs\u0173 k\u016bdikiui ir aplinkai.   <\/h6>\n","protected":false},"featured_media":36226,"comment_status":"closed","ping_status":"closed","template":"","meta":{"_acf_changed":false,"om_disable_all_campaigns":false,"_monsterinsights_skip_tracking":false,"_monsterinsights_sitenote_active":false,"_monsterinsights_sitenote_note":"","_monsterinsights_sitenote_category":0,"_uf_show_specific_survey":0,"_uf_disable_surveys":false,"site-sidebar-layout":"default","site-content-layout":"","ast-site-content-layout":"default","site-content-style":"default","site-sidebar-style":"default","ast-global-header-display":"","ast-banner-title-visibility":"","ast-main-header-display":"","ast-hfb-above-header-display":"","ast-hfb-below-header-display":"","ast-hfb-mobile-header-display":"","site-post-title":"","ast-breadcrumbs-content":"","ast-featured-img":"","footer-sml-layout":"","theme-transparent-header-meta":"default","adv-header-id-meta":"","stick-header-meta":"","header-above-stick-meta":"","header-main-stick-meta":"","header-below-stick-meta":"","astra-migrate-meta-layouts":"default","ast-page-background-enabled":"default","ast-page-background-meta":{"desktop":{"background-color":"var(--ast-global-color-4)","background-image":"","background-repeat":"repeat","background-position":"center center","background-size":"auto","background-attachment":"scroll","background-type":"","background-media":"","overlay-type":"","overlay-color":"","overlay-opacity":"","overlay-gradient":""},"tablet":{"background-color":"","background-image":"","background-repeat":"repeat","background-position":"center center","background-size":"auto","background-attachment":"scroll","background-type":"","background-media":"","overlay-type":"","overlay-color":"","overlay-opacity":"","overlay-gradient":""},"mobile":{"background-color":"","background-image":"","background-repeat":"repeat","background-position":"center center","background-size":"auto","background-attachment":"scroll","background-type":"","background-media":"","overlay-type":"","overlay-color":"","overlay-opacity":"","overlay-gradient":""}},"ast-content-background-meta":{"desktop":{"background-color":"var(--ast-global-color-5)","background-image":"","background-repeat":"repeat","background-position":"center center","background-size":"auto","background-attachment":"scroll","background-type":"","background-media":"","overlay-type":"","overlay-color":"","overlay-opacity":"","overlay-gradient":""},"tablet":{"background-color":"var(--ast-global-color-5)","background-image":"","background-repeat":"repeat","background-position":"center center","background-size":"auto","background-attachment":"scroll","background-type":"","background-media":"","overlay-type":"","overlay-color":"","overlay-opacity":"","overlay-gradient":""},"mobile":{"background-color":"var(--ast-global-color-5)","background-image":"","background-repeat":"repeat","background-position":"center center","background-size":"auto","background-attachment":"scroll","background-type":"","background-media":"","overlay-type":"","overlay-color":"","overlay-opacity":"","overlay-gradient":""}}},"product_brand":[],"product_cat":[525,331,333],"product_tag":[337,335],"class_list":{"0":"post-52166","1":"product","2":"type-product","3":"status-publish","4":"has-post-thumbnail","6":"product_cat-abc-dizainas","7":"product_cat-apipjaustymo-priedai","8":"product_cat-kalejimo-dangciai","9":"product_tag-atskiri-produktai","10":"product_tag-pritaikyta-svetaine","11":"desktop-align-left","12":"tablet-align-left","13":"mobile-align-left","15":"first","16":"instock","17":"taxable","18":"shipping-taxable","19":"purchasable","20":"product-type-simple"},"acf":[],"aioseo_notices":[],"_links":{"self":[{"href":"https:\/\/hummy.ee\/lt\/wp-json\/wp\/v2\/product\/52166","targetHints":{"allow":["GET"]}}],"collection":[{"href":"https:\/\/hummy.ee\/lt\/wp-json\/wp\/v2\/product"}],"about":[{"href":"https:\/\/hummy.ee\/lt\/wp-json\/wp\/v2\/types\/product"}],"replies":[{"embeddable":true,"href":"https:\/\/hummy.ee\/lt\/wp-json\/wp\/v2\/comments?post=52166"}],"version-history":[{"count":2,"href":"https:\/\/hummy.ee\/lt\/wp-json\/wp\/v2\/product\/52166\/revisions"}],"predecessor-version":[{"id":69180,"href":"https:\/\/hummy.ee\/lt\/wp-json\/wp\/v2\/product\/52166\/revisions\/69180"}],"wp:featuredmedia":[{"embeddable":true,"href":"https:\/\/hummy.ee\/lt\/wp-json\/wp\/v2\/media\/36226"}],"wp:attachment":[{"href":"https:\/\/hummy.ee\/lt\/wp-json\/wp\/v2\/media?parent=52166"}],"wp:term":[{"taxonomy":"product_brand","embeddable":true,"href":"https:\/\/hummy.ee\/lt\/wp-json\/wp\/v2\/product_brand?post=52166"},{"taxonomy":"product_cat","embeddable":true,"href":"https:\/\/hummy.ee\/lt\/wp-json\/wp\/v2\/product_cat?post=52166"},{"taxonomy":"product_tag","embeddable":true,"href":"https:\/\/hummy.ee\/lt\/wp-json\/wp\/v2\/product_tag?post=52166"}],"curies":[{"name":"wp","href":"https:\/\/api.w.org\/{rel}","templated":true}]}}