{"id":52161,"date":"2024-04-07T18:40:33","date_gmt":"2024-04-07T18:40:33","guid":{"rendered":"https:\/\/hummy.ee\/product\/abc-design-padidinti-lietaus-plevele\/"},"modified":"2025-09-16T12:13:28","modified_gmt":"2025-09-16T12:13:28","slug":"abc-design-padidinti-lietaus-plevele","status":"publish","type":"product","link":"https:\/\/hummy.ee\/lt\/produktas\/abc-design-padidinti-lietaus-plevele\/","title":{"rendered":"ABC Design Zoom lietaus pl\u0117vel\u0119"},"content":{"rendered":"<h6><strong><em>Kod\u0117l verta rinktis ABC Design Zoom lietaus pl\u0117vel\u0119?<\/em><\/strong><\/h6>\n<ul>\n<li data-start=\"425\" data-end=\"913\">\n<h6>Did\u017eiausia apsauga - i\u0161laiko j\u016bs\u0173 ve\u017eim\u0117l\u012f saus\u0105 ir apsaugot\u0105 nuo lietaus, v\u0117jo ir pursl\u0173.<\/h6>\n<\/li>\n<li data-start=\"425\" data-end=\"913\">\n<h6>Saugus ir nekenksmingas aplinkai - sud\u0117tyje n\u0117ra kenksming\u0173 plastifikatori\u0173, tod\u0117l k\u016bdikiui nekenkia.<\/h6>\n<\/li>\n<li data-start=\"425\" data-end=\"913\">\n<h6>Puikiai tinka - specialiai sukurtas &#8222;ABC Design <a href=\"https:\/\/hummy.ee\/lt\/produktas\/abc-design-zoom-2-vezimelis\/\" target=\"_blank\" rel=\"noopener\">Zoom 2&#8243; ve\u017eim\u0117liams<\/a>, tod\u0117l j\u012f patogu montuoti ir jis patikimai priglunda.<\/h6>\n<\/li>\n<li data-start=\"425\" data-end=\"913\">\n<h6>Kompakti\u0161kas ir patogus \u2013 lengvas ir sulankstomas, tod\u0117l visada galite j\u012f pasiimti su savimi ir prireikus greitai u\u017ed\u0117ti.<\/h6>\n<\/li>\n<\/ul>\n<h6><strong><em>Tinkamumas ir montavimas<\/em><\/strong><\/h6>\n<h6>ABC Design &#8222;Zoom\" sk\u0117tis specialiai pritaikytas &#8222;Zoom\" ir &#8222;Zoom 2&#8243; vaiki\u0161kiems ve\u017eim\u0117liams, tod\u0117l puikiai tinka ir yra lengvai montuojamas. Be to, turime \u012fvairi\u0173 dyd\u017ei\u0173 lietpal\u010di\u0173, tinkan\u010di\u0173 visiems &#8222;ABC Design\" vaiki\u0161kiems ve\u017eim\u0117liams, ve\u017eim\u0117liams ir ve\u017eim\u0117liams, \u012fskaitant &#8222;Tulip\" ve\u017eim\u0117l\u012f. <\/h6>\n<h6><\/h6>\n<h6>Neleiskite lietui riboti j\u016bs\u0173 pasivaik\u0161\u010diojim\u0173 - pasirinkite ABC Design Zoom apsaug\u0105 nuo lietaus ir m\u0117gaukit\u0117s lauke bet kokiu oru!<\/h6>\n<p>&nbsp;<\/p>\n<h6><\/h6>\n<h6><em>Per\u017ei\u016br\u0117kite \u012fvadin\u012f <a href=\"https:\/\/www.youtube.com\/watch?v=iowK0yA04_E&amp;t=1s\">vaizdo \u012fra\u0161\u0105<\/a> ir su\u017einokite daugiau.<\/em><\/h6>\n","protected":false},"excerpt":{"rendered":"<h6 data-start=\"0\" data-end=\"69\">ABC Design &#8222;Zoom\" apsauga nuo lietaus - patikima apsauga bet kokiu oru. Norite vaik\u0161\u010dioti su k\u016bdikiu lietingu ar v\u0117juotu oru nesijaudindami d\u0117l k\u016bdikio patogumo ir saugumo? ABC Design &#8222;Zoom\" apsauga nuo lietaus sukurta taip, kad patikimai apsaugot\u0173 j\u016bs\u0173 ve\u017eim\u0117l\u012f nuo lietaus, v\u0117jo ir dr\u0117gm\u0117s, tuo pat metu u\u017etikrinant ger\u0105 oro cirkuliacij\u0105.  <\/h6>\n","protected":false},"featured_media":36214,"comment_status":"closed","ping_status":"closed","template":"","meta":{"_acf_changed":false,"om_disable_all_campaigns":false,"_monsterinsights_skip_tracking":false,"_monsterinsights_sitenote_active":false,"_monsterinsights_sitenote_note":"","_monsterinsights_sitenote_category":0,"_uf_show_specific_survey":0,"_uf_disable_surveys":false,"site-sidebar-layout":"default","site-content-layout":"","ast-site-content-layout":"default","site-content-style":"default","site-sidebar-style":"default","ast-global-header-display":"","ast-banner-title-visibility":"","ast-main-header-display":"","ast-hfb-above-header-display":"","ast-hfb-below-header-display":"","ast-hfb-mobile-header-display":"","site-post-title":"","ast-breadcrumbs-content":"","ast-featured-img":"","footer-sml-layout":"","theme-transparent-header-meta":"default","adv-header-id-meta":"","stick-header-meta":"","header-above-stick-meta":"","header-main-stick-meta":"","header-below-stick-meta":"","astra-migrate-meta-layouts":"default","ast-page-background-enabled":"default","ast-page-background-meta":{"desktop":{"background-color":"var(--ast-global-color-4)","background-image":"","background-repeat":"repeat","background-position":"center center","background-size":"auto","background-attachment":"scroll","background-type":"","background-media":"","overlay-type":"","overlay-color":"","overlay-opacity":"","overlay-gradient":""},"tablet":{"background-color":"","background-image":"","background-repeat":"repeat","background-position":"center center","background-size":"auto","background-attachment":"scroll","background-type":"","background-media":"","overlay-type":"","overlay-color":"","overlay-opacity":"","overlay-gradient":""},"mobile":{"background-color":"","background-image":"","background-repeat":"repeat","background-position":"center center","background-size":"auto","background-attachment":"scroll","background-type":"","background-media":"","overlay-type":"","overlay-color":"","overlay-opacity":"","overlay-gradient":""}},"ast-content-background-meta":{"desktop":{"background-color":"var(--ast-global-color-5)","background-image":"","background-repeat":"repeat","background-position":"center center","background-size":"auto","background-attachment":"scroll","background-type":"","background-media":"","overlay-type":"","overlay-color":"","overlay-opacity":"","overlay-gradient":""},"tablet":{"background-color":"var(--ast-global-color-5)","background-image":"","background-repeat":"repeat","background-position":"center center","background-size":"auto","background-attachment":"scroll","background-type":"","background-media":"","overlay-type":"","overlay-color":"","overlay-opacity":"","overlay-gradient":""},"mobile":{"background-color":"var(--ast-global-color-5)","background-image":"","background-repeat":"repeat","background-position":"center center","background-size":"auto","background-attachment":"scroll","background-type":"","background-media":"","overlay-type":"","overlay-color":"","overlay-opacity":"","overlay-gradient":""}}},"product_brand":[],"product_cat":[525,331,333],"product_tag":[337,335],"class_list":{"0":"post-52161","1":"product","2":"type-product","3":"status-publish","4":"has-post-thumbnail","6":"product_cat-abc-dizainas","7":"product_cat-apipjaustymo-priedai","8":"product_cat-kalejimo-dangciai","9":"product_tag-atskiri-produktai","10":"product_tag-pritaikyta-svetaine","11":"desktop-align-left","12":"tablet-align-left","13":"mobile-align-left","15":"first","16":"instock","17":"taxable","18":"shipping-taxable","19":"purchasable","20":"product-type-simple"},"acf":[],"aioseo_notices":[],"_links":{"self":[{"href":"https:\/\/hummy.ee\/lt\/wp-json\/wp\/v2\/product\/52161","targetHints":{"allow":["GET"]}}],"collection":[{"href":"https:\/\/hummy.ee\/lt\/wp-json\/wp\/v2\/product"}],"about":[{"href":"https:\/\/hummy.ee\/lt\/wp-json\/wp\/v2\/types\/product"}],"replies":[{"embeddable":true,"href":"https:\/\/hummy.ee\/lt\/wp-json\/wp\/v2\/comments?post=52161"}],"version-history":[{"count":3,"href":"https:\/\/hummy.ee\/lt\/wp-json\/wp\/v2\/product\/52161\/revisions"}],"predecessor-version":[{"id":69187,"href":"https:\/\/hummy.ee\/lt\/wp-json\/wp\/v2\/product\/52161\/revisions\/69187"}],"wp:featuredmedia":[{"embeddable":true,"href":"https:\/\/hummy.ee\/lt\/wp-json\/wp\/v2\/media\/36214"}],"wp:attachment":[{"href":"https:\/\/hummy.ee\/lt\/wp-json\/wp\/v2\/media?parent=52161"}],"wp:term":[{"taxonomy":"product_brand","embeddable":true,"href":"https:\/\/hummy.ee\/lt\/wp-json\/wp\/v2\/product_brand?post=52161"},{"taxonomy":"product_cat","embeddable":true,"href":"https:\/\/hummy.ee\/lt\/wp-json\/wp\/v2\/product_cat?post=52161"},{"taxonomy":"product_tag","embeddable":true,"href":"https:\/\/hummy.ee\/lt\/wp-json\/wp\/v2\/product_tag?post=52161"}],"curies":[{"name":"wp","href":"https:\/\/api.w.org\/{rel}","templated":true}]}}