{"id":52138,"date":"2024-04-07T18:39:18","date_gmt":"2024-04-07T18:39:18","guid":{"rendered":"https:\/\/hummy.ee\/product\/abc-design-avus-saugos-lopsio-adapteris\/"},"modified":"2025-09-06T19:00:13","modified_gmt":"2025-09-06T19:00:13","slug":"abc-design-avus-saugos-lopsio-adapteris","status":"publish","type":"product","link":"https:\/\/hummy.ee\/lt\/produktas\/abc-design-avus-saugos-lopsio-adapteris\/","title":{"rendered":"ABC Design &#8222;Avus\" saugos lop\u0161io adapteris"},"content":{"rendered":"<h6><strong><em>Greitas montavimas ir universalus suderinamumas<\/em><\/strong><\/h6>\n<h6>ABC Design &#8222;Avus\" adapteris sukurtas taip, kad b\u016bt\u0173 kuo lengviau jud\u0117ti kartu su vaiku. \u012erengimas yra greitas ir intuityvus, u\u017etikrinantis saug\u0173 tvirtinim\u0105 ir skland\u0173 naudojim\u0105. Tai idealus sprendimas \u0161eimoms, vertinan\u010dioms patogum\u0105, saugum\u0105 ir lankstum\u0105.  <\/h6>\n<p>&nbsp;<\/p>\n<h6><\/h6>\n<h6><strong><em>Suderinamas su \u0161iais ve\u017eim\u0117li\u0173 modeliais:<\/em><\/strong><\/h6>\n<ul>\n<li data-start=\"825\" data-end=\"915\">\n<h6>Avus \/ Avus 2<\/h6>\n<\/li>\n<li data-start=\"825\" data-end=\"915\">\n<h6><\/h6>\n<h6>&#8222;Avus Air\" \/ &#8222;Avus 2 Air<\/h6>\n<\/li>\n<\/ul>\n<h6><strong><em>Suderinamas su populiariais saugos lop\u0161iais:<\/em><\/strong><\/h6>\n<h6>ABC Design &#8222;Avus\" lop\u0161io adapteris suderinamas su daugeliu gerai \u017einom\u0173 ir patikim\u0173 preki\u0173 \u017eenkl\u0173 lop\u0161i\u0173, \u012fskaitant:<\/h6>\n<ul>\n<li data-start=\"1085\" data-end=\"1424\">\n<h6>ABC Design: Tulp\u0117<\/h6>\n<\/li>\n<li data-start=\"1085\" data-end=\"1424\">\n<h6>&#8222;Maxi-Cosi\": &#8222;City\", &#8222;Convertible-Fix\", &#8222;Coral\", &#8222;Pebble\" (\u012fskaitant &#8222;Pebble Plus\", &#8222;Pro\", &#8222;360&#8243;, &#8222;360 Pro\", &#8222;360 Pro 2&#8243;)<\/h6>\n<\/li>\n<li data-start=\"1085\" data-end=\"1424\">\n<h6>&#8222;Cybex\": &#8222;Aton\" (\u012fskaitant &#8222;Aton 5&#8243;, &#8222;M\", &#8222;M i-Size\", &#8222;Q\", &#8222;Q Plus\", &#8222;Q i-Size\"), &#8222;Cloud\" (\u012fskaitant &#8222;Cloud T\", &#8222;Q\", &#8222;Q Plus\", &#8222;Z i-Size\", &#8222;Z2 i-Size\").<\/h6>\n<\/li>\n<li data-start=\"1085\" data-end=\"1424\">\n<h6>Joie: i-Gemm<\/h6>\n<\/li>\n<li data-start=\"1085\" data-end=\"1424\">\n<h6>&#8222;BeSafe\": &#8222;iZi Go Modular X1 i-Size<\/h6>\n<\/li>\n<li data-start=\"1085\" data-end=\"1424\">\n<h6>Avionaut: &#8222;Cosmo\", &#8222;Pixel\", &#8222;Pro<\/h6>\n<\/li>\n<\/ul>\n<p>&nbsp;<\/p>\n<h6><strong><em>Kod\u0117l verta rinktis ABC Design &#8222;Avus\" lop\u0161io adapter\u012f?<\/em><\/strong><\/h6>\n<ul>\n<li data-start=\"1484\" data-end=\"1818\">\n<h6>Did\u017eiausias komfortas - pritvirtinkite lop\u0161\u012f prie ve\u017eim\u0117lio nepabudindami k\u016bdikio.<\/h6>\n<\/li>\n<li data-start=\"1484\" data-end=\"1818\">\n<h6>Lengvas ir saugus tvirtinimas - tvirtas ir tvirtas sukibimas, kad b\u016bt\u0173 galima greitai sumontuoti.<\/h6>\n<\/li>\n<li data-start=\"1484\" data-end=\"1818\">\n<h6>Platus suderinamumas - tinka daugeliui populiari\u0173 lop\u0161i\u0173 ir &#8222;Avus\" ve\u017eim\u0117li\u0173 modeli\u0173.<\/h6>\n<\/li>\n<li data-start=\"1484\" data-end=\"1818\">\n<h6>Lengvas ir kompakti\u0161kas - patogus ne\u0161iotis ir lengvai laikomas.<\/h6>\n<\/li>\n<\/ul>\n<p>&nbsp;<\/p>\n<h6>Pamir\u0161kite apie nepatogius perk\u0117limus - ABC Design &#8222;Avus\" lop\u0161io adapteris u\u017etikrina skland\u0173 jud\u0117jim\u0105 be \u012ftampos bet kokioje situacijoje!<\/h6>\n<p>&nbsp;<\/p>\n<h6><em>Per\u017ei\u016br\u0117kite \u012fvadin\u012f <a href=\"https:\/\/www.youtube.com\/watch?v=8tDDGDEMNaM\">vaizdo \u012fra\u0161\u0105<\/a> ir su\u017einokite daugiau.<\/em><\/h6>\n<h6><\/h6>\n","protected":false},"excerpt":{"rendered":"<div class=\"woocommerce-product-details__short-description\">\n<h6 data-start=\"61\" data-end=\"139\">ABC Design &#8222;Avus\" lop\u0161io adapteris - patogus ir greitas b\u016bdas keliauti. B\u016bdami t\u0117vai, norite, kad per\u0117jimas i\u0161 automobilio \u012f ve\u017eim\u0117l\u012f b\u016bt\u0173 kuo lengvesnis ir sklandesnis. ABC Design Su &#8222;Avus\" k\u016bdikio ve\u017eim\u0117lio adapteriu galite pritvirtinti k\u016bdikio ve\u017eim\u0117l\u012f tiesiai prie &#8222;Avus\" ve\u017eim\u0117lio r\u0117mo, kad j\u016bs\u0173 k\u016bdikis b\u016bt\u0173 saugus ir patogus ir nereik\u0117t\u0173 jo \u017eadinti ar kelti.  <\/h6>\n<\/div>\n","protected":false},"featured_media":28114,"comment_status":"closed","ping_status":"closed","template":"","meta":{"_acf_changed":false,"om_disable_all_campaigns":false,"_monsterinsights_skip_tracking":false,"_monsterinsights_sitenote_active":false,"_monsterinsights_sitenote_note":"","_monsterinsights_sitenote_category":0,"_uf_show_specific_survey":0,"_uf_disable_surveys":false,"site-sidebar-layout":"default","site-content-layout":"","ast-site-content-layout":"default","site-content-style":"default","site-sidebar-style":"default","ast-global-header-display":"","ast-banner-title-visibility":"","ast-main-header-display":"","ast-hfb-above-header-display":"","ast-hfb-below-header-display":"","ast-hfb-mobile-header-display":"","site-post-title":"","ast-breadcrumbs-content":"","ast-featured-img":"","footer-sml-layout":"","theme-transparent-header-meta":"default","adv-header-id-meta":"","stick-header-meta":"","header-above-stick-meta":"","header-main-stick-meta":"","header-below-stick-meta":"","astra-migrate-meta-layouts":"default","ast-page-background-enabled":"default","ast-page-background-meta":{"desktop":{"background-color":"var(--ast-global-color-4)","background-image":"","background-repeat":"repeat","background-position":"center center","background-size":"auto","background-attachment":"scroll","background-type":"","background-media":"","overlay-type":"","overlay-color":"","overlay-opacity":"","overlay-gradient":""},"tablet":{"background-color":"","background-image":"","background-repeat":"repeat","background-position":"center center","background-size":"auto","background-attachment":"scroll","background-type":"","background-media":"","overlay-type":"","overlay-color":"","overlay-opacity":"","overlay-gradient":""},"mobile":{"background-color":"","background-image":"","background-repeat":"repeat","background-position":"center center","background-size":"auto","background-attachment":"scroll","background-type":"","background-media":"","overlay-type":"","overlay-color":"","overlay-opacity":"","overlay-gradient":""}},"ast-content-background-meta":{"desktop":{"background-color":"var(--ast-global-color-5)","background-image":"","background-repeat":"repeat","background-position":"center center","background-size":"auto","background-attachment":"scroll","background-type":"","background-media":"","overlay-type":"","overlay-color":"","overlay-opacity":"","overlay-gradient":""},"tablet":{"background-color":"var(--ast-global-color-5)","background-image":"","background-repeat":"repeat","background-position":"center center","background-size":"auto","background-attachment":"scroll","background-type":"","background-media":"","overlay-type":"","overlay-color":"","overlay-opacity":"","overlay-gradient":""},"mobile":{"background-color":"var(--ast-global-color-5)","background-image":"","background-repeat":"repeat","background-position":"center center","background-size":"auto","background-attachment":"scroll","background-type":"","background-media":"","overlay-type":"","overlay-color":"","overlay-opacity":"","overlay-gradient":""}}},"product_brand":[],"product_cat":[525,373,331],"product_tag":[337,335],"class_list":{"0":"post-52138","1":"product","2":"type-product","3":"status-publish","4":"has-post-thumbnail","6":"product_cat-abc-dizainas","7":"product_cat-adapteriai","8":"product_cat-apipjaustymo-priedai","9":"product_tag-atskiri-produktai","10":"product_tag-pritaikyta-svetaine","11":"desktop-align-left","12":"tablet-align-left","13":"mobile-align-left","15":"first","16":"instock","17":"taxable","18":"shipping-taxable","19":"purchasable","20":"product-type-simple"},"acf":[],"aioseo_notices":[],"_links":{"self":[{"href":"https:\/\/hummy.ee\/lt\/wp-json\/wp\/v2\/product\/52138","targetHints":{"allow":["GET"]}}],"collection":[{"href":"https:\/\/hummy.ee\/lt\/wp-json\/wp\/v2\/product"}],"about":[{"href":"https:\/\/hummy.ee\/lt\/wp-json\/wp\/v2\/types\/product"}],"replies":[{"embeddable":true,"href":"https:\/\/hummy.ee\/lt\/wp-json\/wp\/v2\/comments?post=52138"}],"version-history":[{"count":1,"href":"https:\/\/hummy.ee\/lt\/wp-json\/wp\/v2\/product\/52138\/revisions"}],"predecessor-version":[{"id":67294,"href":"https:\/\/hummy.ee\/lt\/wp-json\/wp\/v2\/product\/52138\/revisions\/67294"}],"wp:featuredmedia":[{"embeddable":true,"href":"https:\/\/hummy.ee\/lt\/wp-json\/wp\/v2\/media\/28114"}],"wp:attachment":[{"href":"https:\/\/hummy.ee\/lt\/wp-json\/wp\/v2\/media?parent=52138"}],"wp:term":[{"taxonomy":"product_brand","embeddable":true,"href":"https:\/\/hummy.ee\/lt\/wp-json\/wp\/v2\/product_brand?post=52138"},{"taxonomy":"product_cat","embeddable":true,"href":"https:\/\/hummy.ee\/lt\/wp-json\/wp\/v2\/product_cat?post=52138"},{"taxonomy":"product_tag","embeddable":true,"href":"https:\/\/hummy.ee\/lt\/wp-json\/wp\/v2\/product_tag?post=52138"}],"curies":[{"name":"wp","href":"https:\/\/api.w.org\/{rel}","templated":true}]}}